{"id":3702,"date":"2021-09-06T09:16:28","date_gmt":"2021-09-06T09:16:28","guid":{"rendered":"https:\/\/www.sauter-fm.com\/datenschutzerklaerung\/"},"modified":"2024-06-21T05:51:40","modified_gmt":"2024-06-21T05:51:40","slug":"declaration-de-confidentialite","status":"publish","type":"page","link":"https:\/\/www.sauter-fm.com\/fr\/declaration-de-confidentialite\/","title":{"rendered":"D\u00e9claration de confidentialit\u00e9"},"content":{"rendered":"<h1><strong>D\u00e9claration de confidentialit\u00e9 <\/strong><\/h1>\n<p>Nous vous informons ci-apr\u00e8s sur la collecte de donn\u00e9es personnelles lors de l\u2019utilisation de notre site Internet. Les donn\u00e9es personnelles sont toutes les donn\u00e9es qui vous concernent personnellement, par ex. le nom, l\u2019adresse ou les adresses e-mail.<\/p>\n<p><strong>Identit\u00e9 du responsable\u00a0:<\/strong><\/p>\n<p>Le responsable conform\u00e9ment \u00e0 l\u2019art.\u00a04, \u00a7\u00a07 du R\u00e8glement g\u00e9n\u00e9ral sur la protection des donn\u00e9es (RGPD) de l\u2019UE est<\/p>\n<p><strong>Sauter FM GmbH<\/strong><br \/>\nWerner-Haas-Str. 8-10<br \/>\n86153 Augsburg<br \/>\nTel: +49 821 90673-0<br \/>\nFax +49 821 90673-129<\/p>\n<p><strong>Coordonn\u00e9es de la personne charg\u00e9e de la protection des donn\u00e9es\u00a0:<\/strong><\/p>\n<p>Mme Alexandra Kling<\/p>\n<p>datenschutz(at)sauter-fm(dot)de<\/p>\n<p><strong>Information sur la collecte de donn\u00e9es personnelles lors de la visite de notre site Internet<\/strong><\/p>\n<p>Dans la mesure o\u00f9 vous utilisez notre site web uniquement \u00e0 titre d\u2019information sans nous transmettre d\u2019autres informations, nous ne collectons que les donn\u00e9es personnelles que votre navigateur transmet \u00e0 notre serveur. Si vous souhaitez consulter notre site web, nous collectons des donn\u00e9es qui nous sont techniquement n\u00e9cessaires pour vous afficher notre site web et en garantir la stabilit\u00e9 et la s\u00e9curit\u00e9 (la base juridique est l\u2019art.\u00a06, \u00a7\u00a01, phrase\u00a01, point\u00a0f du RGPD). De telles donn\u00e9es sont\u00a0:<\/p>\n<ul>\n<li>l\u2019adresse IP de l\u2019ordinateur qui acc\u00e8de au site<\/li>\n<li>la date et l\u2019heure de la consultation<\/li>\n<li>l\u2019URL de la page consult\u00e9e<\/li>\n<li>le message d\u2019\u00e9tat indiquant si la consultation a \u00e9t\u00e9 effectu\u00e9e avec succ\u00e8s<\/li>\n<li>la quantit\u00e9 de donn\u00e9es transmises<\/li>\n<li>l\u2019URL de r\u00e9f\u00e9rence \u00e0 partir de laquelle l\u2019utilisateur est arriv\u00e9 sur la page consult\u00e9e<\/li>\n<li>l\u2019HTTP User Agent (appareil, syst\u00e8me d\u2019exploitation, navigateur)<\/li>\n<\/ul>\n<p>&nbsp;<\/p>\n<p><strong>Utilisation de cookies<\/strong><\/p>\n<p>Lorsque vous utilisez notre site web, des cookies sont \u00e9galement enregistr\u00e9s sur votre ordinateur. Ce sont de petits fichiers texte qui sont stock\u00e9s sur votre disque dur par le navigateur que vous utilisez et qui nous permettent, en tant qu\u2019organisme \u00e9metteur de cookies, de recueillir certaines informations. Nous utilisons des cookies pour rendre notre site web plus convivial et plus efficace (la base juridique est l\u2019art.\u00a06, \u00a7\u00a01, point\u00a0f du RGPD).<\/p>\n<p><strong>Quel type de cookies est utilis\u00e9\u00a0?<\/strong><br \/>\nSur notre site web, nous utilisons des cookies transitoires, par exemple des cookies de session qui enregistrent un identifiant de session. Celui-ci permet \u00e0 son tour d\u2019attribuer diff\u00e9rentes demandes de votre navigateur \u00e0 la session commune, de sorte que votre ordinateur peut \u00eatre reconnu lorsque vous revenez sur notre site web. Les cookies de session et les cookies transitoires sont supprim\u00e9s lorsque vous fermez votre navigateur ou que vous vous d\u00e9connectez.<\/p>\n<p>Nous utilisons \u00e9galement des cookies persistants sur notre site web. Ces cookies restent enregistr\u00e9s sur votre terminal jusqu\u2019\u00e0 ce que vous les supprimiez. Ces cookies nous permettent de reconna\u00eetre votre navigateur lors de votre prochaine visite. Ind\u00e9pendamment de cela, vous avez \u00e0 tout moment la possibilit\u00e9 de supprimer les cookies dans les param\u00e8tres de s\u00e9curit\u00e9 de votre navigateur.<\/p>\n<p><strong>Comment peut-on emp\u00eacher les cookies\u00a0?\u00a0<\/strong><br \/>\nVous avez la possibilit\u00e9 d\u2019emp\u00eacher l\u2019acceptation de cookies tiers ou de tous les cookies, par exemple, en configurant votre navigateur en cons\u00e9quence. Cela peut toutefois avoir pour cons\u00e9quence que vous ne puissiez pas utiliser toutes les fonctions de notre site web.<\/p>\n<p><strong>Information sur la collecte de donn\u00e9es \u00e0 caract\u00e8re personnel lors d\u2019une prise de contact par e-mail ou via un formulaire de contact<\/strong><\/p>\n<p>Lorsque vous nous contactez par e-mail ou via un formulaire de contact, les donn\u00e9es que vous nous communiquez (votre nom et votre adresse e-mail) sont enregistr\u00e9es par nos soins afin de r\u00e9pondre \u00e0 vos questions (la base juridique est l\u2019art.\u00a06, \u00a7\u00a01, point\u00a0b du RGPD). Nous supprimons les donn\u00e9es g\u00e9n\u00e9r\u00e9es dans ce contexte une fois que leur stockage n\u2019est plus n\u00e9cessaire ou nous limitons leur traitement s\u2019il existe des obligations l\u00e9gales de conservation.<\/p>\n<p><strong>Lettre d\u2019information<\/strong><\/p>\n<p>Nous pouvons en outre traiter les donn\u00e9es que vous avez fournies dans le cadre de la conclusion d\u2019un contrat conform\u00e9ment \u00e0 l\u2019art.\u00a06, \u00a7\u00a01, point\u00a0f du RGPD, afin de vous informer sur d\u2019autres produits int\u00e9ressants de notre portefeuille ou de vous envoyer des e-mails contenant des informations techniques. En outre, nous vous enverrons notre lettre d\u2019information sur demande.<\/p>\n<p><strong>Vous pouvez bien entendu vous opposer \u00e0 tout moment au traitement de vos donn\u00e9es personnelles \u00e0 des fins de publicit\u00e9 et d\u2019analyse de donn\u00e9es. Vous pouvez nous informer de votre opposition \u00e0 la publicit\u00e9 en utilisant les coordonn\u00e9es suivantes\u00a0:<\/strong><\/p>\n<p>Sauter FM GmbH<br \/>\nWerner-Haas-Str. 8-10<br \/>\n86153 Augsburg<br \/>\nTel: +49 821 90673-0<br \/>\ndatenschutz(at)sauter-fm(dot)de<\/p>\n<p><strong><br \/>\nGoogle Analytics<\/strong><\/p>\n<ol>\n<li>Sur notre site web, nous utilisons le service d\u2019analyse web Google Analytics de Google Inc (\u00ab\u00a0Google\u00a0\u00bb). Google Analytics utilise des cookies qui permettent d&rsquo;analyser votre utilisation du site web. Nous poursuivons ainsi l\u2019int\u00e9r\u00eat d\u2019analyser notre site web, de l\u2019am\u00e9liorer r\u00e9guli\u00e8rement et de le rendre plus int\u00e9ressant pour vous (la base juridique est l\u2019art.\u00a06, \u00a7\u00a01, phrase\u00a01, point\u00a0f du RGPD).<\/li>\n<li>Les informations ainsi g\u00e9n\u00e9r\u00e9es sont r\u00e9guli\u00e8rement transmises \u00e0 un serveur de Google aux \u00c9tats-Unis et y sont stock\u00e9es. Google s\u2019est soumis au Privacy Shield UE-US, <a href=\"https:\/\/www.privacyshield.gov\/EU-US-Framework\">https:\/\/www.privacyshield.gov\/EU-US-Framework<\/a>.<\/li>\n<li>Nous avons charg\u00e9 Google d\u2019\u00e9valuer les informations ainsi obtenues sur votre utilisation de notre site web afin d\u2019\u00e9tablir des rapports sur les activit\u00e9s du site web et de nous fournir d\u2019autres services li\u00e9s \u00e0 l\u2019utilisation du site web et d\u2019Internet. Toutefois, l\u2019adresse IP transmise par votre navigateur n\u2019est pas regroup\u00e9e avec d\u2019autres donn\u00e9es de Google.<\/li>\n<li>Si vous souhaitez emp\u00eacher l\u2019enregistrement de cookies, vous pouvez le faire en configurant votre navigateur en cons\u00e9quence. Cela peut toutefois avoir pour cons\u00e9quence que certaines fonctions de notre site web ne soient pas utilisables dans leur int\u00e9gralit\u00e9. En outre, vous pouvez emp\u00eacher la saisie et le traitement par Google des donn\u00e9es relatives \u00e0 votre utilisation du site web (y compris votre adresse IP) en t\u00e9l\u00e9chargeant et en installant le plug-in de navigateur disponible sous le lien suivant\u00a0:\u00a0<a href=\"http:\/\/tools.google.com\/dlpage\/gaoptout?hl=de\">http:\/\/tools.google.com\/dlpage\/gaoptout?hl=de<\/a>.<\/li>\n<li>Ce site web utilise Google Analytics avec l\u2019extension \u00ab\u00a0_anonymizeIp()\u00a0\u00bb, gr\u00e2ce \u00e0 laquelle les adresses IP sont trait\u00e9es de mani\u00e8re abr\u00e9g\u00e9e. Cela permet d\u2019exclure tout lien avec une personne. Dans la mesure o\u00f9 les donn\u00e9es collect\u00e9es vous concernant pr\u00e9sentent un lien avec une personne, celui-ci est imm\u00e9diatement exclu et les donn\u00e9es personnelles sont ainsi imm\u00e9diatement supprim\u00e9es.<\/li>\n<li>Vous trouverez des informations sur Google sous\u00a0: Google Dublin, Google Ireland Ltd, Gordon House, Barrow Street, Dublin 4, Irlande, Fax\u00a0: +353 (1) 436\u20091001.<br \/>\nConditions d\u2019utilisation\u00a0:\u00a0<a href=\"http:\/\/www.google.com\/analytics\/terms\/de.html\">http:\/\/www.google.com\/analytics\/terms\/de.html\u00a0<\/a><br \/>\nEn savoir plus sur la protection des donn\u00e9es\u00a0: <a href=\"http:\/\/www.google.com\/intl\/de\/analytics\/learn\/privacy.html\">http:\/\/www.google.com\/intl\/de\/analytics\/learn\/privacy.html<\/a><br \/>\nPolitique de confidentialit\u00e9\u00a0: <a href=\"https:\/\/policies.google.com\/privacy?hl=de&amp;gl=de\">https:\/\/policies.google.com\/privacy?hl=de&amp;gl=de<\/a><\/li>\n<\/ol>\n<p><strong>XING<\/strong><\/p>\n<p>Notre site web utilise des fonctions des r\u00e9seaux XING et LinkedIn. Chaque fois qu\u2019une de nos pages contenant des fonctions de XING ou LinkedIn est consult\u00e9e, une connexion est \u00e9tablie avec les serveurs de XING ou LinkedIn. \u00c0 notre connaissance, il n\u2019y a pas de stockage de donn\u00e9es personnelles. En particulier, aucune adresse IP n\u2019est enregistr\u00e9e et le comportement d\u2019utilisation n&rsquo;est pas \u00e9valu\u00e9.<\/p>\n<p>Vous trouverez de plus amples informations sur la protection des donn\u00e9es et le bouton de partage sur XING et LinkedIn dans les d\u00e9clarations de confidentialit\u00e9 sous\u00a0:<\/p>\n<p><a href=\"https:\/\/www.xing.com\/app\/share\">https:\/\/www.xing.com\/app\/share<\/a><\/p>\n<p><a href=\"https:\/\/de.linkedin.com\/legal\/privacy-policy\">https:\/\/de.linkedin.com\/legal\/privacy-policy<\/a><\/p>\n<p>&nbsp;<\/p>\n<p><strong>YouTube<\/strong><\/p>\n<p>Notre site web utilise des plug-ins du site YouTube exploit\u00e9 par Google. Lorsque vous visitez l\u2019une de nos pages \u00e9quip\u00e9es d\u2019un plug-in YouTube, une connexion est \u00e9tablie avec les serveurs de YouTube. Le serveur YouTube est alors inform\u00e9 des pages que vous avez visit\u00e9es.<\/p>\n<p>Si vous \u00eates connect\u00e9 \u00e0 votre compte YouTube, vous permettez \u00e0 YouTube d\u2019associer votre comportement de navigation directement \u00e0 votre profil personnel. Vous pouvez emp\u00eacher cela en vous d\u00e9connectant de votre compte YouTube.<\/p>\n<p>Pour plus d\u2019informations sur le traitement des donn\u00e9es utilisateurs, veuillez consulter la d\u00e9claration de confidentialit\u00e9 de YouTube \u00e0 l\u2019adresse suivante\u00a0: <a href=\"https:\/\/policies.google.com\/privacy?hl=de&amp;gl=de\">https:\/\/policies.google.com\/privacy?hl=de&amp;gl=de<\/a><\/p>\n<p><strong>Cryptage SSL<\/strong><\/p>\n<p>Pour des raisons de s\u00e9curit\u00e9 et pour prot\u00e9ger la transmission de contenus confidentiels, tels que les demandes que vous envoyez \u00e0 nous, exploitant du site, ce site utilise un cryptage SSL. Vous reconnaissez une connexion crypt\u00e9e au fait que la ligne d\u2019adresse du navigateur passe de \u00ab\u00a0http:\/\/\u00a0\u00bb \u00e0 \u00ab\u00a0https:\/\/\u00a0\u00bb et au symbole du cadenas dans la ligne de votre navigateur.<\/p>\n<p>Si le cryptage SSL est activ\u00e9, les donn\u00e9es que vous nous transmettez ne peuvent pas \u00eatre lues par des tiers.<\/p>\n<p><strong>Vos droits en tant que personne concern\u00e9e\u00a0:<\/strong><\/p>\n<p>Vous disposez des droits suivants \u00e0 notre \u00e9gard en ce qui concerne les donn\u00e9es \u00e0 caract\u00e8re personnel vous concernant\u00a0:<\/p>\n<ul>\n<li>Vous pouvez nous demander de confirmer si nous traitons des donn\u00e9es \u00e0 caract\u00e8re personnel vous concernant et, si c\u2019est le cas, vous avez le droit d\u2019acc\u00e9der \u00e0 ces donn\u00e9es \u00e0 caract\u00e8re personnel et aux informations d\u00e9taill\u00e9es \u00e0 l\u2019article 15 du RGPD.<\/li>\n<li>Conform\u00e9ment \u00e0 l\u2019article 16 du RGPD, vous avez le droit d\u2019exiger que les donn\u00e9es \u00e0 caract\u00e8re personnel inexactes vous concernant soient rectifi\u00e9es sans d\u00e9lai et, le cas \u00e9ch\u00e9ant, que les donn\u00e9es \u00e0 caract\u00e8re personnel incompl\u00e8tes soient compl\u00e9t\u00e9es.<\/li>\n<li>Vous avez le droit de nous demander d\u2019effacer imm\u00e9diatement les donn\u00e9es \u00e0 caract\u00e8re personnel concern\u00e9es, dans la mesure o\u00f9 l\u2019une des raisons d\u00e9taill\u00e9es \u00e0 l\u2019article 17 du RGPD s\u2019applique.<\/li>\n<li>Vous avez le droit d\u2019exiger la limitation du traitement si l\u2019une des conditions \u00e9num\u00e9r\u00e9es \u00e0 l\u2019article 18 du RGPD est remplie.<\/li>\n<li>Si les conditions de l\u2019article 20 du RGPD sont remplies, vous avez le droit d\u2019exiger une transmission de donn\u00e9es.<\/li>\n<li>Conform\u00e9ment \u00e0 l\u2019article 21 du RGPD, vous disposez d\u2019un droit d\u2019opposition au traitement fond\u00e9 sur l\u2019art.\u00a06, \u00a7\u00a01, phrase\u00a01, point\u00a0f du RGPD. Un traitement est fond\u00e9 sur l\u2019art.\u00a06, \u00a7\u00a01, phrase\u00a01, point\u00a0f du RGPD lorsque, par exemple, le traitement n\u2019est pas n\u00e9cessaire \u00e0 l\u2019ex\u00e9cution d\u2019un contrat, mais repose sur une mise en balance des int\u00e9r\u00eats.<\/li>\n<li>Si nous traitons vos donn\u00e9es sur la base d\u2019un consentement que vous nous avez donn\u00e9, vous pouvez r\u00e9voquer ce consentement \u00e0 tout moment. La r\u00e9vocation n&rsquo;affecte pas la l\u00e9galit\u00e9 du traitement effectu\u00e9 sur la base du consentement jusqu\u2019\u00e0 la r\u00e9vocation, c\u2019est-\u00e0-dire que la r\u00e9vocation n&rsquo;affecte pas la l\u00e9galit\u00e9 du traitement de vos donn\u00e9es personnelles tant qu&rsquo;elle ne nous a pas \u00e9t\u00e9 notifi\u00e9e.<\/li>\n<li>Vous avez \u00e9galement le droit d\u2019introduire une r\u00e9clamation aupr\u00e8s d\u2019une autorit\u00e9 de contr\u00f4le si vous estimez que le traitement des donn\u00e9es \u00e0 caract\u00e8re personnel vous concernant enfreint le RGPD (article 77 du RGPD). Vous pouvez faire valoir ce droit aupr\u00e8s d\u2019une autorit\u00e9 de contr\u00f4le dans l\u2019\u00c9tat membre de votre lieu de r\u00e9sidence, de votre lieu de travail ou du lieu de l\u2019infraction pr\u00e9sum\u00e9e. Vous trouverez ici un aper\u00e7u des autorit\u00e9s de surveillance en Allemagne\u00a0:\u00a0<a href=\"https:\/\/www.bfdi.bund.de\/DE\/Infothek\/Anschriften_Links\/anschriften_links-node.html\">https:\/\/www.bfdi.bund.de\/DE\/Infothek\/Anschriften_Links\/anschriften_links-node.html<\/a><\/li>\n<\/ul>\n<p><strong>L\u2019autorit\u00e9 de surveillance comp\u00e9tente pour notre entreprise est<\/strong><\/p>\n<p>Bayerisches Landesamt f\u00fcr Datenschutzaufsicht<br \/>\nPromenade 27 (Schloss)<br \/>\nD-91522 Ansbach<\/p>\n<p>Adresse postale<br \/>\nPostfach 606<br \/>\nD-91511 Ansbach<\/p>\n<h3><strong>Modification de la pr\u00e9sente d\u00e9claration de confidentialit\u00e9<\/strong><\/h3>\n<p>Nous nous r\u00e9servons le droit de modifier \u00e0 tout moment la pr\u00e9sente d\u00e9claration de confidentialit\u00e9. La version publi\u00e9e sur notre site web est la version en vigueur.<\/p>\n","protected":false},"excerpt":{"rendered":"<p>D\u00e9claration de confidentialit\u00e9 Nous vous informons ci-apr\u00e8s sur la collecte de donn\u00e9es personnelles lors de l\u2019utilisation de notre site Internet. Les donn\u00e9es personnelles sont toutes les donn\u00e9es qui vous concernent personnellement, par ex. le nom, l\u2019adresse ou les adresses e-mail. Identit\u00e9 du responsable\u00a0: Le responsable conform\u00e9ment \u00e0 l\u2019art.\u00a04, \u00a7\u00a07 du R\u00e8glement g\u00e9n\u00e9ral sur la protection [&hellip;]<\/p>\n","protected":false},"author":1826,"featured_media":0,"parent":0,"menu_order":6,"comment_status":"closed","ping_status":"closed","template":"","meta":{"_acf_changed":false,"footnotes":""},"class_list":["post-3702","page","type-page","status-publish","hentry"],"acf":[],"yoast_head":"<!-- This site is optimized with the Yoast SEO plugin v26.1.1 - https:\/\/yoast.com\/wordpress\/plugins\/seo\/ -->\n<title>D\u00e9claration de confidentialit\u00e9 | SAUTER<\/title>\n<meta name=\"description\" content=\"Vous trouverez ici un aper\u00e7u d\u00e9taill\u00e9 de notre politique en mati\u00e8re de protection des donn\u00e9es et de cookies.\" \/>\n<meta name=\"robots\" content=\"index, follow, max-snippet:-1, max-image-preview:large, max-video-preview:-1\" \/>\n<link rel=\"canonical\" href=\"https:\/\/www.sauter-fm.com\/fr\/declaration-de-confidentialite\/\" \/>\n<meta property=\"og:locale\" content=\"fr_FR\" \/>\n<meta property=\"og:type\" content=\"article\" \/>\n<meta property=\"og:title\" content=\"D\u00e9claration de confidentialit\u00e9 | SAUTER\" \/>\n<meta property=\"og:description\" content=\"Vous trouverez ici un aper\u00e7u d\u00e9taill\u00e9 de notre politique en mati\u00e8re de protection des donn\u00e9es et de cookies.\" \/>\n<meta property=\"og:url\" content=\"https:\/\/www.sauter-fm.com\/fr\/declaration-de-confidentialite\/\" \/>\n<meta property=\"og:site_name\" content=\"Sauter FM\" \/>\n<meta property=\"article:modified_time\" content=\"2024-06-21T05:51:40+00:00\" \/>\n<meta name=\"twitter:card\" content=\"summary_large_image\" \/>\n<meta name=\"twitter:label1\" content=\"Dur\u00e9e de lecture estim\u00e9e\" \/>\n\t<meta name=\"twitter:data1\" content=\"10 minutes\" \/>\n<script type=\"application\/ld+json\" class=\"yoast-schema-graph\">{\"@context\":\"https:\/\/schema.org\",\"@graph\":[{\"@type\":\"WebPage\",\"@id\":\"https:\/\/www.sauter-fm.com\/fr\/declaration-de-confidentialite\/\",\"url\":\"https:\/\/www.sauter-fm.com\/fr\/declaration-de-confidentialite\/\",\"name\":\"D\u00e9claration de confidentialit\u00e9 | SAUTER\",\"isPartOf\":{\"@id\":\"https:\/\/www.sauter-fm.com\/#website\"},\"datePublished\":\"2021-09-06T09:16:28+00:00\",\"dateModified\":\"2024-06-21T05:51:40+00:00\",\"description\":\"Vous trouverez ici un aper\u00e7u d\u00e9taill\u00e9 de notre politique en mati\u00e8re de protection des donn\u00e9es et de cookies.\",\"breadcrumb\":{\"@id\":\"https:\/\/www.sauter-fm.com\/fr\/declaration-de-confidentialite\/#breadcrumb\"},\"inLanguage\":\"fr-FR\",\"potentialAction\":[{\"@type\":\"ReadAction\",\"target\":[\"https:\/\/www.sauter-fm.com\/fr\/declaration-de-confidentialite\/\"]}]},{\"@type\":\"BreadcrumbList\",\"@id\":\"https:\/\/www.sauter-fm.com\/fr\/declaration-de-confidentialite\/#breadcrumb\",\"itemListElement\":[{\"@type\":\"ListItem\",\"position\":1,\"name\":\"Home\",\"item\":\"https:\/\/www.sauter-fm.com\/fr\/\"},{\"@type\":\"ListItem\",\"position\":2,\"name\":\"D\u00e9claration de confidentialit\u00e9\"}]},{\"@type\":\"WebSite\",\"@id\":\"https:\/\/www.sauter-fm.com\/#website\",\"url\":\"https:\/\/www.sauter-fm.com\/\",\"name\":\"Sauter FM\",\"description\":\"SAUTER Facility Management\",\"potentialAction\":[{\"@type\":\"SearchAction\",\"target\":{\"@type\":\"EntryPoint\",\"urlTemplate\":\"https:\/\/www.sauter-fm.com\/?s={search_term_string}\"},\"query-input\":{\"@type\":\"PropertyValueSpecification\",\"valueRequired\":true,\"valueName\":\"search_term_string\"}}],\"inLanguage\":\"fr-FR\"}]}<\/script>\n<!-- \/ Yoast SEO plugin. -->","yoast_head_json":{"title":"D\u00e9claration de confidentialit\u00e9 | SAUTER","description":"Vous trouverez ici un aper\u00e7u d\u00e9taill\u00e9 de notre politique en mati\u00e8re de protection des donn\u00e9es et de cookies.","robots":{"index":"index","follow":"follow","max-snippet":"max-snippet:-1","max-image-preview":"max-image-preview:large","max-video-preview":"max-video-preview:-1"},"canonical":"https:\/\/www.sauter-fm.com\/fr\/declaration-de-confidentialite\/","og_locale":"fr_FR","og_type":"article","og_title":"D\u00e9claration de confidentialit\u00e9 | SAUTER","og_description":"Vous trouverez ici un aper\u00e7u d\u00e9taill\u00e9 de notre politique en mati\u00e8re de protection des donn\u00e9es et de cookies.","og_url":"https:\/\/www.sauter-fm.com\/fr\/declaration-de-confidentialite\/","og_site_name":"Sauter FM","article_modified_time":"2024-06-21T05:51:40+00:00","twitter_card":"summary_large_image","twitter_misc":{"Dur\u00e9e de lecture estim\u00e9e":"10 minutes"},"schema":{"@context":"https:\/\/schema.org","@graph":[{"@type":"WebPage","@id":"https:\/\/www.sauter-fm.com\/fr\/declaration-de-confidentialite\/","url":"https:\/\/www.sauter-fm.com\/fr\/declaration-de-confidentialite\/","name":"D\u00e9claration de confidentialit\u00e9 | SAUTER","isPartOf":{"@id":"https:\/\/www.sauter-fm.com\/#website"},"datePublished":"2021-09-06T09:16:28+00:00","dateModified":"2024-06-21T05:51:40+00:00","description":"Vous trouverez ici un aper\u00e7u d\u00e9taill\u00e9 de notre politique en mati\u00e8re de protection des donn\u00e9es et de cookies.","breadcrumb":{"@id":"https:\/\/www.sauter-fm.com\/fr\/declaration-de-confidentialite\/#breadcrumb"},"inLanguage":"fr-FR","potentialAction":[{"@type":"ReadAction","target":["https:\/\/www.sauter-fm.com\/fr\/declaration-de-confidentialite\/"]}]},{"@type":"BreadcrumbList","@id":"https:\/\/www.sauter-fm.com\/fr\/declaration-de-confidentialite\/#breadcrumb","itemListElement":[{"@type":"ListItem","position":1,"name":"Home","item":"https:\/\/www.sauter-fm.com\/fr\/"},{"@type":"ListItem","position":2,"name":"D\u00e9claration de confidentialit\u00e9"}]},{"@type":"WebSite","@id":"https:\/\/www.sauter-fm.com\/#website","url":"https:\/\/www.sauter-fm.com\/","name":"Sauter FM","description":"SAUTER Facility Management","potentialAction":[{"@type":"SearchAction","target":{"@type":"EntryPoint","urlTemplate":"https:\/\/www.sauter-fm.com\/?s={search_term_string}"},"query-input":{"@type":"PropertyValueSpecification","valueRequired":true,"valueName":"search_term_string"}}],"inLanguage":"fr-FR"}]}},"publishpress_future_action":{"enabled":false,"date":"2026-05-23 02:16:57","action":"change-status","newStatus":"draft","terms":[],"taxonomy":"translation_priority","extraData":[]},"publishpress_future_workflow_manual_trigger":{"enabledWorkflows":[]},"_links":{"self":[{"href":"https:\/\/www.sauter-fm.com\/fr\/wp-json\/wp\/v2\/pages\/3702","targetHints":{"allow":["GET"]}}],"collection":[{"href":"https:\/\/www.sauter-fm.com\/fr\/wp-json\/wp\/v2\/pages"}],"about":[{"href":"https:\/\/www.sauter-fm.com\/fr\/wp-json\/wp\/v2\/types\/page"}],"author":[{"embeddable":true,"href":"https:\/\/www.sauter-fm.com\/fr\/wp-json\/wp\/v2\/users\/1826"}],"replies":[{"embeddable":true,"href":"https:\/\/www.sauter-fm.com\/fr\/wp-json\/wp\/v2\/comments?post=3702"}],"version-history":[{"count":2,"href":"https:\/\/www.sauter-fm.com\/fr\/wp-json\/wp\/v2\/pages\/3702\/revisions"}],"predecessor-version":[{"id":3744,"href":"https:\/\/www.sauter-fm.com\/fr\/wp-json\/wp\/v2\/pages\/3702\/revisions\/3744"}],"wp:attachment":[{"href":"https:\/\/www.sauter-fm.com\/fr\/wp-json\/wp\/v2\/media?parent=3702"}],"curies":[{"name":"wp","href":"https:\/\/api.w.org\/{rel}","templated":true}]}}