{"id":3464,"date":"2022-04-07T11:09:41","date_gmt":"2022-04-07T11:09:41","guid":{"rendered":"https:\/\/www.sauter-fm.com\/unternehmen\/referenzen\/buerogebaeude\/"},"modified":"2024-06-17T11:52:18","modified_gmt":"2024-06-17T11:52:18","slug":"immeubles-de-bureaux","status":"publish","type":"page","link":"https:\/\/www.sauter-fm.com\/fr\/entreprise\/references\/immeubles-de-bureaux\/","title":{"rendered":"Immeubles de bureaux"},"content":{"rendered":"<h2>Die Macherei, Munich<\/h2>\n<table  class=\" table table-hover\" >\n<tbody>\n<tr>\n<td><img decoding=\"async\" class=\"alignnone wp-image-3004\" src=\"https:\/\/www.sauter-fm.com\/wp-content\/uploads\/sites\/32\/2022\/04\/Logo_Macherei-300x264.png\" alt=\"\" width=\"227\" height=\"200\" srcset=\"https:\/\/www.sauter-fm.com\/wp-content\/uploads\/sites\/32\/2022\/04\/Logo_Macherei-300x264.png 300w, https:\/\/www.sauter-fm.com\/wp-content\/uploads\/sites\/32\/2022\/04\/Logo_Macherei-225x198.png 225w, https:\/\/www.sauter-fm.com\/wp-content\/uploads\/sites\/32\/2022\/04\/Logo_Macherei-375x330.png 375w, https:\/\/www.sauter-fm.com\/wp-content\/uploads\/sites\/32\/2022\/04\/Logo_Macherei.png 454w\" sizes=\"(max-width: 227px) 100vw, 227px\" \/><\/td>\n<\/tr>\n<\/tbody>\n<\/table>\n<table  class=\" table table-hover\" >\n<tbody>\n<tr>\n<td><strong>Description:<\/strong><\/td>\n<td>Immeubles commerciaux et de bureaux\/h\u00f4tel<\/td>\n<\/tr>\n<tr>\n<td><strong>Surface:<\/strong><\/td>\n<td>env. 11\u00a0396\u00a0m\u00b2 (4\u00a0177\u00a0m\u00b2 d\u2019h\u00f4tel)<\/td>\n<\/tr>\n<tr>\n<td><strong>Prestations:<\/strong><\/td>\n<td>FM commercial, FM technique et FM infrastructurel<\/td>\n<\/tr>\n<tr>\n<td><strong>P\u00e9riode de prestation:<\/strong><\/td>\n<td>depuis 2018<\/td>\n<\/tr>\n<\/tbody>\n<\/table>\n<p>&nbsp;<\/p>\n<hr \/>\n<h2>Axel Springer SE, Berlin<\/h2>\n<table  class=\" table table-hover\" >\n<tbody>\n<tr>\n<td><img decoding=\"async\" class=\"alignnone wp-image-2973\" src=\"https:\/\/www.sauter-fm.com\/wp-content\/uploads\/sites\/32\/2022\/04\/200521_asc_interior_s02_DSC6010st-300x300.jpg\" alt=\"\" width=\"200\" height=\"200\" srcset=\"https:\/\/www.sauter-fm.com\/wp-content\/uploads\/sites\/32\/2022\/04\/200521_asc_interior_s02_DSC6010st-300x300.jpg 300w, https:\/\/www.sauter-fm.com\/wp-content\/uploads\/sites\/32\/2022\/04\/200521_asc_interior_s02_DSC6010st-1024x1024.jpg 1024w, https:\/\/www.sauter-fm.com\/wp-content\/uploads\/sites\/32\/2022\/04\/200521_asc_interior_s02_DSC6010st-150x150.jpg 150w, https:\/\/www.sauter-fm.com\/wp-content\/uploads\/sites\/32\/2022\/04\/200521_asc_interior_s02_DSC6010st-768x768.jpg 768w, https:\/\/www.sauter-fm.com\/wp-content\/uploads\/sites\/32\/2022\/04\/200521_asc_interior_s02_DSC6010st-1536x1536.jpg 1536w, https:\/\/www.sauter-fm.com\/wp-content\/uploads\/sites\/32\/2022\/04\/200521_asc_interior_s02_DSC6010st-2048x2048.jpg 2048w, https:\/\/www.sauter-fm.com\/wp-content\/uploads\/sites\/32\/2022\/04\/200521_asc_interior_s02_DSC6010st-60x60.jpg 60w, https:\/\/www.sauter-fm.com\/wp-content\/uploads\/sites\/32\/2022\/04\/200521_asc_interior_s02_DSC6010st-225x225.jpg 225w, https:\/\/www.sauter-fm.com\/wp-content\/uploads\/sites\/32\/2022\/04\/200521_asc_interior_s02_DSC6010st-800x800.jpg 800w\" sizes=\"(max-width: 200px) 100vw, 200px\" \/><\/td>\n<td><img decoding=\"async\" class=\"alignnone wp-image-2974 size-medium\" src=\"https:\/\/www.sauter-fm.com\/wp-content\/uploads\/sites\/32\/2022\/04\/200521_asc_exterior_DSC5335-300x200.jpg\" alt=\"\" width=\"300\" height=\"200\" srcset=\"https:\/\/www.sauter-fm.com\/wp-content\/uploads\/sites\/32\/2022\/04\/200521_asc_exterior_DSC5335-300x200.jpg 300w, https:\/\/www.sauter-fm.com\/wp-content\/uploads\/sites\/32\/2022\/04\/200521_asc_exterior_DSC5335-1024x683.jpg 1024w, https:\/\/www.sauter-fm.com\/wp-content\/uploads\/sites\/32\/2022\/04\/200521_asc_exterior_DSC5335-768x512.jpg 768w, https:\/\/www.sauter-fm.com\/wp-content\/uploads\/sites\/32\/2022\/04\/200521_asc_exterior_DSC5335-1536x1025.jpg 1536w, https:\/\/www.sauter-fm.com\/wp-content\/uploads\/sites\/32\/2022\/04\/200521_asc_exterior_DSC5335-2048x1366.jpg 2048w, https:\/\/www.sauter-fm.com\/wp-content\/uploads\/sites\/32\/2022\/04\/200521_asc_exterior_DSC5335-225x150.jpg 225w, https:\/\/www.sauter-fm.com\/wp-content\/uploads\/sites\/32\/2022\/04\/200521_asc_exterior_DSC5335-1199x800.jpg 1199w\" sizes=\"(max-width: 300px) 100vw, 300px\" \/><\/td>\n<\/tr>\n<\/tbody>\n<\/table>\n<table  class=\" table table-hover\" >\n<tbody>\n<tr>\n<td><strong>Description:<\/strong><\/td>\n<td>Immeuble de bureaux<\/td>\n<\/tr>\n<tr>\n<td><strong>Surface:<\/strong><\/td>\n<td>10.000 m\u00b2<\/td>\n<\/tr>\n<tr>\n<td><strong>Prestations:<\/strong><\/td>\n<td>Solutions d\u2019automatisation et de gestion de b\u00e2timents<\/td>\n<\/tr>\n<tr>\n<td><strong>P\u00e9riode de prestation:<\/strong><\/td>\n<td>depuis 2020<\/td>\n<\/tr>\n<\/tbody>\n<\/table>\n<p>&nbsp;<\/p>\n<hr \/>\n<h2>Industriepark Ettlingen<\/h2>\n<table  class=\" table table-hover\" >\n<tbody>\n<tr>\n<td><img decoding=\"async\" class=\"wp-image-2975 size-medium\" src=\"https:\/\/www.sauter-fm.com\/wp-content\/uploads\/sites\/32\/2022\/04\/E1_Hertzstra\u00dfe_26-30-300x200.jpg\" alt=\"\" width=\"300\" height=\"200\" srcset=\"https:\/\/www.sauter-fm.com\/wp-content\/uploads\/sites\/32\/2022\/04\/E1_Hertzstra\u00dfe_26-30-300x200.jpg 300w, https:\/\/www.sauter-fm.com\/wp-content\/uploads\/sites\/32\/2022\/04\/E1_Hertzstra\u00dfe_26-30-1024x683.jpg 1024w, https:\/\/www.sauter-fm.com\/wp-content\/uploads\/sites\/32\/2022\/04\/E1_Hertzstra\u00dfe_26-30-768x512.jpg 768w, https:\/\/www.sauter-fm.com\/wp-content\/uploads\/sites\/32\/2022\/04\/E1_Hertzstra\u00dfe_26-30-1536x1024.jpg 1536w, https:\/\/www.sauter-fm.com\/wp-content\/uploads\/sites\/32\/2022\/04\/E1_Hertzstra\u00dfe_26-30-2048x1365.jpg 2048w, https:\/\/www.sauter-fm.com\/wp-content\/uploads\/sites\/32\/2022\/04\/E1_Hertzstra\u00dfe_26-30-225x150.jpg 225w, https:\/\/www.sauter-fm.com\/wp-content\/uploads\/sites\/32\/2022\/04\/E1_Hertzstra\u00dfe_26-30-1200x800.jpg 1200w\" sizes=\"(max-width: 300px) 100vw, 300px\" \/><\/td>\n<td><img decoding=\"async\" class=\"wp-image-2976 size-medium\" src=\"https:\/\/www.sauter-fm.com\/wp-content\/uploads\/sites\/32\/2022\/04\/E1_Liegenschaft_Panorama_1_Drohne-300x200.jpg\" alt=\"\" width=\"300\" height=\"200\" srcset=\"https:\/\/www.sauter-fm.com\/wp-content\/uploads\/sites\/32\/2022\/04\/E1_Liegenschaft_Panorama_1_Drohne-300x200.jpg 300w, https:\/\/www.sauter-fm.com\/wp-content\/uploads\/sites\/32\/2022\/04\/E1_Liegenschaft_Panorama_1_Drohne-1024x682.jpg 1024w, https:\/\/www.sauter-fm.com\/wp-content\/uploads\/sites\/32\/2022\/04\/E1_Liegenschaft_Panorama_1_Drohne-768x512.jpg 768w, https:\/\/www.sauter-fm.com\/wp-content\/uploads\/sites\/32\/2022\/04\/E1_Liegenschaft_Panorama_1_Drohne-1536x1023.jpg 1536w, https:\/\/www.sauter-fm.com\/wp-content\/uploads\/sites\/32\/2022\/04\/E1_Liegenschaft_Panorama_1_Drohne-2048x1364.jpg 2048w, https:\/\/www.sauter-fm.com\/wp-content\/uploads\/sites\/32\/2022\/04\/E1_Liegenschaft_Panorama_1_Drohne-225x150.jpg 225w, https:\/\/www.sauter-fm.com\/wp-content\/uploads\/sites\/32\/2022\/04\/E1_Liegenschaft_Panorama_1_Drohne-1201x800.jpg 1201w\" sizes=\"(max-width: 300px) 100vw, 300px\" \/><\/td>\n<\/tr>\n<\/tbody>\n<\/table>\n<table  class=\" table table-hover\" >\n<tbody>\n<tr>\n<td><strong>Description:<\/strong><\/td>\n<td>Immeubles commerciaux et de bureaux<\/td>\n<\/tr>\n<tr>\n<td><strong>Surface:<\/strong><\/td>\n<td>env. 150\u00a0000\u00a0m\u00b2<\/td>\n<\/tr>\n<tr>\n<td><strong>Prestations:<\/strong><\/td>\n<td>FM technique\/FM infrastructurel<\/td>\n<\/tr>\n<\/tbody>\n<\/table>\n<p>&nbsp;<\/p>\n<hr \/>\n<h2>Seestern, D\u00fcsseldorf<\/h2>\n<table  class=\" table table-hover\" >\n<tbody>\n<tr>\n<td><img decoding=\"async\" class=\"alignnone wp-image-2937\" src=\"https:\/\/www.sauter-fm.com\/wp-content\/uploads\/sites\/32\/2022\/04\/Duesseldorf_Seestern.png\" alt=\"\" width=\"299\" height=\"200\" srcset=\"https:\/\/www.sauter-fm.com\/wp-content\/uploads\/sites\/32\/2022\/04\/Duesseldorf_Seestern.png 269w, https:\/\/www.sauter-fm.com\/wp-content\/uploads\/sites\/32\/2022\/04\/Duesseldorf_Seestern-225x151.png 225w\" sizes=\"(max-width: 299px) 100vw, 299px\" \/><\/td>\n<td><img decoding=\"async\" class=\"alignnone wp-image-2939\" src=\"https:\/\/www.sauter-fm.com\/wp-content\/uploads\/sites\/32\/2022\/04\/Duesseldorf_Seestern_3.png\" alt=\"\" width=\"148\" height=\"200\" \/><\/td>\n<\/tr>\n<\/tbody>\n<\/table>\n<table  class=\" table table-hover\" >\n<tbody>\n<tr>\n<td><strong>Description:<\/strong><\/td>\n<td>Immeubles de bureaux<\/td>\n<\/tr>\n<tr>\n<td><strong>Surface:<\/strong><\/td>\n<td>env. 29\u00a0000\u00a0m\u00b2 (env. 11\u00a0500\u00a0m\u00b2 de parking)<\/td>\n<\/tr>\n<tr>\n<td><strong>Prestations:<\/strong><\/td>\n<td>FM technique et FM infrastructurel<\/td>\n<\/tr>\n<tr>\n<td><strong>P\u00e9riode de prestation:<\/strong><\/td>\n<td>depuis 2016<\/td>\n<\/tr>\n<\/tbody>\n<\/table>\n<p><a href=\"https:\/\/www.sauter-fm.com\/fr\/entreprise\/references\/\">&lt;&lt;<span class=\"VIiyi\" lang=\"fr\"><span class=\"JLqJ4b ChMk0b\" data-language-for-alternatives=\"fr\" data-language-to-translate-into=\"de\" data-phrase-index=\"0\" data-number-of-phrases=\"1\"><span class=\"Q4iAWc\">revenir<\/span><\/span><\/span><\/a><\/p>\n","protected":false},"excerpt":{"rendered":"<p>Die Macherei, Munich Description: Immeubles commerciaux et de bureaux\/h\u00f4tel Surface: env. 11\u00a0396\u00a0m\u00b2 (4\u00a0177\u00a0m\u00b2 d\u2019h\u00f4tel) Prestations: FM commercial, FM technique et FM infrastructurel P\u00e9riode de prestation: depuis 2018 &nbsp; Axel Springer SE, Berlin Description: Immeuble de bureaux Surface: 10.000 m\u00b2 Prestations: Solutions d\u2019automatisation et de gestion de b\u00e2timents P\u00e9riode de prestation: depuis 2020 &nbsp; Industriepark Ettlingen [&hellip;]<\/p>\n","protected":false},"author":6,"featured_media":0,"parent":3449,"menu_order":0,"comment_status":"closed","ping_status":"closed","template":"","meta":{"_acf_changed":false,"footnotes":""},"class_list":["post-3464","page","type-page","status-publish","hentry"],"acf":[],"yoast_head":"<!-- This site is optimized with the Yoast SEO plugin v26.1.1 - https:\/\/yoast.com\/wordpress\/plugins\/seo\/ -->\n<title>Immeubles de bureaux | SAUTER<\/title>\n<meta name=\"description\" content=\"De nombreux immeubles de bureaux utilisent d\u00e9j\u00e0 nos services. Du FM aux solutions d&#039;automatisation et de gestion des b\u00e2timents.\" \/>\n<meta name=\"robots\" content=\"index, follow, max-snippet:-1, max-image-preview:large, max-video-preview:-1\" \/>\n<link rel=\"canonical\" href=\"https:\/\/www.sauter-fm.com\/fr\/entreprise\/references\/immeubles-de-bureaux\/\" \/>\n<meta property=\"og:locale\" content=\"fr_FR\" \/>\n<meta property=\"og:type\" content=\"article\" \/>\n<meta property=\"og:title\" content=\"Immeubles de bureaux | SAUTER\" \/>\n<meta property=\"og:description\" content=\"De nombreux immeubles de bureaux utilisent d\u00e9j\u00e0 nos services. Du FM aux solutions d&#039;automatisation et de gestion des b\u00e2timents.\" \/>\n<meta property=\"og:url\" content=\"https:\/\/www.sauter-fm.com\/fr\/entreprise\/references\/immeubles-de-bureaux\/\" \/>\n<meta property=\"og:site_name\" content=\"Sauter FM\" \/>\n<meta property=\"article:modified_time\" content=\"2024-06-17T11:52:18+00:00\" \/>\n<meta property=\"og:image\" content=\"https:\/\/www.sauter-fm.com\/wp-content\/uploads\/sites\/32\/2022\/04\/Logo_Macherei-300x264.png\" \/>\n<meta name=\"twitter:card\" content=\"summary_large_image\" \/>\n<meta name=\"twitter:label1\" content=\"Dur\u00e9e de lecture estim\u00e9e\" \/>\n\t<meta name=\"twitter:data1\" content=\"2 minutes\" \/>\n<script type=\"application\/ld+json\" class=\"yoast-schema-graph\">{\"@context\":\"https:\/\/schema.org\",\"@graph\":[{\"@type\":\"WebPage\",\"@id\":\"https:\/\/www.sauter-fm.com\/fr\/entreprise\/references\/immeubles-de-bureaux\/\",\"url\":\"https:\/\/www.sauter-fm.com\/fr\/entreprise\/references\/immeubles-de-bureaux\/\",\"name\":\"Immeubles de bureaux | SAUTER\",\"isPartOf\":{\"@id\":\"https:\/\/www.sauter-fm.com\/#website\"},\"primaryImageOfPage\":{\"@id\":\"https:\/\/www.sauter-fm.com\/fr\/entreprise\/references\/immeubles-de-bureaux\/#primaryimage\"},\"image\":{\"@id\":\"https:\/\/www.sauter-fm.com\/fr\/entreprise\/references\/immeubles-de-bureaux\/#primaryimage\"},\"thumbnailUrl\":\"https:\/\/www.sauter-fm.com\/wp-content\/uploads\/sites\/32\/2022\/04\/Logo_Macherei-300x264.png\",\"datePublished\":\"2022-04-07T11:09:41+00:00\",\"dateModified\":\"2024-06-17T11:52:18+00:00\",\"description\":\"De nombreux immeubles de bureaux utilisent d\u00e9j\u00e0 nos services. Du FM aux solutions d'automatisation et de gestion des b\u00e2timents.\",\"breadcrumb\":{\"@id\":\"https:\/\/www.sauter-fm.com\/fr\/entreprise\/references\/immeubles-de-bureaux\/#breadcrumb\"},\"inLanguage\":\"fr-FR\",\"potentialAction\":[{\"@type\":\"ReadAction\",\"target\":[\"https:\/\/www.sauter-fm.com\/fr\/entreprise\/references\/immeubles-de-bureaux\/\"]}]},{\"@type\":\"ImageObject\",\"inLanguage\":\"fr-FR\",\"@id\":\"https:\/\/www.sauter-fm.com\/fr\/entreprise\/references\/immeubles-de-bureaux\/#primaryimage\",\"url\":\"https:\/\/www.sauter-fm.com\/wp-content\/uploads\/sites\/32\/2022\/04\/Logo_Macherei-300x264.png\",\"contentUrl\":\"https:\/\/www.sauter-fm.com\/wp-content\/uploads\/sites\/32\/2022\/04\/Logo_Macherei-300x264.png\"},{\"@type\":\"BreadcrumbList\",\"@id\":\"https:\/\/www.sauter-fm.com\/fr\/entreprise\/references\/immeubles-de-bureaux\/#breadcrumb\",\"itemListElement\":[{\"@type\":\"ListItem\",\"position\":1,\"name\":\"Home\",\"item\":\"https:\/\/www.sauter-fm.com\/fr\/\"},{\"@type\":\"ListItem\",\"position\":2,\"name\":\"entreprise\",\"item\":\"https:\/\/www.sauter-fm.com\/fr\/entreprise\/\"},{\"@type\":\"ListItem\",\"position\":3,\"name\":\"R\u00e9f\u00e9rences\",\"item\":\"https:\/\/www.sauter-fm.com\/fr\/entreprise\/references\/\"},{\"@type\":\"ListItem\",\"position\":4,\"name\":\"Immeubles de bureaux\"}]},{\"@type\":\"WebSite\",\"@id\":\"https:\/\/www.sauter-fm.com\/#website\",\"url\":\"https:\/\/www.sauter-fm.com\/\",\"name\":\"Sauter FM\",\"description\":\"SAUTER Facility Management\",\"potentialAction\":[{\"@type\":\"SearchAction\",\"target\":{\"@type\":\"EntryPoint\",\"urlTemplate\":\"https:\/\/www.sauter-fm.com\/?s={search_term_string}\"},\"query-input\":{\"@type\":\"PropertyValueSpecification\",\"valueRequired\":true,\"valueName\":\"search_term_string\"}}],\"inLanguage\":\"fr-FR\"}]}<\/script>\n<!-- \/ Yoast SEO plugin. -->","yoast_head_json":{"title":"Immeubles de bureaux | SAUTER","description":"De nombreux immeubles de bureaux utilisent d\u00e9j\u00e0 nos services. Du FM aux solutions d'automatisation et de gestion des b\u00e2timents.","robots":{"index":"index","follow":"follow","max-snippet":"max-snippet:-1","max-image-preview":"max-image-preview:large","max-video-preview":"max-video-preview:-1"},"canonical":"https:\/\/www.sauter-fm.com\/fr\/entreprise\/references\/immeubles-de-bureaux\/","og_locale":"fr_FR","og_type":"article","og_title":"Immeubles de bureaux | SAUTER","og_description":"De nombreux immeubles de bureaux utilisent d\u00e9j\u00e0 nos services. Du FM aux solutions d'automatisation et de gestion des b\u00e2timents.","og_url":"https:\/\/www.sauter-fm.com\/fr\/entreprise\/references\/immeubles-de-bureaux\/","og_site_name":"Sauter FM","article_modified_time":"2024-06-17T11:52:18+00:00","og_image":[{"url":"https:\/\/www.sauter-fm.com\/wp-content\/uploads\/sites\/32\/2022\/04\/Logo_Macherei-300x264.png","type":"","width":"","height":""}],"twitter_card":"summary_large_image","twitter_misc":{"Dur\u00e9e de lecture estim\u00e9e":"2 minutes"},"schema":{"@context":"https:\/\/schema.org","@graph":[{"@type":"WebPage","@id":"https:\/\/www.sauter-fm.com\/fr\/entreprise\/references\/immeubles-de-bureaux\/","url":"https:\/\/www.sauter-fm.com\/fr\/entreprise\/references\/immeubles-de-bureaux\/","name":"Immeubles de bureaux | SAUTER","isPartOf":{"@id":"https:\/\/www.sauter-fm.com\/#website"},"primaryImageOfPage":{"@id":"https:\/\/www.sauter-fm.com\/fr\/entreprise\/references\/immeubles-de-bureaux\/#primaryimage"},"image":{"@id":"https:\/\/www.sauter-fm.com\/fr\/entreprise\/references\/immeubles-de-bureaux\/#primaryimage"},"thumbnailUrl":"https:\/\/www.sauter-fm.com\/wp-content\/uploads\/sites\/32\/2022\/04\/Logo_Macherei-300x264.png","datePublished":"2022-04-07T11:09:41+00:00","dateModified":"2024-06-17T11:52:18+00:00","description":"De nombreux immeubles de bureaux utilisent d\u00e9j\u00e0 nos services. Du FM aux solutions d'automatisation et de gestion des b\u00e2timents.","breadcrumb":{"@id":"https:\/\/www.sauter-fm.com\/fr\/entreprise\/references\/immeubles-de-bureaux\/#breadcrumb"},"inLanguage":"fr-FR","potentialAction":[{"@type":"ReadAction","target":["https:\/\/www.sauter-fm.com\/fr\/entreprise\/references\/immeubles-de-bureaux\/"]}]},{"@type":"ImageObject","inLanguage":"fr-FR","@id":"https:\/\/www.sauter-fm.com\/fr\/entreprise\/references\/immeubles-de-bureaux\/#primaryimage","url":"https:\/\/www.sauter-fm.com\/wp-content\/uploads\/sites\/32\/2022\/04\/Logo_Macherei-300x264.png","contentUrl":"https:\/\/www.sauter-fm.com\/wp-content\/uploads\/sites\/32\/2022\/04\/Logo_Macherei-300x264.png"},{"@type":"BreadcrumbList","@id":"https:\/\/www.sauter-fm.com\/fr\/entreprise\/references\/immeubles-de-bureaux\/#breadcrumb","itemListElement":[{"@type":"ListItem","position":1,"name":"Home","item":"https:\/\/www.sauter-fm.com\/fr\/"},{"@type":"ListItem","position":2,"name":"entreprise","item":"https:\/\/www.sauter-fm.com\/fr\/entreprise\/"},{"@type":"ListItem","position":3,"name":"R\u00e9f\u00e9rences","item":"https:\/\/www.sauter-fm.com\/fr\/entreprise\/references\/"},{"@type":"ListItem","position":4,"name":"Immeubles de bureaux"}]},{"@type":"WebSite","@id":"https:\/\/www.sauter-fm.com\/#website","url":"https:\/\/www.sauter-fm.com\/","name":"Sauter FM","description":"SAUTER Facility Management","potentialAction":[{"@type":"SearchAction","target":{"@type":"EntryPoint","urlTemplate":"https:\/\/www.sauter-fm.com\/?s={search_term_string}"},"query-input":{"@type":"PropertyValueSpecification","valueRequired":true,"valueName":"search_term_string"}}],"inLanguage":"fr-FR"}]}},"publishpress_future_action":{"enabled":false,"date":"2026-05-08 04:15:40","action":"change-status","newStatus":"draft","terms":[],"taxonomy":"translation_priority","extraData":[]},"publishpress_future_workflow_manual_trigger":{"enabledWorkflows":[]},"_links":{"self":[{"href":"https:\/\/www.sauter-fm.com\/fr\/wp-json\/wp\/v2\/pages\/3464","targetHints":{"allow":["GET"]}}],"collection":[{"href":"https:\/\/www.sauter-fm.com\/fr\/wp-json\/wp\/v2\/pages"}],"about":[{"href":"https:\/\/www.sauter-fm.com\/fr\/wp-json\/wp\/v2\/types\/page"}],"author":[{"embeddable":true,"href":"https:\/\/www.sauter-fm.com\/fr\/wp-json\/wp\/v2\/users\/6"}],"replies":[{"embeddable":true,"href":"https:\/\/www.sauter-fm.com\/fr\/wp-json\/wp\/v2\/comments?post=3464"}],"version-history":[{"count":3,"href":"https:\/\/www.sauter-fm.com\/fr\/wp-json\/wp\/v2\/pages\/3464\/revisions"}],"predecessor-version":[{"id":3931,"href":"https:\/\/www.sauter-fm.com\/fr\/wp-json\/wp\/v2\/pages\/3464\/revisions\/3931"}],"up":[{"embeddable":true,"href":"https:\/\/www.sauter-fm.com\/fr\/wp-json\/wp\/v2\/pages\/3449"}],"wp:attachment":[{"href":"https:\/\/www.sauter-fm.com\/fr\/wp-json\/wp\/v2\/media?parent=3464"}],"curies":[{"name":"wp","href":"https:\/\/api.w.org\/{rel}","templated":true}]}}