{"id":3305,"date":"2021-11-24T08:48:17","date_gmt":"2021-11-24T08:48:17","guid":{"rendered":"https:\/\/www.sauter-fm.com\/energieeffizientes-fm\/energieberatung\/"},"modified":"2024-06-21T08:07:44","modified_gmt":"2024-06-21T08:07:44","slug":"conseil-en-energie","status":"publish","type":"page","link":"https:\/\/www.sauter-fm.com\/fr\/services\/fm-efficace-en-energie\/conseil-en-energie\/","title":{"rendered":"Conseil en \u00e9nergie"},"content":{"rendered":"<p><img decoding=\"async\" class=\"size-medium wp-image-2378 alignleft\" src=\"https:\/\/www.sauter-fm.com\/wp-content\/uploads\/sites\/32\/2022\/02\/SAUTER_FM_Energieberatung_353x212_Verlauf-300x180.jpg\" alt=\"\" width=\"300\" height=\"180\" srcset=\"https:\/\/www.sauter-fm.com\/wp-content\/uploads\/sites\/32\/2022\/02\/SAUTER_FM_Energieberatung_353x212_Verlauf-300x180.jpg 300w, https:\/\/www.sauter-fm.com\/wp-content\/uploads\/sites\/32\/2022\/02\/SAUTER_FM_Energieberatung_353x212_Verlauf-225x135.jpg 225w, https:\/\/www.sauter-fm.com\/wp-content\/uploads\/sites\/32\/2022\/02\/SAUTER_FM_Energieberatung_353x212_Verlauf.jpg 353w\" sizes=\"(max-width: 300px) 100vw, 300px\" \/><\/p>\n<p>Nos conseillers en \u00e9nergie sont des techniciens et techniciennes d\u00fbment form\u00e9(e)s ou des ing\u00e9nieurs sp\u00e9cialis\u00e9s forts d\u2019une longue exp\u00e9rience dans le domaine de la modernisation \u00e9nerg\u00e9tique et qui ont d\u00e9j\u00e0 mis en \u0153uvre avec succ\u00e8s de nombreux projets de construction. Les conseils de SAUTER se distinguent par le fait que l\u2019accent est mis sur les potentiels et les solutions des b\u00e2timents qui conduisent \u00e0 un changement positif.<\/p>\n<p>Nous pr\u00e9sentons les possibilit\u00e9s de mani\u00e8re d\u00e9taill\u00e9e et pr\u00e9cise afin que notre client\u00e8le puisse entreprendre la suite de la mise en \u0153uvre de mani\u00e8re autonome ou en collaboration avec nous.<\/p>\n<ul>\n<li>Contr\u00f4le \u00e9nerg\u00e9tique &#8211; compact et cibl\u00e9<\/li>\n<li>Audit \u00e9nerg\u00e9tique selon EDL-G et DIN\u00a016247<\/li>\n<li>D\u00e9termination de mesures d\u2019\u00e9conomie, de plans \u00e9nerg\u00e9tiques et de solutions techniques<\/li>\n<li>Certificat \u00e9nerg\u00e9tique selon la GEG<\/li>\n<li>\u00c9valuation \u00e9conomique et recommandation d\u2019action<\/li>\n<\/ul>\n","protected":false},"excerpt":{"rendered":"<p>Nos conseillers en \u00e9nergie sont des techniciens et techniciennes d\u00fbment form\u00e9(e)s ou des ing\u00e9nieurs sp\u00e9cialis\u00e9s forts d\u2019une longue exp\u00e9rience dans le domaine de la modernisation \u00e9nerg\u00e9tique et qui ont d\u00e9j\u00e0 mis en \u0153uvre avec succ\u00e8s de nombreux projets de construction. Les conseils de SAUTER se distinguent par le fait que l\u2019accent est mis sur les [&hellip;]<\/p>\n","protected":false},"author":6,"featured_media":0,"parent":3293,"menu_order":0,"comment_status":"closed","ping_status":"closed","template":"","meta":{"_acf_changed":false,"footnotes":""},"class_list":["post-3305","page","type-page","status-publish","hentry"],"acf":[],"yoast_head":"<!-- This site is optimized with the Yoast SEO plugin v26.1.1 - https:\/\/yoast.com\/wordpress\/plugins\/seo\/ -->\n<title>Conseil en \u00e9nergie avec une longue exp\u00e9rience | SAUTER<\/title>\n<meta name=\"description\" content=\"SAUTER se caract\u00e9rise par le fait que l&#039;on se concentre sur les points qui m\u00e8nent au changement. Tu d\u00e9couvriras ici quels sont ces points!\" \/>\n<meta name=\"robots\" content=\"index, follow, max-snippet:-1, max-image-preview:large, max-video-preview:-1\" \/>\n<link rel=\"canonical\" href=\"https:\/\/www.sauter-fm.com\/fr\/services\/fm-efficace-en-energie\/conseil-en-energie\/\" \/>\n<meta property=\"og:locale\" content=\"fr_FR\" \/>\n<meta property=\"og:type\" content=\"article\" \/>\n<meta property=\"og:title\" content=\"Conseil en \u00e9nergie avec une longue exp\u00e9rience | SAUTER\" \/>\n<meta property=\"og:description\" content=\"SAUTER se caract\u00e9rise par le fait que l&#039;on se concentre sur les points qui m\u00e8nent au changement. Tu d\u00e9couvriras ici quels sont ces points!\" \/>\n<meta property=\"og:url\" content=\"https:\/\/www.sauter-fm.com\/fr\/services\/fm-efficace-en-energie\/conseil-en-energie\/\" \/>\n<meta property=\"og:site_name\" content=\"Sauter FM\" \/>\n<meta property=\"article:modified_time\" content=\"2024-06-21T08:07:44+00:00\" \/>\n<meta property=\"og:image\" content=\"https:\/\/www.sauter-fm.com\/wp-content\/uploads\/sites\/32\/2022\/02\/SAUTER_FM_Energieberatung_353x212_Verlauf-300x180.jpg\" \/>\n<meta name=\"twitter:card\" content=\"summary_large_image\" \/>\n<meta name=\"twitter:label1\" content=\"Dur\u00e9e de lecture estim\u00e9e\" \/>\n\t<meta name=\"twitter:data1\" content=\"1 minute\" \/>\n<script type=\"application\/ld+json\" class=\"yoast-schema-graph\">{\"@context\":\"https:\/\/schema.org\",\"@graph\":[{\"@type\":\"WebPage\",\"@id\":\"https:\/\/www.sauter-fm.com\/fr\/services\/fm-efficace-en-energie\/conseil-en-energie\/\",\"url\":\"https:\/\/www.sauter-fm.com\/fr\/services\/fm-efficace-en-energie\/conseil-en-energie\/\",\"name\":\"Conseil en \u00e9nergie avec une longue exp\u00e9rience | SAUTER\",\"isPartOf\":{\"@id\":\"https:\/\/www.sauter-fm.com\/#website\"},\"primaryImageOfPage\":{\"@id\":\"https:\/\/www.sauter-fm.com\/fr\/services\/fm-efficace-en-energie\/conseil-en-energie\/#primaryimage\"},\"image\":{\"@id\":\"https:\/\/www.sauter-fm.com\/fr\/services\/fm-efficace-en-energie\/conseil-en-energie\/#primaryimage\"},\"thumbnailUrl\":\"https:\/\/www.sauter-fm.com\/wp-content\/uploads\/sites\/32\/2022\/02\/SAUTER_FM_Energieberatung_353x212_Verlauf-300x180.jpg\",\"datePublished\":\"2021-11-24T08:48:17+00:00\",\"dateModified\":\"2024-06-21T08:07:44+00:00\",\"description\":\"SAUTER se caract\u00e9rise par le fait que l'on se concentre sur les points qui m\u00e8nent au changement. Tu d\u00e9couvriras ici quels sont ces points!\",\"breadcrumb\":{\"@id\":\"https:\/\/www.sauter-fm.com\/fr\/services\/fm-efficace-en-energie\/conseil-en-energie\/#breadcrumb\"},\"inLanguage\":\"fr-FR\",\"potentialAction\":[{\"@type\":\"ReadAction\",\"target\":[\"https:\/\/www.sauter-fm.com\/fr\/services\/fm-efficace-en-energie\/conseil-en-energie\/\"]}]},{\"@type\":\"ImageObject\",\"inLanguage\":\"fr-FR\",\"@id\":\"https:\/\/www.sauter-fm.com\/fr\/services\/fm-efficace-en-energie\/conseil-en-energie\/#primaryimage\",\"url\":\"https:\/\/www.sauter-fm.com\/wp-content\/uploads\/sites\/32\/2022\/02\/SAUTER_FM_Energieberatung_353x212_Verlauf-300x180.jpg\",\"contentUrl\":\"https:\/\/www.sauter-fm.com\/wp-content\/uploads\/sites\/32\/2022\/02\/SAUTER_FM_Energieberatung_353x212_Verlauf-300x180.jpg\"},{\"@type\":\"BreadcrumbList\",\"@id\":\"https:\/\/www.sauter-fm.com\/fr\/services\/fm-efficace-en-energie\/conseil-en-energie\/#breadcrumb\",\"itemListElement\":[{\"@type\":\"ListItem\",\"position\":1,\"name\":\"Home\",\"item\":\"https:\/\/www.sauter-fm.com\/fr\/\"},{\"@type\":\"ListItem\",\"position\":2,\"name\":\"Services\",\"item\":\"https:\/\/www.sauter-fm.com\/fr\/services\/\"},{\"@type\":\"ListItem\",\"position\":3,\"name\":\"FM efficace en \u00e9nergie\",\"item\":\"https:\/\/www.sauter-fm.com\/fr\/services\/fm-efficace-en-energie\/\"},{\"@type\":\"ListItem\",\"position\":4,\"name\":\"Conseil en \u00e9nergie\"}]},{\"@type\":\"WebSite\",\"@id\":\"https:\/\/www.sauter-fm.com\/#website\",\"url\":\"https:\/\/www.sauter-fm.com\/\",\"name\":\"Sauter FM\",\"description\":\"SAUTER Facility Management\",\"potentialAction\":[{\"@type\":\"SearchAction\",\"target\":{\"@type\":\"EntryPoint\",\"urlTemplate\":\"https:\/\/www.sauter-fm.com\/?s={search_term_string}\"},\"query-input\":{\"@type\":\"PropertyValueSpecification\",\"valueRequired\":true,\"valueName\":\"search_term_string\"}}],\"inLanguage\":\"fr-FR\"}]}<\/script>\n<!-- \/ Yoast SEO plugin. -->","yoast_head_json":{"title":"Conseil en \u00e9nergie avec une longue exp\u00e9rience | SAUTER","description":"SAUTER se caract\u00e9rise par le fait que l'on se concentre sur les points qui m\u00e8nent au changement. Tu d\u00e9couvriras ici quels sont ces points!","robots":{"index":"index","follow":"follow","max-snippet":"max-snippet:-1","max-image-preview":"max-image-preview:large","max-video-preview":"max-video-preview:-1"},"canonical":"https:\/\/www.sauter-fm.com\/fr\/services\/fm-efficace-en-energie\/conseil-en-energie\/","og_locale":"fr_FR","og_type":"article","og_title":"Conseil en \u00e9nergie avec une longue exp\u00e9rience | SAUTER","og_description":"SAUTER se caract\u00e9rise par le fait que l'on se concentre sur les points qui m\u00e8nent au changement. Tu d\u00e9couvriras ici quels sont ces points!","og_url":"https:\/\/www.sauter-fm.com\/fr\/services\/fm-efficace-en-energie\/conseil-en-energie\/","og_site_name":"Sauter FM","article_modified_time":"2024-06-21T08:07:44+00:00","og_image":[{"url":"https:\/\/www.sauter-fm.com\/wp-content\/uploads\/sites\/32\/2022\/02\/SAUTER_FM_Energieberatung_353x212_Verlauf-300x180.jpg","type":"","width":"","height":""}],"twitter_card":"summary_large_image","twitter_misc":{"Dur\u00e9e de lecture estim\u00e9e":"1 minute"},"schema":{"@context":"https:\/\/schema.org","@graph":[{"@type":"WebPage","@id":"https:\/\/www.sauter-fm.com\/fr\/services\/fm-efficace-en-energie\/conseil-en-energie\/","url":"https:\/\/www.sauter-fm.com\/fr\/services\/fm-efficace-en-energie\/conseil-en-energie\/","name":"Conseil en \u00e9nergie avec une longue exp\u00e9rience | SAUTER","isPartOf":{"@id":"https:\/\/www.sauter-fm.com\/#website"},"primaryImageOfPage":{"@id":"https:\/\/www.sauter-fm.com\/fr\/services\/fm-efficace-en-energie\/conseil-en-energie\/#primaryimage"},"image":{"@id":"https:\/\/www.sauter-fm.com\/fr\/services\/fm-efficace-en-energie\/conseil-en-energie\/#primaryimage"},"thumbnailUrl":"https:\/\/www.sauter-fm.com\/wp-content\/uploads\/sites\/32\/2022\/02\/SAUTER_FM_Energieberatung_353x212_Verlauf-300x180.jpg","datePublished":"2021-11-24T08:48:17+00:00","dateModified":"2024-06-21T08:07:44+00:00","description":"SAUTER se caract\u00e9rise par le fait que l'on se concentre sur les points qui m\u00e8nent au changement. Tu d\u00e9couvriras ici quels sont ces points!","breadcrumb":{"@id":"https:\/\/www.sauter-fm.com\/fr\/services\/fm-efficace-en-energie\/conseil-en-energie\/#breadcrumb"},"inLanguage":"fr-FR","potentialAction":[{"@type":"ReadAction","target":["https:\/\/www.sauter-fm.com\/fr\/services\/fm-efficace-en-energie\/conseil-en-energie\/"]}]},{"@type":"ImageObject","inLanguage":"fr-FR","@id":"https:\/\/www.sauter-fm.com\/fr\/services\/fm-efficace-en-energie\/conseil-en-energie\/#primaryimage","url":"https:\/\/www.sauter-fm.com\/wp-content\/uploads\/sites\/32\/2022\/02\/SAUTER_FM_Energieberatung_353x212_Verlauf-300x180.jpg","contentUrl":"https:\/\/www.sauter-fm.com\/wp-content\/uploads\/sites\/32\/2022\/02\/SAUTER_FM_Energieberatung_353x212_Verlauf-300x180.jpg"},{"@type":"BreadcrumbList","@id":"https:\/\/www.sauter-fm.com\/fr\/services\/fm-efficace-en-energie\/conseil-en-energie\/#breadcrumb","itemListElement":[{"@type":"ListItem","position":1,"name":"Home","item":"https:\/\/www.sauter-fm.com\/fr\/"},{"@type":"ListItem","position":2,"name":"Services","item":"https:\/\/www.sauter-fm.com\/fr\/services\/"},{"@type":"ListItem","position":3,"name":"FM efficace en \u00e9nergie","item":"https:\/\/www.sauter-fm.com\/fr\/services\/fm-efficace-en-energie\/"},{"@type":"ListItem","position":4,"name":"Conseil en \u00e9nergie"}]},{"@type":"WebSite","@id":"https:\/\/www.sauter-fm.com\/#website","url":"https:\/\/www.sauter-fm.com\/","name":"Sauter FM","description":"SAUTER Facility Management","potentialAction":[{"@type":"SearchAction","target":{"@type":"EntryPoint","urlTemplate":"https:\/\/www.sauter-fm.com\/?s={search_term_string}"},"query-input":{"@type":"PropertyValueSpecification","valueRequired":true,"valueName":"search_term_string"}}],"inLanguage":"fr-FR"}]}},"publishpress_future_action":{"enabled":false,"date":"2026-05-06 19:49:46","action":"change-status","newStatus":"draft","terms":[],"taxonomy":"translation_priority","extraData":[]},"publishpress_future_workflow_manual_trigger":{"enabledWorkflows":[]},"_links":{"self":[{"href":"https:\/\/www.sauter-fm.com\/fr\/wp-json\/wp\/v2\/pages\/3305","targetHints":{"allow":["GET"]}}],"collection":[{"href":"https:\/\/www.sauter-fm.com\/fr\/wp-json\/wp\/v2\/pages"}],"about":[{"href":"https:\/\/www.sauter-fm.com\/fr\/wp-json\/wp\/v2\/types\/page"}],"author":[{"embeddable":true,"href":"https:\/\/www.sauter-fm.com\/fr\/wp-json\/wp\/v2\/users\/6"}],"replies":[{"embeddable":true,"href":"https:\/\/www.sauter-fm.com\/fr\/wp-json\/wp\/v2\/comments?post=3305"}],"version-history":[{"count":4,"href":"https:\/\/www.sauter-fm.com\/fr\/wp-json\/wp\/v2\/pages\/3305\/revisions"}],"predecessor-version":[{"id":7166,"href":"https:\/\/www.sauter-fm.com\/fr\/wp-json\/wp\/v2\/pages\/3305\/revisions\/7166"}],"up":[{"embeddable":true,"href":"https:\/\/www.sauter-fm.com\/fr\/wp-json\/wp\/v2\/pages\/3293"}],"wp:attachment":[{"href":"https:\/\/www.sauter-fm.com\/fr\/wp-json\/wp\/v2\/media?parent=3305"}],"curies":[{"name":"wp","href":"https:\/\/api.w.org\/{rel}","templated":true}]}}