{"id":98,"date":"2021-08-30T09:15:09","date_gmt":"2021-08-30T09:15:09","guid":{"rendered":"https:\/\/www.sauter-fm.com\/homepage\/"},"modified":"2024-07-22T07:11:48","modified_gmt":"2024-07-22T07:11:48","slug":"homepage","status":"publish","type":"page","link":"https:\/\/www.sauter-fm.com\/fr\/","title":{"rendered":"Homepage"},"content":{"rendered":"","protected":false},"excerpt":{"rendered":"","protected":false},"author":1826,"featured_media":0,"parent":0,"menu_order":6,"comment_status":"closed","ping_status":"closed","template":"front-page.php","meta":{"_acf_changed":false,"footnotes":""},"class_list":["post-98","page","type-page","status-publish","hentry"],"acf":[],"yoast_head":"<!-- This site is optimized with the Yoast SEO plugin v26.1.1 - https:\/\/yoast.com\/wordpress\/plugins\/seo\/ -->\n<title>Votre partenaire comp\u00e9tent | SAUTER<\/title>\n<meta name=\"description\" content=\"SAUTER - Facility Management pour la gestion des b\u00e2timents et l&#039;efficacit\u00e9 \u00e9nerg\u00e9tique des biens immobiliers.\" \/>\n<meta name=\"robots\" content=\"index, follow, max-snippet:-1, max-image-preview:large, max-video-preview:-1\" \/>\n<link rel=\"canonical\" href=\"https:\/\/www.sauter-fm.com\/fr\/\" \/>\n<meta property=\"og:locale\" content=\"fr_FR\" \/>\n<meta property=\"og:type\" content=\"article\" \/>\n<meta property=\"og:title\" content=\"Votre partenaire comp\u00e9tent | SAUTER\" \/>\n<meta property=\"og:description\" content=\"SAUTER - Facility Management pour la gestion des b\u00e2timents et l&#039;efficacit\u00e9 \u00e9nerg\u00e9tique des biens immobiliers.\" \/>\n<meta property=\"og:url\" content=\"https:\/\/www.sauter-fm.com\/fr\/\" \/>\n<meta property=\"og:site_name\" content=\"Sauter FM\" \/>\n<meta property=\"article:modified_time\" content=\"2024-07-22T07:11:48+00:00\" \/>\n<meta name=\"twitter:card\" content=\"summary_large_image\" \/>\n<script type=\"application\/ld+json\" class=\"yoast-schema-graph\">{\"@context\":\"https:\/\/schema.org\",\"@graph\":[{\"@type\":\"WebPage\",\"@id\":\"https:\/\/www.sauter-fm.com\/fr\/\",\"url\":\"https:\/\/www.sauter-fm.com\/fr\/\",\"name\":\"Votre partenaire comp\u00e9tent | SAUTER\",\"isPartOf\":{\"@id\":\"https:\/\/www.sauter-fm.com\/#website\"},\"datePublished\":\"2021-08-30T09:15:09+00:00\",\"dateModified\":\"2024-07-22T07:11:48+00:00\",\"description\":\"SAUTER - Facility Management pour la gestion des b\u00e2timents et l'efficacit\u00e9 \u00e9nerg\u00e9tique des biens immobiliers.\",\"breadcrumb\":{\"@id\":\"https:\/\/www.sauter-fm.com\/fr\/#breadcrumb\"},\"inLanguage\":\"fr-FR\",\"potentialAction\":[{\"@type\":\"ReadAction\",\"target\":[\"https:\/\/www.sauter-fm.com\/fr\/\"]}]},{\"@type\":\"BreadcrumbList\",\"@id\":\"https:\/\/www.sauter-fm.com\/fr\/#breadcrumb\",\"itemListElement\":[{\"@type\":\"ListItem\",\"position\":1,\"name\":\"Home\",\"item\":\"https:\/\/www.sauter-fm.com\/fr\/\"},{\"@type\":\"ListItem\",\"position\":2,\"name\":\"Homepage\"}]},{\"@type\":\"WebSite\",\"@id\":\"https:\/\/www.sauter-fm.com\/#website\",\"url\":\"https:\/\/www.sauter-fm.com\/\",\"name\":\"Sauter FM\",\"description\":\"SAUTER Facility Management\",\"potentialAction\":[{\"@type\":\"SearchAction\",\"target\":{\"@type\":\"EntryPoint\",\"urlTemplate\":\"https:\/\/www.sauter-fm.com\/?s={search_term_string}\"},\"query-input\":{\"@type\":\"PropertyValueSpecification\",\"valueRequired\":true,\"valueName\":\"search_term_string\"}}],\"inLanguage\":\"fr-FR\"}]}<\/script>\n<!-- \/ Yoast SEO plugin. -->","yoast_head_json":{"title":"Votre partenaire comp\u00e9tent | SAUTER","description":"SAUTER - Facility Management pour la gestion des b\u00e2timents et l'efficacit\u00e9 \u00e9nerg\u00e9tique des biens immobiliers.","robots":{"index":"index","follow":"follow","max-snippet":"max-snippet:-1","max-image-preview":"max-image-preview:large","max-video-preview":"max-video-preview:-1"},"canonical":"https:\/\/www.sauter-fm.com\/fr\/","og_locale":"fr_FR","og_type":"article","og_title":"Votre partenaire comp\u00e9tent | SAUTER","og_description":"SAUTER - Facility Management pour la gestion des b\u00e2timents et l'efficacit\u00e9 \u00e9nerg\u00e9tique des biens immobiliers.","og_url":"https:\/\/www.sauter-fm.com\/fr\/","og_site_name":"Sauter FM","article_modified_time":"2024-07-22T07:11:48+00:00","twitter_card":"summary_large_image","schema":{"@context":"https:\/\/schema.org","@graph":[{"@type":"WebPage","@id":"https:\/\/www.sauter-fm.com\/fr\/","url":"https:\/\/www.sauter-fm.com\/fr\/","name":"Votre partenaire comp\u00e9tent | SAUTER","isPartOf":{"@id":"https:\/\/www.sauter-fm.com\/#website"},"datePublished":"2021-08-30T09:15:09+00:00","dateModified":"2024-07-22T07:11:48+00:00","description":"SAUTER - Facility Management pour la gestion des b\u00e2timents et l'efficacit\u00e9 \u00e9nerg\u00e9tique des biens immobiliers.","breadcrumb":{"@id":"https:\/\/www.sauter-fm.com\/fr\/#breadcrumb"},"inLanguage":"fr-FR","potentialAction":[{"@type":"ReadAction","target":["https:\/\/www.sauter-fm.com\/fr\/"]}]},{"@type":"BreadcrumbList","@id":"https:\/\/www.sauter-fm.com\/fr\/#breadcrumb","itemListElement":[{"@type":"ListItem","position":1,"name":"Home","item":"https:\/\/www.sauter-fm.com\/fr\/"},{"@type":"ListItem","position":2,"name":"Homepage"}]},{"@type":"WebSite","@id":"https:\/\/www.sauter-fm.com\/#website","url":"https:\/\/www.sauter-fm.com\/","name":"Sauter FM","description":"SAUTER Facility Management","potentialAction":[{"@type":"SearchAction","target":{"@type":"EntryPoint","urlTemplate":"https:\/\/www.sauter-fm.com\/?s={search_term_string}"},"query-input":{"@type":"PropertyValueSpecification","valueRequired":true,"valueName":"search_term_string"}}],"inLanguage":"fr-FR"}]}},"publishpress_future_action":{"enabled":false,"date":"2026-05-19 09:42:29","action":"change-status","newStatus":"draft","terms":[],"taxonomy":"translation_priority","extraData":[]},"publishpress_future_workflow_manual_trigger":{"enabledWorkflows":[]},"_links":{"self":[{"href":"https:\/\/www.sauter-fm.com\/fr\/wp-json\/wp\/v2\/pages\/98","targetHints":{"allow":["GET"]}}],"collection":[{"href":"https:\/\/www.sauter-fm.com\/fr\/wp-json\/wp\/v2\/pages"}],"about":[{"href":"https:\/\/www.sauter-fm.com\/fr\/wp-json\/wp\/v2\/types\/page"}],"author":[{"embeddable":true,"href":"https:\/\/www.sauter-fm.com\/fr\/wp-json\/wp\/v2\/users\/1826"}],"replies":[{"embeddable":true,"href":"https:\/\/www.sauter-fm.com\/fr\/wp-json\/wp\/v2\/comments?post=98"}],"version-history":[{"count":88,"href":"https:\/\/www.sauter-fm.com\/fr\/wp-json\/wp\/v2\/pages\/98\/revisions"}],"predecessor-version":[{"id":4268,"href":"https:\/\/www.sauter-fm.com\/fr\/wp-json\/wp\/v2\/pages\/98\/revisions\/4268"}],"wp:attachment":[{"href":"https:\/\/www.sauter-fm.com\/fr\/wp-json\/wp\/v2\/media?parent=98"}],"curies":[{"name":"wp","href":"https:\/\/api.w.org\/{rel}","templated":true}]}}