{"id":4133,"date":"2021-09-04T11:32:34","date_gmt":"2021-09-04T11:32:34","guid":{"rendered":"https:\/\/www.sauter-fm.com\/carriere\/sauter-fm-als-arbeitgeber\/"},"modified":"2024-05-05T18:04:12","modified_gmt":"2024-05-05T18:04:12","slug":"sauter-fm-en-tant-quemployeur","status":"publish","type":"page","link":"https:\/\/www.sauter-fm.com\/fr\/carriere\/sauter-fm-en-tant-quemployeur\/","title":{"rendered":"SAUTER FM en tant qu\u2019employeur"},"content":{"rendered":"","protected":false},"excerpt":{"rendered":"","protected":false},"author":1074,"featured_media":0,"parent":3973,"menu_order":6,"comment_status":"closed","ping_status":"closed","template":"cadre-flexible.php","meta":{"_acf_changed":false,"footnotes":""},"class_list":["post-4133","page","type-page","status-publish","hentry"],"acf":[],"yoast_head":"<!-- This site is optimized with the Yoast SEO plugin v26.1.1 - https:\/\/yoast.com\/wordpress\/plugins\/seo\/ -->\n<title>Carri\u00e8re | SAUTER FM en tant qu&#039;employeur | Offres d&#039;emploi<\/title>\n<meta name=\"description\" content=\"Construisez votre avenir avec SAUTER FM. &gt;&gt; trouvez d\u00e8s aujourd&#039;hui le job de vos r\u00eaves et postulez \u00e0 l&#039;un des postes propos\u00e9s.\" \/>\n<meta name=\"robots\" content=\"index, follow, max-snippet:-1, max-image-preview:large, max-video-preview:-1\" \/>\n<link rel=\"canonical\" href=\"https:\/\/www.sauter-fm.com\/fr\/carriere\/sauter-fm-en-tant-quemployeur\/\" \/>\n<meta property=\"og:locale\" content=\"fr_FR\" \/>\n<meta property=\"og:type\" content=\"article\" \/>\n<meta property=\"og:title\" content=\"Carri\u00e8re | SAUTER FM en tant qu&#039;employeur | Offres d&#039;emploi\" \/>\n<meta property=\"og:description\" content=\"Construisez votre avenir avec SAUTER FM. &gt;&gt; trouvez d\u00e8s aujourd&#039;hui le job de vos r\u00eaves et postulez \u00e0 l&#039;un des postes propos\u00e9s.\" \/>\n<meta property=\"og:url\" content=\"https:\/\/www.sauter-fm.com\/fr\/carriere\/sauter-fm-en-tant-quemployeur\/\" \/>\n<meta property=\"og:site_name\" content=\"Sauter FM\" \/>\n<meta property=\"article:modified_time\" content=\"2024-05-05T18:04:12+00:00\" \/>\n<meta name=\"twitter:card\" content=\"summary_large_image\" \/>\n<script type=\"application\/ld+json\" class=\"yoast-schema-graph\">{\"@context\":\"https:\/\/schema.org\",\"@graph\":[{\"@type\":\"WebPage\",\"@id\":\"https:\/\/www.sauter-fm.com\/fr\/carriere\/sauter-fm-en-tant-quemployeur\/\",\"url\":\"https:\/\/www.sauter-fm.com\/fr\/carriere\/sauter-fm-en-tant-quemployeur\/\",\"name\":\"Carri\u00e8re | SAUTER FM en tant qu'employeur | Offres d'emploi\",\"isPartOf\":{\"@id\":\"https:\/\/www.sauter-fm.com\/#website\"},\"datePublished\":\"2021-09-04T11:32:34+00:00\",\"dateModified\":\"2024-05-05T18:04:12+00:00\",\"description\":\"Construisez votre avenir avec SAUTER FM. >> trouvez d\u00e8s aujourd'hui le job de vos r\u00eaves et postulez \u00e0 l'un des postes propos\u00e9s.\",\"breadcrumb\":{\"@id\":\"https:\/\/www.sauter-fm.com\/fr\/carriere\/sauter-fm-en-tant-quemployeur\/#breadcrumb\"},\"inLanguage\":\"fr-FR\",\"potentialAction\":[{\"@type\":\"ReadAction\",\"target\":[\"https:\/\/www.sauter-fm.com\/fr\/carriere\/sauter-fm-en-tant-quemployeur\/\"]}]},{\"@type\":\"BreadcrumbList\",\"@id\":\"https:\/\/www.sauter-fm.com\/fr\/carriere\/sauter-fm-en-tant-quemployeur\/#breadcrumb\",\"itemListElement\":[{\"@type\":\"ListItem\",\"position\":1,\"name\":\"Home\",\"item\":\"https:\/\/www.sauter-fm.com\/fr\/\"},{\"@type\":\"ListItem\",\"position\":2,\"name\":\"Carri\u00e8re\",\"item\":\"https:\/\/www.sauter-fm.com\/fr\/carriere\/\"},{\"@type\":\"ListItem\",\"position\":3,\"name\":\"SAUTER FM en tant qu\u2019employeur\"}]},{\"@type\":\"WebSite\",\"@id\":\"https:\/\/www.sauter-fm.com\/#website\",\"url\":\"https:\/\/www.sauter-fm.com\/\",\"name\":\"Sauter FM\",\"description\":\"SAUTER Facility Management\",\"potentialAction\":[{\"@type\":\"SearchAction\",\"target\":{\"@type\":\"EntryPoint\",\"urlTemplate\":\"https:\/\/www.sauter-fm.com\/?s={search_term_string}\"},\"query-input\":{\"@type\":\"PropertyValueSpecification\",\"valueRequired\":true,\"valueName\":\"search_term_string\"}}],\"inLanguage\":\"fr-FR\"}]}<\/script>\n<!-- \/ Yoast SEO plugin. -->","yoast_head_json":{"title":"Carri\u00e8re | SAUTER FM en tant qu'employeur | Offres d'emploi","description":"Construisez votre avenir avec SAUTER FM. >> trouvez d\u00e8s aujourd'hui le job de vos r\u00eaves et postulez \u00e0 l'un des postes propos\u00e9s.","robots":{"index":"index","follow":"follow","max-snippet":"max-snippet:-1","max-image-preview":"max-image-preview:large","max-video-preview":"max-video-preview:-1"},"canonical":"https:\/\/www.sauter-fm.com\/fr\/carriere\/sauter-fm-en-tant-quemployeur\/","og_locale":"fr_FR","og_type":"article","og_title":"Carri\u00e8re | SAUTER FM en tant qu'employeur | Offres d'emploi","og_description":"Construisez votre avenir avec SAUTER FM. >> trouvez d\u00e8s aujourd'hui le job de vos r\u00eaves et postulez \u00e0 l'un des postes propos\u00e9s.","og_url":"https:\/\/www.sauter-fm.com\/fr\/carriere\/sauter-fm-en-tant-quemployeur\/","og_site_name":"Sauter FM","article_modified_time":"2024-05-05T18:04:12+00:00","twitter_card":"summary_large_image","schema":{"@context":"https:\/\/schema.org","@graph":[{"@type":"WebPage","@id":"https:\/\/www.sauter-fm.com\/fr\/carriere\/sauter-fm-en-tant-quemployeur\/","url":"https:\/\/www.sauter-fm.com\/fr\/carriere\/sauter-fm-en-tant-quemployeur\/","name":"Carri\u00e8re | SAUTER FM en tant qu'employeur | Offres d'emploi","isPartOf":{"@id":"https:\/\/www.sauter-fm.com\/#website"},"datePublished":"2021-09-04T11:32:34+00:00","dateModified":"2024-05-05T18:04:12+00:00","description":"Construisez votre avenir avec SAUTER FM. >> trouvez d\u00e8s aujourd'hui le job de vos r\u00eaves et postulez \u00e0 l'un des postes propos\u00e9s.","breadcrumb":{"@id":"https:\/\/www.sauter-fm.com\/fr\/carriere\/sauter-fm-en-tant-quemployeur\/#breadcrumb"},"inLanguage":"fr-FR","potentialAction":[{"@type":"ReadAction","target":["https:\/\/www.sauter-fm.com\/fr\/carriere\/sauter-fm-en-tant-quemployeur\/"]}]},{"@type":"BreadcrumbList","@id":"https:\/\/www.sauter-fm.com\/fr\/carriere\/sauter-fm-en-tant-quemployeur\/#breadcrumb","itemListElement":[{"@type":"ListItem","position":1,"name":"Home","item":"https:\/\/www.sauter-fm.com\/fr\/"},{"@type":"ListItem","position":2,"name":"Carri\u00e8re","item":"https:\/\/www.sauter-fm.com\/fr\/carriere\/"},{"@type":"ListItem","position":3,"name":"SAUTER FM en tant qu\u2019employeur"}]},{"@type":"WebSite","@id":"https:\/\/www.sauter-fm.com\/#website","url":"https:\/\/www.sauter-fm.com\/","name":"Sauter FM","description":"SAUTER Facility Management","potentialAction":[{"@type":"SearchAction","target":{"@type":"EntryPoint","urlTemplate":"https:\/\/www.sauter-fm.com\/?s={search_term_string}"},"query-input":{"@type":"PropertyValueSpecification","valueRequired":true,"valueName":"search_term_string"}}],"inLanguage":"fr-FR"}]}},"publishpress_future_action":{"enabled":false,"date":"2026-05-12 22:02:46","action":"change-status","newStatus":"draft","terms":[],"taxonomy":"translation_priority","extraData":[]},"publishpress_future_workflow_manual_trigger":{"enabledWorkflows":[]},"_links":{"self":[{"href":"https:\/\/www.sauter-fm.com\/fr\/wp-json\/wp\/v2\/pages\/4133","targetHints":{"allow":["GET"]}}],"collection":[{"href":"https:\/\/www.sauter-fm.com\/fr\/wp-json\/wp\/v2\/pages"}],"about":[{"href":"https:\/\/www.sauter-fm.com\/fr\/wp-json\/wp\/v2\/types\/page"}],"author":[{"embeddable":true,"href":"https:\/\/www.sauter-fm.com\/fr\/wp-json\/wp\/v2\/users\/1074"}],"replies":[{"embeddable":true,"href":"https:\/\/www.sauter-fm.com\/fr\/wp-json\/wp\/v2\/comments?post=4133"}],"version-history":[{"count":3,"href":"https:\/\/www.sauter-fm.com\/fr\/wp-json\/wp\/v2\/pages\/4133\/revisions"}],"predecessor-version":[{"id":4291,"href":"https:\/\/www.sauter-fm.com\/fr\/wp-json\/wp\/v2\/pages\/4133\/revisions\/4291"}],"up":[{"embeddable":true,"href":"https:\/\/www.sauter-fm.com\/fr\/wp-json\/wp\/v2\/pages\/3973"}],"wp:attachment":[{"href":"https:\/\/www.sauter-fm.com\/fr\/wp-json\/wp\/v2\/media?parent=4133"}],"curies":[{"name":"wp","href":"https:\/\/api.w.org\/{rel}","templated":true}]}}