{"id":3973,"date":"2021-09-04T10:02:11","date_gmt":"2021-09-04T10:02:11","guid":{"rendered":"https:\/\/www.sauter-fm.com\/karriere\/"},"modified":"2024-07-05T10:13:04","modified_gmt":"2024-07-05T10:13:04","slug":"carriere","status":"publish","type":"page","link":"https:\/\/www.sauter-fm.com\/fr\/carriere\/","title":{"rendered":"Carri\u00e8re"},"content":{"rendered":"","protected":false},"excerpt":{"rendered":"","protected":false},"author":1826,"featured_media":0,"parent":0,"menu_order":6,"comment_status":"closed","ping_status":"closed","template":"tpl_karriere.php","meta":{"_acf_changed":false,"footnotes":""},"class_list":["post-3973","page","type-page","status-publish","hentry"],"acf":[],"yoast_head":"<!-- This site is optimized with the Yoast SEO plugin v26.1.1 - https:\/\/yoast.com\/wordpress\/plugins\/seo\/ -->\n<title>Possibilit\u00e9s de carri\u00e8re | SAUTER<\/title>\n<meta name=\"description\" content=\"Commencez d\u00e8s aujourd&#039;hui votre carri\u00e8re chez SAUTER et construisez votre avenir avec nous. Plus d&#039;informations ici !\" \/>\n<meta name=\"robots\" content=\"index, follow, max-snippet:-1, max-image-preview:large, max-video-preview:-1\" \/>\n<link rel=\"canonical\" href=\"https:\/\/www.sauter-fm.com\/fr\/carriere\/\" \/>\n<meta property=\"og:locale\" content=\"fr_FR\" \/>\n<meta property=\"og:type\" content=\"article\" \/>\n<meta property=\"og:title\" content=\"Possibilit\u00e9s de carri\u00e8re | SAUTER\" \/>\n<meta property=\"og:description\" content=\"Commencez d\u00e8s aujourd&#039;hui votre carri\u00e8re chez SAUTER et construisez votre avenir avec nous. Plus d&#039;informations ici !\" \/>\n<meta property=\"og:url\" content=\"https:\/\/www.sauter-fm.com\/fr\/carriere\/\" \/>\n<meta property=\"og:site_name\" content=\"Sauter FM\" \/>\n<meta property=\"article:modified_time\" content=\"2024-07-05T10:13:04+00:00\" \/>\n<meta name=\"twitter:card\" content=\"summary_large_image\" \/>\n<script type=\"application\/ld+json\" class=\"yoast-schema-graph\">{\"@context\":\"https:\/\/schema.org\",\"@graph\":[{\"@type\":\"WebPage\",\"@id\":\"https:\/\/www.sauter-fm.com\/fr\/carriere\/\",\"url\":\"https:\/\/www.sauter-fm.com\/fr\/carriere\/\",\"name\":\"Possibilit\u00e9s de carri\u00e8re | SAUTER\",\"isPartOf\":{\"@id\":\"https:\/\/www.sauter-fm.com\/#website\"},\"datePublished\":\"2021-09-04T10:02:11+00:00\",\"dateModified\":\"2024-07-05T10:13:04+00:00\",\"description\":\"Commencez d\u00e8s aujourd'hui votre carri\u00e8re chez SAUTER et construisez votre avenir avec nous. Plus d'informations ici !\",\"breadcrumb\":{\"@id\":\"https:\/\/www.sauter-fm.com\/fr\/carriere\/#breadcrumb\"},\"inLanguage\":\"fr-FR\",\"potentialAction\":[{\"@type\":\"ReadAction\",\"target\":[\"https:\/\/www.sauter-fm.com\/fr\/carriere\/\"]}]},{\"@type\":\"BreadcrumbList\",\"@id\":\"https:\/\/www.sauter-fm.com\/fr\/carriere\/#breadcrumb\",\"itemListElement\":[{\"@type\":\"ListItem\",\"position\":1,\"name\":\"Home\",\"item\":\"https:\/\/www.sauter-fm.com\/fr\/\"},{\"@type\":\"ListItem\",\"position\":2,\"name\":\"Carri\u00e8re\"}]},{\"@type\":\"WebSite\",\"@id\":\"https:\/\/www.sauter-fm.com\/#website\",\"url\":\"https:\/\/www.sauter-fm.com\/\",\"name\":\"Sauter FM\",\"description\":\"SAUTER Facility Management\",\"potentialAction\":[{\"@type\":\"SearchAction\",\"target\":{\"@type\":\"EntryPoint\",\"urlTemplate\":\"https:\/\/www.sauter-fm.com\/?s={search_term_string}\"},\"query-input\":{\"@type\":\"PropertyValueSpecification\",\"valueRequired\":true,\"valueName\":\"search_term_string\"}}],\"inLanguage\":\"fr-FR\"}]}<\/script>\n<!-- \/ Yoast SEO plugin. -->","yoast_head_json":{"title":"Possibilit\u00e9s de carri\u00e8re | SAUTER","description":"Commencez d\u00e8s aujourd'hui votre carri\u00e8re chez SAUTER et construisez votre avenir avec nous. Plus d'informations ici !","robots":{"index":"index","follow":"follow","max-snippet":"max-snippet:-1","max-image-preview":"max-image-preview:large","max-video-preview":"max-video-preview:-1"},"canonical":"https:\/\/www.sauter-fm.com\/fr\/carriere\/","og_locale":"fr_FR","og_type":"article","og_title":"Possibilit\u00e9s de carri\u00e8re | SAUTER","og_description":"Commencez d\u00e8s aujourd'hui votre carri\u00e8re chez SAUTER et construisez votre avenir avec nous. Plus d'informations ici !","og_url":"https:\/\/www.sauter-fm.com\/fr\/carriere\/","og_site_name":"Sauter FM","article_modified_time":"2024-07-05T10:13:04+00:00","twitter_card":"summary_large_image","schema":{"@context":"https:\/\/schema.org","@graph":[{"@type":"WebPage","@id":"https:\/\/www.sauter-fm.com\/fr\/carriere\/","url":"https:\/\/www.sauter-fm.com\/fr\/carriere\/","name":"Possibilit\u00e9s de carri\u00e8re | SAUTER","isPartOf":{"@id":"https:\/\/www.sauter-fm.com\/#website"},"datePublished":"2021-09-04T10:02:11+00:00","dateModified":"2024-07-05T10:13:04+00:00","description":"Commencez d\u00e8s aujourd'hui votre carri\u00e8re chez SAUTER et construisez votre avenir avec nous. Plus d'informations ici !","breadcrumb":{"@id":"https:\/\/www.sauter-fm.com\/fr\/carriere\/#breadcrumb"},"inLanguage":"fr-FR","potentialAction":[{"@type":"ReadAction","target":["https:\/\/www.sauter-fm.com\/fr\/carriere\/"]}]},{"@type":"BreadcrumbList","@id":"https:\/\/www.sauter-fm.com\/fr\/carriere\/#breadcrumb","itemListElement":[{"@type":"ListItem","position":1,"name":"Home","item":"https:\/\/www.sauter-fm.com\/fr\/"},{"@type":"ListItem","position":2,"name":"Carri\u00e8re"}]},{"@type":"WebSite","@id":"https:\/\/www.sauter-fm.com\/#website","url":"https:\/\/www.sauter-fm.com\/","name":"Sauter FM","description":"SAUTER Facility Management","potentialAction":[{"@type":"SearchAction","target":{"@type":"EntryPoint","urlTemplate":"https:\/\/www.sauter-fm.com\/?s={search_term_string}"},"query-input":{"@type":"PropertyValueSpecification","valueRequired":true,"valueName":"search_term_string"}}],"inLanguage":"fr-FR"}]}},"publishpress_future_action":{"enabled":false,"date":"2026-05-12 20:41:09","action":"change-status","newStatus":"draft","terms":[],"taxonomy":"translation_priority","extraData":[]},"publishpress_future_workflow_manual_trigger":{"enabledWorkflows":[]},"_links":{"self":[{"href":"https:\/\/www.sauter-fm.com\/fr\/wp-json\/wp\/v2\/pages\/3973","targetHints":{"allow":["GET"]}}],"collection":[{"href":"https:\/\/www.sauter-fm.com\/fr\/wp-json\/wp\/v2\/pages"}],"about":[{"href":"https:\/\/www.sauter-fm.com\/fr\/wp-json\/wp\/v2\/types\/page"}],"author":[{"embeddable":true,"href":"https:\/\/www.sauter-fm.com\/fr\/wp-json\/wp\/v2\/users\/1826"}],"replies":[{"embeddable":true,"href":"https:\/\/www.sauter-fm.com\/fr\/wp-json\/wp\/v2\/comments?post=3973"}],"version-history":[{"count":5,"href":"https:\/\/www.sauter-fm.com\/fr\/wp-json\/wp\/v2\/pages\/3973\/revisions"}],"predecessor-version":[{"id":4313,"href":"https:\/\/www.sauter-fm.com\/fr\/wp-json\/wp\/v2\/pages\/3973\/revisions\/4313"}],"wp:attachment":[{"href":"https:\/\/www.sauter-fm.com\/fr\/wp-json\/wp\/v2\/media?parent=3973"}],"curies":[{"name":"wp","href":"https:\/\/api.w.org\/{rel}","templated":true}]}}