{"id":3706,"date":"2021-09-06T09:15:55","date_gmt":"2021-09-06T09:15:55","guid":{"rendered":"https:\/\/www.sauter-fm.com\/impressum\/"},"modified":"2024-06-21T11:01:53","modified_gmt":"2024-06-21T11:01:53","slug":"mentions-legales","status":"publish","type":"page","link":"https:\/\/www.sauter-fm.com\/fr\/mentions-legales\/","title":{"rendered":"Mentions l\u00e9gales"},"content":{"rendered":"<div class=\"et_pb_text et_pb_bg_layout_light et_pb_text_align_left main-content-wrapper\">\n<h1><strong>Mentions l\u00e9gales <\/strong><\/h1>\n<p><strong>Adresse<\/strong><\/p>\n<p>Sauter FM GmbH<br \/>\nWerner-Haas-Str. 8-10<br \/>\n86153 Augsburg<\/p>\n<p><a href=\"&#x6d;&#97;i&#x6c;&#116;o&#x3a;&#x69;&#110;&#x66;&#x6f;&#64;s&#x61;&#117;t&#x65;&#x72;&#45;&#x66;&#x6d;&#46;d&#x65;\">E-Mail<\/a><br \/>\nInternet: www.sauter-fm.de<br \/>\nTel: +49 821 90673-0<br \/>\nFax +49 821 90673-129<\/p>\n<p>G\u00e9rants autoris\u00e9s \u00e0 repr\u00e9senter la soci\u00e9t\u00e9\u00a0: Werner Ottilinger, Franz Henkel<br \/>\nTribunal d\u2019enregistrement\u00a0: Tribunal d\u2019instance d\u2019Augsbourg HRB 22955<br \/>\nNum\u00e9ro d\u2019identification de la TVA conform\u00e9ment au \u00a7\u00a027\u00a0a de la loi sur la TVA\u00a0: DE232454258<\/p>\n<p>La soci\u00e9t\u00e9 Sauter FM GmbH est responsable du contenu et de la conception de ce site web conform\u00e9ment au \u00a7\u00a06 de la MDStV.<\/p>\n<p><strong>Exclusion de responsabilit\u00e9<\/strong><\/p>\n<p>La soci\u00e9t\u00e9 Sauter FM GmbH ne garantit en aucun cas l\u2019exactitude, la pr\u00e9cision, la mise \u00e0 jour, la fiabilit\u00e9 et l\u2019exhaustivit\u00e9 des informations de ce site.<\/p>\n<p>La soci\u00e9t\u00e9 Sauter FM GmbH d\u00e9cline toute responsabilit\u00e9 pour les dommages mat\u00e9riels ou immat\u00e9riels d\u00e9coulant de l\u2019acc\u00e8s, de l\u2019utilisation ou de la non-utilisation des informations publi\u00e9es, ou dus \u00e0 un mauvais usage de la connexion ou \u00e0 des probl\u00e8mes techniques.<\/p>\n<p>Toutes les offres sont sans engagement. La soci\u00e9t\u00e9 Sauter FM GmbH se r\u00e9serve express\u00e9ment le droit de modifier, de compl\u00e9ter, de supprimer des parties du site ou l\u2019offre globale sans pr\u00e9avis ou de suspendre temporairement ou d\u00e9finitivement la diffusion des contenus de ce site.<\/p>\n<p><strong>Responsabilit\u00e9 relative aux liens<\/strong><\/p>\n<p>Malgr\u00e9 un contr\u00f4le m\u00e9ticuleux, nous n&rsquo;assumons aucune responsabilit\u00e9 pour le contenu des liens externes. Les exploitants des pages auxquelles renvoient les liens sont seuls responsables de leur contenu.<\/p>\n<p><strong>Droits d&rsquo;auteur<\/strong><\/p>\n<p>Tous les contenus, images, photos ou autres fichiers figurant sur le site Internet de SAUTER sont soumis \u00e0 la protection du droit d\u2019auteur et d\u2019autres droits de protection, qui peut \u00e9galement contenir des droits de tiers qui sont signal\u00e9s comme tels. Toute utilisation, reproduction ou diffusion des documents publi\u00e9s ici est autoris\u00e9e dans les conditions suivantes\u00a0:<\/p>\n<ul>\n<li>Chaque copie doit comporter une indication de droit d&rsquo;auteur. (Sauf mention contraire, les droits d\u2019auteur sont la propri\u00e9t\u00e9 de la soci\u00e9t\u00e9 Sauter FM GmbH et l\u2019indication de droit d\u2019auteur s\u2019intitule \u00ab\u00a0Source\u00a0: SAUTER\u00a0\u00bb. Sinon, les droits sont d\u00e9tenus par la personne ou l&rsquo;organisation mentionn\u00e9e.)<\/li>\n<li>Les documents ne doivent pas \u00eatre utilis\u00e9s \u00e0 des fins commerciales, mais uniquement dans un but informatif.<\/li>\n<li>Les images et les textes ne doivent pas \u00eatre utilis\u00e9s dans un autre contexte ni \u00eatre modifi\u00e9s.<\/li>\n<\/ul>\n<p>Concernant l\u2019utilisation des publications sur son site Internet, la soci\u00e9t\u00e9 Sauter FM GmbH n\u2019accorde aucune garantie et d\u00e9cline toute responsabilit\u00e9. La soci\u00e9t\u00e9 Sauter FM GmbH se r\u00e9serve tous les droits.<\/p>\n<p><strong>Droit des marques<\/strong><\/p>\n<p>Les d\u00e9signations suivantes sont des marques d\u00e9pos\u00e9es de l\u2019entreprise m\u00e8re, la soci\u00e9t\u00e9 Fr. Sauter AG: centair\u00ae; ecos\u00ae; equiflex\u00ae; equitherm\u00ae; flexair\u00ae; flexotron\u00ae; micos\u00ae; memotime\u00ae; novaPro\u00ae; SUT\u00ae; VIALOQ\u00ae; viaSens\u00aeIl en va de m\u00eame pour les logos SAUTER, qui sont \u00e9galement des marques d\u00e9pos\u00e9es.<\/p>\n<p><img decoding=\"async\" class=\"alignnone wp-image-2061\" src=\"https:\/\/www.sauter-fm.com\/wp-content\/uploads\/sites\/32\/2022\/01\/D_Sauter_Logo_RZ_4c-300x71.png\" alt=\"\" width=\"150\" height=\"35\" srcset=\"https:\/\/www.sauter-fm.com\/wp-content\/uploads\/sites\/32\/2022\/01\/D_Sauter_Logo_RZ_4c-300x71.png 300w, https:\/\/www.sauter-fm.com\/wp-content\/uploads\/sites\/32\/2022\/01\/D_Sauter_Logo_RZ_4c-225x53.png 225w, https:\/\/www.sauter-fm.com\/wp-content\/uploads\/sites\/32\/2022\/01\/D_Sauter_Logo_RZ_4c.png 591w\" sizes=\"(max-width: 150px) 100vw, 150px\" \/><\/p>\n<\/div>\n<div><img decoding=\"async\" class=\"alignnone size-full wp-image-2059\" src=\"https:\/\/www.sauter-fm.com\/wp-content\/uploads\/sites\/32\/2022\/01\/SAUTER_Logo_Vorversion.jpg\" alt=\"\" width=\"150\" height=\"31\" \/><\/div>\n","protected":false},"excerpt":{"rendered":"<p>Mentions l\u00e9gales Adresse Sauter FM GmbH Werner-Haas-Str. 8-10 86153 Augsburg E-Mail Internet: www.sauter-fm.de Tel: +49 821 90673-0 Fax +49 821 90673-129 G\u00e9rants autoris\u00e9s \u00e0 repr\u00e9senter la soci\u00e9t\u00e9\u00a0: Werner Ottilinger, Franz Henkel Tribunal d\u2019enregistrement\u00a0: Tribunal d\u2019instance d\u2019Augsbourg HRB 22955 Num\u00e9ro d\u2019identification de la TVA conform\u00e9ment au \u00a7\u00a027\u00a0a de la loi sur la TVA\u00a0: DE232454258 La soci\u00e9t\u00e9 [&hellip;]<\/p>\n","protected":false},"author":1826,"featured_media":0,"parent":0,"menu_order":0,"comment_status":"closed","ping_status":"closed","template":"","meta":{"_acf_changed":false,"footnotes":""},"class_list":["post-3706","page","type-page","status-publish","hentry"],"acf":[],"yoast_head":"<!-- This site is optimized with the Yoast SEO plugin v26.1.1 - https:\/\/yoast.com\/wordpress\/plugins\/seo\/ -->\n<title>Mentions l\u00e9gales Facility Management - SAUTER FM | SAUTER<\/title>\n<meta name=\"description\" content=\"Mentions l\u00e9gales Facility Management - SAUTER FM : Adresse : Sauter FM GmbH, Werner-Haas-Str. 8-10, 86153 Augsburg, Tel : +49 821 90673-0\" \/>\n<meta name=\"robots\" content=\"index, follow, max-snippet:-1, max-image-preview:large, max-video-preview:-1\" \/>\n<link rel=\"canonical\" href=\"https:\/\/www.sauter-fm.com\/fr\/mentions-legales\/\" \/>\n<meta property=\"og:locale\" content=\"fr_FR\" \/>\n<meta property=\"og:type\" content=\"article\" \/>\n<meta property=\"og:title\" content=\"Mentions l\u00e9gales Facility Management - SAUTER FM | SAUTER\" \/>\n<meta property=\"og:description\" content=\"Mentions l\u00e9gales Facility Management - SAUTER FM : Adresse : Sauter FM GmbH, Werner-Haas-Str. 8-10, 86153 Augsburg, Tel : +49 821 90673-0\" \/>\n<meta property=\"og:url\" content=\"https:\/\/www.sauter-fm.com\/fr\/mentions-legales\/\" \/>\n<meta property=\"og:site_name\" content=\"Sauter FM\" \/>\n<meta property=\"article:modified_time\" content=\"2024-06-21T11:01:53+00:00\" \/>\n<meta property=\"og:image\" content=\"https:\/\/www.sauter-fm.com\/wp-content\/uploads\/sites\/32\/2022\/01\/D_Sauter_Logo_RZ_4c-300x71.png\" \/>\n<meta name=\"twitter:card\" content=\"summary_large_image\" \/>\n<meta name=\"twitter:label1\" content=\"Dur\u00e9e de lecture estim\u00e9e\" \/>\n\t<meta name=\"twitter:data1\" content=\"3 minutes\" \/>\n<script type=\"application\/ld+json\" class=\"yoast-schema-graph\">{\"@context\":\"https:\/\/schema.org\",\"@graph\":[{\"@type\":\"WebPage\",\"@id\":\"https:\/\/www.sauter-fm.com\/fr\/mentions-legales\/\",\"url\":\"https:\/\/www.sauter-fm.com\/fr\/mentions-legales\/\",\"name\":\"Mentions l\u00e9gales Facility Management - SAUTER FM | SAUTER\",\"isPartOf\":{\"@id\":\"https:\/\/www.sauter-fm.com\/#website\"},\"primaryImageOfPage\":{\"@id\":\"https:\/\/www.sauter-fm.com\/fr\/mentions-legales\/#primaryimage\"},\"image\":{\"@id\":\"https:\/\/www.sauter-fm.com\/fr\/mentions-legales\/#primaryimage\"},\"thumbnailUrl\":\"https:\/\/www.sauter-fm.com\/wp-content\/uploads\/sites\/32\/2022\/01\/D_Sauter_Logo_RZ_4c-300x71.png\",\"datePublished\":\"2021-09-06T09:15:55+00:00\",\"dateModified\":\"2024-06-21T11:01:53+00:00\",\"description\":\"Mentions l\u00e9gales Facility Management - SAUTER FM : Adresse : Sauter FM GmbH, Werner-Haas-Str. 8-10, 86153 Augsburg, Tel : +49 821 90673-0\",\"breadcrumb\":{\"@id\":\"https:\/\/www.sauter-fm.com\/fr\/mentions-legales\/#breadcrumb\"},\"inLanguage\":\"fr-FR\",\"potentialAction\":[{\"@type\":\"ReadAction\",\"target\":[\"https:\/\/www.sauter-fm.com\/fr\/mentions-legales\/\"]}]},{\"@type\":\"ImageObject\",\"inLanguage\":\"fr-FR\",\"@id\":\"https:\/\/www.sauter-fm.com\/fr\/mentions-legales\/#primaryimage\",\"url\":\"https:\/\/www.sauter-fm.com\/wp-content\/uploads\/sites\/32\/2022\/01\/D_Sauter_Logo_RZ_4c-300x71.png\",\"contentUrl\":\"https:\/\/www.sauter-fm.com\/wp-content\/uploads\/sites\/32\/2022\/01\/D_Sauter_Logo_RZ_4c-300x71.png\"},{\"@type\":\"BreadcrumbList\",\"@id\":\"https:\/\/www.sauter-fm.com\/fr\/mentions-legales\/#breadcrumb\",\"itemListElement\":[{\"@type\":\"ListItem\",\"position\":1,\"name\":\"Home\",\"item\":\"https:\/\/www.sauter-fm.com\/fr\/\"},{\"@type\":\"ListItem\",\"position\":2,\"name\":\"Mentions l\u00e9gales\"}]},{\"@type\":\"WebSite\",\"@id\":\"https:\/\/www.sauter-fm.com\/#website\",\"url\":\"https:\/\/www.sauter-fm.com\/\",\"name\":\"Sauter FM\",\"description\":\"SAUTER Facility Management\",\"potentialAction\":[{\"@type\":\"SearchAction\",\"target\":{\"@type\":\"EntryPoint\",\"urlTemplate\":\"https:\/\/www.sauter-fm.com\/?s={search_term_string}\"},\"query-input\":{\"@type\":\"PropertyValueSpecification\",\"valueRequired\":true,\"valueName\":\"search_term_string\"}}],\"inLanguage\":\"fr-FR\"}]}<\/script>\n<!-- \/ Yoast SEO plugin. -->","yoast_head_json":{"title":"Mentions l\u00e9gales Facility Management - SAUTER FM | SAUTER","description":"Mentions l\u00e9gales Facility Management - SAUTER FM : Adresse : Sauter FM GmbH, Werner-Haas-Str. 8-10, 86153 Augsburg, Tel : +49 821 90673-0","robots":{"index":"index","follow":"follow","max-snippet":"max-snippet:-1","max-image-preview":"max-image-preview:large","max-video-preview":"max-video-preview:-1"},"canonical":"https:\/\/www.sauter-fm.com\/fr\/mentions-legales\/","og_locale":"fr_FR","og_type":"article","og_title":"Mentions l\u00e9gales Facility Management - SAUTER FM | SAUTER","og_description":"Mentions l\u00e9gales Facility Management - SAUTER FM : Adresse : Sauter FM GmbH, Werner-Haas-Str. 8-10, 86153 Augsburg, Tel : +49 821 90673-0","og_url":"https:\/\/www.sauter-fm.com\/fr\/mentions-legales\/","og_site_name":"Sauter FM","article_modified_time":"2024-06-21T11:01:53+00:00","og_image":[{"url":"https:\/\/www.sauter-fm.com\/wp-content\/uploads\/sites\/32\/2022\/01\/D_Sauter_Logo_RZ_4c-300x71.png","type":"","width":"","height":""}],"twitter_card":"summary_large_image","twitter_misc":{"Dur\u00e9e de lecture estim\u00e9e":"3 minutes"},"schema":{"@context":"https:\/\/schema.org","@graph":[{"@type":"WebPage","@id":"https:\/\/www.sauter-fm.com\/fr\/mentions-legales\/","url":"https:\/\/www.sauter-fm.com\/fr\/mentions-legales\/","name":"Mentions l\u00e9gales Facility Management - SAUTER FM | SAUTER","isPartOf":{"@id":"https:\/\/www.sauter-fm.com\/#website"},"primaryImageOfPage":{"@id":"https:\/\/www.sauter-fm.com\/fr\/mentions-legales\/#primaryimage"},"image":{"@id":"https:\/\/www.sauter-fm.com\/fr\/mentions-legales\/#primaryimage"},"thumbnailUrl":"https:\/\/www.sauter-fm.com\/wp-content\/uploads\/sites\/32\/2022\/01\/D_Sauter_Logo_RZ_4c-300x71.png","datePublished":"2021-09-06T09:15:55+00:00","dateModified":"2024-06-21T11:01:53+00:00","description":"Mentions l\u00e9gales Facility Management - SAUTER FM : Adresse : Sauter FM GmbH, Werner-Haas-Str. 8-10, 86153 Augsburg, Tel : +49 821 90673-0","breadcrumb":{"@id":"https:\/\/www.sauter-fm.com\/fr\/mentions-legales\/#breadcrumb"},"inLanguage":"fr-FR","potentialAction":[{"@type":"ReadAction","target":["https:\/\/www.sauter-fm.com\/fr\/mentions-legales\/"]}]},{"@type":"ImageObject","inLanguage":"fr-FR","@id":"https:\/\/www.sauter-fm.com\/fr\/mentions-legales\/#primaryimage","url":"https:\/\/www.sauter-fm.com\/wp-content\/uploads\/sites\/32\/2022\/01\/D_Sauter_Logo_RZ_4c-300x71.png","contentUrl":"https:\/\/www.sauter-fm.com\/wp-content\/uploads\/sites\/32\/2022\/01\/D_Sauter_Logo_RZ_4c-300x71.png"},{"@type":"BreadcrumbList","@id":"https:\/\/www.sauter-fm.com\/fr\/mentions-legales\/#breadcrumb","itemListElement":[{"@type":"ListItem","position":1,"name":"Home","item":"https:\/\/www.sauter-fm.com\/fr\/"},{"@type":"ListItem","position":2,"name":"Mentions l\u00e9gales"}]},{"@type":"WebSite","@id":"https:\/\/www.sauter-fm.com\/#website","url":"https:\/\/www.sauter-fm.com\/","name":"Sauter FM","description":"SAUTER Facility Management","potentialAction":[{"@type":"SearchAction","target":{"@type":"EntryPoint","urlTemplate":"https:\/\/www.sauter-fm.com\/?s={search_term_string}"},"query-input":{"@type":"PropertyValueSpecification","valueRequired":true,"valueName":"search_term_string"}}],"inLanguage":"fr-FR"}]}},"publishpress_future_action":{"enabled":false,"date":"2026-05-22 07:52:20","action":"change-status","newStatus":"draft","terms":[],"taxonomy":"translation_priority","extraData":[]},"publishpress_future_workflow_manual_trigger":{"enabledWorkflows":[]},"_links":{"self":[{"href":"https:\/\/www.sauter-fm.com\/fr\/wp-json\/wp\/v2\/pages\/3706","targetHints":{"allow":["GET"]}}],"collection":[{"href":"https:\/\/www.sauter-fm.com\/fr\/wp-json\/wp\/v2\/pages"}],"about":[{"href":"https:\/\/www.sauter-fm.com\/fr\/wp-json\/wp\/v2\/types\/page"}],"author":[{"embeddable":true,"href":"https:\/\/www.sauter-fm.com\/fr\/wp-json\/wp\/v2\/users\/1826"}],"replies":[{"embeddable":true,"href":"https:\/\/www.sauter-fm.com\/fr\/wp-json\/wp\/v2\/comments?post=3706"}],"version-history":[{"count":1,"href":"https:\/\/www.sauter-fm.com\/fr\/wp-json\/wp\/v2\/pages\/3706\/revisions"}],"predecessor-version":[{"id":3742,"href":"https:\/\/www.sauter-fm.com\/fr\/wp-json\/wp\/v2\/pages\/3706\/revisions\/3742"}],"wp:attachment":[{"href":"https:\/\/www.sauter-fm.com\/fr\/wp-json\/wp\/v2\/media?parent=3706"}],"curies":[{"name":"wp","href":"https:\/\/api.w.org\/{rel}","templated":true}]}}