{"id":3473,"date":"2021-12-08T10:46:32","date_gmt":"2021-12-08T10:46:32","guid":{"rendered":"https:\/\/www.sauter-fm.com\/unternehmen\/referenzen\/sonstige-immobilien\/"},"modified":"2024-06-17T11:57:00","modified_gmt":"2024-06-17T11:57:00","slug":"autres-biens-immobiliers","status":"publish","type":"page","link":"https:\/\/www.sauter-fm.com\/fr\/entreprise\/references\/autres-biens-immobiliers\/","title":{"rendered":"Autres biens immobiliers"},"content":{"rendered":"<h2>Am Zirkus, Berlin<\/h2>\n<table  class=\" table table-hover\" >\n<tbody>\n<tr>\n<td><a href=\"https:\/\/www.sauter-fm.com\/wp-content\/uploads\/sites\/32\/2021\/12\/Foto_vom_Techniker.jpg\" target=\"_blank\" rel=\"noopener noreferrer\"><img decoding=\"async\" class=\"alignnone wp-image-1330 size-medium\" src=\"https:\/\/www.sauter-fm.com\/wp-content\/uploads\/sites\/32\/2021\/12\/Foto_vom_Techniker-300x225.jpg\" alt=\"\" width=\"300\" height=\"225\" srcset=\"https:\/\/www.sauter-fm.com\/wp-content\/uploads\/sites\/32\/2021\/12\/Foto_vom_Techniker-300x225.jpg 300w, https:\/\/www.sauter-fm.com\/wp-content\/uploads\/sites\/32\/2021\/12\/Foto_vom_Techniker-225x169.jpg 225w, https:\/\/www.sauter-fm.com\/wp-content\/uploads\/sites\/32\/2021\/12\/Foto_vom_Techniker.jpg 640w\" sizes=\"(max-width: 300px) 100vw, 300px\" \/><\/a><\/td>\n<td><a href=\"https:\/\/www.sauter-fm.com\/wp-content\/uploads\/sites\/32\/2021\/12\/Foto_vom_Techniker-2.jpg\" target=\"_blank\" rel=\"noopener noreferrer\"><img decoding=\"async\" class=\"alignnone wp-image-1329 size-medium\" src=\"https:\/\/www.sauter-fm.com\/wp-content\/uploads\/sites\/32\/2021\/12\/Foto_vom_Techniker-2-300x225.jpg\" alt=\"\" width=\"300\" height=\"225\" srcset=\"https:\/\/www.sauter-fm.com\/wp-content\/uploads\/sites\/32\/2021\/12\/Foto_vom_Techniker-2-300x225.jpg 300w, https:\/\/www.sauter-fm.com\/wp-content\/uploads\/sites\/32\/2021\/12\/Foto_vom_Techniker-2-225x169.jpg 225w, https:\/\/www.sauter-fm.com\/wp-content\/uploads\/sites\/32\/2021\/12\/Foto_vom_Techniker-2.jpg 640w\" sizes=\"(max-width: 300px) 100vw, 300px\" \/><\/a><\/td>\n<\/tr>\n<\/tbody>\n<\/table>\n<table  class=\" table table-hover\" >\n<tbody>\n<tr>\n<td><strong>Description:<\/strong><\/td>\n<td>Immeubles commerciaux et de bureaux\/h\u00f4tel<\/td>\n<\/tr>\n<tr>\n<td><strong>Surface:<\/strong><\/td>\n<td>env. 11\u00a0396\u00a0m\u00b2 (4\u00a0177\u00a0m\u00b2 d\u2019h\u00f4tel)<\/td>\n<\/tr>\n<tr>\n<td><strong>Prestations:<\/strong><\/td>\n<td>FM commercial, FM technique et FM infrastructurel<\/td>\n<\/tr>\n<tr>\n<td><strong>P\u00e9riode de prestation:<\/strong><\/td>\n<td>depuis 2014<\/td>\n<\/tr>\n<\/tbody>\n<\/table>\n<p>&nbsp;<\/p>\n<hr \/>\n<h2><strong>Association Caritas de l\u2019arrondissement de Karlsruhe, association de district d\u2019Ettlingen<\/strong><\/h2>\n<table  class=\" table table-hover\" >\n<tbody>\n<tr>\n<td><img decoding=\"async\" class=\"alignnone wp-image-2296\" src=\"https:\/\/www.sauter-fm.com\/wp-content\/uploads\/sites\/32\/2022\/02\/SZaH_Front_web-300x203.jpg\" alt=\"\" width=\"295\" height=\"200\" srcset=\"https:\/\/www.sauter-fm.com\/wp-content\/uploads\/sites\/32\/2022\/02\/SZaH_Front_web-300x203.jpg 300w, https:\/\/www.sauter-fm.com\/wp-content\/uploads\/sites\/32\/2022\/02\/SZaH_Front_web-1024x695.jpg 1024w, https:\/\/www.sauter-fm.com\/wp-content\/uploads\/sites\/32\/2022\/02\/SZaH_Front_web-768x521.jpg 768w, https:\/\/www.sauter-fm.com\/wp-content\/uploads\/sites\/32\/2022\/02\/SZaH_Front_web-1536x1042.jpg 1536w, https:\/\/www.sauter-fm.com\/wp-content\/uploads\/sites\/32\/2022\/02\/SZaH_Front_web-225x153.jpg 225w, https:\/\/www.sauter-fm.com\/wp-content\/uploads\/sites\/32\/2022\/02\/SZaH_Front_web-1179x800.jpg 1179w, https:\/\/www.sauter-fm.com\/wp-content\/uploads\/sites\/32\/2022\/02\/SZaH_Front_web.jpg 1772w\" sizes=\"(max-width: 295px) 100vw, 295px\" \/><\/td>\n<td><img decoding=\"async\" class=\"alignnone wp-image-2295\" src=\"https:\/\/www.sauter-fm.com\/wp-content\/uploads\/sites\/32\/2022\/02\/IMG_0320-300x224.jpg\" alt=\"\" width=\"268\" height=\"200\" srcset=\"https:\/\/www.sauter-fm.com\/wp-content\/uploads\/sites\/32\/2022\/02\/IMG_0320-300x224.jpg 300w, https:\/\/www.sauter-fm.com\/wp-content\/uploads\/sites\/32\/2022\/02\/IMG_0320-1024x765.jpg 1024w, https:\/\/www.sauter-fm.com\/wp-content\/uploads\/sites\/32\/2022\/02\/IMG_0320-768x574.jpg 768w, https:\/\/www.sauter-fm.com\/wp-content\/uploads\/sites\/32\/2022\/02\/IMG_0320-1536x1147.jpg 1536w, https:\/\/www.sauter-fm.com\/wp-content\/uploads\/sites\/32\/2022\/02\/IMG_0320-2048x1530.jpg 2048w, https:\/\/www.sauter-fm.com\/wp-content\/uploads\/sites\/32\/2022\/02\/IMG_0320-225x168.jpg 225w, https:\/\/www.sauter-fm.com\/wp-content\/uploads\/sites\/32\/2022\/02\/IMG_0320-1071x800.jpg 1071w\" sizes=\"(max-width: 268px) 100vw, 268px\" \/><\/td>\n<\/tr>\n<\/tbody>\n<\/table>\n<table  class=\" table table-hover\" >\n<tbody>\n<tr>\n<td><strong>Description:<\/strong><\/td>\n<td>\u00c9tablissement pour personnes \u00e2g\u00e9es<\/td>\n<\/tr>\n<tr>\n<td><strong>Surface:<\/strong><\/td>\n<td>15.730 m\u00b2<\/td>\n<\/tr>\n<tr>\n<td><strong>Prestations:<\/strong><\/td>\n<td>Facility management de plusieurs objets<\/td>\n<\/tr>\n<tr>\n<td><strong>P\u00e9riode de prestation:<\/strong><\/td>\n<td>depuis 2017<\/td>\n<\/tr>\n<\/tbody>\n<\/table>\n<p>&nbsp;<\/p>\n<hr \/>\n<h2>DomAquar\u00e9e, Berlin<\/h2>\n<table  class=\" table table-hover\" >\n<tbody>\n<tr>\n<td><a href=\"https:\/\/www.sauter-fm.com\/wp-content\/uploads\/sites\/32\/2021\/12\/Foto_vom_Qualitaetsmanager-4.jpg\" target=\"_blank\" rel=\"noopener noreferrer\"><img decoding=\"async\" class=\"alignnone wp-image-1312 size-medium\" src=\"https:\/\/www.sauter-fm.com\/wp-content\/uploads\/sites\/32\/2021\/12\/Foto_vom_Qualitaetsmanager-4-300x225.jpg\" alt=\"\" width=\"300\" height=\"225\" srcset=\"https:\/\/www.sauter-fm.com\/wp-content\/uploads\/sites\/32\/2021\/12\/Foto_vom_Qualitaetsmanager-4-300x225.jpg 300w, https:\/\/www.sauter-fm.com\/wp-content\/uploads\/sites\/32\/2021\/12\/Foto_vom_Qualitaetsmanager-4-1024x768.jpg 1024w, https:\/\/www.sauter-fm.com\/wp-content\/uploads\/sites\/32\/2021\/12\/Foto_vom_Qualitaetsmanager-4-768x576.jpg 768w, https:\/\/www.sauter-fm.com\/wp-content\/uploads\/sites\/32\/2021\/12\/Foto_vom_Qualitaetsmanager-4-1536x1152.jpg 1536w, https:\/\/www.sauter-fm.com\/wp-content\/uploads\/sites\/32\/2021\/12\/Foto_vom_Qualitaetsmanager-4-2048x1536.jpg 2048w, https:\/\/www.sauter-fm.com\/wp-content\/uploads\/sites\/32\/2021\/12\/Foto_vom_Qualitaetsmanager-4-225x169.jpg 225w, https:\/\/www.sauter-fm.com\/wp-content\/uploads\/sites\/32\/2021\/12\/Foto_vom_Qualitaetsmanager-4-1067x800.jpg 1067w\" sizes=\"(max-width: 300px) 100vw, 300px\" \/><\/a><\/td>\n<td><a href=\"https:\/\/www.sauter-fm.com\/wp-content\/uploads\/sites\/32\/2021\/12\/Foto_vom_Qualitaetsmanager-2.jpg\" target=\"_blank\" rel=\"noopener noreferrer\"><img decoding=\"async\" class=\"alignnone wp-image-1310 size-medium\" src=\"https:\/\/www.sauter-fm.com\/wp-content\/uploads\/sites\/32\/2021\/12\/Foto_vom_Qualitaetsmanager-2-300x225.jpg\" alt=\"\" width=\"300\" height=\"225\" srcset=\"https:\/\/www.sauter-fm.com\/wp-content\/uploads\/sites\/32\/2021\/12\/Foto_vom_Qualitaetsmanager-2-300x225.jpg 300w, https:\/\/www.sauter-fm.com\/wp-content\/uploads\/sites\/32\/2021\/12\/Foto_vom_Qualitaetsmanager-2-1024x768.jpg 1024w, https:\/\/www.sauter-fm.com\/wp-content\/uploads\/sites\/32\/2021\/12\/Foto_vom_Qualitaetsmanager-2-768x576.jpg 768w, https:\/\/www.sauter-fm.com\/wp-content\/uploads\/sites\/32\/2021\/12\/Foto_vom_Qualitaetsmanager-2-1536x1152.jpg 1536w, https:\/\/www.sauter-fm.com\/wp-content\/uploads\/sites\/32\/2021\/12\/Foto_vom_Qualitaetsmanager-2-2048x1536.jpg 2048w, https:\/\/www.sauter-fm.com\/wp-content\/uploads\/sites\/32\/2021\/12\/Foto_vom_Qualitaetsmanager-2-225x169.jpg 225w, https:\/\/www.sauter-fm.com\/wp-content\/uploads\/sites\/32\/2021\/12\/Foto_vom_Qualitaetsmanager-2-1067x800.jpg 1067w\" sizes=\"(max-width: 300px) 100vw, 300px\" \/><\/a><\/td>\n<\/tr>\n<\/tbody>\n<\/table>\n<table  class=\" table table-hover\" >\n<tbody>\n<tr>\n<td><strong>Description:<\/strong><\/td>\n<td>Immeubles commerciaux\/r\u00e9sidentiels\/de bureaux, y compris aquarium<\/td>\n<\/tr>\n<tr>\n<td><strong>Surface:<\/strong><\/td>\n<td>env. 80.000 m\u00b2<\/td>\n<\/tr>\n<tr>\n<td><strong>Prestations:<\/strong><\/td>\n<td>FM technique<\/td>\n<\/tr>\n<tr>\n<td><strong>P\u00e9riode de prestation:<\/strong><\/td>\n<td>depuis ao\u00fbt 2015<\/td>\n<\/tr>\n<\/tbody>\n<\/table>\n<p>&nbsp;<\/p>\n<hr \/>\n<h2><strong>\u00c9cole r\u00e9gionale des pompiers du Bade-Wurtemberg, Bruchsal<\/strong><\/h2>\n<table  class=\" table table-hover\" >\n<tbody>\n<tr>\n<td><img decoding=\"async\" class=\"alignnone wp-image-2995 size-medium\" src=\"https:\/\/www.sauter-fm.com\/wp-content\/uploads\/sites\/32\/2022\/04\/Bild_2_Weitsicht_Zentrale-300x215.jpg\" alt=\"\" width=\"300\" height=\"215\" srcset=\"https:\/\/www.sauter-fm.com\/wp-content\/uploads\/sites\/32\/2022\/04\/Bild_2_Weitsicht_Zentrale-300x215.jpg 300w, https:\/\/www.sauter-fm.com\/wp-content\/uploads\/sites\/32\/2022\/04\/Bild_2_Weitsicht_Zentrale-1024x735.jpg 1024w, https:\/\/www.sauter-fm.com\/wp-content\/uploads\/sites\/32\/2022\/04\/Bild_2_Weitsicht_Zentrale-768x551.jpg 768w, https:\/\/www.sauter-fm.com\/wp-content\/uploads\/sites\/32\/2022\/04\/Bild_2_Weitsicht_Zentrale-1536x1102.jpg 1536w, https:\/\/www.sauter-fm.com\/wp-content\/uploads\/sites\/32\/2022\/04\/Bild_2_Weitsicht_Zentrale-2048x1470.jpg 2048w, https:\/\/www.sauter-fm.com\/wp-content\/uploads\/sites\/32\/2022\/04\/Bild_2_Weitsicht_Zentrale-225x161.jpg 225w, https:\/\/www.sauter-fm.com\/wp-content\/uploads\/sites\/32\/2022\/04\/Bild_2_Weitsicht_Zentrale-1115x800.jpg 1115w\" sizes=\"(max-width: 300px) 100vw, 300px\" \/><\/td>\n<td><img decoding=\"async\" class=\"alignnone wp-image-1444 size-medium\" src=\"https:\/\/www.sauter-fm.com\/wp-content\/uploads\/sites\/32\/2021\/12\/Bild_3_Umwelthalle-300x211.jpg\" alt=\"\" width=\"300\" height=\"211\" srcset=\"https:\/\/www.sauter-fm.com\/wp-content\/uploads\/sites\/32\/2021\/12\/Bild_3_Umwelthalle-300x211.jpg 300w, https:\/\/www.sauter-fm.com\/wp-content\/uploads\/sites\/32\/2021\/12\/Bild_3_Umwelthalle-1024x720.jpg 1024w, https:\/\/www.sauter-fm.com\/wp-content\/uploads\/sites\/32\/2021\/12\/Bild_3_Umwelthalle-768x540.jpg 768w, https:\/\/www.sauter-fm.com\/wp-content\/uploads\/sites\/32\/2021\/12\/Bild_3_Umwelthalle-1536x1080.jpg 1536w, https:\/\/www.sauter-fm.com\/wp-content\/uploads\/sites\/32\/2021\/12\/Bild_3_Umwelthalle-2048x1440.jpg 2048w, https:\/\/www.sauter-fm.com\/wp-content\/uploads\/sites\/32\/2021\/12\/Bild_3_Umwelthalle-225x158.jpg 225w, https:\/\/www.sauter-fm.com\/wp-content\/uploads\/sites\/32\/2021\/12\/Bild_3_Umwelthalle-1138x800.jpg 1138w\" sizes=\"(max-width: 300px) 100vw, 300px\" \/><\/td>\n<\/tr>\n<\/tbody>\n<\/table>\n<table  class=\" table table-hover\" >\n<tbody>\n<tr>\n<td><strong>Description:<\/strong><\/td>\n<td>Centre de formation<\/td>\n<\/tr>\n<tr>\n<td><strong>Surface:<br \/>\n<\/strong><\/td>\n<td>54.596 m\u00b2<\/td>\n<\/tr>\n<tr>\n<td><strong>Prestations:<\/strong><\/td>\n<td>Gestion de l\u2019objet, maintenance et inspection des installations techniques<\/td>\n<\/tr>\n<tr>\n<td><strong>P\u00e9riode de prestation:<\/strong><\/td>\n<td>depuis avril 2017<\/td>\n<\/tr>\n<\/tbody>\n<\/table>\n<p>&nbsp;<\/p>\n<hr \/>\n<h2>Urban Soul, Bonn<\/h2>\n<table  class=\" table table-hover\" >\n<tbody>\n<tr>\n<td><img decoding=\"async\" class=\"alignnone wp-image-2997 size-medium\" src=\"https:\/\/www.sauter-fm.com\/wp-content\/uploads\/sites\/32\/2022\/04\/0046130BehrendtundRausch_FW-300x200.jpg\" alt=\"\" width=\"300\" height=\"200\" srcset=\"https:\/\/www.sauter-fm.com\/wp-content\/uploads\/sites\/32\/2022\/04\/0046130BehrendtundRausch_FW-300x200.jpg 300w, https:\/\/www.sauter-fm.com\/wp-content\/uploads\/sites\/32\/2022\/04\/0046130BehrendtundRausch_FW-1024x683.jpg 1024w, https:\/\/www.sauter-fm.com\/wp-content\/uploads\/sites\/32\/2022\/04\/0046130BehrendtundRausch_FW-768x512.jpg 768w, https:\/\/www.sauter-fm.com\/wp-content\/uploads\/sites\/32\/2022\/04\/0046130BehrendtundRausch_FW-1536x1024.jpg 1536w, https:\/\/www.sauter-fm.com\/wp-content\/uploads\/sites\/32\/2022\/04\/0046130BehrendtundRausch_FW-2048x1365.jpg 2048w, https:\/\/www.sauter-fm.com\/wp-content\/uploads\/sites\/32\/2022\/04\/0046130BehrendtundRausch_FW-225x150.jpg 225w, https:\/\/www.sauter-fm.com\/wp-content\/uploads\/sites\/32\/2022\/04\/0046130BehrendtundRausch_FW-1200x800.jpg 1200w\" sizes=\"(max-width: 300px) 100vw, 300px\" \/><\/td>\n<td><img decoding=\"async\" class=\"alignnone wp-image-2998 size-medium\" src=\"https:\/\/www.sauter-fm.com\/wp-content\/uploads\/sites\/32\/2022\/04\/0036130BehrendtundRausch_FW-300x200.jpg\" alt=\"\" width=\"300\" height=\"200\" srcset=\"https:\/\/www.sauter-fm.com\/wp-content\/uploads\/sites\/32\/2022\/04\/0036130BehrendtundRausch_FW-300x200.jpg 300w, https:\/\/www.sauter-fm.com\/wp-content\/uploads\/sites\/32\/2022\/04\/0036130BehrendtundRausch_FW-1024x683.jpg 1024w, https:\/\/www.sauter-fm.com\/wp-content\/uploads\/sites\/32\/2022\/04\/0036130BehrendtundRausch_FW-768x512.jpg 768w, https:\/\/www.sauter-fm.com\/wp-content\/uploads\/sites\/32\/2022\/04\/0036130BehrendtundRausch_FW-1536x1024.jpg 1536w, https:\/\/www.sauter-fm.com\/wp-content\/uploads\/sites\/32\/2022\/04\/0036130BehrendtundRausch_FW-2048x1365.jpg 2048w, https:\/\/www.sauter-fm.com\/wp-content\/uploads\/sites\/32\/2022\/04\/0036130BehrendtundRausch_FW-225x150.jpg 225w, https:\/\/www.sauter-fm.com\/wp-content\/uploads\/sites\/32\/2022\/04\/0036130BehrendtundRausch_FW-1200x800.jpg 1200w\" sizes=\"(max-width: 300px) 100vw, 300px\" \/><\/td>\n<\/tr>\n<\/tbody>\n<\/table>\n<table  class=\" table table-hover\" >\n<tbody>\n<tr>\n<td><strong>Description:<\/strong><\/td>\n<td>Complexe immobilier<\/td>\n<\/tr>\n<tr>\n<td><strong>Surface:<\/strong><\/td>\n<td>9.500 m<sup>2 <\/sup><\/td>\n<\/tr>\n<tr>\n<td><strong>Prestations:<\/strong><\/td>\n<td>Maintenance et facility management<\/td>\n<\/tr>\n<tr>\n<td><strong>P\u00e9riode de prestation:<\/strong><\/td>\n<td>depuis d\u00e9cembre 2020<\/td>\n<\/tr>\n<\/tbody>\n<\/table>\n<p>&nbsp;<\/p>\n<p><a href=\"https:\/\/www.sauter-fm.com\/fr\/entreprise\/references\/\">&lt;&lt;<span class=\"VIiyi\" lang=\"fr\"><span class=\"JLqJ4b ChMk0b\" data-language-for-alternatives=\"fr\" data-language-to-translate-into=\"de\" data-phrase-index=\"0\" data-number-of-phrases=\"1\"><span class=\"Q4iAWc\"> revenir<\/span><\/span><\/span><\/a><\/p>\n","protected":false},"excerpt":{"rendered":"<p>Am Zirkus, Berlin Description: Immeubles commerciaux et de bureaux\/h\u00f4tel Surface: env. 11\u00a0396\u00a0m\u00b2 (4\u00a0177\u00a0m\u00b2 d\u2019h\u00f4tel) Prestations: FM commercial, FM technique et FM infrastructurel P\u00e9riode de prestation: depuis 2014 &nbsp; Association Caritas de l\u2019arrondissement de Karlsruhe, association de district d\u2019Ettlingen Description: \u00c9tablissement pour personnes \u00e2g\u00e9es Surface: 15.730 m\u00b2 Prestations: Facility management de plusieurs objets P\u00e9riode de prestation: [&hellip;]<\/p>\n","protected":false},"author":6,"featured_media":0,"parent":3449,"menu_order":0,"comment_status":"closed","ping_status":"closed","template":"","meta":{"_acf_changed":false,"footnotes":""},"class_list":["post-3473","page","type-page","status-publish","hentry"],"acf":[],"yoast_head":"<!-- This site is optimized with the Yoast SEO plugin v26.1.1 - https:\/\/yoast.com\/wordpress\/plugins\/seo\/ -->\n<title>Autres biens immobiliers | SAUTER<\/title>\n<meta name=\"description\" content=\"Les prestations de SAUTER sont utilis\u00e9es dans de nombreux b\u00e2timents. Du FM aux solutions d&#039;automatisation et de gestion des b\u00e2timents.\" \/>\n<meta name=\"robots\" content=\"index, follow, max-snippet:-1, max-image-preview:large, max-video-preview:-1\" \/>\n<link rel=\"canonical\" href=\"https:\/\/www.sauter-fm.com\/fr\/entreprise\/references\/autres-biens-immobiliers\/\" \/>\n<meta property=\"og:locale\" content=\"fr_FR\" \/>\n<meta property=\"og:type\" content=\"article\" \/>\n<meta property=\"og:title\" content=\"Autres biens immobiliers | SAUTER\" \/>\n<meta property=\"og:description\" content=\"Les prestations de SAUTER sont utilis\u00e9es dans de nombreux b\u00e2timents. Du FM aux solutions d&#039;automatisation et de gestion des b\u00e2timents.\" \/>\n<meta property=\"og:url\" content=\"https:\/\/www.sauter-fm.com\/fr\/entreprise\/references\/autres-biens-immobiliers\/\" \/>\n<meta property=\"og:site_name\" content=\"Sauter FM\" \/>\n<meta property=\"article:modified_time\" content=\"2024-06-17T11:57:00+00:00\" \/>\n<meta property=\"og:image\" content=\"https:\/\/www.sauter-fm.com\/wp-content\/uploads\/sites\/32\/2021\/12\/Foto_vom_Techniker-300x225.jpg\" \/>\n<meta name=\"twitter:card\" content=\"summary_large_image\" \/>\n<meta name=\"twitter:label1\" content=\"Dur\u00e9e de lecture estim\u00e9e\" \/>\n\t<meta name=\"twitter:data1\" content=\"3 minutes\" \/>\n<script type=\"application\/ld+json\" class=\"yoast-schema-graph\">{\"@context\":\"https:\/\/schema.org\",\"@graph\":[{\"@type\":\"WebPage\",\"@id\":\"https:\/\/www.sauter-fm.com\/fr\/entreprise\/references\/autres-biens-immobiliers\/\",\"url\":\"https:\/\/www.sauter-fm.com\/fr\/entreprise\/references\/autres-biens-immobiliers\/\",\"name\":\"Autres biens immobiliers | SAUTER\",\"isPartOf\":{\"@id\":\"https:\/\/www.sauter-fm.com\/#website\"},\"primaryImageOfPage\":{\"@id\":\"https:\/\/www.sauter-fm.com\/fr\/entreprise\/references\/autres-biens-immobiliers\/#primaryimage\"},\"image\":{\"@id\":\"https:\/\/www.sauter-fm.com\/fr\/entreprise\/references\/autres-biens-immobiliers\/#primaryimage\"},\"thumbnailUrl\":\"https:\/\/www.sauter-fm.com\/wp-content\/uploads\/sites\/32\/2021\/12\/Foto_vom_Techniker-300x225.jpg\",\"datePublished\":\"2021-12-08T10:46:32+00:00\",\"dateModified\":\"2024-06-17T11:57:00+00:00\",\"description\":\"Les prestations de SAUTER sont utilis\u00e9es dans de nombreux b\u00e2timents. Du FM aux solutions d'automatisation et de gestion des b\u00e2timents.\",\"breadcrumb\":{\"@id\":\"https:\/\/www.sauter-fm.com\/fr\/entreprise\/references\/autres-biens-immobiliers\/#breadcrumb\"},\"inLanguage\":\"fr-FR\",\"potentialAction\":[{\"@type\":\"ReadAction\",\"target\":[\"https:\/\/www.sauter-fm.com\/fr\/entreprise\/references\/autres-biens-immobiliers\/\"]}]},{\"@type\":\"ImageObject\",\"inLanguage\":\"fr-FR\",\"@id\":\"https:\/\/www.sauter-fm.com\/fr\/entreprise\/references\/autres-biens-immobiliers\/#primaryimage\",\"url\":\"https:\/\/www.sauter-fm.com\/wp-content\/uploads\/sites\/32\/2021\/12\/Foto_vom_Techniker-300x225.jpg\",\"contentUrl\":\"https:\/\/www.sauter-fm.com\/wp-content\/uploads\/sites\/32\/2021\/12\/Foto_vom_Techniker-300x225.jpg\"},{\"@type\":\"BreadcrumbList\",\"@id\":\"https:\/\/www.sauter-fm.com\/fr\/entreprise\/references\/autres-biens-immobiliers\/#breadcrumb\",\"itemListElement\":[{\"@type\":\"ListItem\",\"position\":1,\"name\":\"Home\",\"item\":\"https:\/\/www.sauter-fm.com\/fr\/\"},{\"@type\":\"ListItem\",\"position\":2,\"name\":\"entreprise\",\"item\":\"https:\/\/www.sauter-fm.com\/fr\/entreprise\/\"},{\"@type\":\"ListItem\",\"position\":3,\"name\":\"R\u00e9f\u00e9rences\",\"item\":\"https:\/\/www.sauter-fm.com\/fr\/entreprise\/references\/\"},{\"@type\":\"ListItem\",\"position\":4,\"name\":\"Autres biens immobiliers\"}]},{\"@type\":\"WebSite\",\"@id\":\"https:\/\/www.sauter-fm.com\/#website\",\"url\":\"https:\/\/www.sauter-fm.com\/\",\"name\":\"Sauter FM\",\"description\":\"SAUTER Facility Management\",\"potentialAction\":[{\"@type\":\"SearchAction\",\"target\":{\"@type\":\"EntryPoint\",\"urlTemplate\":\"https:\/\/www.sauter-fm.com\/?s={search_term_string}\"},\"query-input\":{\"@type\":\"PropertyValueSpecification\",\"valueRequired\":true,\"valueName\":\"search_term_string\"}}],\"inLanguage\":\"fr-FR\"}]}<\/script>\n<!-- \/ Yoast SEO plugin. -->","yoast_head_json":{"title":"Autres biens immobiliers | SAUTER","description":"Les prestations de SAUTER sont utilis\u00e9es dans de nombreux b\u00e2timents. Du FM aux solutions d'automatisation et de gestion des b\u00e2timents.","robots":{"index":"index","follow":"follow","max-snippet":"max-snippet:-1","max-image-preview":"max-image-preview:large","max-video-preview":"max-video-preview:-1"},"canonical":"https:\/\/www.sauter-fm.com\/fr\/entreprise\/references\/autres-biens-immobiliers\/","og_locale":"fr_FR","og_type":"article","og_title":"Autres biens immobiliers | SAUTER","og_description":"Les prestations de SAUTER sont utilis\u00e9es dans de nombreux b\u00e2timents. Du FM aux solutions d'automatisation et de gestion des b\u00e2timents.","og_url":"https:\/\/www.sauter-fm.com\/fr\/entreprise\/references\/autres-biens-immobiliers\/","og_site_name":"Sauter FM","article_modified_time":"2024-06-17T11:57:00+00:00","og_image":[{"url":"https:\/\/www.sauter-fm.com\/wp-content\/uploads\/sites\/32\/2021\/12\/Foto_vom_Techniker-300x225.jpg","type":"","width":"","height":""}],"twitter_card":"summary_large_image","twitter_misc":{"Dur\u00e9e de lecture estim\u00e9e":"3 minutes"},"schema":{"@context":"https:\/\/schema.org","@graph":[{"@type":"WebPage","@id":"https:\/\/www.sauter-fm.com\/fr\/entreprise\/references\/autres-biens-immobiliers\/","url":"https:\/\/www.sauter-fm.com\/fr\/entreprise\/references\/autres-biens-immobiliers\/","name":"Autres biens immobiliers | SAUTER","isPartOf":{"@id":"https:\/\/www.sauter-fm.com\/#website"},"primaryImageOfPage":{"@id":"https:\/\/www.sauter-fm.com\/fr\/entreprise\/references\/autres-biens-immobiliers\/#primaryimage"},"image":{"@id":"https:\/\/www.sauter-fm.com\/fr\/entreprise\/references\/autres-biens-immobiliers\/#primaryimage"},"thumbnailUrl":"https:\/\/www.sauter-fm.com\/wp-content\/uploads\/sites\/32\/2021\/12\/Foto_vom_Techniker-300x225.jpg","datePublished":"2021-12-08T10:46:32+00:00","dateModified":"2024-06-17T11:57:00+00:00","description":"Les prestations de SAUTER sont utilis\u00e9es dans de nombreux b\u00e2timents. Du FM aux solutions d'automatisation et de gestion des b\u00e2timents.","breadcrumb":{"@id":"https:\/\/www.sauter-fm.com\/fr\/entreprise\/references\/autres-biens-immobiliers\/#breadcrumb"},"inLanguage":"fr-FR","potentialAction":[{"@type":"ReadAction","target":["https:\/\/www.sauter-fm.com\/fr\/entreprise\/references\/autres-biens-immobiliers\/"]}]},{"@type":"ImageObject","inLanguage":"fr-FR","@id":"https:\/\/www.sauter-fm.com\/fr\/entreprise\/references\/autres-biens-immobiliers\/#primaryimage","url":"https:\/\/www.sauter-fm.com\/wp-content\/uploads\/sites\/32\/2021\/12\/Foto_vom_Techniker-300x225.jpg","contentUrl":"https:\/\/www.sauter-fm.com\/wp-content\/uploads\/sites\/32\/2021\/12\/Foto_vom_Techniker-300x225.jpg"},{"@type":"BreadcrumbList","@id":"https:\/\/www.sauter-fm.com\/fr\/entreprise\/references\/autres-biens-immobiliers\/#breadcrumb","itemListElement":[{"@type":"ListItem","position":1,"name":"Home","item":"https:\/\/www.sauter-fm.com\/fr\/"},{"@type":"ListItem","position":2,"name":"entreprise","item":"https:\/\/www.sauter-fm.com\/fr\/entreprise\/"},{"@type":"ListItem","position":3,"name":"R\u00e9f\u00e9rences","item":"https:\/\/www.sauter-fm.com\/fr\/entreprise\/references\/"},{"@type":"ListItem","position":4,"name":"Autres biens immobiliers"}]},{"@type":"WebSite","@id":"https:\/\/www.sauter-fm.com\/#website","url":"https:\/\/www.sauter-fm.com\/","name":"Sauter FM","description":"SAUTER Facility Management","potentialAction":[{"@type":"SearchAction","target":{"@type":"EntryPoint","urlTemplate":"https:\/\/www.sauter-fm.com\/?s={search_term_string}"},"query-input":{"@type":"PropertyValueSpecification","valueRequired":true,"valueName":"search_term_string"}}],"inLanguage":"fr-FR"}]}},"publishpress_future_action":{"enabled":false,"date":"2026-04-22 00:43:30","action":"change-status","newStatus":"draft","terms":[],"taxonomy":"translation_priority","extraData":[]},"publishpress_future_workflow_manual_trigger":{"enabledWorkflows":[]},"_links":{"self":[{"href":"https:\/\/www.sauter-fm.com\/fr\/wp-json\/wp\/v2\/pages\/3473","targetHints":{"allow":["GET"]}}],"collection":[{"href":"https:\/\/www.sauter-fm.com\/fr\/wp-json\/wp\/v2\/pages"}],"about":[{"href":"https:\/\/www.sauter-fm.com\/fr\/wp-json\/wp\/v2\/types\/page"}],"author":[{"embeddable":true,"href":"https:\/\/www.sauter-fm.com\/fr\/wp-json\/wp\/v2\/users\/6"}],"replies":[{"embeddable":true,"href":"https:\/\/www.sauter-fm.com\/fr\/wp-json\/wp\/v2\/comments?post=3473"}],"version-history":[{"count":3,"href":"https:\/\/www.sauter-fm.com\/fr\/wp-json\/wp\/v2\/pages\/3473\/revisions"}],"predecessor-version":[{"id":3933,"href":"https:\/\/www.sauter-fm.com\/fr\/wp-json\/wp\/v2\/pages\/3473\/revisions\/3933"}],"up":[{"embeddable":true,"href":"https:\/\/www.sauter-fm.com\/fr\/wp-json\/wp\/v2\/pages\/3449"}],"wp:attachment":[{"href":"https:\/\/www.sauter-fm.com\/fr\/wp-json\/wp\/v2\/media?parent=3473"}],"curies":[{"name":"wp","href":"https:\/\/api.w.org\/{rel}","templated":true}]}}