{"id":3468,"date":"2022-04-07T12:05:33","date_gmt":"2022-04-07T12:05:33","guid":{"rendered":"https:\/\/www.sauter-fm.com\/unternehmen\/referenzen\/industrie\/"},"modified":"2024-06-17T11:54:36","modified_gmt":"2024-06-17T11:54:36","slug":"industrie","status":"publish","type":"page","link":"https:\/\/www.sauter-fm.com\/fr\/entreprise\/references\/industrie\/","title":{"rendered":"Industrie"},"content":{"rendered":"<h2>Sirius Business Park, Mannheim<\/h2>\n<table  class=\" table table-hover\" >\n<tbody>\n<tr>\n<td><img decoding=\"async\" class=\"alignnone wp-image-2988 size-medium\" src=\"https:\/\/www.sauter-fm.com\/wp-content\/uploads\/sites\/32\/2022\/04\/DJI_0061-300x200.jpg\" alt=\"\" width=\"300\" height=\"200\" srcset=\"https:\/\/www.sauter-fm.com\/wp-content\/uploads\/sites\/32\/2022\/04\/DJI_0061-300x200.jpg 300w, https:\/\/www.sauter-fm.com\/wp-content\/uploads\/sites\/32\/2022\/04\/DJI_0061-1024x682.jpg 1024w, https:\/\/www.sauter-fm.com\/wp-content\/uploads\/sites\/32\/2022\/04\/DJI_0061-768x512.jpg 768w, https:\/\/www.sauter-fm.com\/wp-content\/uploads\/sites\/32\/2022\/04\/DJI_0061-1536x1023.jpg 1536w, https:\/\/www.sauter-fm.com\/wp-content\/uploads\/sites\/32\/2022\/04\/DJI_0061-2048x1365.jpg 2048w, https:\/\/www.sauter-fm.com\/wp-content\/uploads\/sites\/32\/2022\/04\/DJI_0061-225x150.jpg 225w, https:\/\/www.sauter-fm.com\/wp-content\/uploads\/sites\/32\/2022\/04\/DJI_0061-1201x800.jpg 1201w\" sizes=\"(max-width: 300px) 100vw, 300px\" \/><\/td>\n<td><img decoding=\"async\" class=\"alignnone wp-image-2989 size-medium\" src=\"https:\/\/www.sauter-fm.com\/wp-content\/uploads\/sites\/32\/2022\/04\/DJI_0069-1-300x200.jpg\" alt=\"\" width=\"300\" height=\"200\" srcset=\"https:\/\/www.sauter-fm.com\/wp-content\/uploads\/sites\/32\/2022\/04\/DJI_0069-1-300x200.jpg 300w, https:\/\/www.sauter-fm.com\/wp-content\/uploads\/sites\/32\/2022\/04\/DJI_0069-1-1024x682.jpg 1024w, https:\/\/www.sauter-fm.com\/wp-content\/uploads\/sites\/32\/2022\/04\/DJI_0069-1-768x512.jpg 768w, https:\/\/www.sauter-fm.com\/wp-content\/uploads\/sites\/32\/2022\/04\/DJI_0069-1-1536x1023.jpg 1536w, https:\/\/www.sauter-fm.com\/wp-content\/uploads\/sites\/32\/2022\/04\/DJI_0069-1-2048x1365.jpg 2048w, https:\/\/www.sauter-fm.com\/wp-content\/uploads\/sites\/32\/2022\/04\/DJI_0069-1-225x150.jpg 225w, https:\/\/www.sauter-fm.com\/wp-content\/uploads\/sites\/32\/2022\/04\/DJI_0069-1-1201x800.jpg 1201w\" sizes=\"(max-width: 300px) 100vw, 300px\" \/><\/td>\n<\/tr>\n<\/tbody>\n<\/table>\n<table  class=\" table table-hover\" >\n<tbody>\n<tr>\n<td><strong>Description:<\/strong><\/td>\n<td>Immeubles industriels et de bureaux<\/td>\n<\/tr>\n<tr>\n<td><strong>Surface:<\/strong><\/td>\n<td>102.000m\u00b2<\/td>\n<\/tr>\n<tr>\n<td><strong>Prestations:<\/strong><\/td>\n<td>FM commercial, FM technique et FM infrastructurel<\/td>\n<\/tr>\n<tr>\n<td><strong>P\u00e9riode de prestation:<\/strong><\/td>\n<td>depuis avril 2013<\/td>\n<\/tr>\n<\/tbody>\n<\/table>\n<p><a href=\"https:\/\/www.sauter-fm.com\/fr\/entreprise\/references\/\">&lt;&lt; <span class=\"VIiyi\" lang=\"fr\"><span class=\"JLqJ4b ChMk0b\" data-language-for-alternatives=\"fr\" data-language-to-translate-into=\"de\" data-phrase-index=\"0\" data-number-of-phrases=\"1\"><span class=\"Q4iAWc\">revenir<\/span><\/span><\/span><\/a><\/p>\n","protected":false},"excerpt":{"rendered":"<p>Sirius Business Park, Mannheim Description: Immeubles industriels et de bureaux Surface: 102.000m\u00b2 Prestations: FM commercial, FM technique et FM infrastructurel P\u00e9riode de prestation: depuis avril 2013 &lt;&lt; revenir<\/p>\n","protected":false},"author":1919,"featured_media":0,"parent":3449,"menu_order":0,"comment_status":"closed","ping_status":"closed","template":"","meta":{"_acf_changed":false,"footnotes":""},"class_list":["post-3468","page","type-page","status-publish","hentry"],"acf":[],"yoast_head":"<!-- This site is optimized with the Yoast SEO plugin v26.1.1 - https:\/\/yoast.com\/wordpress\/plugins\/seo\/ -->\n<title>L&#039;industrie | SAUTER<\/title>\n<meta name=\"description\" content=\"Nos services sont utilis\u00e9s dans de nombreux b\u00e2timents. Du FM aux solutions d&#039;automatisation et de gestion des b\u00e2timents. &gt; Plus d&#039;infos ici &lt;\" \/>\n<meta name=\"robots\" content=\"index, follow, max-snippet:-1, max-image-preview:large, max-video-preview:-1\" \/>\n<link rel=\"canonical\" href=\"https:\/\/www.sauter-fm.com\/fr\/entreprise\/references\/industrie\/\" \/>\n<meta property=\"og:locale\" content=\"fr_FR\" \/>\n<meta property=\"og:type\" content=\"article\" \/>\n<meta property=\"og:title\" content=\"L&#039;industrie | SAUTER\" \/>\n<meta property=\"og:description\" content=\"Nos services sont utilis\u00e9s dans de nombreux b\u00e2timents. Du FM aux solutions d&#039;automatisation et de gestion des b\u00e2timents. &gt; Plus d&#039;infos ici &lt;\" \/>\n<meta property=\"og:url\" content=\"https:\/\/www.sauter-fm.com\/fr\/entreprise\/references\/industrie\/\" \/>\n<meta property=\"og:site_name\" content=\"Sauter FM\" \/>\n<meta property=\"article:modified_time\" content=\"2024-06-17T11:54:36+00:00\" \/>\n<meta property=\"og:image\" content=\"https:\/\/www.sauter-fm.com\/wp-content\/uploads\/sites\/32\/2022\/04\/DJI_0061-300x200.jpg\" \/>\n<meta name=\"twitter:card\" content=\"summary_large_image\" \/>\n<meta name=\"twitter:label1\" content=\"Dur\u00e9e de lecture estim\u00e9e\" \/>\n\t<meta name=\"twitter:data1\" content=\"1 minute\" \/>\n<script type=\"application\/ld+json\" class=\"yoast-schema-graph\">{\"@context\":\"https:\/\/schema.org\",\"@graph\":[{\"@type\":\"WebPage\",\"@id\":\"https:\/\/www.sauter-fm.com\/fr\/entreprise\/references\/industrie\/\",\"url\":\"https:\/\/www.sauter-fm.com\/fr\/entreprise\/references\/industrie\/\",\"name\":\"L'industrie | SAUTER\",\"isPartOf\":{\"@id\":\"https:\/\/www.sauter-fm.com\/#website\"},\"primaryImageOfPage\":{\"@id\":\"https:\/\/www.sauter-fm.com\/fr\/entreprise\/references\/industrie\/#primaryimage\"},\"image\":{\"@id\":\"https:\/\/www.sauter-fm.com\/fr\/entreprise\/references\/industrie\/#primaryimage\"},\"thumbnailUrl\":\"https:\/\/www.sauter-fm.com\/wp-content\/uploads\/sites\/32\/2022\/04\/DJI_0061-300x200.jpg\",\"datePublished\":\"2022-04-07T12:05:33+00:00\",\"dateModified\":\"2024-06-17T11:54:36+00:00\",\"description\":\"Nos services sont utilis\u00e9s dans de nombreux b\u00e2timents. Du FM aux solutions d'automatisation et de gestion des b\u00e2timents. > Plus d'infos ici &lt;\",\"breadcrumb\":{\"@id\":\"https:\/\/www.sauter-fm.com\/fr\/entreprise\/references\/industrie\/#breadcrumb\"},\"inLanguage\":\"fr-FR\",\"potentialAction\":[{\"@type\":\"ReadAction\",\"target\":[\"https:\/\/www.sauter-fm.com\/fr\/entreprise\/references\/industrie\/\"]}]},{\"@type\":\"ImageObject\",\"inLanguage\":\"fr-FR\",\"@id\":\"https:\/\/www.sauter-fm.com\/fr\/entreprise\/references\/industrie\/#primaryimage\",\"url\":\"https:\/\/www.sauter-fm.com\/wp-content\/uploads\/sites\/32\/2022\/04\/DJI_0061-300x200.jpg\",\"contentUrl\":\"https:\/\/www.sauter-fm.com\/wp-content\/uploads\/sites\/32\/2022\/04\/DJI_0061-300x200.jpg\"},{\"@type\":\"BreadcrumbList\",\"@id\":\"https:\/\/www.sauter-fm.com\/fr\/entreprise\/references\/industrie\/#breadcrumb\",\"itemListElement\":[{\"@type\":\"ListItem\",\"position\":1,\"name\":\"Home\",\"item\":\"https:\/\/www.sauter-fm.com\/fr\/\"},{\"@type\":\"ListItem\",\"position\":2,\"name\":\"entreprise\",\"item\":\"https:\/\/www.sauter-fm.com\/fr\/entreprise\/\"},{\"@type\":\"ListItem\",\"position\":3,\"name\":\"R\u00e9f\u00e9rences\",\"item\":\"https:\/\/www.sauter-fm.com\/fr\/entreprise\/references\/\"},{\"@type\":\"ListItem\",\"position\":4,\"name\":\"Industrie\"}]},{\"@type\":\"WebSite\",\"@id\":\"https:\/\/www.sauter-fm.com\/#website\",\"url\":\"https:\/\/www.sauter-fm.com\/\",\"name\":\"Sauter FM\",\"description\":\"SAUTER Facility Management\",\"potentialAction\":[{\"@type\":\"SearchAction\",\"target\":{\"@type\":\"EntryPoint\",\"urlTemplate\":\"https:\/\/www.sauter-fm.com\/?s={search_term_string}\"},\"query-input\":{\"@type\":\"PropertyValueSpecification\",\"valueRequired\":true,\"valueName\":\"search_term_string\"}}],\"inLanguage\":\"fr-FR\"}]}<\/script>\n<!-- \/ Yoast SEO plugin. -->","yoast_head_json":{"title":"L'industrie | SAUTER","description":"Nos services sont utilis\u00e9s dans de nombreux b\u00e2timents. Du FM aux solutions d'automatisation et de gestion des b\u00e2timents. > Plus d'infos ici &lt;","robots":{"index":"index","follow":"follow","max-snippet":"max-snippet:-1","max-image-preview":"max-image-preview:large","max-video-preview":"max-video-preview:-1"},"canonical":"https:\/\/www.sauter-fm.com\/fr\/entreprise\/references\/industrie\/","og_locale":"fr_FR","og_type":"article","og_title":"L'industrie | SAUTER","og_description":"Nos services sont utilis\u00e9s dans de nombreux b\u00e2timents. Du FM aux solutions d'automatisation et de gestion des b\u00e2timents. > Plus d'infos ici &lt;","og_url":"https:\/\/www.sauter-fm.com\/fr\/entreprise\/references\/industrie\/","og_site_name":"Sauter FM","article_modified_time":"2024-06-17T11:54:36+00:00","og_image":[{"url":"https:\/\/www.sauter-fm.com\/wp-content\/uploads\/sites\/32\/2022\/04\/DJI_0061-300x200.jpg","type":"","width":"","height":""}],"twitter_card":"summary_large_image","twitter_misc":{"Dur\u00e9e de lecture estim\u00e9e":"1 minute"},"schema":{"@context":"https:\/\/schema.org","@graph":[{"@type":"WebPage","@id":"https:\/\/www.sauter-fm.com\/fr\/entreprise\/references\/industrie\/","url":"https:\/\/www.sauter-fm.com\/fr\/entreprise\/references\/industrie\/","name":"L'industrie | SAUTER","isPartOf":{"@id":"https:\/\/www.sauter-fm.com\/#website"},"primaryImageOfPage":{"@id":"https:\/\/www.sauter-fm.com\/fr\/entreprise\/references\/industrie\/#primaryimage"},"image":{"@id":"https:\/\/www.sauter-fm.com\/fr\/entreprise\/references\/industrie\/#primaryimage"},"thumbnailUrl":"https:\/\/www.sauter-fm.com\/wp-content\/uploads\/sites\/32\/2022\/04\/DJI_0061-300x200.jpg","datePublished":"2022-04-07T12:05:33+00:00","dateModified":"2024-06-17T11:54:36+00:00","description":"Nos services sont utilis\u00e9s dans de nombreux b\u00e2timents. Du FM aux solutions d'automatisation et de gestion des b\u00e2timents. > Plus d'infos ici &lt;","breadcrumb":{"@id":"https:\/\/www.sauter-fm.com\/fr\/entreprise\/references\/industrie\/#breadcrumb"},"inLanguage":"fr-FR","potentialAction":[{"@type":"ReadAction","target":["https:\/\/www.sauter-fm.com\/fr\/entreprise\/references\/industrie\/"]}]},{"@type":"ImageObject","inLanguage":"fr-FR","@id":"https:\/\/www.sauter-fm.com\/fr\/entreprise\/references\/industrie\/#primaryimage","url":"https:\/\/www.sauter-fm.com\/wp-content\/uploads\/sites\/32\/2022\/04\/DJI_0061-300x200.jpg","contentUrl":"https:\/\/www.sauter-fm.com\/wp-content\/uploads\/sites\/32\/2022\/04\/DJI_0061-300x200.jpg"},{"@type":"BreadcrumbList","@id":"https:\/\/www.sauter-fm.com\/fr\/entreprise\/references\/industrie\/#breadcrumb","itemListElement":[{"@type":"ListItem","position":1,"name":"Home","item":"https:\/\/www.sauter-fm.com\/fr\/"},{"@type":"ListItem","position":2,"name":"entreprise","item":"https:\/\/www.sauter-fm.com\/fr\/entreprise\/"},{"@type":"ListItem","position":3,"name":"R\u00e9f\u00e9rences","item":"https:\/\/www.sauter-fm.com\/fr\/entreprise\/references\/"},{"@type":"ListItem","position":4,"name":"Industrie"}]},{"@type":"WebSite","@id":"https:\/\/www.sauter-fm.com\/#website","url":"https:\/\/www.sauter-fm.com\/","name":"Sauter FM","description":"SAUTER Facility Management","potentialAction":[{"@type":"SearchAction","target":{"@type":"EntryPoint","urlTemplate":"https:\/\/www.sauter-fm.com\/?s={search_term_string}"},"query-input":{"@type":"PropertyValueSpecification","valueRequired":true,"valueName":"search_term_string"}}],"inLanguage":"fr-FR"}]}},"publishpress_future_action":{"enabled":false,"date":"2026-05-06 06:31:41","action":"change-status","newStatus":"draft","terms":[],"taxonomy":"translation_priority","extraData":[]},"publishpress_future_workflow_manual_trigger":{"enabledWorkflows":[]},"_links":{"self":[{"href":"https:\/\/www.sauter-fm.com\/fr\/wp-json\/wp\/v2\/pages\/3468","targetHints":{"allow":["GET"]}}],"collection":[{"href":"https:\/\/www.sauter-fm.com\/fr\/wp-json\/wp\/v2\/pages"}],"about":[{"href":"https:\/\/www.sauter-fm.com\/fr\/wp-json\/wp\/v2\/types\/page"}],"author":[{"embeddable":true,"href":"https:\/\/www.sauter-fm.com\/fr\/wp-json\/wp\/v2\/users\/1919"}],"replies":[{"embeddable":true,"href":"https:\/\/www.sauter-fm.com\/fr\/wp-json\/wp\/v2\/comments?post=3468"}],"version-history":[{"count":3,"href":"https:\/\/www.sauter-fm.com\/fr\/wp-json\/wp\/v2\/pages\/3468\/revisions"}],"predecessor-version":[{"id":3932,"href":"https:\/\/www.sauter-fm.com\/fr\/wp-json\/wp\/v2\/pages\/3468\/revisions\/3932"}],"up":[{"embeddable":true,"href":"https:\/\/www.sauter-fm.com\/fr\/wp-json\/wp\/v2\/pages\/3449"}],"wp:attachment":[{"href":"https:\/\/www.sauter-fm.com\/fr\/wp-json\/wp\/v2\/media?parent=3468"}],"curies":[{"name":"wp","href":"https:\/\/api.w.org\/{rel}","templated":true}]}}