{"id":3459,"date":"2022-04-07T08:17:46","date_gmt":"2022-04-07T08:17:46","guid":{"rendered":"https:\/\/www.sauter-fm.com\/unternehmen\/referenzen\/einzelhandel\/"},"modified":"2024-06-21T09:46:59","modified_gmt":"2024-06-21T09:46:59","slug":"commerce-de-detail","status":"publish","type":"page","link":"https:\/\/www.sauter-fm.com\/fr\/entreprise\/references\/commerce-de-detail\/","title":{"rendered":"Commerce de d\u00e9tail"},"content":{"rendered":"<h2>A.T.U (<strong>r\u00e9gions nord, sud-est et est de l&rsquo;Allemagne<\/strong>)<\/h2>\n<p>&nbsp;<\/p>\n<table  class=\" table table-hover\" >\n<tbody>\n<tr>\n<td><img decoding=\"async\" class=\"alignnone wp-image-2962 size-medium\" src=\"https:\/\/www.sauter-fm.com\/wp-content\/uploads\/sites\/32\/2022\/04\/ATU_Filiale-300x204.jpg\" alt=\"\" width=\"300\" height=\"204\" srcset=\"https:\/\/www.sauter-fm.com\/wp-content\/uploads\/sites\/32\/2022\/04\/ATU_Filiale-300x204.jpg 300w, https:\/\/www.sauter-fm.com\/wp-content\/uploads\/sites\/32\/2022\/04\/ATU_Filiale-1024x697.jpg 1024w, https:\/\/www.sauter-fm.com\/wp-content\/uploads\/sites\/32\/2022\/04\/ATU_Filiale-768x523.jpg 768w, https:\/\/www.sauter-fm.com\/wp-content\/uploads\/sites\/32\/2022\/04\/ATU_Filiale-1536x1046.jpg 1536w, https:\/\/www.sauter-fm.com\/wp-content\/uploads\/sites\/32\/2022\/04\/ATU_Filiale-2048x1394.jpg 2048w, https:\/\/www.sauter-fm.com\/wp-content\/uploads\/sites\/32\/2022\/04\/ATU_Filiale-225x153.jpg 225w, https:\/\/www.sauter-fm.com\/wp-content\/uploads\/sites\/32\/2022\/04\/ATU_Filiale-1175x800.jpg 1175w\" sizes=\"(max-width: 300px) 100vw, 300px\" \/><\/td>\n<\/tr>\n<\/tbody>\n<\/table>\n<p>&nbsp;<\/p>\n<table  class=\" table table-hover\" >\n<tbody>\n<tr>\n<td><strong>Description:<\/strong><\/td>\n<td>Cha\u00eene d\u2019ateliers\/garages automobiles<\/td>\n<\/tr>\n<tr>\n<td><strong>Prestations:<\/strong><\/td>\n<td>FM technique (exploitation et entretien, surveillance des obligations administratives, contr\u00f4le et maintenance des lots techniques, conciergerie et service de garde)<\/td>\n<\/tr>\n<tr>\n<td><strong>P\u00e9riode de prestation<\/strong><strong>:<\/strong><\/td>\n<td>depuis 2019<\/td>\n<\/tr>\n<\/tbody>\n<\/table>\n<p><a href=\"https:\/\/www.sauter-fm.com\/fr\/entreprise\/references\/\">&lt;&lt;<span class=\"VIiyi\" lang=\"fr\"><span class=\"JLqJ4b ChMk0b\" data-language-for-alternatives=\"fr\" data-language-to-translate-into=\"de\" data-phrase-index=\"0\" data-number-of-phrases=\"1\"><span class=\"Q4iAWc\"> revenir<\/span><\/span><\/span><\/a><\/p>\n","protected":false},"excerpt":{"rendered":"<p>A.T.U (r\u00e9gions nord, sud-est et est de l&rsquo;Allemagne) &nbsp; &nbsp; Description: Cha\u00eene d\u2019ateliers\/garages automobiles Prestations: FM technique (exploitation et entretien, surveillance des obligations administratives, contr\u00f4le et maintenance des lots techniques, conciergerie et service de garde) P\u00e9riode de prestation: depuis 2019 &lt;&lt; revenir<\/p>\n","protected":false},"author":1919,"featured_media":0,"parent":3449,"menu_order":0,"comment_status":"closed","ping_status":"closed","template":"","meta":{"_acf_changed":false,"footnotes":""},"class_list":["post-3459","page","type-page","status-publish","hentry"],"acf":[],"yoast_head":"<!-- This site is optimized with the Yoast SEO plugin v26.1.1 - https:\/\/yoast.com\/wordpress\/plugins\/seo\/ -->\n<title>Commerce de d\u00e9tail | SAUTER<\/title>\n<meta name=\"description\" content=\"Du FM aux solutions d&#039;automatisation et de gestion des b\u00e2timents, les solutions SAUTER&#039;S sont \u00e9galement utilis\u00e9es dans le commerce de d\u00e9tail.\" \/>\n<meta name=\"robots\" content=\"index, follow, max-snippet:-1, max-image-preview:large, max-video-preview:-1\" \/>\n<link rel=\"canonical\" href=\"https:\/\/www.sauter-fm.com\/fr\/entreprise\/references\/commerce-de-detail\/\" \/>\n<meta property=\"og:locale\" content=\"fr_FR\" \/>\n<meta property=\"og:type\" content=\"article\" \/>\n<meta property=\"og:title\" content=\"Commerce de d\u00e9tail | SAUTER\" \/>\n<meta property=\"og:description\" content=\"Du FM aux solutions d&#039;automatisation et de gestion des b\u00e2timents, les solutions SAUTER&#039;S sont \u00e9galement utilis\u00e9es dans le commerce de d\u00e9tail.\" \/>\n<meta property=\"og:url\" content=\"https:\/\/www.sauter-fm.com\/fr\/entreprise\/references\/commerce-de-detail\/\" \/>\n<meta property=\"og:site_name\" content=\"Sauter FM\" \/>\n<meta property=\"article:modified_time\" content=\"2024-06-21T09:46:59+00:00\" \/>\n<meta property=\"og:image\" content=\"https:\/\/www.sauter-fm.com\/wp-content\/uploads\/sites\/32\/2022\/04\/ATU_Filiale-300x204.jpg\" \/>\n<meta name=\"twitter:card\" content=\"summary_large_image\" \/>\n<meta name=\"twitter:label1\" content=\"Dur\u00e9e de lecture estim\u00e9e\" \/>\n\t<meta name=\"twitter:data1\" content=\"1 minute\" \/>\n<script type=\"application\/ld+json\" class=\"yoast-schema-graph\">{\"@context\":\"https:\/\/schema.org\",\"@graph\":[{\"@type\":\"WebPage\",\"@id\":\"https:\/\/www.sauter-fm.com\/fr\/entreprise\/references\/commerce-de-detail\/\",\"url\":\"https:\/\/www.sauter-fm.com\/fr\/entreprise\/references\/commerce-de-detail\/\",\"name\":\"Commerce de d\u00e9tail | SAUTER\",\"isPartOf\":{\"@id\":\"https:\/\/www.sauter-fm.com\/#website\"},\"primaryImageOfPage\":{\"@id\":\"https:\/\/www.sauter-fm.com\/fr\/entreprise\/references\/commerce-de-detail\/#primaryimage\"},\"image\":{\"@id\":\"https:\/\/www.sauter-fm.com\/fr\/entreprise\/references\/commerce-de-detail\/#primaryimage\"},\"thumbnailUrl\":\"https:\/\/www.sauter-fm.com\/wp-content\/uploads\/sites\/32\/2022\/04\/ATU_Filiale-300x204.jpg\",\"datePublished\":\"2022-04-07T08:17:46+00:00\",\"dateModified\":\"2024-06-21T09:46:59+00:00\",\"description\":\"Du FM aux solutions d'automatisation et de gestion des b\u00e2timents, les solutions SAUTER'S sont \u00e9galement utilis\u00e9es dans le commerce de d\u00e9tail.\",\"breadcrumb\":{\"@id\":\"https:\/\/www.sauter-fm.com\/fr\/entreprise\/references\/commerce-de-detail\/#breadcrumb\"},\"inLanguage\":\"fr-FR\",\"potentialAction\":[{\"@type\":\"ReadAction\",\"target\":[\"https:\/\/www.sauter-fm.com\/fr\/entreprise\/references\/commerce-de-detail\/\"]}]},{\"@type\":\"ImageObject\",\"inLanguage\":\"fr-FR\",\"@id\":\"https:\/\/www.sauter-fm.com\/fr\/entreprise\/references\/commerce-de-detail\/#primaryimage\",\"url\":\"https:\/\/www.sauter-fm.com\/wp-content\/uploads\/sites\/32\/2022\/04\/ATU_Filiale-300x204.jpg\",\"contentUrl\":\"https:\/\/www.sauter-fm.com\/wp-content\/uploads\/sites\/32\/2022\/04\/ATU_Filiale-300x204.jpg\"},{\"@type\":\"BreadcrumbList\",\"@id\":\"https:\/\/www.sauter-fm.com\/fr\/entreprise\/references\/commerce-de-detail\/#breadcrumb\",\"itemListElement\":[{\"@type\":\"ListItem\",\"position\":1,\"name\":\"Home\",\"item\":\"https:\/\/www.sauter-fm.com\/fr\/\"},{\"@type\":\"ListItem\",\"position\":2,\"name\":\"entreprise\",\"item\":\"https:\/\/www.sauter-fm.com\/fr\/entreprise\/\"},{\"@type\":\"ListItem\",\"position\":3,\"name\":\"R\u00e9f\u00e9rences\",\"item\":\"https:\/\/www.sauter-fm.com\/fr\/entreprise\/references\/\"},{\"@type\":\"ListItem\",\"position\":4,\"name\":\"Commerce de d\u00e9tail\"}]},{\"@type\":\"WebSite\",\"@id\":\"https:\/\/www.sauter-fm.com\/#website\",\"url\":\"https:\/\/www.sauter-fm.com\/\",\"name\":\"Sauter FM\",\"description\":\"SAUTER Facility Management\",\"potentialAction\":[{\"@type\":\"SearchAction\",\"target\":{\"@type\":\"EntryPoint\",\"urlTemplate\":\"https:\/\/www.sauter-fm.com\/?s={search_term_string}\"},\"query-input\":{\"@type\":\"PropertyValueSpecification\",\"valueRequired\":true,\"valueName\":\"search_term_string\"}}],\"inLanguage\":\"fr-FR\"}]}<\/script>\n<!-- \/ Yoast SEO plugin. -->","yoast_head_json":{"title":"Commerce de d\u00e9tail | SAUTER","description":"Du FM aux solutions d'automatisation et de gestion des b\u00e2timents, les solutions SAUTER'S sont \u00e9galement utilis\u00e9es dans le commerce de d\u00e9tail.","robots":{"index":"index","follow":"follow","max-snippet":"max-snippet:-1","max-image-preview":"max-image-preview:large","max-video-preview":"max-video-preview:-1"},"canonical":"https:\/\/www.sauter-fm.com\/fr\/entreprise\/references\/commerce-de-detail\/","og_locale":"fr_FR","og_type":"article","og_title":"Commerce de d\u00e9tail | SAUTER","og_description":"Du FM aux solutions d'automatisation et de gestion des b\u00e2timents, les solutions SAUTER'S sont \u00e9galement utilis\u00e9es dans le commerce de d\u00e9tail.","og_url":"https:\/\/www.sauter-fm.com\/fr\/entreprise\/references\/commerce-de-detail\/","og_site_name":"Sauter FM","article_modified_time":"2024-06-21T09:46:59+00:00","og_image":[{"url":"https:\/\/www.sauter-fm.com\/wp-content\/uploads\/sites\/32\/2022\/04\/ATU_Filiale-300x204.jpg","type":"","width":"","height":""}],"twitter_card":"summary_large_image","twitter_misc":{"Dur\u00e9e de lecture estim\u00e9e":"1 minute"},"schema":{"@context":"https:\/\/schema.org","@graph":[{"@type":"WebPage","@id":"https:\/\/www.sauter-fm.com\/fr\/entreprise\/references\/commerce-de-detail\/","url":"https:\/\/www.sauter-fm.com\/fr\/entreprise\/references\/commerce-de-detail\/","name":"Commerce de d\u00e9tail | SAUTER","isPartOf":{"@id":"https:\/\/www.sauter-fm.com\/#website"},"primaryImageOfPage":{"@id":"https:\/\/www.sauter-fm.com\/fr\/entreprise\/references\/commerce-de-detail\/#primaryimage"},"image":{"@id":"https:\/\/www.sauter-fm.com\/fr\/entreprise\/references\/commerce-de-detail\/#primaryimage"},"thumbnailUrl":"https:\/\/www.sauter-fm.com\/wp-content\/uploads\/sites\/32\/2022\/04\/ATU_Filiale-300x204.jpg","datePublished":"2022-04-07T08:17:46+00:00","dateModified":"2024-06-21T09:46:59+00:00","description":"Du FM aux solutions d'automatisation et de gestion des b\u00e2timents, les solutions SAUTER'S sont \u00e9galement utilis\u00e9es dans le commerce de d\u00e9tail.","breadcrumb":{"@id":"https:\/\/www.sauter-fm.com\/fr\/entreprise\/references\/commerce-de-detail\/#breadcrumb"},"inLanguage":"fr-FR","potentialAction":[{"@type":"ReadAction","target":["https:\/\/www.sauter-fm.com\/fr\/entreprise\/references\/commerce-de-detail\/"]}]},{"@type":"ImageObject","inLanguage":"fr-FR","@id":"https:\/\/www.sauter-fm.com\/fr\/entreprise\/references\/commerce-de-detail\/#primaryimage","url":"https:\/\/www.sauter-fm.com\/wp-content\/uploads\/sites\/32\/2022\/04\/ATU_Filiale-300x204.jpg","contentUrl":"https:\/\/www.sauter-fm.com\/wp-content\/uploads\/sites\/32\/2022\/04\/ATU_Filiale-300x204.jpg"},{"@type":"BreadcrumbList","@id":"https:\/\/www.sauter-fm.com\/fr\/entreprise\/references\/commerce-de-detail\/#breadcrumb","itemListElement":[{"@type":"ListItem","position":1,"name":"Home","item":"https:\/\/www.sauter-fm.com\/fr\/"},{"@type":"ListItem","position":2,"name":"entreprise","item":"https:\/\/www.sauter-fm.com\/fr\/entreprise\/"},{"@type":"ListItem","position":3,"name":"R\u00e9f\u00e9rences","item":"https:\/\/www.sauter-fm.com\/fr\/entreprise\/references\/"},{"@type":"ListItem","position":4,"name":"Commerce de d\u00e9tail"}]},{"@type":"WebSite","@id":"https:\/\/www.sauter-fm.com\/#website","url":"https:\/\/www.sauter-fm.com\/","name":"Sauter FM","description":"SAUTER Facility Management","potentialAction":[{"@type":"SearchAction","target":{"@type":"EntryPoint","urlTemplate":"https:\/\/www.sauter-fm.com\/?s={search_term_string}"},"query-input":{"@type":"PropertyValueSpecification","valueRequired":true,"valueName":"search_term_string"}}],"inLanguage":"fr-FR"}]}},"publishpress_future_action":{"enabled":false,"date":"2026-05-09 19:42:55","action":"change-status","newStatus":"draft","terms":[],"taxonomy":"translation_priority","extraData":[]},"publishpress_future_workflow_manual_trigger":{"enabledWorkflows":[]},"_links":{"self":[{"href":"https:\/\/www.sauter-fm.com\/fr\/wp-json\/wp\/v2\/pages\/3459","targetHints":{"allow":["GET"]}}],"collection":[{"href":"https:\/\/www.sauter-fm.com\/fr\/wp-json\/wp\/v2\/pages"}],"about":[{"href":"https:\/\/www.sauter-fm.com\/fr\/wp-json\/wp\/v2\/types\/page"}],"author":[{"embeddable":true,"href":"https:\/\/www.sauter-fm.com\/fr\/wp-json\/wp\/v2\/users\/1919"}],"replies":[{"embeddable":true,"href":"https:\/\/www.sauter-fm.com\/fr\/wp-json\/wp\/v2\/comments?post=3459"}],"version-history":[{"count":4,"href":"https:\/\/www.sauter-fm.com\/fr\/wp-json\/wp\/v2\/pages\/3459\/revisions"}],"predecessor-version":[{"id":3930,"href":"https:\/\/www.sauter-fm.com\/fr\/wp-json\/wp\/v2\/pages\/3459\/revisions\/3930"}],"up":[{"embeddable":true,"href":"https:\/\/www.sauter-fm.com\/fr\/wp-json\/wp\/v2\/pages\/3449"}],"wp:attachment":[{"href":"https:\/\/www.sauter-fm.com\/fr\/wp-json\/wp\/v2\/media?parent=3459"}],"curies":[{"name":"wp","href":"https:\/\/api.w.org\/{rel}","templated":true}]}}