{"id":3441,"date":"2021-12-16T10:17:09","date_gmt":"2021-12-16T10:17:09","guid":{"rendered":"https:\/\/www.sauter-fm.com\/compliance-2\/"},"modified":"2024-06-21T12:50:51","modified_gmt":"2024-06-21T12:50:51","slug":"compliance-2","status":"publish","type":"page","link":"https:\/\/www.sauter-fm.com\/fr\/compliance-2\/","title":{"rendered":"Compliance"},"content":{"rendered":"<h2><strong>Politique sociale de SAUTER Allemagne<\/strong><\/h2>\n<p>SAUTER vise une qualit\u00e9 exemplaire dans les produits et les processus, mais aussi dans le comportement. Les valeurs de notre entreprise en constituent la base. Nous sommes fermement convaincus que le respect et la pr\u00e9servation de nos \u00ab\u00a0valeurs SAUTER\u00a0\u00bb seront \u00e9galement \u00e0 l\u2019avenir les bases de notre succ\u00e8s.<\/p>\n<p>Tenus de respecter ces principes commerciaux de SAUTER, nous avons introduit dans notre entreprise des r\u00e8gles et des proc\u00e9dures qui garantissent que nous pouvons tous r\u00e9pondre \u00e0 ces exigences \u00e9lev\u00e9es que nous nous imposons. Ces r\u00e8gles et proc\u00e9dures sont constamment mises \u00e0 jour et adapt\u00e9es aux exigences actuelles et l\u00e9gales. Elles sont accessibles \u00e0 tous les collaborateurs.<\/p>\n<p>Ces principes sont r\u00e9partis par th\u00e8me dans les directives suivantes\u00a0:<\/p>\n<p>&#8211; <a href=\"https:\/\/www.sauter-fm.com\/wp-content\/uploads\/sites\/32\/2022\/06\/Q-UM-AS-Politik_SAUTER_2021-fr-1.pdf\" target=\"_blank\" rel=\"noopener noreferrer\">Politique sur la qualit\u00e9, l\u2019environnement et la s\u00e9curit\u00e9 au travail <\/a>(PDF)<br \/>\n&#8211; <a href=\"https:\/\/www.sauter-fm.com\/wp-content\/uploads\/sites\/32\/2022\/06\/Sauter_Code-de-conduite_2018_f_final.pdf\" target=\"_blank\" rel=\"noopener noreferrer\">Code de conduite <\/a>(PDF)<br \/>\n&#8211; <a href=\"https:\/\/sautergruppe.integrityline.com\/frontpage\" target=\"_blank\" rel=\"noopener noreferrer\">Compliance Helpline<\/a><\/p>\n<p>&nbsp;<\/p>\n<p>En r\u00e9sum\u00e9, ces directives correspondent au code de conduite chez SAUTER (Code of Conduct), dont nous exigeons \u00e9galement le respect de la part de tous nos partenaires commerciaux.<\/p>\n<p>Le strict respect de ces r\u00e8gles fait partie pour nous des principes d\u2019une bonne gestion d\u2019entreprise, raison pour laquelle nous nous engageons nous-m\u00eames et tous nos collaborateurs \u00e0 les respecter.<\/p>\n<h4>Signaler un incident\u00a0:<\/h4>\n<p>Les renseignements s\u00e9rieux nous aident \u00e0 contrer les infractions \u00e0 un stade pr\u00e9coce et \u00e0 r\u00e9duire les dommages pour notre entreprise, nos collaborateurs et nos partenaires commerciaux. C\u2019est pourquoi nous offrons, via notre syst\u00e8me d\u2019alerte, la possibilit\u00e9 de prendre contact pour signaler, de mani\u00e8re anonyme si souhait\u00e9, des infractions.<\/p>\n<p>Tous les collaborateurs de SAUTER, mais aussi les clients, fournisseurs et autres tiers peuvent donner des informations.<\/p>\n<p>Utilisez le lien suivant pour acc\u00e9der \u00e0 notre syst\u00e8me d\u2019alerte SAUTER\u00a0:<\/p>\n<p><a href=\"https:\/\/sautergruppe.integrityline.com\/frontpage\">Syst\u00e8me d\u2019alerte<\/a><\/p>\n","protected":false},"excerpt":{"rendered":"<p>Politique sociale de SAUTER Allemagne SAUTER vise une qualit\u00e9 exemplaire dans les produits et les processus, mais aussi dans le comportement. Les valeurs de notre entreprise en constituent la base. Nous sommes fermement convaincus que le respect et la pr\u00e9servation de nos \u00ab\u00a0valeurs SAUTER\u00a0\u00bb seront \u00e9galement \u00e0 l\u2019avenir les bases de notre succ\u00e8s. Tenus de [&hellip;]<\/p>\n","protected":false},"author":6,"featured_media":0,"parent":0,"menu_order":6,"comment_status":"closed","ping_status":"closed","template":"cadre-flexible.php","meta":{"_acf_changed":false,"footnotes":""},"class_list":["post-3441","page","type-page","status-publish","hentry"],"acf":[],"yoast_head":"<!-- This site is optimized with the Yoast SEO plugin v26.1.1 - https:\/\/yoast.com\/wordpress\/plugins\/seo\/ -->\n<title>Compliance - Valeurs de l&#039;entreprise SAUTER Allemagne<\/title>\n<meta name=\"description\" content=\"SAUTER s&#039;efforce d&#039;atteindre une qualit\u00e9 exemplaire dans ses produits et ses processus, mais aussi dans son comportement.\" \/>\n<meta name=\"robots\" content=\"index, follow, max-snippet:-1, max-image-preview:large, max-video-preview:-1\" \/>\n<link rel=\"canonical\" href=\"https:\/\/www.sauter-fm.com\/fr\/compliance-2\/\" \/>\n<meta property=\"og:locale\" content=\"fr_FR\" \/>\n<meta property=\"og:type\" content=\"article\" \/>\n<meta property=\"og:title\" content=\"Compliance - Valeurs de l&#039;entreprise SAUTER Allemagne\" \/>\n<meta property=\"og:description\" content=\"SAUTER s&#039;efforce d&#039;atteindre une qualit\u00e9 exemplaire dans ses produits et ses processus, mais aussi dans son comportement.\" \/>\n<meta property=\"og:url\" content=\"https:\/\/www.sauter-fm.com\/fr\/compliance-2\/\" \/>\n<meta property=\"og:site_name\" content=\"Sauter FM\" \/>\n<meta property=\"article:modified_time\" content=\"2024-06-21T12:50:51+00:00\" \/>\n<meta name=\"twitter:card\" content=\"summary_large_image\" \/>\n<meta name=\"twitter:label1\" content=\"Dur\u00e9e de lecture estim\u00e9e\" \/>\n\t<meta name=\"twitter:data1\" content=\"2 minutes\" \/>\n<script type=\"application\/ld+json\" class=\"yoast-schema-graph\">{\"@context\":\"https:\/\/schema.org\",\"@graph\":[{\"@type\":\"WebPage\",\"@id\":\"https:\/\/www.sauter-fm.com\/fr\/compliance-2\/\",\"url\":\"https:\/\/www.sauter-fm.com\/fr\/compliance-2\/\",\"name\":\"Compliance - Valeurs de l'entreprise SAUTER Allemagne\",\"isPartOf\":{\"@id\":\"https:\/\/www.sauter-fm.com\/#website\"},\"datePublished\":\"2021-12-16T10:17:09+00:00\",\"dateModified\":\"2024-06-21T12:50:51+00:00\",\"description\":\"SAUTER s'efforce d'atteindre une qualit\u00e9 exemplaire dans ses produits et ses processus, mais aussi dans son comportement.\",\"breadcrumb\":{\"@id\":\"https:\/\/www.sauter-fm.com\/fr\/compliance-2\/#breadcrumb\"},\"inLanguage\":\"fr-FR\",\"potentialAction\":[{\"@type\":\"ReadAction\",\"target\":[\"https:\/\/www.sauter-fm.com\/fr\/compliance-2\/\"]}]},{\"@type\":\"BreadcrumbList\",\"@id\":\"https:\/\/www.sauter-fm.com\/fr\/compliance-2\/#breadcrumb\",\"itemListElement\":[{\"@type\":\"ListItem\",\"position\":1,\"name\":\"Home\",\"item\":\"https:\/\/www.sauter-fm.com\/fr\/\"},{\"@type\":\"ListItem\",\"position\":2,\"name\":\"Compliance\"}]},{\"@type\":\"WebSite\",\"@id\":\"https:\/\/www.sauter-fm.com\/#website\",\"url\":\"https:\/\/www.sauter-fm.com\/\",\"name\":\"Sauter FM\",\"description\":\"SAUTER Facility Management\",\"potentialAction\":[{\"@type\":\"SearchAction\",\"target\":{\"@type\":\"EntryPoint\",\"urlTemplate\":\"https:\/\/www.sauter-fm.com\/?s={search_term_string}\"},\"query-input\":{\"@type\":\"PropertyValueSpecification\",\"valueRequired\":true,\"valueName\":\"search_term_string\"}}],\"inLanguage\":\"fr-FR\"}]}<\/script>\n<!-- \/ Yoast SEO plugin. -->","yoast_head_json":{"title":"Compliance - Valeurs de l'entreprise SAUTER Allemagne","description":"SAUTER s'efforce d'atteindre une qualit\u00e9 exemplaire dans ses produits et ses processus, mais aussi dans son comportement.","robots":{"index":"index","follow":"follow","max-snippet":"max-snippet:-1","max-image-preview":"max-image-preview:large","max-video-preview":"max-video-preview:-1"},"canonical":"https:\/\/www.sauter-fm.com\/fr\/compliance-2\/","og_locale":"fr_FR","og_type":"article","og_title":"Compliance - Valeurs de l'entreprise SAUTER Allemagne","og_description":"SAUTER s'efforce d'atteindre une qualit\u00e9 exemplaire dans ses produits et ses processus, mais aussi dans son comportement.","og_url":"https:\/\/www.sauter-fm.com\/fr\/compliance-2\/","og_site_name":"Sauter FM","article_modified_time":"2024-06-21T12:50:51+00:00","twitter_card":"summary_large_image","twitter_misc":{"Dur\u00e9e de lecture estim\u00e9e":"2 minutes"},"schema":{"@context":"https:\/\/schema.org","@graph":[{"@type":"WebPage","@id":"https:\/\/www.sauter-fm.com\/fr\/compliance-2\/","url":"https:\/\/www.sauter-fm.com\/fr\/compliance-2\/","name":"Compliance - Valeurs de l'entreprise SAUTER Allemagne","isPartOf":{"@id":"https:\/\/www.sauter-fm.com\/#website"},"datePublished":"2021-12-16T10:17:09+00:00","dateModified":"2024-06-21T12:50:51+00:00","description":"SAUTER s'efforce d'atteindre une qualit\u00e9 exemplaire dans ses produits et ses processus, mais aussi dans son comportement.","breadcrumb":{"@id":"https:\/\/www.sauter-fm.com\/fr\/compliance-2\/#breadcrumb"},"inLanguage":"fr-FR","potentialAction":[{"@type":"ReadAction","target":["https:\/\/www.sauter-fm.com\/fr\/compliance-2\/"]}]},{"@type":"BreadcrumbList","@id":"https:\/\/www.sauter-fm.com\/fr\/compliance-2\/#breadcrumb","itemListElement":[{"@type":"ListItem","position":1,"name":"Home","item":"https:\/\/www.sauter-fm.com\/fr\/"},{"@type":"ListItem","position":2,"name":"Compliance"}]},{"@type":"WebSite","@id":"https:\/\/www.sauter-fm.com\/#website","url":"https:\/\/www.sauter-fm.com\/","name":"Sauter FM","description":"SAUTER Facility Management","potentialAction":[{"@type":"SearchAction","target":{"@type":"EntryPoint","urlTemplate":"https:\/\/www.sauter-fm.com\/?s={search_term_string}"},"query-input":{"@type":"PropertyValueSpecification","valueRequired":true,"valueName":"search_term_string"}}],"inLanguage":"fr-FR"}]}},"publishpress_future_action":{"enabled":false,"date":"2026-05-13 06:57:41","action":"change-status","newStatus":"draft","terms":[],"taxonomy":"translation_priority","extraData":[]},"publishpress_future_workflow_manual_trigger":{"enabledWorkflows":[]},"_links":{"self":[{"href":"https:\/\/www.sauter-fm.com\/fr\/wp-json\/wp\/v2\/pages\/3441","targetHints":{"allow":["GET"]}}],"collection":[{"href":"https:\/\/www.sauter-fm.com\/fr\/wp-json\/wp\/v2\/pages"}],"about":[{"href":"https:\/\/www.sauter-fm.com\/fr\/wp-json\/wp\/v2\/types\/page"}],"author":[{"embeddable":true,"href":"https:\/\/www.sauter-fm.com\/fr\/wp-json\/wp\/v2\/users\/6"}],"replies":[{"embeddable":true,"href":"https:\/\/www.sauter-fm.com\/fr\/wp-json\/wp\/v2\/comments?post=3441"}],"version-history":[{"count":3,"href":"https:\/\/www.sauter-fm.com\/fr\/wp-json\/wp\/v2\/pages\/3441\/revisions"}],"predecessor-version":[{"id":3750,"href":"https:\/\/www.sauter-fm.com\/fr\/wp-json\/wp\/v2\/pages\/3441\/revisions\/3750"}],"wp:attachment":[{"href":"https:\/\/www.sauter-fm.com\/fr\/wp-json\/wp\/v2\/media?parent=3441"}],"curies":[{"name":"wp","href":"https:\/\/api.w.org\/{rel}","templated":true}]}}