{"id":3406,"date":"2021-10-21T09:29:14","date_gmt":"2021-10-21T09:29:14","guid":{"rendered":"https:\/\/www.sauter-fm.com\/kaufmaennisches-fm\/planung-umsetzung-kontrolle-von-baulichen-massnahmen\/"},"modified":"2024-06-21T08:20:45","modified_gmt":"2024-06-21T08:20:45","slug":"planification-mise-en-oeuvre-et-controle-des-mesures-de-construction","status":"publish","type":"page","link":"https:\/\/www.sauter-fm.com\/fr\/services\/fm-commercial\/planification-mise-en-oeuvre-et-controle-des-mesures-de-construction\/","title":{"rendered":"Appel d\u2019offres, attribution, mise en \u0153uvre et contr\u00f4le des mesures de construction"},"content":{"rendered":"<p><img decoding=\"async\" class=\"size-medium wp-image-2271 alignleft\" src=\"https:\/\/www.sauter-fm.com\/wp-content\/uploads\/sites\/32\/2022\/02\/SAUTER_Kfm_FM_Planung_Umsetzung_353x212_Verlauf-300x180.jpg\" alt=\"\" width=\"300\" height=\"180\" srcset=\"https:\/\/www.sauter-fm.com\/wp-content\/uploads\/sites\/32\/2022\/02\/SAUTER_Kfm_FM_Planung_Umsetzung_353x212_Verlauf-300x180.jpg 300w, https:\/\/www.sauter-fm.com\/wp-content\/uploads\/sites\/32\/2022\/02\/SAUTER_Kfm_FM_Planung_Umsetzung_353x212_Verlauf-225x135.jpg 225w, https:\/\/www.sauter-fm.com\/wp-content\/uploads\/sites\/32\/2022\/02\/SAUTER_Kfm_FM_Planung_Umsetzung_353x212_Verlauf.jpg 353w\" sizes=\"(max-width: 300px) 100vw, 300px\" \/><\/p>\n<p>En ce qui concerne la planification, la mise en \u0153uvre et le contr\u00f4le de l\u2019ex\u00e9cution des mesures de construction dans les biens immobiliers, l\u2019administration d\u2019immeubles assume une fonction essentielle de coordination et de contr\u00f4le en \u00e9tant l\u2019interface avec les propri\u00e9taires, le bureau de d\u00e9veloppement de projets, les entreprises sp\u00e9cialis\u00e9es ex\u00e9cutant les travaux, les locataires ainsi que la gestion technique des biens immobiliers.<\/p>\n<p>Une attention particuli\u00e8re est accord\u00e9e \u00e0 l\u2019harmonisation permanente de la r\u00e9alisation des mesures et de la planification en amont, en termes de temps et de budget.<\/p>\n<p>Apr\u00e8s l\u2019ach\u00e8vement des mesures de construction, le contr\u00f4le et le reporting des d\u00e9lais de garantie ainsi que la mise en \u0153uvre juridiquement s\u00fbre et coh\u00e9rente des droits de garantie constituent \u00e9galement une t\u00e2che partielle importante de l\u2019administration d\u2019immeubles. L\u2019objectif est de contribuer de mani\u00e8re significative \u00e0 la garantie de bon fonctionnement d\u2019un bien immobilier gr\u00e2ce \u00e0 une gestion efficace des garanties.<\/p>\n","protected":false},"excerpt":{"rendered":"<p>En ce qui concerne la planification, la mise en \u0153uvre et le contr\u00f4le de l\u2019ex\u00e9cution des mesures de construction dans les biens immobiliers, l\u2019administration d\u2019immeubles assume une fonction essentielle de coordination et de contr\u00f4le en \u00e9tant l\u2019interface avec les propri\u00e9taires, le bureau de d\u00e9veloppement de projets, les entreprises sp\u00e9cialis\u00e9es ex\u00e9cutant les travaux, les locataires ainsi [&hellip;]<\/p>\n","protected":false},"author":48,"featured_media":0,"parent":3390,"menu_order":0,"comment_status":"closed","ping_status":"closed","template":"","meta":{"_acf_changed":false,"footnotes":""},"class_list":["post-3406","page","type-page","status-publish","hentry"],"acf":[],"yoast_head":"<!-- This site is optimized with the Yoast SEO plugin v26.1.1 - https:\/\/yoast.com\/wordpress\/plugins\/seo\/ -->\n<title>Mesures de construction | SAUTER<\/title>\n<meta name=\"description\" content=\"Le Property Management assume une fonction essentielle de coordination et de contr\u00f4le. Vous trouverez plus d&#039;informations ici!\" \/>\n<meta name=\"robots\" content=\"index, follow, max-snippet:-1, max-image-preview:large, max-video-preview:-1\" \/>\n<link rel=\"canonical\" href=\"https:\/\/www.sauter-fm.com\/fr\/services\/fm-commercial\/planification-mise-en-oeuvre-et-controle-des-mesures-de-construction\/\" \/>\n<meta property=\"og:locale\" content=\"fr_FR\" \/>\n<meta property=\"og:type\" content=\"article\" \/>\n<meta property=\"og:title\" content=\"Mesures de construction | SAUTER\" \/>\n<meta property=\"og:description\" content=\"Le Property Management assume une fonction essentielle de coordination et de contr\u00f4le. Vous trouverez plus d&#039;informations ici!\" \/>\n<meta property=\"og:url\" content=\"https:\/\/www.sauter-fm.com\/fr\/services\/fm-commercial\/planification-mise-en-oeuvre-et-controle-des-mesures-de-construction\/\" \/>\n<meta property=\"og:site_name\" content=\"Sauter FM\" \/>\n<meta property=\"article:modified_time\" content=\"2024-06-21T08:20:45+00:00\" \/>\n<meta property=\"og:image\" content=\"https:\/\/www.sauter-fm.com\/wp-content\/uploads\/sites\/32\/2022\/02\/SAUTER_Kfm_FM_Planung_Umsetzung_353x212_Verlauf-300x180.jpg\" \/>\n<meta name=\"twitter:card\" content=\"summary_large_image\" \/>\n<meta name=\"twitter:label1\" content=\"Dur\u00e9e de lecture estim\u00e9e\" \/>\n\t<meta name=\"twitter:data1\" content=\"2 minutes\" \/>\n<script type=\"application\/ld+json\" class=\"yoast-schema-graph\">{\"@context\":\"https:\/\/schema.org\",\"@graph\":[{\"@type\":\"WebPage\",\"@id\":\"https:\/\/www.sauter-fm.com\/fr\/services\/fm-commercial\/planification-mise-en-oeuvre-et-controle-des-mesures-de-construction\/\",\"url\":\"https:\/\/www.sauter-fm.com\/fr\/services\/fm-commercial\/planification-mise-en-oeuvre-et-controle-des-mesures-de-construction\/\",\"name\":\"Mesures de construction | SAUTER\",\"isPartOf\":{\"@id\":\"https:\/\/www.sauter-fm.com\/#website\"},\"primaryImageOfPage\":{\"@id\":\"https:\/\/www.sauter-fm.com\/fr\/services\/fm-commercial\/planification-mise-en-oeuvre-et-controle-des-mesures-de-construction\/#primaryimage\"},\"image\":{\"@id\":\"https:\/\/www.sauter-fm.com\/fr\/services\/fm-commercial\/planification-mise-en-oeuvre-et-controle-des-mesures-de-construction\/#primaryimage\"},\"thumbnailUrl\":\"https:\/\/www.sauter-fm.com\/wp-content\/uploads\/sites\/32\/2022\/02\/SAUTER_Kfm_FM_Planung_Umsetzung_353x212_Verlauf-300x180.jpg\",\"datePublished\":\"2021-10-21T09:29:14+00:00\",\"dateModified\":\"2024-06-21T08:20:45+00:00\",\"description\":\"Le Property Management assume une fonction essentielle de coordination et de contr\u00f4le. Vous trouverez plus d'informations ici!\",\"breadcrumb\":{\"@id\":\"https:\/\/www.sauter-fm.com\/fr\/services\/fm-commercial\/planification-mise-en-oeuvre-et-controle-des-mesures-de-construction\/#breadcrumb\"},\"inLanguage\":\"fr-FR\",\"potentialAction\":[{\"@type\":\"ReadAction\",\"target\":[\"https:\/\/www.sauter-fm.com\/fr\/services\/fm-commercial\/planification-mise-en-oeuvre-et-controle-des-mesures-de-construction\/\"]}]},{\"@type\":\"ImageObject\",\"inLanguage\":\"fr-FR\",\"@id\":\"https:\/\/www.sauter-fm.com\/fr\/services\/fm-commercial\/planification-mise-en-oeuvre-et-controle-des-mesures-de-construction\/#primaryimage\",\"url\":\"https:\/\/www.sauter-fm.com\/wp-content\/uploads\/sites\/32\/2022\/02\/SAUTER_Kfm_FM_Planung_Umsetzung_353x212_Verlauf-300x180.jpg\",\"contentUrl\":\"https:\/\/www.sauter-fm.com\/wp-content\/uploads\/sites\/32\/2022\/02\/SAUTER_Kfm_FM_Planung_Umsetzung_353x212_Verlauf-300x180.jpg\"},{\"@type\":\"BreadcrumbList\",\"@id\":\"https:\/\/www.sauter-fm.com\/fr\/services\/fm-commercial\/planification-mise-en-oeuvre-et-controle-des-mesures-de-construction\/#breadcrumb\",\"itemListElement\":[{\"@type\":\"ListItem\",\"position\":1,\"name\":\"Home\",\"item\":\"https:\/\/www.sauter-fm.com\/fr\/\"},{\"@type\":\"ListItem\",\"position\":2,\"name\":\"Services\",\"item\":\"https:\/\/www.sauter-fm.com\/fr\/services\/\"},{\"@type\":\"ListItem\",\"position\":3,\"name\":\"FM commercial\",\"item\":\"https:\/\/www.sauter-fm.com\/fr\/services\/fm-commercial\/\"},{\"@type\":\"ListItem\",\"position\":4,\"name\":\"Appel d\u2019offres, attribution, mise en \u0153uvre et contr\u00f4le des mesures de construction\"}]},{\"@type\":\"WebSite\",\"@id\":\"https:\/\/www.sauter-fm.com\/#website\",\"url\":\"https:\/\/www.sauter-fm.com\/\",\"name\":\"Sauter FM\",\"description\":\"SAUTER Facility Management\",\"potentialAction\":[{\"@type\":\"SearchAction\",\"target\":{\"@type\":\"EntryPoint\",\"urlTemplate\":\"https:\/\/www.sauter-fm.com\/?s={search_term_string}\"},\"query-input\":{\"@type\":\"PropertyValueSpecification\",\"valueRequired\":true,\"valueName\":\"search_term_string\"}}],\"inLanguage\":\"fr-FR\"}]}<\/script>\n<!-- \/ Yoast SEO plugin. -->","yoast_head_json":{"title":"Mesures de construction | SAUTER","description":"Le Property Management assume une fonction essentielle de coordination et de contr\u00f4le. Vous trouverez plus d'informations ici!","robots":{"index":"index","follow":"follow","max-snippet":"max-snippet:-1","max-image-preview":"max-image-preview:large","max-video-preview":"max-video-preview:-1"},"canonical":"https:\/\/www.sauter-fm.com\/fr\/services\/fm-commercial\/planification-mise-en-oeuvre-et-controle-des-mesures-de-construction\/","og_locale":"fr_FR","og_type":"article","og_title":"Mesures de construction | SAUTER","og_description":"Le Property Management assume une fonction essentielle de coordination et de contr\u00f4le. Vous trouverez plus d'informations ici!","og_url":"https:\/\/www.sauter-fm.com\/fr\/services\/fm-commercial\/planification-mise-en-oeuvre-et-controle-des-mesures-de-construction\/","og_site_name":"Sauter FM","article_modified_time":"2024-06-21T08:20:45+00:00","og_image":[{"url":"https:\/\/www.sauter-fm.com\/wp-content\/uploads\/sites\/32\/2022\/02\/SAUTER_Kfm_FM_Planung_Umsetzung_353x212_Verlauf-300x180.jpg","type":"","width":"","height":""}],"twitter_card":"summary_large_image","twitter_misc":{"Dur\u00e9e de lecture estim\u00e9e":"2 minutes"},"schema":{"@context":"https:\/\/schema.org","@graph":[{"@type":"WebPage","@id":"https:\/\/www.sauter-fm.com\/fr\/services\/fm-commercial\/planification-mise-en-oeuvre-et-controle-des-mesures-de-construction\/","url":"https:\/\/www.sauter-fm.com\/fr\/services\/fm-commercial\/planification-mise-en-oeuvre-et-controle-des-mesures-de-construction\/","name":"Mesures de construction | SAUTER","isPartOf":{"@id":"https:\/\/www.sauter-fm.com\/#website"},"primaryImageOfPage":{"@id":"https:\/\/www.sauter-fm.com\/fr\/services\/fm-commercial\/planification-mise-en-oeuvre-et-controle-des-mesures-de-construction\/#primaryimage"},"image":{"@id":"https:\/\/www.sauter-fm.com\/fr\/services\/fm-commercial\/planification-mise-en-oeuvre-et-controle-des-mesures-de-construction\/#primaryimage"},"thumbnailUrl":"https:\/\/www.sauter-fm.com\/wp-content\/uploads\/sites\/32\/2022\/02\/SAUTER_Kfm_FM_Planung_Umsetzung_353x212_Verlauf-300x180.jpg","datePublished":"2021-10-21T09:29:14+00:00","dateModified":"2024-06-21T08:20:45+00:00","description":"Le Property Management assume une fonction essentielle de coordination et de contr\u00f4le. Vous trouverez plus d'informations ici!","breadcrumb":{"@id":"https:\/\/www.sauter-fm.com\/fr\/services\/fm-commercial\/planification-mise-en-oeuvre-et-controle-des-mesures-de-construction\/#breadcrumb"},"inLanguage":"fr-FR","potentialAction":[{"@type":"ReadAction","target":["https:\/\/www.sauter-fm.com\/fr\/services\/fm-commercial\/planification-mise-en-oeuvre-et-controle-des-mesures-de-construction\/"]}]},{"@type":"ImageObject","inLanguage":"fr-FR","@id":"https:\/\/www.sauter-fm.com\/fr\/services\/fm-commercial\/planification-mise-en-oeuvre-et-controle-des-mesures-de-construction\/#primaryimage","url":"https:\/\/www.sauter-fm.com\/wp-content\/uploads\/sites\/32\/2022\/02\/SAUTER_Kfm_FM_Planung_Umsetzung_353x212_Verlauf-300x180.jpg","contentUrl":"https:\/\/www.sauter-fm.com\/wp-content\/uploads\/sites\/32\/2022\/02\/SAUTER_Kfm_FM_Planung_Umsetzung_353x212_Verlauf-300x180.jpg"},{"@type":"BreadcrumbList","@id":"https:\/\/www.sauter-fm.com\/fr\/services\/fm-commercial\/planification-mise-en-oeuvre-et-controle-des-mesures-de-construction\/#breadcrumb","itemListElement":[{"@type":"ListItem","position":1,"name":"Home","item":"https:\/\/www.sauter-fm.com\/fr\/"},{"@type":"ListItem","position":2,"name":"Services","item":"https:\/\/www.sauter-fm.com\/fr\/services\/"},{"@type":"ListItem","position":3,"name":"FM commercial","item":"https:\/\/www.sauter-fm.com\/fr\/services\/fm-commercial\/"},{"@type":"ListItem","position":4,"name":"Appel d\u2019offres, attribution, mise en \u0153uvre et contr\u00f4le des mesures de construction"}]},{"@type":"WebSite","@id":"https:\/\/www.sauter-fm.com\/#website","url":"https:\/\/www.sauter-fm.com\/","name":"Sauter FM","description":"SAUTER Facility Management","potentialAction":[{"@type":"SearchAction","target":{"@type":"EntryPoint","urlTemplate":"https:\/\/www.sauter-fm.com\/?s={search_term_string}"},"query-input":{"@type":"PropertyValueSpecification","valueRequired":true,"valueName":"search_term_string"}}],"inLanguage":"fr-FR"}]}},"publishpress_future_action":{"enabled":false,"date":"2026-05-23 01:24:02","action":"change-status","newStatus":"draft","terms":[],"taxonomy":"translation_priority","extraData":[]},"publishpress_future_workflow_manual_trigger":{"enabledWorkflows":[]},"_links":{"self":[{"href":"https:\/\/www.sauter-fm.com\/fr\/wp-json\/wp\/v2\/pages\/3406","targetHints":{"allow":["GET"]}}],"collection":[{"href":"https:\/\/www.sauter-fm.com\/fr\/wp-json\/wp\/v2\/pages"}],"about":[{"href":"https:\/\/www.sauter-fm.com\/fr\/wp-json\/wp\/v2\/types\/page"}],"author":[{"embeddable":true,"href":"https:\/\/www.sauter-fm.com\/fr\/wp-json\/wp\/v2\/users\/48"}],"replies":[{"embeddable":true,"href":"https:\/\/www.sauter-fm.com\/fr\/wp-json\/wp\/v2\/comments?post=3406"}],"version-history":[{"count":4,"href":"https:\/\/www.sauter-fm.com\/fr\/wp-json\/wp\/v2\/pages\/3406\/revisions"}],"predecessor-version":[{"id":7217,"href":"https:\/\/www.sauter-fm.com\/fr\/wp-json\/wp\/v2\/pages\/3406\/revisions\/7217"}],"up":[{"embeddable":true,"href":"https:\/\/www.sauter-fm.com\/fr\/wp-json\/wp\/v2\/pages\/3390"}],"wp:attachment":[{"href":"https:\/\/www.sauter-fm.com\/fr\/wp-json\/wp\/v2\/media?parent=3406"}],"curies":[{"name":"wp","href":"https:\/\/api.w.org\/{rel}","templated":true}]}}