{"id":3403,"date":"2021-10-21T09:27:14","date_gmt":"2021-10-21T09:27:14","guid":{"rendered":"https:\/\/www.sauter-fm.com\/kaufmaennisches-fm\/reporting-wirtschafts-budgetplanung-und-steuerung\/"},"modified":"2024-06-21T08:19:12","modified_gmt":"2024-06-21T08:19:12","slug":"reporting-planification-et-gestion-economique-budgetaire","status":"publish","type":"page","link":"https:\/\/www.sauter-fm.com\/fr\/services\/fm-commercial\/reporting-planification-et-gestion-economique-budgetaire\/","title":{"rendered":"Reporting, planification et gestion du budget"},"content":{"rendered":"<p><img decoding=\"async\" class=\"size-medium wp-image-2270 alignleft\" src=\"https:\/\/www.sauter-fm.com\/wp-content\/uploads\/sites\/32\/2022\/02\/SAUTER_Kfm_FM_Reporting_353x212_Verlauf-300x180.jpg\" alt=\"\" width=\"300\" height=\"180\" srcset=\"https:\/\/www.sauter-fm.com\/wp-content\/uploads\/sites\/32\/2022\/02\/SAUTER_Kfm_FM_Reporting_353x212_Verlauf-300x180.jpg 300w, https:\/\/www.sauter-fm.com\/wp-content\/uploads\/sites\/32\/2022\/02\/SAUTER_Kfm_FM_Reporting_353x212_Verlauf-225x135.jpg 225w, https:\/\/www.sauter-fm.com\/wp-content\/uploads\/sites\/32\/2022\/02\/SAUTER_Kfm_FM_Reporting_353x212_Verlauf.jpg 353w\" sizes=\"(max-width: 300px) 100vw, 300px\" \/><\/p>\n<p>Des rapports transparents et pr\u00e9cis, des planifications \u00e9conomiques et budg\u00e9taires pour les portefeuilles de biens immobiliers ou d\u2019objets constituent la base d\u2019une action cibl\u00e9e et pr\u00e9voyante \u00e0 court, moyen et long terme.<\/p>\n<p>En concertation avec les propri\u00e9taires et la gestion d\u2019actifs, l\u2019administration d\u2019immeubles de SAUTER d\u00e9termine les besoins sp\u00e9cifiques du bien immobilier ou du client et les met en \u0153uvre en respectant les processus de la mani\u00e8re la plus syst\u00e9mique possible.<\/p>\n<p>Dans ce contexte, les th\u00e8mes de l\u2019\u00e9talonnage comparatif et du d\u00e9veloppement durable occupent une place de plus en plus importante dans le secteur immobilier.<\/p>\n<p>L\u2019abr\u00e9viation \u00ab\u00a0ESG\u00a0\u00bb regroupe les param\u00e8tres Environnement, Social (conditions de travail, syst\u00e8me de sant\u00e9, s\u00e9curit\u00e9) et Gouvernance (bonne gestion d\u2019entreprise). Les exigences d\u00e9coulant de ces crit\u00e8res sont de plus en plus d\u00e9cisives pour les entreprises immobili\u00e8res au niveau local, r\u00e9gional, national et international.<\/p>\n<p>La prise en compte de ces crit\u00e8res de durabilit\u00e9 dans la gestion quotidienne des biens immobiliers, la mise en \u0153uvre d\u2019un reporting transparent ainsi que la d\u00e9duction des actions n\u00e9cessaires \u00e0 entreprendre en collaboration avec tous les partenaires impliqu\u00e9s dans la gestion d\u2019un b\u00e2timent constituent de plus en plus un point essentiel de notre facility management commercial.<\/p>\n<p>&nbsp;<\/p>\n","protected":false},"excerpt":{"rendered":"<p>Des rapports transparents et pr\u00e9cis, des planifications \u00e9conomiques et budg\u00e9taires pour les portefeuilles de biens immobiliers ou d\u2019objets constituent la base d\u2019une action cibl\u00e9e et pr\u00e9voyante \u00e0 court, moyen et long terme. En concertation avec les propri\u00e9taires et la gestion d\u2019actifs, l\u2019administration d\u2019immeubles de SAUTER d\u00e9termine les besoins sp\u00e9cifiques du bien immobilier ou du client [&hellip;]<\/p>\n","protected":false},"author":48,"featured_media":0,"parent":3390,"menu_order":0,"comment_status":"closed","ping_status":"closed","template":"","meta":{"_acf_changed":false,"footnotes":""},"class_list":["post-3403","page","type-page","status-publish","hentry"],"acf":[],"yoast_head":"<!-- This site is optimized with the Yoast SEO plugin v26.1.1 - https:\/\/yoast.com\/wordpress\/plugins\/seo\/ -->\n<title>Reporting, planification et gestion du budget | SAUTER<\/title>\n<meta name=\"description\" content=\"Des rapports transparents et adapt\u00e9s, des planifications \u00e9conomiques et budg\u00e9taires pour les biens immobiliers ou les ensembles d&#039;objets.\" \/>\n<meta name=\"robots\" content=\"index, follow, max-snippet:-1, max-image-preview:large, max-video-preview:-1\" \/>\n<link rel=\"canonical\" href=\"https:\/\/www.sauter-fm.com\/fr\/services\/fm-commercial\/reporting-planification-et-gestion-economique-budgetaire\/\" \/>\n<meta property=\"og:locale\" content=\"fr_FR\" \/>\n<meta property=\"og:type\" content=\"article\" \/>\n<meta property=\"og:title\" content=\"Reporting, planification et gestion du budget | SAUTER\" \/>\n<meta property=\"og:description\" content=\"Des rapports transparents et adapt\u00e9s, des planifications \u00e9conomiques et budg\u00e9taires pour les biens immobiliers ou les ensembles d&#039;objets.\" \/>\n<meta property=\"og:url\" content=\"https:\/\/www.sauter-fm.com\/fr\/services\/fm-commercial\/reporting-planification-et-gestion-economique-budgetaire\/\" \/>\n<meta property=\"og:site_name\" content=\"Sauter FM\" \/>\n<meta property=\"article:modified_time\" content=\"2024-06-21T08:19:12+00:00\" \/>\n<meta property=\"og:image\" content=\"https:\/\/www.sauter-fm.com\/wp-content\/uploads\/sites\/32\/2022\/02\/SAUTER_Kfm_FM_Reporting_353x212_Verlauf-300x180.jpg\" \/>\n<meta name=\"twitter:card\" content=\"summary_large_image\" \/>\n<meta name=\"twitter:label1\" content=\"Dur\u00e9e de lecture estim\u00e9e\" \/>\n\t<meta name=\"twitter:data1\" content=\"2 minutes\" \/>\n<script type=\"application\/ld+json\" class=\"yoast-schema-graph\">{\"@context\":\"https:\/\/schema.org\",\"@graph\":[{\"@type\":\"WebPage\",\"@id\":\"https:\/\/www.sauter-fm.com\/fr\/services\/fm-commercial\/reporting-planification-et-gestion-economique-budgetaire\/\",\"url\":\"https:\/\/www.sauter-fm.com\/fr\/services\/fm-commercial\/reporting-planification-et-gestion-economique-budgetaire\/\",\"name\":\"Reporting, planification et gestion du budget | SAUTER\",\"isPartOf\":{\"@id\":\"https:\/\/www.sauter-fm.com\/#website\"},\"primaryImageOfPage\":{\"@id\":\"https:\/\/www.sauter-fm.com\/fr\/services\/fm-commercial\/reporting-planification-et-gestion-economique-budgetaire\/#primaryimage\"},\"image\":{\"@id\":\"https:\/\/www.sauter-fm.com\/fr\/services\/fm-commercial\/reporting-planification-et-gestion-economique-budgetaire\/#primaryimage\"},\"thumbnailUrl\":\"https:\/\/www.sauter-fm.com\/wp-content\/uploads\/sites\/32\/2022\/02\/SAUTER_Kfm_FM_Reporting_353x212_Verlauf-300x180.jpg\",\"datePublished\":\"2021-10-21T09:27:14+00:00\",\"dateModified\":\"2024-06-21T08:19:12+00:00\",\"description\":\"Des rapports transparents et adapt\u00e9s, des planifications \u00e9conomiques et budg\u00e9taires pour les biens immobiliers ou les ensembles d'objets.\",\"breadcrumb\":{\"@id\":\"https:\/\/www.sauter-fm.com\/fr\/services\/fm-commercial\/reporting-planification-et-gestion-economique-budgetaire\/#breadcrumb\"},\"inLanguage\":\"fr-FR\",\"potentialAction\":[{\"@type\":\"ReadAction\",\"target\":[\"https:\/\/www.sauter-fm.com\/fr\/services\/fm-commercial\/reporting-planification-et-gestion-economique-budgetaire\/\"]}]},{\"@type\":\"ImageObject\",\"inLanguage\":\"fr-FR\",\"@id\":\"https:\/\/www.sauter-fm.com\/fr\/services\/fm-commercial\/reporting-planification-et-gestion-economique-budgetaire\/#primaryimage\",\"url\":\"https:\/\/www.sauter-fm.com\/wp-content\/uploads\/sites\/32\/2022\/02\/SAUTER_Kfm_FM_Reporting_353x212_Verlauf-300x180.jpg\",\"contentUrl\":\"https:\/\/www.sauter-fm.com\/wp-content\/uploads\/sites\/32\/2022\/02\/SAUTER_Kfm_FM_Reporting_353x212_Verlauf-300x180.jpg\"},{\"@type\":\"BreadcrumbList\",\"@id\":\"https:\/\/www.sauter-fm.com\/fr\/services\/fm-commercial\/reporting-planification-et-gestion-economique-budgetaire\/#breadcrumb\",\"itemListElement\":[{\"@type\":\"ListItem\",\"position\":1,\"name\":\"Home\",\"item\":\"https:\/\/www.sauter-fm.com\/fr\/\"},{\"@type\":\"ListItem\",\"position\":2,\"name\":\"Services\",\"item\":\"https:\/\/www.sauter-fm.com\/fr\/services\/\"},{\"@type\":\"ListItem\",\"position\":3,\"name\":\"FM commercial\",\"item\":\"https:\/\/www.sauter-fm.com\/fr\/services\/fm-commercial\/\"},{\"@type\":\"ListItem\",\"position\":4,\"name\":\"Reporting, planification et gestion du budget\"}]},{\"@type\":\"WebSite\",\"@id\":\"https:\/\/www.sauter-fm.com\/#website\",\"url\":\"https:\/\/www.sauter-fm.com\/\",\"name\":\"Sauter FM\",\"description\":\"SAUTER Facility Management\",\"potentialAction\":[{\"@type\":\"SearchAction\",\"target\":{\"@type\":\"EntryPoint\",\"urlTemplate\":\"https:\/\/www.sauter-fm.com\/?s={search_term_string}\"},\"query-input\":{\"@type\":\"PropertyValueSpecification\",\"valueRequired\":true,\"valueName\":\"search_term_string\"}}],\"inLanguage\":\"fr-FR\"}]}<\/script>\n<!-- \/ Yoast SEO plugin. -->","yoast_head_json":{"title":"Reporting, planification et gestion du budget | SAUTER","description":"Des rapports transparents et adapt\u00e9s, des planifications \u00e9conomiques et budg\u00e9taires pour les biens immobiliers ou les ensembles d'objets.","robots":{"index":"index","follow":"follow","max-snippet":"max-snippet:-1","max-image-preview":"max-image-preview:large","max-video-preview":"max-video-preview:-1"},"canonical":"https:\/\/www.sauter-fm.com\/fr\/services\/fm-commercial\/reporting-planification-et-gestion-economique-budgetaire\/","og_locale":"fr_FR","og_type":"article","og_title":"Reporting, planification et gestion du budget | SAUTER","og_description":"Des rapports transparents et adapt\u00e9s, des planifications \u00e9conomiques et budg\u00e9taires pour les biens immobiliers ou les ensembles d'objets.","og_url":"https:\/\/www.sauter-fm.com\/fr\/services\/fm-commercial\/reporting-planification-et-gestion-economique-budgetaire\/","og_site_name":"Sauter FM","article_modified_time":"2024-06-21T08:19:12+00:00","og_image":[{"url":"https:\/\/www.sauter-fm.com\/wp-content\/uploads\/sites\/32\/2022\/02\/SAUTER_Kfm_FM_Reporting_353x212_Verlauf-300x180.jpg","type":"","width":"","height":""}],"twitter_card":"summary_large_image","twitter_misc":{"Dur\u00e9e de lecture estim\u00e9e":"2 minutes"},"schema":{"@context":"https:\/\/schema.org","@graph":[{"@type":"WebPage","@id":"https:\/\/www.sauter-fm.com\/fr\/services\/fm-commercial\/reporting-planification-et-gestion-economique-budgetaire\/","url":"https:\/\/www.sauter-fm.com\/fr\/services\/fm-commercial\/reporting-planification-et-gestion-economique-budgetaire\/","name":"Reporting, planification et gestion du budget | SAUTER","isPartOf":{"@id":"https:\/\/www.sauter-fm.com\/#website"},"primaryImageOfPage":{"@id":"https:\/\/www.sauter-fm.com\/fr\/services\/fm-commercial\/reporting-planification-et-gestion-economique-budgetaire\/#primaryimage"},"image":{"@id":"https:\/\/www.sauter-fm.com\/fr\/services\/fm-commercial\/reporting-planification-et-gestion-economique-budgetaire\/#primaryimage"},"thumbnailUrl":"https:\/\/www.sauter-fm.com\/wp-content\/uploads\/sites\/32\/2022\/02\/SAUTER_Kfm_FM_Reporting_353x212_Verlauf-300x180.jpg","datePublished":"2021-10-21T09:27:14+00:00","dateModified":"2024-06-21T08:19:12+00:00","description":"Des rapports transparents et adapt\u00e9s, des planifications \u00e9conomiques et budg\u00e9taires pour les biens immobiliers ou les ensembles d'objets.","breadcrumb":{"@id":"https:\/\/www.sauter-fm.com\/fr\/services\/fm-commercial\/reporting-planification-et-gestion-economique-budgetaire\/#breadcrumb"},"inLanguage":"fr-FR","potentialAction":[{"@type":"ReadAction","target":["https:\/\/www.sauter-fm.com\/fr\/services\/fm-commercial\/reporting-planification-et-gestion-economique-budgetaire\/"]}]},{"@type":"ImageObject","inLanguage":"fr-FR","@id":"https:\/\/www.sauter-fm.com\/fr\/services\/fm-commercial\/reporting-planification-et-gestion-economique-budgetaire\/#primaryimage","url":"https:\/\/www.sauter-fm.com\/wp-content\/uploads\/sites\/32\/2022\/02\/SAUTER_Kfm_FM_Reporting_353x212_Verlauf-300x180.jpg","contentUrl":"https:\/\/www.sauter-fm.com\/wp-content\/uploads\/sites\/32\/2022\/02\/SAUTER_Kfm_FM_Reporting_353x212_Verlauf-300x180.jpg"},{"@type":"BreadcrumbList","@id":"https:\/\/www.sauter-fm.com\/fr\/services\/fm-commercial\/reporting-planification-et-gestion-economique-budgetaire\/#breadcrumb","itemListElement":[{"@type":"ListItem","position":1,"name":"Home","item":"https:\/\/www.sauter-fm.com\/fr\/"},{"@type":"ListItem","position":2,"name":"Services","item":"https:\/\/www.sauter-fm.com\/fr\/services\/"},{"@type":"ListItem","position":3,"name":"FM commercial","item":"https:\/\/www.sauter-fm.com\/fr\/services\/fm-commercial\/"},{"@type":"ListItem","position":4,"name":"Reporting, planification et gestion du budget"}]},{"@type":"WebSite","@id":"https:\/\/www.sauter-fm.com\/#website","url":"https:\/\/www.sauter-fm.com\/","name":"Sauter FM","description":"SAUTER Facility Management","potentialAction":[{"@type":"SearchAction","target":{"@type":"EntryPoint","urlTemplate":"https:\/\/www.sauter-fm.com\/?s={search_term_string}"},"query-input":{"@type":"PropertyValueSpecification","valueRequired":true,"valueName":"search_term_string"}}],"inLanguage":"fr-FR"}]}},"publishpress_future_action":{"enabled":false,"date":"2026-05-23 01:22:50","action":"change-status","newStatus":"draft","terms":[],"taxonomy":"translation_priority","extraData":[]},"publishpress_future_workflow_manual_trigger":{"enabledWorkflows":[]},"_links":{"self":[{"href":"https:\/\/www.sauter-fm.com\/fr\/wp-json\/wp\/v2\/pages\/3403","targetHints":{"allow":["GET"]}}],"collection":[{"href":"https:\/\/www.sauter-fm.com\/fr\/wp-json\/wp\/v2\/pages"}],"about":[{"href":"https:\/\/www.sauter-fm.com\/fr\/wp-json\/wp\/v2\/types\/page"}],"author":[{"embeddable":true,"href":"https:\/\/www.sauter-fm.com\/fr\/wp-json\/wp\/v2\/users\/48"}],"replies":[{"embeddable":true,"href":"https:\/\/www.sauter-fm.com\/fr\/wp-json\/wp\/v2\/comments?post=3403"}],"version-history":[{"count":3,"href":"https:\/\/www.sauter-fm.com\/fr\/wp-json\/wp\/v2\/pages\/3403\/revisions"}],"predecessor-version":[{"id":7216,"href":"https:\/\/www.sauter-fm.com\/fr\/wp-json\/wp\/v2\/pages\/3403\/revisions\/7216"}],"up":[{"embeddable":true,"href":"https:\/\/www.sauter-fm.com\/fr\/wp-json\/wp\/v2\/pages\/3390"}],"wp:attachment":[{"href":"https:\/\/www.sauter-fm.com\/fr\/wp-json\/wp\/v2\/media?parent=3403"}],"curies":[{"name":"wp","href":"https:\/\/api.w.org\/{rel}","templated":true}]}}