{"id":3397,"date":"2022-01-13T07:40:20","date_gmt":"2022-01-13T07:40:20","guid":{"rendered":"https:\/\/www.sauter-fm.com\/kaufmaennisches-fm\/betriebs-heizkostenabrechnung\/"},"modified":"2024-07-05T11:11:38","modified_gmt":"2024-07-05T11:11:38","slug":"facturation-des-frais-dexploitationet-de-chauffage","status":"publish","type":"page","link":"https:\/\/www.sauter-fm.com\/fr\/services\/fm-commercial\/facturation-des-frais-dexploitationet-de-chauffage\/","title":{"rendered":"Facturation des frais d\u2019exploitation et de chauffage, d\u00e9compte des charges et optimisation"},"content":{"rendered":"<p><img decoding=\"async\" class=\"size-medium wp-image-2268 alignleft\" src=\"https:\/\/www.sauter-fm.com\/wp-content\/uploads\/sites\/32\/2022\/02\/SAUTER_Kfm_FM_Betriebs_und_Heizkostenabrechnung_353x212_Verlauf-300x180.jpg\" alt=\"\" width=\"300\" height=\"180\" srcset=\"https:\/\/www.sauter-fm.com\/wp-content\/uploads\/sites\/32\/2022\/02\/SAUTER_Kfm_FM_Betriebs_und_Heizkostenabrechnung_353x212_Verlauf-300x180.jpg 300w, https:\/\/www.sauter-fm.com\/wp-content\/uploads\/sites\/32\/2022\/02\/SAUTER_Kfm_FM_Betriebs_und_Heizkostenabrechnung_353x212_Verlauf-225x135.jpg 225w, https:\/\/www.sauter-fm.com\/wp-content\/uploads\/sites\/32\/2022\/02\/SAUTER_Kfm_FM_Betriebs_und_Heizkostenabrechnung_353x212_Verlauf.jpg 353w\" sizes=\"(max-width: 300px) 100vw, 300px\" \/><\/p>\n<p>L\u2019\u00e9tablissement des facturations annuelles des frais d\u2019exploitation et de chauffage est l\u2019une des t\u00e2ches principales du facility management commercial.<\/p>\n<p>L\u2019objectif est de r\u00e9partir par p\u00e9riode les co\u00fbts g\u00e9n\u00e9r\u00e9s pendant la phase d\u2019exploitation d\u2019un bien immobilier. Nos proc\u00e9dures de facturation reposent sur une ex\u00e9cution professionnelle et syst\u00e9mique des processus, sur une \u00e9troite association des aspects techniques et commerciaux dans la gestion des biens immobiliers ainsi que sur une grande comp\u00e9tence professionnelle et une longue exp\u00e9rience des collaborateurs.<\/p>\n<p>Sur la base des r\u00e9sultats des facturations des frais d\u2019exploitation et de chauffage, il est possible de lancer des optimisations suppl\u00e9mentaires pour une gestion durable du bien. L\u2019analyse de l\u2019\u00e9volution de diff\u00e9rents postes de co\u00fbts \u00e0 l\u2019aide d\u2019\u00e9talonnages comparatifs globaux constitue une indication importante pour la meilleure planification possible de la maintenance, des remises en \u00e9tat et des investissements dans un objet.<\/p>\n","protected":false},"excerpt":{"rendered":"<p>L\u2019\u00e9tablissement des facturations annuelles des frais d\u2019exploitation et de chauffage est l\u2019une des t\u00e2ches principales du facility management commercial. L\u2019objectif est de r\u00e9partir par p\u00e9riode les co\u00fbts g\u00e9n\u00e9r\u00e9s pendant la phase d\u2019exploitation d\u2019un bien immobilier. Nos proc\u00e9dures de facturation reposent sur une ex\u00e9cution professionnelle et syst\u00e9mique des processus, sur une \u00e9troite association des aspects techniques [&hellip;]<\/p>\n","protected":false},"author":6,"featured_media":0,"parent":3390,"menu_order":0,"comment_status":"closed","ping_status":"closed","template":"","meta":{"_acf_changed":false,"footnotes":""},"class_list":["post-3397","page","type-page","status-publish","hentry"],"acf":[],"yoast_head":"<!-- This site is optimized with the Yoast SEO plugin v26.1.1 - https:\/\/yoast.com\/wordpress\/plugins\/seo\/ -->\n<title>Facturation des frais d\u2019exploitation | SAUTER<\/title>\n<meta name=\"description\" content=\"L&#039;\u00e9tablissement des d\u00e9comptes annuels des frais d&#039;exploitation et de chauffage fait partie des t\u00e2ches principales du FM commercial.\" \/>\n<meta name=\"robots\" content=\"index, follow, max-snippet:-1, max-image-preview:large, max-video-preview:-1\" \/>\n<link rel=\"canonical\" href=\"https:\/\/www.sauter-fm.com\/fr\/services\/fm-commercial\/facturation-des-frais-dexploitationet-de-chauffage\/\" \/>\n<meta property=\"og:locale\" content=\"fr_FR\" \/>\n<meta property=\"og:type\" content=\"article\" \/>\n<meta property=\"og:title\" content=\"Facturation des frais d\u2019exploitation | SAUTER\" \/>\n<meta property=\"og:description\" content=\"L&#039;\u00e9tablissement des d\u00e9comptes annuels des frais d&#039;exploitation et de chauffage fait partie des t\u00e2ches principales du FM commercial.\" \/>\n<meta property=\"og:url\" content=\"https:\/\/www.sauter-fm.com\/fr\/services\/fm-commercial\/facturation-des-frais-dexploitationet-de-chauffage\/\" \/>\n<meta property=\"og:site_name\" content=\"Sauter FM\" \/>\n<meta property=\"article:modified_time\" content=\"2024-07-05T11:11:38+00:00\" \/>\n<meta property=\"og:image\" content=\"https:\/\/www.sauter-fm.com\/wp-content\/uploads\/sites\/32\/2022\/02\/SAUTER_Kfm_FM_Betriebs_und_Heizkostenabrechnung_353x212_Verlauf-300x180.jpg\" \/>\n<meta name=\"twitter:card\" content=\"summary_large_image\" \/>\n<meta name=\"twitter:label1\" content=\"Dur\u00e9e de lecture estim\u00e9e\" \/>\n\t<meta name=\"twitter:data1\" content=\"1 minute\" \/>\n<script type=\"application\/ld+json\" class=\"yoast-schema-graph\">{\"@context\":\"https:\/\/schema.org\",\"@graph\":[{\"@type\":\"WebPage\",\"@id\":\"https:\/\/www.sauter-fm.com\/fr\/services\/fm-commercial\/facturation-des-frais-dexploitationet-de-chauffage\/\",\"url\":\"https:\/\/www.sauter-fm.com\/fr\/services\/fm-commercial\/facturation-des-frais-dexploitationet-de-chauffage\/\",\"name\":\"Facturation des frais d\u2019exploitation | SAUTER\",\"isPartOf\":{\"@id\":\"https:\/\/www.sauter-fm.com\/#website\"},\"primaryImageOfPage\":{\"@id\":\"https:\/\/www.sauter-fm.com\/fr\/services\/fm-commercial\/facturation-des-frais-dexploitationet-de-chauffage\/#primaryimage\"},\"image\":{\"@id\":\"https:\/\/www.sauter-fm.com\/fr\/services\/fm-commercial\/facturation-des-frais-dexploitationet-de-chauffage\/#primaryimage\"},\"thumbnailUrl\":\"https:\/\/www.sauter-fm.com\/wp-content\/uploads\/sites\/32\/2022\/02\/SAUTER_Kfm_FM_Betriebs_und_Heizkostenabrechnung_353x212_Verlauf-300x180.jpg\",\"datePublished\":\"2022-01-13T07:40:20+00:00\",\"dateModified\":\"2024-07-05T11:11:38+00:00\",\"description\":\"L'\u00e9tablissement des d\u00e9comptes annuels des frais d'exploitation et de chauffage fait partie des t\u00e2ches principales du FM commercial.\",\"breadcrumb\":{\"@id\":\"https:\/\/www.sauter-fm.com\/fr\/services\/fm-commercial\/facturation-des-frais-dexploitationet-de-chauffage\/#breadcrumb\"},\"inLanguage\":\"fr-FR\",\"potentialAction\":[{\"@type\":\"ReadAction\",\"target\":[\"https:\/\/www.sauter-fm.com\/fr\/services\/fm-commercial\/facturation-des-frais-dexploitationet-de-chauffage\/\"]}]},{\"@type\":\"ImageObject\",\"inLanguage\":\"fr-FR\",\"@id\":\"https:\/\/www.sauter-fm.com\/fr\/services\/fm-commercial\/facturation-des-frais-dexploitationet-de-chauffage\/#primaryimage\",\"url\":\"https:\/\/www.sauter-fm.com\/wp-content\/uploads\/sites\/32\/2022\/02\/SAUTER_Kfm_FM_Betriebs_und_Heizkostenabrechnung_353x212_Verlauf-300x180.jpg\",\"contentUrl\":\"https:\/\/www.sauter-fm.com\/wp-content\/uploads\/sites\/32\/2022\/02\/SAUTER_Kfm_FM_Betriebs_und_Heizkostenabrechnung_353x212_Verlauf-300x180.jpg\"},{\"@type\":\"BreadcrumbList\",\"@id\":\"https:\/\/www.sauter-fm.com\/fr\/services\/fm-commercial\/facturation-des-frais-dexploitationet-de-chauffage\/#breadcrumb\",\"itemListElement\":[{\"@type\":\"ListItem\",\"position\":1,\"name\":\"Home\",\"item\":\"https:\/\/www.sauter-fm.com\/fr\/\"},{\"@type\":\"ListItem\",\"position\":2,\"name\":\"Services\",\"item\":\"https:\/\/www.sauter-fm.com\/fr\/services\/\"},{\"@type\":\"ListItem\",\"position\":3,\"name\":\"FM commercial\",\"item\":\"https:\/\/www.sauter-fm.com\/fr\/services\/fm-commercial\/\"},{\"@type\":\"ListItem\",\"position\":4,\"name\":\"Facturation des frais d\u2019exploitation et de chauffage, d\u00e9compte des charges et optimisation\"}]},{\"@type\":\"WebSite\",\"@id\":\"https:\/\/www.sauter-fm.com\/#website\",\"url\":\"https:\/\/www.sauter-fm.com\/\",\"name\":\"Sauter FM\",\"description\":\"SAUTER Facility Management\",\"potentialAction\":[{\"@type\":\"SearchAction\",\"target\":{\"@type\":\"EntryPoint\",\"urlTemplate\":\"https:\/\/www.sauter-fm.com\/?s={search_term_string}\"},\"query-input\":{\"@type\":\"PropertyValueSpecification\",\"valueRequired\":true,\"valueName\":\"search_term_string\"}}],\"inLanguage\":\"fr-FR\"}]}<\/script>\n<!-- \/ Yoast SEO plugin. -->","yoast_head_json":{"title":"Facturation des frais d\u2019exploitation | SAUTER","description":"L'\u00e9tablissement des d\u00e9comptes annuels des frais d'exploitation et de chauffage fait partie des t\u00e2ches principales du FM commercial.","robots":{"index":"index","follow":"follow","max-snippet":"max-snippet:-1","max-image-preview":"max-image-preview:large","max-video-preview":"max-video-preview:-1"},"canonical":"https:\/\/www.sauter-fm.com\/fr\/services\/fm-commercial\/facturation-des-frais-dexploitationet-de-chauffage\/","og_locale":"fr_FR","og_type":"article","og_title":"Facturation des frais d\u2019exploitation | SAUTER","og_description":"L'\u00e9tablissement des d\u00e9comptes annuels des frais d'exploitation et de chauffage fait partie des t\u00e2ches principales du FM commercial.","og_url":"https:\/\/www.sauter-fm.com\/fr\/services\/fm-commercial\/facturation-des-frais-dexploitationet-de-chauffage\/","og_site_name":"Sauter FM","article_modified_time":"2024-07-05T11:11:38+00:00","og_image":[{"url":"https:\/\/www.sauter-fm.com\/wp-content\/uploads\/sites\/32\/2022\/02\/SAUTER_Kfm_FM_Betriebs_und_Heizkostenabrechnung_353x212_Verlauf-300x180.jpg","type":"","width":"","height":""}],"twitter_card":"summary_large_image","twitter_misc":{"Dur\u00e9e de lecture estim\u00e9e":"1 minute"},"schema":{"@context":"https:\/\/schema.org","@graph":[{"@type":"WebPage","@id":"https:\/\/www.sauter-fm.com\/fr\/services\/fm-commercial\/facturation-des-frais-dexploitationet-de-chauffage\/","url":"https:\/\/www.sauter-fm.com\/fr\/services\/fm-commercial\/facturation-des-frais-dexploitationet-de-chauffage\/","name":"Facturation des frais d\u2019exploitation | SAUTER","isPartOf":{"@id":"https:\/\/www.sauter-fm.com\/#website"},"primaryImageOfPage":{"@id":"https:\/\/www.sauter-fm.com\/fr\/services\/fm-commercial\/facturation-des-frais-dexploitationet-de-chauffage\/#primaryimage"},"image":{"@id":"https:\/\/www.sauter-fm.com\/fr\/services\/fm-commercial\/facturation-des-frais-dexploitationet-de-chauffage\/#primaryimage"},"thumbnailUrl":"https:\/\/www.sauter-fm.com\/wp-content\/uploads\/sites\/32\/2022\/02\/SAUTER_Kfm_FM_Betriebs_und_Heizkostenabrechnung_353x212_Verlauf-300x180.jpg","datePublished":"2022-01-13T07:40:20+00:00","dateModified":"2024-07-05T11:11:38+00:00","description":"L'\u00e9tablissement des d\u00e9comptes annuels des frais d'exploitation et de chauffage fait partie des t\u00e2ches principales du FM commercial.","breadcrumb":{"@id":"https:\/\/www.sauter-fm.com\/fr\/services\/fm-commercial\/facturation-des-frais-dexploitationet-de-chauffage\/#breadcrumb"},"inLanguage":"fr-FR","potentialAction":[{"@type":"ReadAction","target":["https:\/\/www.sauter-fm.com\/fr\/services\/fm-commercial\/facturation-des-frais-dexploitationet-de-chauffage\/"]}]},{"@type":"ImageObject","inLanguage":"fr-FR","@id":"https:\/\/www.sauter-fm.com\/fr\/services\/fm-commercial\/facturation-des-frais-dexploitationet-de-chauffage\/#primaryimage","url":"https:\/\/www.sauter-fm.com\/wp-content\/uploads\/sites\/32\/2022\/02\/SAUTER_Kfm_FM_Betriebs_und_Heizkostenabrechnung_353x212_Verlauf-300x180.jpg","contentUrl":"https:\/\/www.sauter-fm.com\/wp-content\/uploads\/sites\/32\/2022\/02\/SAUTER_Kfm_FM_Betriebs_und_Heizkostenabrechnung_353x212_Verlauf-300x180.jpg"},{"@type":"BreadcrumbList","@id":"https:\/\/www.sauter-fm.com\/fr\/services\/fm-commercial\/facturation-des-frais-dexploitationet-de-chauffage\/#breadcrumb","itemListElement":[{"@type":"ListItem","position":1,"name":"Home","item":"https:\/\/www.sauter-fm.com\/fr\/"},{"@type":"ListItem","position":2,"name":"Services","item":"https:\/\/www.sauter-fm.com\/fr\/services\/"},{"@type":"ListItem","position":3,"name":"FM commercial","item":"https:\/\/www.sauter-fm.com\/fr\/services\/fm-commercial\/"},{"@type":"ListItem","position":4,"name":"Facturation des frais d\u2019exploitation et de chauffage, d\u00e9compte des charges et optimisation"}]},{"@type":"WebSite","@id":"https:\/\/www.sauter-fm.com\/#website","url":"https:\/\/www.sauter-fm.com\/","name":"Sauter FM","description":"SAUTER Facility Management","potentialAction":[{"@type":"SearchAction","target":{"@type":"EntryPoint","urlTemplate":"https:\/\/www.sauter-fm.com\/?s={search_term_string}"},"query-input":{"@type":"PropertyValueSpecification","valueRequired":true,"valueName":"search_term_string"}}],"inLanguage":"fr-FR"}]}},"publishpress_future_action":{"enabled":false,"date":"2026-05-01 23:08:39","action":"change-status","newStatus":"draft","terms":[],"taxonomy":"translation_priority","extraData":[]},"publishpress_future_workflow_manual_trigger":{"enabledWorkflows":[]},"_links":{"self":[{"href":"https:\/\/www.sauter-fm.com\/fr\/wp-json\/wp\/v2\/pages\/3397","targetHints":{"allow":["GET"]}}],"collection":[{"href":"https:\/\/www.sauter-fm.com\/fr\/wp-json\/wp\/v2\/pages"}],"about":[{"href":"https:\/\/www.sauter-fm.com\/fr\/wp-json\/wp\/v2\/types\/page"}],"author":[{"embeddable":true,"href":"https:\/\/www.sauter-fm.com\/fr\/wp-json\/wp\/v2\/users\/6"}],"replies":[{"embeddable":true,"href":"https:\/\/www.sauter-fm.com\/fr\/wp-json\/wp\/v2\/comments?post=3397"}],"version-history":[{"count":3,"href":"https:\/\/www.sauter-fm.com\/fr\/wp-json\/wp\/v2\/pages\/3397\/revisions"}],"predecessor-version":[{"id":7215,"href":"https:\/\/www.sauter-fm.com\/fr\/wp-json\/wp\/v2\/pages\/3397\/revisions\/7215"}],"up":[{"embeddable":true,"href":"https:\/\/www.sauter-fm.com\/fr\/wp-json\/wp\/v2\/pages\/3390"}],"wp:attachment":[{"href":"https:\/\/www.sauter-fm.com\/fr\/wp-json\/wp\/v2\/media?parent=3397"}],"curies":[{"name":"wp","href":"https:\/\/api.w.org\/{rel}","templated":true}]}}