{"id":3394,"date":"2021-10-21T08:42:58","date_gmt":"2021-10-21T08:42:58","guid":{"rendered":"https:\/\/www.sauter-fm.com\/kaufmaennisches-fm\/objektbetreuung-mieterbetreuung\/"},"modified":"2024-06-21T08:15:04","modified_gmt":"2024-06-21T08:15:04","slug":"gestion-des-biens-immobiliers","status":"publish","type":"page","link":"https:\/\/www.sauter-fm.com\/fr\/services\/fm-commercial\/gestion-des-biens-immobiliers\/","title":{"rendered":"Gestion des biens immobiliers\/gestion des locataires"},"content":{"rendered":"<p><img decoding=\"async\" class=\"size-medium wp-image-2230 alignleft\" src=\"https:\/\/www.sauter-fm.com\/wp-content\/uploads\/sites\/32\/2022\/02\/SAUTER_Kfm_FM_Objektbetreuung_Mieterbetreuung_353x212_Verlauf-300x180.jpg\" alt=\"\" width=\"300\" height=\"180\" srcset=\"https:\/\/www.sauter-fm.com\/wp-content\/uploads\/sites\/32\/2022\/02\/SAUTER_Kfm_FM_Objektbetreuung_Mieterbetreuung_353x212_Verlauf-300x180.jpg 300w, https:\/\/www.sauter-fm.com\/wp-content\/uploads\/sites\/32\/2022\/02\/SAUTER_Kfm_FM_Objektbetreuung_Mieterbetreuung_353x212_Verlauf-225x135.jpg 225w, https:\/\/www.sauter-fm.com\/wp-content\/uploads\/sites\/32\/2022\/02\/SAUTER_Kfm_FM_Objektbetreuung_Mieterbetreuung_353x212_Verlauf.jpg 353w\" sizes=\"(max-width: 300px) 100vw, 300px\" \/><\/p>\n<p>La prise en charge des immeubles commerciaux de tous types et de leurs unit\u00e9s locatives est au c\u0153ur de la gestion de l\u2019administration d\u2019immeubles SAUTER. Il s\u2019agit notamment de la gestion ax\u00e9e sur les performances d\u2019un bien immobilier selon des principes \u00e9conomiques, de la prise en charge des locataires et des autres utilisateurs du bien, de l\u2019\u00e9tablissement juridiquement s\u00fbr de factures de chauffage et de frais d\u2019exploitation, de la gestion op\u00e9rationnelle des contrats de location, ainsi que de la surveillance et de la mise en \u0153uvre de la gestion d\u2019actifs ou de la strat\u00e9gie des propri\u00e9taires au niveau des objets afin de garantir une gestion d\u2019optimisation des rendements.<\/p>\n<p>En tant qu\u2019interlocuteur \u00e0 part enti\u00e8re pour les propri\u00e9taires, la gestion d\u2019actifs, les locataires et les prestataires de services techniques et infrastructurels, notre administration d\u2019immeubles veille \u00e0 une exploitation optimale et \u00e0 une gestion transparente des objets confi\u00e9s. Cette comp\u00e9tence cl\u00e9 se manifeste notamment lors de l\u2019\u00e9valuation des strat\u00e9gies d\u2019action et du choix de solutions adapt\u00e9es dans les activit\u00e9s quotidiennes, en tenant compte des objectifs fix\u00e9s.<\/p>\n<p>&nbsp;<\/p>\n","protected":false},"excerpt":{"rendered":"<p>La prise en charge des immeubles commerciaux de tous types et de leurs unit\u00e9s locatives est au c\u0153ur de la gestion de l\u2019administration d\u2019immeubles SAUTER. Il s\u2019agit notamment de la gestion ax\u00e9e sur les performances d\u2019un bien immobilier selon des principes \u00e9conomiques, de la prise en charge des locataires et des autres utilisateurs du bien, [&hellip;]<\/p>\n","protected":false},"author":48,"featured_media":0,"parent":3390,"menu_order":0,"comment_status":"closed","ping_status":"closed","template":"","meta":{"_acf_changed":false,"footnotes":""},"class_list":["post-3394","page","type-page","status-publish","hentry"],"acf":[],"yoast_head":"<!-- This site is optimized with the Yoast SEO plugin v26.1.1 - https:\/\/yoast.com\/wordpress\/plugins\/seo\/ -->\n<title>Suivi des objets | SAUTER<\/title>\n<meta name=\"description\" content=\"L&#039;encadrement d&#039;immeubles commerciaux de tous types et de leurs locataires est au c\u0153ur du Property Management de SAUTER.\" \/>\n<meta name=\"robots\" content=\"index, follow, max-snippet:-1, max-image-preview:large, max-video-preview:-1\" \/>\n<link rel=\"canonical\" href=\"https:\/\/www.sauter-fm.com\/fr\/services\/fm-commercial\/gestion-des-biens-immobiliers\/\" \/>\n<meta property=\"og:locale\" content=\"fr_FR\" \/>\n<meta property=\"og:type\" content=\"article\" \/>\n<meta property=\"og:title\" content=\"Suivi des objets | SAUTER\" \/>\n<meta property=\"og:description\" content=\"L&#039;encadrement d&#039;immeubles commerciaux de tous types et de leurs locataires est au c\u0153ur du Property Management de SAUTER.\" \/>\n<meta property=\"og:url\" content=\"https:\/\/www.sauter-fm.com\/fr\/services\/fm-commercial\/gestion-des-biens-immobiliers\/\" \/>\n<meta property=\"og:site_name\" content=\"Sauter FM\" \/>\n<meta property=\"article:modified_time\" content=\"2024-06-21T08:15:04+00:00\" \/>\n<meta property=\"og:image\" content=\"https:\/\/www.sauter-fm.com\/wp-content\/uploads\/sites\/32\/2022\/02\/SAUTER_Kfm_FM_Objektbetreuung_Mieterbetreuung_353x212_Verlauf-300x180.jpg\" \/>\n<meta name=\"twitter:card\" content=\"summary_large_image\" \/>\n<meta name=\"twitter:label1\" content=\"Dur\u00e9e de lecture estim\u00e9e\" \/>\n\t<meta name=\"twitter:data1\" content=\"2 minutes\" \/>\n<script type=\"application\/ld+json\" class=\"yoast-schema-graph\">{\"@context\":\"https:\/\/schema.org\",\"@graph\":[{\"@type\":\"WebPage\",\"@id\":\"https:\/\/www.sauter-fm.com\/fr\/services\/fm-commercial\/gestion-des-biens-immobiliers\/\",\"url\":\"https:\/\/www.sauter-fm.com\/fr\/services\/fm-commercial\/gestion-des-biens-immobiliers\/\",\"name\":\"Suivi des objets | SAUTER\",\"isPartOf\":{\"@id\":\"https:\/\/www.sauter-fm.com\/#website\"},\"primaryImageOfPage\":{\"@id\":\"https:\/\/www.sauter-fm.com\/fr\/services\/fm-commercial\/gestion-des-biens-immobiliers\/#primaryimage\"},\"image\":{\"@id\":\"https:\/\/www.sauter-fm.com\/fr\/services\/fm-commercial\/gestion-des-biens-immobiliers\/#primaryimage\"},\"thumbnailUrl\":\"https:\/\/www.sauter-fm.com\/wp-content\/uploads\/sites\/32\/2022\/02\/SAUTER_Kfm_FM_Objektbetreuung_Mieterbetreuung_353x212_Verlauf-300x180.jpg\",\"datePublished\":\"2021-10-21T08:42:58+00:00\",\"dateModified\":\"2024-06-21T08:15:04+00:00\",\"description\":\"L'encadrement d'immeubles commerciaux de tous types et de leurs locataires est au c\u0153ur du Property Management de SAUTER.\",\"breadcrumb\":{\"@id\":\"https:\/\/www.sauter-fm.com\/fr\/services\/fm-commercial\/gestion-des-biens-immobiliers\/#breadcrumb\"},\"inLanguage\":\"fr-FR\",\"potentialAction\":[{\"@type\":\"ReadAction\",\"target\":[\"https:\/\/www.sauter-fm.com\/fr\/services\/fm-commercial\/gestion-des-biens-immobiliers\/\"]}]},{\"@type\":\"ImageObject\",\"inLanguage\":\"fr-FR\",\"@id\":\"https:\/\/www.sauter-fm.com\/fr\/services\/fm-commercial\/gestion-des-biens-immobiliers\/#primaryimage\",\"url\":\"https:\/\/www.sauter-fm.com\/wp-content\/uploads\/sites\/32\/2022\/02\/SAUTER_Kfm_FM_Objektbetreuung_Mieterbetreuung_353x212_Verlauf-300x180.jpg\",\"contentUrl\":\"https:\/\/www.sauter-fm.com\/wp-content\/uploads\/sites\/32\/2022\/02\/SAUTER_Kfm_FM_Objektbetreuung_Mieterbetreuung_353x212_Verlauf-300x180.jpg\"},{\"@type\":\"BreadcrumbList\",\"@id\":\"https:\/\/www.sauter-fm.com\/fr\/services\/fm-commercial\/gestion-des-biens-immobiliers\/#breadcrumb\",\"itemListElement\":[{\"@type\":\"ListItem\",\"position\":1,\"name\":\"Home\",\"item\":\"https:\/\/www.sauter-fm.com\/fr\/\"},{\"@type\":\"ListItem\",\"position\":2,\"name\":\"Services\",\"item\":\"https:\/\/www.sauter-fm.com\/fr\/services\/\"},{\"@type\":\"ListItem\",\"position\":3,\"name\":\"FM commercial\",\"item\":\"https:\/\/www.sauter-fm.com\/fr\/services\/fm-commercial\/\"},{\"@type\":\"ListItem\",\"position\":4,\"name\":\"Gestion des biens immobiliers\/gestion des locataires\"}]},{\"@type\":\"WebSite\",\"@id\":\"https:\/\/www.sauter-fm.com\/#website\",\"url\":\"https:\/\/www.sauter-fm.com\/\",\"name\":\"Sauter FM\",\"description\":\"SAUTER Facility Management\",\"potentialAction\":[{\"@type\":\"SearchAction\",\"target\":{\"@type\":\"EntryPoint\",\"urlTemplate\":\"https:\/\/www.sauter-fm.com\/?s={search_term_string}\"},\"query-input\":{\"@type\":\"PropertyValueSpecification\",\"valueRequired\":true,\"valueName\":\"search_term_string\"}}],\"inLanguage\":\"fr-FR\"}]}<\/script>\n<!-- \/ Yoast SEO plugin. -->","yoast_head_json":{"title":"Suivi des objets | SAUTER","description":"L'encadrement d'immeubles commerciaux de tous types et de leurs locataires est au c\u0153ur du Property Management de SAUTER.","robots":{"index":"index","follow":"follow","max-snippet":"max-snippet:-1","max-image-preview":"max-image-preview:large","max-video-preview":"max-video-preview:-1"},"canonical":"https:\/\/www.sauter-fm.com\/fr\/services\/fm-commercial\/gestion-des-biens-immobiliers\/","og_locale":"fr_FR","og_type":"article","og_title":"Suivi des objets | SAUTER","og_description":"L'encadrement d'immeubles commerciaux de tous types et de leurs locataires est au c\u0153ur du Property Management de SAUTER.","og_url":"https:\/\/www.sauter-fm.com\/fr\/services\/fm-commercial\/gestion-des-biens-immobiliers\/","og_site_name":"Sauter FM","article_modified_time":"2024-06-21T08:15:04+00:00","og_image":[{"url":"https:\/\/www.sauter-fm.com\/wp-content\/uploads\/sites\/32\/2022\/02\/SAUTER_Kfm_FM_Objektbetreuung_Mieterbetreuung_353x212_Verlauf-300x180.jpg","type":"","width":"","height":""}],"twitter_card":"summary_large_image","twitter_misc":{"Dur\u00e9e de lecture estim\u00e9e":"2 minutes"},"schema":{"@context":"https:\/\/schema.org","@graph":[{"@type":"WebPage","@id":"https:\/\/www.sauter-fm.com\/fr\/services\/fm-commercial\/gestion-des-biens-immobiliers\/","url":"https:\/\/www.sauter-fm.com\/fr\/services\/fm-commercial\/gestion-des-biens-immobiliers\/","name":"Suivi des objets | SAUTER","isPartOf":{"@id":"https:\/\/www.sauter-fm.com\/#website"},"primaryImageOfPage":{"@id":"https:\/\/www.sauter-fm.com\/fr\/services\/fm-commercial\/gestion-des-biens-immobiliers\/#primaryimage"},"image":{"@id":"https:\/\/www.sauter-fm.com\/fr\/services\/fm-commercial\/gestion-des-biens-immobiliers\/#primaryimage"},"thumbnailUrl":"https:\/\/www.sauter-fm.com\/wp-content\/uploads\/sites\/32\/2022\/02\/SAUTER_Kfm_FM_Objektbetreuung_Mieterbetreuung_353x212_Verlauf-300x180.jpg","datePublished":"2021-10-21T08:42:58+00:00","dateModified":"2024-06-21T08:15:04+00:00","description":"L'encadrement d'immeubles commerciaux de tous types et de leurs locataires est au c\u0153ur du Property Management de SAUTER.","breadcrumb":{"@id":"https:\/\/www.sauter-fm.com\/fr\/services\/fm-commercial\/gestion-des-biens-immobiliers\/#breadcrumb"},"inLanguage":"fr-FR","potentialAction":[{"@type":"ReadAction","target":["https:\/\/www.sauter-fm.com\/fr\/services\/fm-commercial\/gestion-des-biens-immobiliers\/"]}]},{"@type":"ImageObject","inLanguage":"fr-FR","@id":"https:\/\/www.sauter-fm.com\/fr\/services\/fm-commercial\/gestion-des-biens-immobiliers\/#primaryimage","url":"https:\/\/www.sauter-fm.com\/wp-content\/uploads\/sites\/32\/2022\/02\/SAUTER_Kfm_FM_Objektbetreuung_Mieterbetreuung_353x212_Verlauf-300x180.jpg","contentUrl":"https:\/\/www.sauter-fm.com\/wp-content\/uploads\/sites\/32\/2022\/02\/SAUTER_Kfm_FM_Objektbetreuung_Mieterbetreuung_353x212_Verlauf-300x180.jpg"},{"@type":"BreadcrumbList","@id":"https:\/\/www.sauter-fm.com\/fr\/services\/fm-commercial\/gestion-des-biens-immobiliers\/#breadcrumb","itemListElement":[{"@type":"ListItem","position":1,"name":"Home","item":"https:\/\/www.sauter-fm.com\/fr\/"},{"@type":"ListItem","position":2,"name":"Services","item":"https:\/\/www.sauter-fm.com\/fr\/services\/"},{"@type":"ListItem","position":3,"name":"FM commercial","item":"https:\/\/www.sauter-fm.com\/fr\/services\/fm-commercial\/"},{"@type":"ListItem","position":4,"name":"Gestion des biens immobiliers\/gestion des locataires"}]},{"@type":"WebSite","@id":"https:\/\/www.sauter-fm.com\/#website","url":"https:\/\/www.sauter-fm.com\/","name":"Sauter FM","description":"SAUTER Facility Management","potentialAction":[{"@type":"SearchAction","target":{"@type":"EntryPoint","urlTemplate":"https:\/\/www.sauter-fm.com\/?s={search_term_string}"},"query-input":{"@type":"PropertyValueSpecification","valueRequired":true,"valueName":"search_term_string"}}],"inLanguage":"fr-FR"}]}},"publishpress_future_action":{"enabled":false,"date":"2026-05-07 05:17:45","action":"change-status","newStatus":"draft","terms":[],"taxonomy":"translation_priority","extraData":[]},"publishpress_future_workflow_manual_trigger":{"enabledWorkflows":[]},"_links":{"self":[{"href":"https:\/\/www.sauter-fm.com\/fr\/wp-json\/wp\/v2\/pages\/3394","targetHints":{"allow":["GET"]}}],"collection":[{"href":"https:\/\/www.sauter-fm.com\/fr\/wp-json\/wp\/v2\/pages"}],"about":[{"href":"https:\/\/www.sauter-fm.com\/fr\/wp-json\/wp\/v2\/types\/page"}],"author":[{"embeddable":true,"href":"https:\/\/www.sauter-fm.com\/fr\/wp-json\/wp\/v2\/users\/48"}],"replies":[{"embeddable":true,"href":"https:\/\/www.sauter-fm.com\/fr\/wp-json\/wp\/v2\/comments?post=3394"}],"version-history":[{"count":3,"href":"https:\/\/www.sauter-fm.com\/fr\/wp-json\/wp\/v2\/pages\/3394\/revisions"}],"predecessor-version":[{"id":7212,"href":"https:\/\/www.sauter-fm.com\/fr\/wp-json\/wp\/v2\/pages\/3394\/revisions\/7212"}],"up":[{"embeddable":true,"href":"https:\/\/www.sauter-fm.com\/fr\/wp-json\/wp\/v2\/pages\/3390"}],"wp:attachment":[{"href":"https:\/\/www.sauter-fm.com\/fr\/wp-json\/wp\/v2\/media?parent=3394"}],"curies":[{"name":"wp","href":"https:\/\/api.w.org\/{rel}","templated":true}]}}