{"id":3377,"date":"2022-02-22T11:46:44","date_gmt":"2022-02-22T11:46:44","guid":{"rendered":"https:\/\/www.sauter-fm.com\/technischer_anlagenbau\/umwelttechnik\/"},"modified":"2024-06-21T08:03:44","modified_gmt":"2024-06-21T08:03:44","slug":"technique-environnementale","status":"publish","type":"page","link":"https:\/\/www.sauter-fm.com\/fr\/services\/construction-dinstallations-techniques\/technique-environnementale\/","title":{"rendered":"Technique environnementale"},"content":{"rendered":"<p><img decoding=\"async\" class=\"size-medium wp-image-2590 alignleft\" src=\"https:\/\/www.sauter-fm.com\/wp-content\/uploads\/sites\/32\/2022\/02\/SAUTER_FM_umwelttechnik_353x212_Verlauf-300x180.jpg\" alt=\"\" width=\"300\" height=\"180\" srcset=\"https:\/\/www.sauter-fm.com\/wp-content\/uploads\/sites\/32\/2022\/02\/SAUTER_FM_umwelttechnik_353x212_Verlauf-300x180.jpg 300w, https:\/\/www.sauter-fm.com\/wp-content\/uploads\/sites\/32\/2022\/02\/SAUTER_FM_umwelttechnik_353x212_Verlauf-225x135.jpg 225w, https:\/\/www.sauter-fm.com\/wp-content\/uploads\/sites\/32\/2022\/02\/SAUTER_FM_umwelttechnik_353x212_Verlauf.jpg 353w\" sizes=\"(max-width: 300px) 100vw, 300px\" \/><\/p>\n<p>La technique environnementale englobe tous les proc\u00e9d\u00e9s techniques visant \u00e0 prot\u00e9ger la nature et \u00e0 restaurer l\u2019\u00e9cosyst\u00e8me d\u00e9j\u00e0 endommag\u00e9. Nous \u00e9laborons des plans et des mesures de technique environnementale pour une production respectueuse de l\u2019environnement et \u00e9conome en \u00e9nergie et pour \u00e9viter ou r\u00e9duire les \u00e9missions et les d\u00e9chets. L\u2019\u00e9tude des polluants environnementaux et la planification, la conception et la construction d\u2019installations respectueuses de l\u2019environnement permettent de minimiser l\u2019impact environnemental.<\/p>\n<ul style=\"clear: both\">\n<li>Utilisation efficace des \u00e9nergies renouvelables<\/li>\n<li>Technique de mesure de d\u00e9tection et de surveillance des polluants et des dommages environnementaux<\/li>\n<li>Proc\u00e9d\u00e9s de r\u00e9duction de la pollution atmosph\u00e9rique<\/li>\n<li>\u00c9limination des d\u00e9chets<\/li>\n<li>Protection de l\u2019eau et du sol, protection contre le bruit et les radiations<\/li>\n<\/ul>\n","protected":false},"excerpt":{"rendered":"<p>La technique environnementale englobe tous les proc\u00e9d\u00e9s techniques visant \u00e0 prot\u00e9ger la nature et \u00e0 restaurer l\u2019\u00e9cosyst\u00e8me d\u00e9j\u00e0 endommag\u00e9. Nous \u00e9laborons des plans et des mesures de technique environnementale pour une production respectueuse de l\u2019environnement et \u00e9conome en \u00e9nergie et pour \u00e9viter ou r\u00e9duire les \u00e9missions et les d\u00e9chets. L\u2019\u00e9tude des polluants environnementaux et la [&hellip;]<\/p>\n","protected":false},"author":8,"featured_media":0,"parent":3356,"menu_order":9,"comment_status":"closed","ping_status":"closed","template":"","meta":{"_acf_changed":false,"footnotes":""},"class_list":["post-3377","page","type-page","status-publish","hentry"],"acf":[],"yoast_head":"<!-- This site is optimized with the Yoast SEO plugin v26.1.1 - https:\/\/yoast.com\/wordpress\/plugins\/seo\/ -->\n<title>Technique environnementale | SAUTER<\/title>\n<meta name=\"description\" content=\"Concepts de production respectueuse de l&#039;environnement, d&#039;\u00e9conomie d&#039;\u00e9nergie et de r\u00e9duction des \u00e9missions et des d\u00e9chets.\" \/>\n<meta name=\"robots\" content=\"index, follow, max-snippet:-1, max-image-preview:large, max-video-preview:-1\" \/>\n<link rel=\"canonical\" href=\"https:\/\/www.sauter-fm.com\/fr\/services\/construction-dinstallations-techniques\/technique-environnementale\/\" \/>\n<meta property=\"og:locale\" content=\"fr_FR\" \/>\n<meta property=\"og:type\" content=\"article\" \/>\n<meta property=\"og:title\" content=\"Technique environnementale | SAUTER\" \/>\n<meta property=\"og:description\" content=\"Concepts de production respectueuse de l&#039;environnement, d&#039;\u00e9conomie d&#039;\u00e9nergie et de r\u00e9duction des \u00e9missions et des d\u00e9chets.\" \/>\n<meta property=\"og:url\" content=\"https:\/\/www.sauter-fm.com\/fr\/services\/construction-dinstallations-techniques\/technique-environnementale\/\" \/>\n<meta property=\"og:site_name\" content=\"Sauter FM\" \/>\n<meta property=\"article:modified_time\" content=\"2024-06-21T08:03:44+00:00\" \/>\n<meta property=\"og:image\" content=\"https:\/\/www.sauter-fm.com\/wp-content\/uploads\/sites\/32\/2022\/02\/SAUTER_FM_umwelttechnik_353x212_Verlauf-300x180.jpg\" \/>\n<meta name=\"twitter:card\" content=\"summary_large_image\" \/>\n<meta name=\"twitter:label1\" content=\"Dur\u00e9e de lecture estim\u00e9e\" \/>\n\t<meta name=\"twitter:data1\" content=\"1 minute\" \/>\n<script type=\"application\/ld+json\" class=\"yoast-schema-graph\">{\"@context\":\"https:\/\/schema.org\",\"@graph\":[{\"@type\":\"WebPage\",\"@id\":\"https:\/\/www.sauter-fm.com\/fr\/services\/construction-dinstallations-techniques\/technique-environnementale\/\",\"url\":\"https:\/\/www.sauter-fm.com\/fr\/services\/construction-dinstallations-techniques\/technique-environnementale\/\",\"name\":\"Technique environnementale | SAUTER\",\"isPartOf\":{\"@id\":\"https:\/\/www.sauter-fm.com\/#website\"},\"primaryImageOfPage\":{\"@id\":\"https:\/\/www.sauter-fm.com\/fr\/services\/construction-dinstallations-techniques\/technique-environnementale\/#primaryimage\"},\"image\":{\"@id\":\"https:\/\/www.sauter-fm.com\/fr\/services\/construction-dinstallations-techniques\/technique-environnementale\/#primaryimage\"},\"thumbnailUrl\":\"https:\/\/www.sauter-fm.com\/wp-content\/uploads\/sites\/32\/2022\/02\/SAUTER_FM_umwelttechnik_353x212_Verlauf-300x180.jpg\",\"datePublished\":\"2022-02-22T11:46:44+00:00\",\"dateModified\":\"2024-06-21T08:03:44+00:00\",\"description\":\"Concepts de production respectueuse de l'environnement, d'\u00e9conomie d'\u00e9nergie et de r\u00e9duction des \u00e9missions et des d\u00e9chets.\",\"breadcrumb\":{\"@id\":\"https:\/\/www.sauter-fm.com\/fr\/services\/construction-dinstallations-techniques\/technique-environnementale\/#breadcrumb\"},\"inLanguage\":\"fr-FR\",\"potentialAction\":[{\"@type\":\"ReadAction\",\"target\":[\"https:\/\/www.sauter-fm.com\/fr\/services\/construction-dinstallations-techniques\/technique-environnementale\/\"]}]},{\"@type\":\"ImageObject\",\"inLanguage\":\"fr-FR\",\"@id\":\"https:\/\/www.sauter-fm.com\/fr\/services\/construction-dinstallations-techniques\/technique-environnementale\/#primaryimage\",\"url\":\"https:\/\/www.sauter-fm.com\/wp-content\/uploads\/sites\/32\/2022\/02\/SAUTER_FM_umwelttechnik_353x212_Verlauf-300x180.jpg\",\"contentUrl\":\"https:\/\/www.sauter-fm.com\/wp-content\/uploads\/sites\/32\/2022\/02\/SAUTER_FM_umwelttechnik_353x212_Verlauf-300x180.jpg\"},{\"@type\":\"BreadcrumbList\",\"@id\":\"https:\/\/www.sauter-fm.com\/fr\/services\/construction-dinstallations-techniques\/technique-environnementale\/#breadcrumb\",\"itemListElement\":[{\"@type\":\"ListItem\",\"position\":1,\"name\":\"Home\",\"item\":\"https:\/\/www.sauter-fm.com\/fr\/\"},{\"@type\":\"ListItem\",\"position\":2,\"name\":\"Services\",\"item\":\"https:\/\/www.sauter-fm.com\/fr\/services\/\"},{\"@type\":\"ListItem\",\"position\":3,\"name\":\"Construction d\u2019installations techniques\",\"item\":\"https:\/\/www.sauter-fm.com\/fr\/services\/construction-dinstallations-techniques\/\"},{\"@type\":\"ListItem\",\"position\":4,\"name\":\"Technique environnementale\"}]},{\"@type\":\"WebSite\",\"@id\":\"https:\/\/www.sauter-fm.com\/#website\",\"url\":\"https:\/\/www.sauter-fm.com\/\",\"name\":\"Sauter FM\",\"description\":\"SAUTER Facility Management\",\"potentialAction\":[{\"@type\":\"SearchAction\",\"target\":{\"@type\":\"EntryPoint\",\"urlTemplate\":\"https:\/\/www.sauter-fm.com\/?s={search_term_string}\"},\"query-input\":{\"@type\":\"PropertyValueSpecification\",\"valueRequired\":true,\"valueName\":\"search_term_string\"}}],\"inLanguage\":\"fr-FR\"}]}<\/script>\n<!-- \/ Yoast SEO plugin. -->","yoast_head_json":{"title":"Technique environnementale | SAUTER","description":"Concepts de production respectueuse de l'environnement, d'\u00e9conomie d'\u00e9nergie et de r\u00e9duction des \u00e9missions et des d\u00e9chets.","robots":{"index":"index","follow":"follow","max-snippet":"max-snippet:-1","max-image-preview":"max-image-preview:large","max-video-preview":"max-video-preview:-1"},"canonical":"https:\/\/www.sauter-fm.com\/fr\/services\/construction-dinstallations-techniques\/technique-environnementale\/","og_locale":"fr_FR","og_type":"article","og_title":"Technique environnementale | SAUTER","og_description":"Concepts de production respectueuse de l'environnement, d'\u00e9conomie d'\u00e9nergie et de r\u00e9duction des \u00e9missions et des d\u00e9chets.","og_url":"https:\/\/www.sauter-fm.com\/fr\/services\/construction-dinstallations-techniques\/technique-environnementale\/","og_site_name":"Sauter FM","article_modified_time":"2024-06-21T08:03:44+00:00","og_image":[{"url":"https:\/\/www.sauter-fm.com\/wp-content\/uploads\/sites\/32\/2022\/02\/SAUTER_FM_umwelttechnik_353x212_Verlauf-300x180.jpg","type":"","width":"","height":""}],"twitter_card":"summary_large_image","twitter_misc":{"Dur\u00e9e de lecture estim\u00e9e":"1 minute"},"schema":{"@context":"https:\/\/schema.org","@graph":[{"@type":"WebPage","@id":"https:\/\/www.sauter-fm.com\/fr\/services\/construction-dinstallations-techniques\/technique-environnementale\/","url":"https:\/\/www.sauter-fm.com\/fr\/services\/construction-dinstallations-techniques\/technique-environnementale\/","name":"Technique environnementale | SAUTER","isPartOf":{"@id":"https:\/\/www.sauter-fm.com\/#website"},"primaryImageOfPage":{"@id":"https:\/\/www.sauter-fm.com\/fr\/services\/construction-dinstallations-techniques\/technique-environnementale\/#primaryimage"},"image":{"@id":"https:\/\/www.sauter-fm.com\/fr\/services\/construction-dinstallations-techniques\/technique-environnementale\/#primaryimage"},"thumbnailUrl":"https:\/\/www.sauter-fm.com\/wp-content\/uploads\/sites\/32\/2022\/02\/SAUTER_FM_umwelttechnik_353x212_Verlauf-300x180.jpg","datePublished":"2022-02-22T11:46:44+00:00","dateModified":"2024-06-21T08:03:44+00:00","description":"Concepts de production respectueuse de l'environnement, d'\u00e9conomie d'\u00e9nergie et de r\u00e9duction des \u00e9missions et des d\u00e9chets.","breadcrumb":{"@id":"https:\/\/www.sauter-fm.com\/fr\/services\/construction-dinstallations-techniques\/technique-environnementale\/#breadcrumb"},"inLanguage":"fr-FR","potentialAction":[{"@type":"ReadAction","target":["https:\/\/www.sauter-fm.com\/fr\/services\/construction-dinstallations-techniques\/technique-environnementale\/"]}]},{"@type":"ImageObject","inLanguage":"fr-FR","@id":"https:\/\/www.sauter-fm.com\/fr\/services\/construction-dinstallations-techniques\/technique-environnementale\/#primaryimage","url":"https:\/\/www.sauter-fm.com\/wp-content\/uploads\/sites\/32\/2022\/02\/SAUTER_FM_umwelttechnik_353x212_Verlauf-300x180.jpg","contentUrl":"https:\/\/www.sauter-fm.com\/wp-content\/uploads\/sites\/32\/2022\/02\/SAUTER_FM_umwelttechnik_353x212_Verlauf-300x180.jpg"},{"@type":"BreadcrumbList","@id":"https:\/\/www.sauter-fm.com\/fr\/services\/construction-dinstallations-techniques\/technique-environnementale\/#breadcrumb","itemListElement":[{"@type":"ListItem","position":1,"name":"Home","item":"https:\/\/www.sauter-fm.com\/fr\/"},{"@type":"ListItem","position":2,"name":"Services","item":"https:\/\/www.sauter-fm.com\/fr\/services\/"},{"@type":"ListItem","position":3,"name":"Construction d\u2019installations techniques","item":"https:\/\/www.sauter-fm.com\/fr\/services\/construction-dinstallations-techniques\/"},{"@type":"ListItem","position":4,"name":"Technique environnementale"}]},{"@type":"WebSite","@id":"https:\/\/www.sauter-fm.com\/#website","url":"https:\/\/www.sauter-fm.com\/","name":"Sauter FM","description":"SAUTER Facility Management","potentialAction":[{"@type":"SearchAction","target":{"@type":"EntryPoint","urlTemplate":"https:\/\/www.sauter-fm.com\/?s={search_term_string}"},"query-input":{"@type":"PropertyValueSpecification","valueRequired":true,"valueName":"search_term_string"}}],"inLanguage":"fr-FR"}]}},"publishpress_future_action":{"enabled":false,"date":"2026-05-06 16:43:48","action":"change-status","newStatus":"draft","terms":[],"taxonomy":"translation_priority","extraData":[]},"publishpress_future_workflow_manual_trigger":{"enabledWorkflows":[]},"_links":{"self":[{"href":"https:\/\/www.sauter-fm.com\/fr\/wp-json\/wp\/v2\/pages\/3377","targetHints":{"allow":["GET"]}}],"collection":[{"href":"https:\/\/www.sauter-fm.com\/fr\/wp-json\/wp\/v2\/pages"}],"about":[{"href":"https:\/\/www.sauter-fm.com\/fr\/wp-json\/wp\/v2\/types\/page"}],"author":[{"embeddable":true,"href":"https:\/\/www.sauter-fm.com\/fr\/wp-json\/wp\/v2\/users\/8"}],"replies":[{"embeddable":true,"href":"https:\/\/www.sauter-fm.com\/fr\/wp-json\/wp\/v2\/comments?post=3377"}],"version-history":[{"count":4,"href":"https:\/\/www.sauter-fm.com\/fr\/wp-json\/wp\/v2\/pages\/3377\/revisions"}],"predecessor-version":[{"id":7146,"href":"https:\/\/www.sauter-fm.com\/fr\/wp-json\/wp\/v2\/pages\/3377\/revisions\/7146"}],"up":[{"embeddable":true,"href":"https:\/\/www.sauter-fm.com\/fr\/wp-json\/wp\/v2\/pages\/3356"}],"wp:attachment":[{"href":"https:\/\/www.sauter-fm.com\/fr\/wp-json\/wp\/v2\/media?parent=3377"}],"curies":[{"name":"wp","href":"https:\/\/api.w.org\/{rel}","templated":true}]}}