{"id":3370,"date":"2022-02-22T11:43:50","date_gmt":"2022-02-22T11:43:50","guid":{"rendered":"https:\/\/www.sauter-fm.com\/technischer_anlagenbau\/heizungstechnik\/"},"modified":"2024-06-21T07:58:16","modified_gmt":"2024-06-21T07:58:16","slug":"technique-de-chauffage","status":"publish","type":"page","link":"https:\/\/www.sauter-fm.com\/fr\/services\/construction-dinstallations-techniques\/technique-de-chauffage\/","title":{"rendered":"\u00c9quipements de chauffage et \u00e9quipements sanitaires"},"content":{"rendered":"<p><img decoding=\"async\" class=\"size-medium wp-image-2584 alignleft\" src=\"https:\/\/www.sauter-fm.com\/wp-content\/uploads\/sites\/32\/2022\/02\/SAUTER_FM_Heizungstechnik_353x212_Verlauf-300x181.jpg\" alt=\"\" width=\"300\" height=\"181\" srcset=\"https:\/\/www.sauter-fm.com\/wp-content\/uploads\/sites\/32\/2022\/02\/SAUTER_FM_Heizungstechnik_353x212_Verlauf-300x181.jpg 300w, https:\/\/www.sauter-fm.com\/wp-content\/uploads\/sites\/32\/2022\/02\/SAUTER_FM_Heizungstechnik_353x212_Verlauf-225x136.jpg 225w, https:\/\/www.sauter-fm.com\/wp-content\/uploads\/sites\/32\/2022\/02\/SAUTER_FM_Heizungstechnik_353x212_Verlauf.jpg 352w\" sizes=\"(max-width: 300px) 100vw, 300px\" \/><\/p>\n<p>En plus de la technique de chauffage, notre solution compl\u00e8te et \u00e9conomique pour le chauffage tient compte de l\u2019ensemble de la construction de l\u2019installation de distribution de chaleur au sein de votre bien immobilier. Nous nous chargeons de la planification et de l\u2019installation de syst\u00e8mes de chauffage (comprenant entre autres le chauffage urbain, la g\u00e9othermie et les \u00e9nergies renouvelables), ainsi que du montage et de la maintenance de toutes les installations techniques de chauffage dans les immeubles de bureaux et les \u00e9quipements complexes des b\u00e2timents industriels.<\/p>\n<ul style=\"clear: both\">\n<li>Centrales techniques<\/li>\n<li>Chaudi\u00e8res \u00e0 eau chaude<\/li>\n<li>Centrales \u00e9lectriques\/centrales thermiques\/centrales de cog\u00e9n\u00e9ration<\/li>\n<li>Syst\u00e8mes de r\u00e9cup\u00e9ration de chaleur<\/li>\n<\/ul>\n<p>Le domaine de la technique sanitaire comprend toutes les installations techniques pour l\u2019approvisionnement en eau et l\u2019\u00e9vacuation des eaux us\u00e9es. Gr\u00e2ce \u00e0 des solutions sanitaires sur mesure et \u00e9conomiques pour l\u2019approvisionnement, l\u2019\u00e9limination, la pr\u00e9paration et le conditionnement, nous assurons les normes d\u2019hygi\u00e8ne attendues. L\u2019utilisation de l\u2019eau de pluie, les syst\u00e8mes de s\u00e9paration et les contr\u00f4les d\u2019hygi\u00e8ne de l\u2019eau potable font, entre autres, partie de nos prestations.<\/p>\n<ul>\n<li>R\u00e9parations<\/li>\n<li>Transformation d\u2019anciennes installations et nouvelles constructions<\/li>\n<li>Technique solaire<\/li>\n<li>Pompes \u00e0 chaleur<\/li>\n<li>Contr\u00f4les de pression des conduites de gaz<\/li>\n<li>S\u00e9parateurs de graisse<\/li>\n<li>Contr\u00f4les d\u2019\u00e9tanch\u00e9it\u00e9<\/li>\n<li>Inspections des canalisations<\/li>\n<\/ul>\n","protected":false},"excerpt":{"rendered":"<p>En plus de la technique de chauffage, notre solution compl\u00e8te et \u00e9conomique pour le chauffage tient compte de l\u2019ensemble de la construction de l\u2019installation de distribution de chaleur au sein de votre bien immobilier. Nous nous chargeons de la planification et de l\u2019installation de syst\u00e8mes de chauffage (comprenant entre autres le chauffage urbain, la g\u00e9othermie [&hellip;]<\/p>\n","protected":false},"author":8,"featured_media":0,"parent":3356,"menu_order":10,"comment_status":"closed","ping_status":"closed","template":"","meta":{"_acf_changed":false,"footnotes":""},"class_list":["post-3370","page","type-page","status-publish","hentry"],"acf":[],"yoast_head":"<!-- This site is optimized with the Yoast SEO plugin v26.1.1 - https:\/\/yoast.com\/wordpress\/plugins\/seo\/ -->\n<title>\u00c9quipements de chauffage et \u00e9quipements sanitaires | SAUTER<\/title>\n<meta name=\"description\" content=\"Nous nous chargeons de la planification et de l&#039;installation des syst\u00e8mes de chauffage, du montage et de l&#039;entretien ult\u00e9rieur.\" \/>\n<meta name=\"robots\" content=\"index, follow, max-snippet:-1, max-image-preview:large, max-video-preview:-1\" \/>\n<link rel=\"canonical\" href=\"https:\/\/www.sauter-fm.com\/fr\/services\/construction-dinstallations-techniques\/technique-de-chauffage\/\" \/>\n<meta property=\"og:locale\" content=\"fr_FR\" \/>\n<meta property=\"og:type\" content=\"article\" \/>\n<meta property=\"og:title\" content=\"\u00c9quipements de chauffage et \u00e9quipements sanitaires | SAUTER\" \/>\n<meta property=\"og:description\" content=\"Nous nous chargeons de la planification et de l&#039;installation des syst\u00e8mes de chauffage, du montage et de l&#039;entretien ult\u00e9rieur.\" \/>\n<meta property=\"og:url\" content=\"https:\/\/www.sauter-fm.com\/fr\/services\/construction-dinstallations-techniques\/technique-de-chauffage\/\" \/>\n<meta property=\"og:site_name\" content=\"Sauter FM\" \/>\n<meta property=\"article:modified_time\" content=\"2024-06-21T07:58:16+00:00\" \/>\n<meta property=\"og:image\" content=\"https:\/\/www.sauter-fm.com\/wp-content\/uploads\/sites\/32\/2022\/02\/SAUTER_FM_Heizungstechnik_353x212_Verlauf-300x181.jpg\" \/>\n<meta name=\"twitter:card\" content=\"summary_large_image\" \/>\n<meta name=\"twitter:label1\" content=\"Dur\u00e9e de lecture estim\u00e9e\" \/>\n\t<meta name=\"twitter:data1\" content=\"2 minutes\" \/>\n<script type=\"application\/ld+json\" class=\"yoast-schema-graph\">{\"@context\":\"https:\/\/schema.org\",\"@graph\":[{\"@type\":\"WebPage\",\"@id\":\"https:\/\/www.sauter-fm.com\/fr\/services\/construction-dinstallations-techniques\/technique-de-chauffage\/\",\"url\":\"https:\/\/www.sauter-fm.com\/fr\/services\/construction-dinstallations-techniques\/technique-de-chauffage\/\",\"name\":\"\u00c9quipements de chauffage et \u00e9quipements sanitaires | SAUTER\",\"isPartOf\":{\"@id\":\"https:\/\/www.sauter-fm.com\/#website\"},\"primaryImageOfPage\":{\"@id\":\"https:\/\/www.sauter-fm.com\/fr\/services\/construction-dinstallations-techniques\/technique-de-chauffage\/#primaryimage\"},\"image\":{\"@id\":\"https:\/\/www.sauter-fm.com\/fr\/services\/construction-dinstallations-techniques\/technique-de-chauffage\/#primaryimage\"},\"thumbnailUrl\":\"https:\/\/www.sauter-fm.com\/wp-content\/uploads\/sites\/32\/2022\/02\/SAUTER_FM_Heizungstechnik_353x212_Verlauf-300x181.jpg\",\"datePublished\":\"2022-02-22T11:43:50+00:00\",\"dateModified\":\"2024-06-21T07:58:16+00:00\",\"description\":\"Nous nous chargeons de la planification et de l'installation des syst\u00e8mes de chauffage, du montage et de l'entretien ult\u00e9rieur.\",\"breadcrumb\":{\"@id\":\"https:\/\/www.sauter-fm.com\/fr\/services\/construction-dinstallations-techniques\/technique-de-chauffage\/#breadcrumb\"},\"inLanguage\":\"fr-FR\",\"potentialAction\":[{\"@type\":\"ReadAction\",\"target\":[\"https:\/\/www.sauter-fm.com\/fr\/services\/construction-dinstallations-techniques\/technique-de-chauffage\/\"]}]},{\"@type\":\"ImageObject\",\"inLanguage\":\"fr-FR\",\"@id\":\"https:\/\/www.sauter-fm.com\/fr\/services\/construction-dinstallations-techniques\/technique-de-chauffage\/#primaryimage\",\"url\":\"https:\/\/www.sauter-fm.com\/wp-content\/uploads\/sites\/32\/2022\/02\/SAUTER_FM_Heizungstechnik_353x212_Verlauf-300x181.jpg\",\"contentUrl\":\"https:\/\/www.sauter-fm.com\/wp-content\/uploads\/sites\/32\/2022\/02\/SAUTER_FM_Heizungstechnik_353x212_Verlauf-300x181.jpg\"},{\"@type\":\"BreadcrumbList\",\"@id\":\"https:\/\/www.sauter-fm.com\/fr\/services\/construction-dinstallations-techniques\/technique-de-chauffage\/#breadcrumb\",\"itemListElement\":[{\"@type\":\"ListItem\",\"position\":1,\"name\":\"Home\",\"item\":\"https:\/\/www.sauter-fm.com\/fr\/\"},{\"@type\":\"ListItem\",\"position\":2,\"name\":\"Services\",\"item\":\"https:\/\/www.sauter-fm.com\/fr\/services\/\"},{\"@type\":\"ListItem\",\"position\":3,\"name\":\"Construction d\u2019installations techniques\",\"item\":\"https:\/\/www.sauter-fm.com\/fr\/services\/construction-dinstallations-techniques\/\"},{\"@type\":\"ListItem\",\"position\":4,\"name\":\"\u00c9quipements de chauffage et \u00e9quipements sanitaires\"}]},{\"@type\":\"WebSite\",\"@id\":\"https:\/\/www.sauter-fm.com\/#website\",\"url\":\"https:\/\/www.sauter-fm.com\/\",\"name\":\"Sauter FM\",\"description\":\"SAUTER Facility Management\",\"potentialAction\":[{\"@type\":\"SearchAction\",\"target\":{\"@type\":\"EntryPoint\",\"urlTemplate\":\"https:\/\/www.sauter-fm.com\/?s={search_term_string}\"},\"query-input\":{\"@type\":\"PropertyValueSpecification\",\"valueRequired\":true,\"valueName\":\"search_term_string\"}}],\"inLanguage\":\"fr-FR\"}]}<\/script>\n<!-- \/ Yoast SEO plugin. -->","yoast_head_json":{"title":"\u00c9quipements de chauffage et \u00e9quipements sanitaires | SAUTER","description":"Nous nous chargeons de la planification et de l'installation des syst\u00e8mes de chauffage, du montage et de l'entretien ult\u00e9rieur.","robots":{"index":"index","follow":"follow","max-snippet":"max-snippet:-1","max-image-preview":"max-image-preview:large","max-video-preview":"max-video-preview:-1"},"canonical":"https:\/\/www.sauter-fm.com\/fr\/services\/construction-dinstallations-techniques\/technique-de-chauffage\/","og_locale":"fr_FR","og_type":"article","og_title":"\u00c9quipements de chauffage et \u00e9quipements sanitaires | SAUTER","og_description":"Nous nous chargeons de la planification et de l'installation des syst\u00e8mes de chauffage, du montage et de l'entretien ult\u00e9rieur.","og_url":"https:\/\/www.sauter-fm.com\/fr\/services\/construction-dinstallations-techniques\/technique-de-chauffage\/","og_site_name":"Sauter FM","article_modified_time":"2024-06-21T07:58:16+00:00","og_image":[{"url":"https:\/\/www.sauter-fm.com\/wp-content\/uploads\/sites\/32\/2022\/02\/SAUTER_FM_Heizungstechnik_353x212_Verlauf-300x181.jpg","type":"","width":"","height":""}],"twitter_card":"summary_large_image","twitter_misc":{"Dur\u00e9e de lecture estim\u00e9e":"2 minutes"},"schema":{"@context":"https:\/\/schema.org","@graph":[{"@type":"WebPage","@id":"https:\/\/www.sauter-fm.com\/fr\/services\/construction-dinstallations-techniques\/technique-de-chauffage\/","url":"https:\/\/www.sauter-fm.com\/fr\/services\/construction-dinstallations-techniques\/technique-de-chauffage\/","name":"\u00c9quipements de chauffage et \u00e9quipements sanitaires | SAUTER","isPartOf":{"@id":"https:\/\/www.sauter-fm.com\/#website"},"primaryImageOfPage":{"@id":"https:\/\/www.sauter-fm.com\/fr\/services\/construction-dinstallations-techniques\/technique-de-chauffage\/#primaryimage"},"image":{"@id":"https:\/\/www.sauter-fm.com\/fr\/services\/construction-dinstallations-techniques\/technique-de-chauffage\/#primaryimage"},"thumbnailUrl":"https:\/\/www.sauter-fm.com\/wp-content\/uploads\/sites\/32\/2022\/02\/SAUTER_FM_Heizungstechnik_353x212_Verlauf-300x181.jpg","datePublished":"2022-02-22T11:43:50+00:00","dateModified":"2024-06-21T07:58:16+00:00","description":"Nous nous chargeons de la planification et de l'installation des syst\u00e8mes de chauffage, du montage et de l'entretien ult\u00e9rieur.","breadcrumb":{"@id":"https:\/\/www.sauter-fm.com\/fr\/services\/construction-dinstallations-techniques\/technique-de-chauffage\/#breadcrumb"},"inLanguage":"fr-FR","potentialAction":[{"@type":"ReadAction","target":["https:\/\/www.sauter-fm.com\/fr\/services\/construction-dinstallations-techniques\/technique-de-chauffage\/"]}]},{"@type":"ImageObject","inLanguage":"fr-FR","@id":"https:\/\/www.sauter-fm.com\/fr\/services\/construction-dinstallations-techniques\/technique-de-chauffage\/#primaryimage","url":"https:\/\/www.sauter-fm.com\/wp-content\/uploads\/sites\/32\/2022\/02\/SAUTER_FM_Heizungstechnik_353x212_Verlauf-300x181.jpg","contentUrl":"https:\/\/www.sauter-fm.com\/wp-content\/uploads\/sites\/32\/2022\/02\/SAUTER_FM_Heizungstechnik_353x212_Verlauf-300x181.jpg"},{"@type":"BreadcrumbList","@id":"https:\/\/www.sauter-fm.com\/fr\/services\/construction-dinstallations-techniques\/technique-de-chauffage\/#breadcrumb","itemListElement":[{"@type":"ListItem","position":1,"name":"Home","item":"https:\/\/www.sauter-fm.com\/fr\/"},{"@type":"ListItem","position":2,"name":"Services","item":"https:\/\/www.sauter-fm.com\/fr\/services\/"},{"@type":"ListItem","position":3,"name":"Construction d\u2019installations techniques","item":"https:\/\/www.sauter-fm.com\/fr\/services\/construction-dinstallations-techniques\/"},{"@type":"ListItem","position":4,"name":"\u00c9quipements de chauffage et \u00e9quipements sanitaires"}]},{"@type":"WebSite","@id":"https:\/\/www.sauter-fm.com\/#website","url":"https:\/\/www.sauter-fm.com\/","name":"Sauter FM","description":"SAUTER Facility Management","potentialAction":[{"@type":"SearchAction","target":{"@type":"EntryPoint","urlTemplate":"https:\/\/www.sauter-fm.com\/?s={search_term_string}"},"query-input":{"@type":"PropertyValueSpecification","valueRequired":true,"valueName":"search_term_string"}}],"inLanguage":"fr-FR"}]}},"publishpress_future_action":{"enabled":false,"date":"2026-05-08 14:10:59","action":"change-status","newStatus":"draft","terms":[],"taxonomy":"translation_priority","extraData":[]},"publishpress_future_workflow_manual_trigger":{"enabledWorkflows":[]},"_links":{"self":[{"href":"https:\/\/www.sauter-fm.com\/fr\/wp-json\/wp\/v2\/pages\/3370","targetHints":{"allow":["GET"]}}],"collection":[{"href":"https:\/\/www.sauter-fm.com\/fr\/wp-json\/wp\/v2\/pages"}],"about":[{"href":"https:\/\/www.sauter-fm.com\/fr\/wp-json\/wp\/v2\/types\/page"}],"author":[{"embeddable":true,"href":"https:\/\/www.sauter-fm.com\/fr\/wp-json\/wp\/v2\/users\/8"}],"replies":[{"embeddable":true,"href":"https:\/\/www.sauter-fm.com\/fr\/wp-json\/wp\/v2\/comments?post=3370"}],"version-history":[{"count":5,"href":"https:\/\/www.sauter-fm.com\/fr\/wp-json\/wp\/v2\/pages\/3370\/revisions"}],"predecessor-version":[{"id":7157,"href":"https:\/\/www.sauter-fm.com\/fr\/wp-json\/wp\/v2\/pages\/3370\/revisions\/7157"}],"up":[{"embeddable":true,"href":"https:\/\/www.sauter-fm.com\/fr\/wp-json\/wp\/v2\/pages\/3356"}],"wp:attachment":[{"href":"https:\/\/www.sauter-fm.com\/fr\/wp-json\/wp\/v2\/media?parent=3370"}],"curies":[{"name":"wp","href":"https:\/\/api.w.org\/{rel}","templated":true}]}}