{"id":3367,"date":"2022-02-22T11:42:28","date_gmt":"2022-02-22T11:42:28","guid":{"rendered":"https:\/\/www.sauter-fm.com\/technischer_anlagenbau\/klima_kaeltetechnik\/"},"modified":"2024-06-21T07:56:16","modified_gmt":"2024-06-21T07:56:16","slug":"climatisation-et-refrigeration","status":"publish","type":"page","link":"https:\/\/www.sauter-fm.com\/fr\/services\/construction-dinstallations-techniques\/climatisation-et-refrigeration\/","title":{"rendered":"\u00c9quipements de refroidissement"},"content":{"rendered":"<p><img decoding=\"async\" class=\"size-medium wp-image-2635 alignleft\" src=\"https:\/\/www.sauter-fm.com\/wp-content\/uploads\/sites\/32\/2022\/02\/SAUTER_FM_klimatechnik_353x212_Verlauf-1-300x180.jpg\" alt=\"\" width=\"300\" height=\"180\" srcset=\"https:\/\/www.sauter-fm.com\/wp-content\/uploads\/sites\/32\/2022\/02\/SAUTER_FM_klimatechnik_353x212_Verlauf-1-300x180.jpg 300w, https:\/\/www.sauter-fm.com\/wp-content\/uploads\/sites\/32\/2022\/02\/SAUTER_FM_klimatechnik_353x212_Verlauf-1-225x135.jpg 225w, https:\/\/www.sauter-fm.com\/wp-content\/uploads\/sites\/32\/2022\/02\/SAUTER_FM_klimatechnik_353x212_Verlauf-1.jpg 353w\" sizes=\"(max-width: 300px) 100vw, 300px\" \/><\/p>\n<p>Un refroidissement fiable et \u00e9conomique est essentiel pour r\u00e9guler la temp\u00e9rature et l\u2019humidit\u00e9. Cela concerne la plupart du temps la saison chaude, mais peut \u00eatre pertinent toute l\u2019ann\u00e9e dans le cas de serveurs ou de processus de production. Nous vous aidons \u00e0 obtenir une temp\u00e9rature optimale pour vos locaux et vos produits. De la planification \u00e0 la remise en \u00e9tat, en passant par l\u2019impl\u00e9mentation et le montage, nous vous proposons un service complet.<\/p>\n<p>Nous proposons \u00e9galement une maintenance professionnelle qui augmente la dur\u00e9e de vie et la fiabilit\u00e9 des appareils et les rend plus efficaces et plus performants. Cela garantit \u00e9galement une d\u00e9tection rapide des erreurs, puis leur \u00e9limination.<\/p>\n<ul>\n<li>Installations de r\u00e9frig\u00e9ration, de climatisation, de ventilation, de pompes \u00e0 chaleur et de refroidissement<\/li>\n<li>Chambres froides et de cong\u00e9lation, appareils de r\u00e9frig\u00e9ration, armoires \u00e0 vin<\/li>\n<li>Climatiseurs ambiants split et syst\u00e8mes de climatisation pour les espaces r\u00e9sidentiels, les bureaux, le commerce, l\u2019artisanat et l\u2019industrie<\/li>\n<li>Installations de pompes \u00e0 chaleur pour un chauffage et un refroidissement \u00e9co\u00e9nerg\u00e9tiques de maisons individuelles, d\u2019immeubles d\u2019habitation, de lotissements, d\u2019entreprises commerciales et industrielles<\/li>\n<li>Maintenance, remise en \u00e9tat et construction de CTA et d\u2019installations de r\u00e9frig\u00e9ration, de climatisation et de refroidissement<\/li>\n<li>Inspection de l\u2019hygi\u00e8ne<\/li>\n<\/ul>\n","protected":false},"excerpt":{"rendered":"<p>Un refroidissement fiable et \u00e9conomique est essentiel pour r\u00e9guler la temp\u00e9rature et l\u2019humidit\u00e9. Cela concerne la plupart du temps la saison chaude, mais peut \u00eatre pertinent toute l\u2019ann\u00e9e dans le cas de serveurs ou de processus de production. Nous vous aidons \u00e0 obtenir une temp\u00e9rature optimale pour vos locaux et vos produits. De la planification [&hellip;]<\/p>\n","protected":false},"author":8,"featured_media":0,"parent":3356,"menu_order":10,"comment_status":"closed","ping_status":"closed","template":"","meta":{"_acf_changed":false,"footnotes":""},"class_list":["post-3367","page","type-page","status-publish","hentry"],"acf":[],"yoast_head":"<!-- This site is optimized with the Yoast SEO plugin v26.1.1 - https:\/\/yoast.com\/wordpress\/plugins\/seo\/ -->\n<title>\u00c9quipements de refroidissement | SAUTER<\/title>\n<meta name=\"description\" content=\"Une alimentation en froid fiable et \u00e9conomique est essentielle pour r\u00e9guler la temp\u00e9rature et l&#039;humidit\u00e9. Plus d&#039;infos ici!\" \/>\n<meta name=\"robots\" content=\"index, follow, max-snippet:-1, max-image-preview:large, max-video-preview:-1\" \/>\n<link rel=\"canonical\" href=\"https:\/\/www.sauter-fm.com\/fr\/services\/construction-dinstallations-techniques\/climatisation-et-refrigeration\/\" \/>\n<meta property=\"og:locale\" content=\"fr_FR\" \/>\n<meta property=\"og:type\" content=\"article\" \/>\n<meta property=\"og:title\" content=\"\u00c9quipements de refroidissement | SAUTER\" \/>\n<meta property=\"og:description\" content=\"Une alimentation en froid fiable et \u00e9conomique est essentielle pour r\u00e9guler la temp\u00e9rature et l&#039;humidit\u00e9. Plus d&#039;infos ici!\" \/>\n<meta property=\"og:url\" content=\"https:\/\/www.sauter-fm.com\/fr\/services\/construction-dinstallations-techniques\/climatisation-et-refrigeration\/\" \/>\n<meta property=\"og:site_name\" content=\"Sauter FM\" \/>\n<meta property=\"article:modified_time\" content=\"2024-06-21T07:56:16+00:00\" \/>\n<meta property=\"og:image\" content=\"https:\/\/www.sauter-fm.com\/wp-content\/uploads\/sites\/32\/2022\/02\/SAUTER_FM_klimatechnik_353x212_Verlauf-1-300x180.jpg\" \/>\n<meta name=\"twitter:card\" content=\"summary_large_image\" \/>\n<meta name=\"twitter:label1\" content=\"Dur\u00e9e de lecture estim\u00e9e\" \/>\n\t<meta name=\"twitter:data1\" content=\"2 minutes\" \/>\n<script type=\"application\/ld+json\" class=\"yoast-schema-graph\">{\"@context\":\"https:\/\/schema.org\",\"@graph\":[{\"@type\":\"WebPage\",\"@id\":\"https:\/\/www.sauter-fm.com\/fr\/services\/construction-dinstallations-techniques\/climatisation-et-refrigeration\/\",\"url\":\"https:\/\/www.sauter-fm.com\/fr\/services\/construction-dinstallations-techniques\/climatisation-et-refrigeration\/\",\"name\":\"\u00c9quipements de refroidissement | SAUTER\",\"isPartOf\":{\"@id\":\"https:\/\/www.sauter-fm.com\/#website\"},\"primaryImageOfPage\":{\"@id\":\"https:\/\/www.sauter-fm.com\/fr\/services\/construction-dinstallations-techniques\/climatisation-et-refrigeration\/#primaryimage\"},\"image\":{\"@id\":\"https:\/\/www.sauter-fm.com\/fr\/services\/construction-dinstallations-techniques\/climatisation-et-refrigeration\/#primaryimage\"},\"thumbnailUrl\":\"https:\/\/www.sauter-fm.com\/wp-content\/uploads\/sites\/32\/2022\/02\/SAUTER_FM_klimatechnik_353x212_Verlauf-1-300x180.jpg\",\"datePublished\":\"2022-02-22T11:42:28+00:00\",\"dateModified\":\"2024-06-21T07:56:16+00:00\",\"description\":\"Une alimentation en froid fiable et \u00e9conomique est essentielle pour r\u00e9guler la temp\u00e9rature et l'humidit\u00e9. Plus d'infos ici!\",\"breadcrumb\":{\"@id\":\"https:\/\/www.sauter-fm.com\/fr\/services\/construction-dinstallations-techniques\/climatisation-et-refrigeration\/#breadcrumb\"},\"inLanguage\":\"fr-FR\",\"potentialAction\":[{\"@type\":\"ReadAction\",\"target\":[\"https:\/\/www.sauter-fm.com\/fr\/services\/construction-dinstallations-techniques\/climatisation-et-refrigeration\/\"]}]},{\"@type\":\"ImageObject\",\"inLanguage\":\"fr-FR\",\"@id\":\"https:\/\/www.sauter-fm.com\/fr\/services\/construction-dinstallations-techniques\/climatisation-et-refrigeration\/#primaryimage\",\"url\":\"https:\/\/www.sauter-fm.com\/wp-content\/uploads\/sites\/32\/2022\/02\/SAUTER_FM_klimatechnik_353x212_Verlauf-1-300x180.jpg\",\"contentUrl\":\"https:\/\/www.sauter-fm.com\/wp-content\/uploads\/sites\/32\/2022\/02\/SAUTER_FM_klimatechnik_353x212_Verlauf-1-300x180.jpg\"},{\"@type\":\"BreadcrumbList\",\"@id\":\"https:\/\/www.sauter-fm.com\/fr\/services\/construction-dinstallations-techniques\/climatisation-et-refrigeration\/#breadcrumb\",\"itemListElement\":[{\"@type\":\"ListItem\",\"position\":1,\"name\":\"Home\",\"item\":\"https:\/\/www.sauter-fm.com\/fr\/\"},{\"@type\":\"ListItem\",\"position\":2,\"name\":\"Services\",\"item\":\"https:\/\/www.sauter-fm.com\/fr\/services\/\"},{\"@type\":\"ListItem\",\"position\":3,\"name\":\"Construction d\u2019installations techniques\",\"item\":\"https:\/\/www.sauter-fm.com\/fr\/services\/construction-dinstallations-techniques\/\"},{\"@type\":\"ListItem\",\"position\":4,\"name\":\"\u00c9quipements de refroidissement\"}]},{\"@type\":\"WebSite\",\"@id\":\"https:\/\/www.sauter-fm.com\/#website\",\"url\":\"https:\/\/www.sauter-fm.com\/\",\"name\":\"Sauter FM\",\"description\":\"SAUTER Facility Management\",\"potentialAction\":[{\"@type\":\"SearchAction\",\"target\":{\"@type\":\"EntryPoint\",\"urlTemplate\":\"https:\/\/www.sauter-fm.com\/?s={search_term_string}\"},\"query-input\":{\"@type\":\"PropertyValueSpecification\",\"valueRequired\":true,\"valueName\":\"search_term_string\"}}],\"inLanguage\":\"fr-FR\"}]}<\/script>\n<!-- \/ Yoast SEO plugin. -->","yoast_head_json":{"title":"\u00c9quipements de refroidissement | SAUTER","description":"Une alimentation en froid fiable et \u00e9conomique est essentielle pour r\u00e9guler la temp\u00e9rature et l'humidit\u00e9. Plus d'infos ici!","robots":{"index":"index","follow":"follow","max-snippet":"max-snippet:-1","max-image-preview":"max-image-preview:large","max-video-preview":"max-video-preview:-1"},"canonical":"https:\/\/www.sauter-fm.com\/fr\/services\/construction-dinstallations-techniques\/climatisation-et-refrigeration\/","og_locale":"fr_FR","og_type":"article","og_title":"\u00c9quipements de refroidissement | SAUTER","og_description":"Une alimentation en froid fiable et \u00e9conomique est essentielle pour r\u00e9guler la temp\u00e9rature et l'humidit\u00e9. Plus d'infos ici!","og_url":"https:\/\/www.sauter-fm.com\/fr\/services\/construction-dinstallations-techniques\/climatisation-et-refrigeration\/","og_site_name":"Sauter FM","article_modified_time":"2024-06-21T07:56:16+00:00","og_image":[{"url":"https:\/\/www.sauter-fm.com\/wp-content\/uploads\/sites\/32\/2022\/02\/SAUTER_FM_klimatechnik_353x212_Verlauf-1-300x180.jpg","type":"","width":"","height":""}],"twitter_card":"summary_large_image","twitter_misc":{"Dur\u00e9e de lecture estim\u00e9e":"2 minutes"},"schema":{"@context":"https:\/\/schema.org","@graph":[{"@type":"WebPage","@id":"https:\/\/www.sauter-fm.com\/fr\/services\/construction-dinstallations-techniques\/climatisation-et-refrigeration\/","url":"https:\/\/www.sauter-fm.com\/fr\/services\/construction-dinstallations-techniques\/climatisation-et-refrigeration\/","name":"\u00c9quipements de refroidissement | SAUTER","isPartOf":{"@id":"https:\/\/www.sauter-fm.com\/#website"},"primaryImageOfPage":{"@id":"https:\/\/www.sauter-fm.com\/fr\/services\/construction-dinstallations-techniques\/climatisation-et-refrigeration\/#primaryimage"},"image":{"@id":"https:\/\/www.sauter-fm.com\/fr\/services\/construction-dinstallations-techniques\/climatisation-et-refrigeration\/#primaryimage"},"thumbnailUrl":"https:\/\/www.sauter-fm.com\/wp-content\/uploads\/sites\/32\/2022\/02\/SAUTER_FM_klimatechnik_353x212_Verlauf-1-300x180.jpg","datePublished":"2022-02-22T11:42:28+00:00","dateModified":"2024-06-21T07:56:16+00:00","description":"Une alimentation en froid fiable et \u00e9conomique est essentielle pour r\u00e9guler la temp\u00e9rature et l'humidit\u00e9. Plus d'infos ici!","breadcrumb":{"@id":"https:\/\/www.sauter-fm.com\/fr\/services\/construction-dinstallations-techniques\/climatisation-et-refrigeration\/#breadcrumb"},"inLanguage":"fr-FR","potentialAction":[{"@type":"ReadAction","target":["https:\/\/www.sauter-fm.com\/fr\/services\/construction-dinstallations-techniques\/climatisation-et-refrigeration\/"]}]},{"@type":"ImageObject","inLanguage":"fr-FR","@id":"https:\/\/www.sauter-fm.com\/fr\/services\/construction-dinstallations-techniques\/climatisation-et-refrigeration\/#primaryimage","url":"https:\/\/www.sauter-fm.com\/wp-content\/uploads\/sites\/32\/2022\/02\/SAUTER_FM_klimatechnik_353x212_Verlauf-1-300x180.jpg","contentUrl":"https:\/\/www.sauter-fm.com\/wp-content\/uploads\/sites\/32\/2022\/02\/SAUTER_FM_klimatechnik_353x212_Verlauf-1-300x180.jpg"},{"@type":"BreadcrumbList","@id":"https:\/\/www.sauter-fm.com\/fr\/services\/construction-dinstallations-techniques\/climatisation-et-refrigeration\/#breadcrumb","itemListElement":[{"@type":"ListItem","position":1,"name":"Home","item":"https:\/\/www.sauter-fm.com\/fr\/"},{"@type":"ListItem","position":2,"name":"Services","item":"https:\/\/www.sauter-fm.com\/fr\/services\/"},{"@type":"ListItem","position":3,"name":"Construction d\u2019installations techniques","item":"https:\/\/www.sauter-fm.com\/fr\/services\/construction-dinstallations-techniques\/"},{"@type":"ListItem","position":4,"name":"\u00c9quipements de refroidissement"}]},{"@type":"WebSite","@id":"https:\/\/www.sauter-fm.com\/#website","url":"https:\/\/www.sauter-fm.com\/","name":"Sauter FM","description":"SAUTER Facility Management","potentialAction":[{"@type":"SearchAction","target":{"@type":"EntryPoint","urlTemplate":"https:\/\/www.sauter-fm.com\/?s={search_term_string}"},"query-input":{"@type":"PropertyValueSpecification","valueRequired":true,"valueName":"search_term_string"}}],"inLanguage":"fr-FR"}]}},"publishpress_future_action":{"enabled":false,"date":"2026-05-09 19:06:55","action":"change-status","newStatus":"draft","terms":[],"taxonomy":"translation_priority","extraData":[]},"publishpress_future_workflow_manual_trigger":{"enabledWorkflows":[]},"_links":{"self":[{"href":"https:\/\/www.sauter-fm.com\/fr\/wp-json\/wp\/v2\/pages\/3367","targetHints":{"allow":["GET"]}}],"collection":[{"href":"https:\/\/www.sauter-fm.com\/fr\/wp-json\/wp\/v2\/pages"}],"about":[{"href":"https:\/\/www.sauter-fm.com\/fr\/wp-json\/wp\/v2\/types\/page"}],"author":[{"embeddable":true,"href":"https:\/\/www.sauter-fm.com\/fr\/wp-json\/wp\/v2\/users\/8"}],"replies":[{"embeddable":true,"href":"https:\/\/www.sauter-fm.com\/fr\/wp-json\/wp\/v2\/comments?post=3367"}],"version-history":[{"count":3,"href":"https:\/\/www.sauter-fm.com\/fr\/wp-json\/wp\/v2\/pages\/3367\/revisions"}],"predecessor-version":[{"id":7155,"href":"https:\/\/www.sauter-fm.com\/fr\/wp-json\/wp\/v2\/pages\/3367\/revisions\/7155"}],"up":[{"embeddable":true,"href":"https:\/\/www.sauter-fm.com\/fr\/wp-json\/wp\/v2\/pages\/3356"}],"wp:attachment":[{"href":"https:\/\/www.sauter-fm.com\/fr\/wp-json\/wp\/v2\/media?parent=3367"}],"curies":[{"name":"wp","href":"https:\/\/api.w.org\/{rel}","templated":true}]}}