{"id":3364,"date":"2022-02-22T11:40:10","date_gmt":"2022-02-22T11:40:10","guid":{"rendered":"https:\/\/www.sauter-fm.com\/technischer_anlagenbau\/lueftungstechnik\/"},"modified":"2024-06-21T07:53:36","modified_gmt":"2024-06-21T07:53:36","slug":"technique-de-ventilation","status":"publish","type":"page","link":"https:\/\/www.sauter-fm.com\/fr\/services\/construction-dinstallations-techniques\/technique-de-ventilation\/","title":{"rendered":"\u00c9quipements de ventilation et de climatisation"},"content":{"rendered":"<p><img decoding=\"async\" class=\"size-medium wp-image-2632 alignleft\" src=\"https:\/\/www.sauter-fm.com\/wp-content\/uploads\/sites\/32\/2022\/02\/SAUTER_FM_lueftungstechnik_353x212_Verlauf-1-300x180.jpg\" alt=\"\" width=\"300\" height=\"180\" srcset=\"https:\/\/www.sauter-fm.com\/wp-content\/uploads\/sites\/32\/2022\/02\/SAUTER_FM_lueftungstechnik_353x212_Verlauf-1-300x180.jpg 300w, https:\/\/www.sauter-fm.com\/wp-content\/uploads\/sites\/32\/2022\/02\/SAUTER_FM_lueftungstechnik_353x212_Verlauf-1-225x135.jpg 225w, https:\/\/www.sauter-fm.com\/wp-content\/uploads\/sites\/32\/2022\/02\/SAUTER_FM_lueftungstechnik_353x212_Verlauf-1.jpg 353w\" sizes=\"(max-width: 300px) 100vw, 300px\" \/><\/p>\n<p>Les \u00e9quipements de ventilation et de climatisation permettent de maintenir l\u2019\u00e9tat de l\u2019air ambiant dans certaines limites en termes de puret\u00e9, de temp\u00e9rature et d\u2019humidit\u00e9. Les exigences concernant l\u2019\u00e9tat de l\u2019air ambiant varient en fonction du type de local\u00a0: Pour les pi\u00e8ces d\u2019habitation, on choisit g\u00e9n\u00e9ralement une simple ventilation de fen\u00eatre, alors que les entreprises industrielles souhaitent parfois influer sur l\u2019\u00e9tat de l\u2019air de diff\u00e9rents locaux avec grande pr\u00e9cision. Entre ces tendances, il existe d\u2019innombrables niveaux avec un traitement de l\u2019air plus ou moins \u00e9tendu, par exemple pour les immeubles de bureaux, les \u00e9tablissements d\u2019enseignement, les th\u00e9\u00e2tres ou les h\u00f4pitaux.<br \/>\nLes syst\u00e8mes de climatisation \u00e9conomes en \u00e9nergie n\u00e9cessitent une planification int\u00e9gr\u00e9e minutieuse. C\u2019est seulement gr\u00e2ce \u00e0 l\u2019interaction avec les lots techniques de chauffage, de refroidissement et d\u2019automatisation des b\u00e2timents que l\u2019\u00e9nergie n\u00e9cessaire \u00e0 la climatisation des b\u00e2timents peut \u00eatre limit\u00e9e \u00e0 un minimum.<\/p>\n<p>Nous installons un syst\u00e8me de ventilation sur mesure et parfaitement adapt\u00e9 \u00e0 vos besoins, incluant l\u2019entretien et la maintenance de l\u2019installation de ventilation. Outre l\u2019aspect sanitaire, nous mettons l\u2019accent sur la s\u00e9curit\u00e9 \u00e9conomique et op\u00e9rationnelle ainsi que sur la protection de l\u2019environnement.<\/p>\n<ul>\n<li>Planification et construction d\u2019installations de ventilation et d\u2019unit\u00e9s de conditionnement d\u2019air<\/li>\n<li>Modernisation et remise en \u00e9tat des installations existantes<\/li>\n<li>D\u00e9pannage<\/li>\n<li>R\u00e9parations<\/li>\n<li>Inspections d\u2019hygi\u00e8ne<\/li>\n<li>Maintenances<\/li>\n<li>Technique de r\u00e9gulation<\/li>\n<\/ul>\n","protected":false},"excerpt":{"rendered":"<p>Les \u00e9quipements de ventilation et de climatisation permettent de maintenir l\u2019\u00e9tat de l\u2019air ambiant dans certaines limites en termes de puret\u00e9, de temp\u00e9rature et d\u2019humidit\u00e9. Les exigences concernant l\u2019\u00e9tat de l\u2019air ambiant varient en fonction du type de local\u00a0: Pour les pi\u00e8ces d\u2019habitation, on choisit g\u00e9n\u00e9ralement une simple ventilation de fen\u00eatre, alors que les entreprises [&hellip;]<\/p>\n","protected":false},"author":8,"featured_media":0,"parent":3356,"menu_order":10,"comment_status":"closed","ping_status":"closed","template":"","meta":{"_acf_changed":false,"footnotes":""},"class_list":["post-3364","page","type-page","status-publish","hentry"],"acf":[],"yoast_head":"<!-- This site is optimized with the Yoast SEO plugin v26.1.1 - https:\/\/yoast.com\/wordpress\/plugins\/seo\/ -->\n<title>\u00c9quipements de ventilation et de climatisation | SAUTER<\/title>\n<meta name=\"description\" content=\"Des syst\u00e8mes de ventilation individuels pour l&#039;aspect sanitaire, la s\u00e9curit\u00e9 de fonctionnement, ainsi que la protection de l&#039;environnement.\" \/>\n<meta name=\"robots\" content=\"index, follow, max-snippet:-1, max-image-preview:large, max-video-preview:-1\" \/>\n<link rel=\"canonical\" href=\"https:\/\/www.sauter-fm.com\/fr\/services\/construction-dinstallations-techniques\/technique-de-ventilation\/\" \/>\n<meta property=\"og:locale\" content=\"fr_FR\" \/>\n<meta property=\"og:type\" content=\"article\" \/>\n<meta property=\"og:title\" content=\"\u00c9quipements de ventilation et de climatisation | SAUTER\" \/>\n<meta property=\"og:description\" content=\"Des syst\u00e8mes de ventilation individuels pour l&#039;aspect sanitaire, la s\u00e9curit\u00e9 de fonctionnement, ainsi que la protection de l&#039;environnement.\" \/>\n<meta property=\"og:url\" content=\"https:\/\/www.sauter-fm.com\/fr\/services\/construction-dinstallations-techniques\/technique-de-ventilation\/\" \/>\n<meta property=\"og:site_name\" content=\"Sauter FM\" \/>\n<meta property=\"article:modified_time\" content=\"2024-06-21T07:53:36+00:00\" \/>\n<meta property=\"og:image\" content=\"https:\/\/www.sauter-fm.com\/wp-content\/uploads\/sites\/32\/2022\/02\/SAUTER_FM_lueftungstechnik_353x212_Verlauf-1-300x180.jpg\" \/>\n<meta name=\"twitter:card\" content=\"summary_large_image\" \/>\n<meta name=\"twitter:label1\" content=\"Dur\u00e9e de lecture estim\u00e9e\" \/>\n\t<meta name=\"twitter:data1\" content=\"2 minutes\" \/>\n<script type=\"application\/ld+json\" class=\"yoast-schema-graph\">{\"@context\":\"https:\/\/schema.org\",\"@graph\":[{\"@type\":\"WebPage\",\"@id\":\"https:\/\/www.sauter-fm.com\/fr\/services\/construction-dinstallations-techniques\/technique-de-ventilation\/\",\"url\":\"https:\/\/www.sauter-fm.com\/fr\/services\/construction-dinstallations-techniques\/technique-de-ventilation\/\",\"name\":\"\u00c9quipements de ventilation et de climatisation | SAUTER\",\"isPartOf\":{\"@id\":\"https:\/\/www.sauter-fm.com\/#website\"},\"primaryImageOfPage\":{\"@id\":\"https:\/\/www.sauter-fm.com\/fr\/services\/construction-dinstallations-techniques\/technique-de-ventilation\/#primaryimage\"},\"image\":{\"@id\":\"https:\/\/www.sauter-fm.com\/fr\/services\/construction-dinstallations-techniques\/technique-de-ventilation\/#primaryimage\"},\"thumbnailUrl\":\"https:\/\/www.sauter-fm.com\/wp-content\/uploads\/sites\/32\/2022\/02\/SAUTER_FM_lueftungstechnik_353x212_Verlauf-1-300x180.jpg\",\"datePublished\":\"2022-02-22T11:40:10+00:00\",\"dateModified\":\"2024-06-21T07:53:36+00:00\",\"description\":\"Des syst\u00e8mes de ventilation individuels pour l'aspect sanitaire, la s\u00e9curit\u00e9 de fonctionnement, ainsi que la protection de l'environnement.\",\"breadcrumb\":{\"@id\":\"https:\/\/www.sauter-fm.com\/fr\/services\/construction-dinstallations-techniques\/technique-de-ventilation\/#breadcrumb\"},\"inLanguage\":\"fr-FR\",\"potentialAction\":[{\"@type\":\"ReadAction\",\"target\":[\"https:\/\/www.sauter-fm.com\/fr\/services\/construction-dinstallations-techniques\/technique-de-ventilation\/\"]}]},{\"@type\":\"ImageObject\",\"inLanguage\":\"fr-FR\",\"@id\":\"https:\/\/www.sauter-fm.com\/fr\/services\/construction-dinstallations-techniques\/technique-de-ventilation\/#primaryimage\",\"url\":\"https:\/\/www.sauter-fm.com\/wp-content\/uploads\/sites\/32\/2022\/02\/SAUTER_FM_lueftungstechnik_353x212_Verlauf-1-300x180.jpg\",\"contentUrl\":\"https:\/\/www.sauter-fm.com\/wp-content\/uploads\/sites\/32\/2022\/02\/SAUTER_FM_lueftungstechnik_353x212_Verlauf-1-300x180.jpg\"},{\"@type\":\"BreadcrumbList\",\"@id\":\"https:\/\/www.sauter-fm.com\/fr\/services\/construction-dinstallations-techniques\/technique-de-ventilation\/#breadcrumb\",\"itemListElement\":[{\"@type\":\"ListItem\",\"position\":1,\"name\":\"Home\",\"item\":\"https:\/\/www.sauter-fm.com\/fr\/\"},{\"@type\":\"ListItem\",\"position\":2,\"name\":\"Services\",\"item\":\"https:\/\/www.sauter-fm.com\/fr\/services\/\"},{\"@type\":\"ListItem\",\"position\":3,\"name\":\"Construction d\u2019installations techniques\",\"item\":\"https:\/\/www.sauter-fm.com\/fr\/services\/construction-dinstallations-techniques\/\"},{\"@type\":\"ListItem\",\"position\":4,\"name\":\"\u00c9quipements de ventilation et de climatisation\"}]},{\"@type\":\"WebSite\",\"@id\":\"https:\/\/www.sauter-fm.com\/#website\",\"url\":\"https:\/\/www.sauter-fm.com\/\",\"name\":\"Sauter FM\",\"description\":\"SAUTER Facility Management\",\"potentialAction\":[{\"@type\":\"SearchAction\",\"target\":{\"@type\":\"EntryPoint\",\"urlTemplate\":\"https:\/\/www.sauter-fm.com\/?s={search_term_string}\"},\"query-input\":{\"@type\":\"PropertyValueSpecification\",\"valueRequired\":true,\"valueName\":\"search_term_string\"}}],\"inLanguage\":\"fr-FR\"}]}<\/script>\n<!-- \/ Yoast SEO plugin. -->","yoast_head_json":{"title":"\u00c9quipements de ventilation et de climatisation | SAUTER","description":"Des syst\u00e8mes de ventilation individuels pour l'aspect sanitaire, la s\u00e9curit\u00e9 de fonctionnement, ainsi que la protection de l'environnement.","robots":{"index":"index","follow":"follow","max-snippet":"max-snippet:-1","max-image-preview":"max-image-preview:large","max-video-preview":"max-video-preview:-1"},"canonical":"https:\/\/www.sauter-fm.com\/fr\/services\/construction-dinstallations-techniques\/technique-de-ventilation\/","og_locale":"fr_FR","og_type":"article","og_title":"\u00c9quipements de ventilation et de climatisation | SAUTER","og_description":"Des syst\u00e8mes de ventilation individuels pour l'aspect sanitaire, la s\u00e9curit\u00e9 de fonctionnement, ainsi que la protection de l'environnement.","og_url":"https:\/\/www.sauter-fm.com\/fr\/services\/construction-dinstallations-techniques\/technique-de-ventilation\/","og_site_name":"Sauter FM","article_modified_time":"2024-06-21T07:53:36+00:00","og_image":[{"url":"https:\/\/www.sauter-fm.com\/wp-content\/uploads\/sites\/32\/2022\/02\/SAUTER_FM_lueftungstechnik_353x212_Verlauf-1-300x180.jpg","type":"","width":"","height":""}],"twitter_card":"summary_large_image","twitter_misc":{"Dur\u00e9e de lecture estim\u00e9e":"2 minutes"},"schema":{"@context":"https:\/\/schema.org","@graph":[{"@type":"WebPage","@id":"https:\/\/www.sauter-fm.com\/fr\/services\/construction-dinstallations-techniques\/technique-de-ventilation\/","url":"https:\/\/www.sauter-fm.com\/fr\/services\/construction-dinstallations-techniques\/technique-de-ventilation\/","name":"\u00c9quipements de ventilation et de climatisation | SAUTER","isPartOf":{"@id":"https:\/\/www.sauter-fm.com\/#website"},"primaryImageOfPage":{"@id":"https:\/\/www.sauter-fm.com\/fr\/services\/construction-dinstallations-techniques\/technique-de-ventilation\/#primaryimage"},"image":{"@id":"https:\/\/www.sauter-fm.com\/fr\/services\/construction-dinstallations-techniques\/technique-de-ventilation\/#primaryimage"},"thumbnailUrl":"https:\/\/www.sauter-fm.com\/wp-content\/uploads\/sites\/32\/2022\/02\/SAUTER_FM_lueftungstechnik_353x212_Verlauf-1-300x180.jpg","datePublished":"2022-02-22T11:40:10+00:00","dateModified":"2024-06-21T07:53:36+00:00","description":"Des syst\u00e8mes de ventilation individuels pour l'aspect sanitaire, la s\u00e9curit\u00e9 de fonctionnement, ainsi que la protection de l'environnement.","breadcrumb":{"@id":"https:\/\/www.sauter-fm.com\/fr\/services\/construction-dinstallations-techniques\/technique-de-ventilation\/#breadcrumb"},"inLanguage":"fr-FR","potentialAction":[{"@type":"ReadAction","target":["https:\/\/www.sauter-fm.com\/fr\/services\/construction-dinstallations-techniques\/technique-de-ventilation\/"]}]},{"@type":"ImageObject","inLanguage":"fr-FR","@id":"https:\/\/www.sauter-fm.com\/fr\/services\/construction-dinstallations-techniques\/technique-de-ventilation\/#primaryimage","url":"https:\/\/www.sauter-fm.com\/wp-content\/uploads\/sites\/32\/2022\/02\/SAUTER_FM_lueftungstechnik_353x212_Verlauf-1-300x180.jpg","contentUrl":"https:\/\/www.sauter-fm.com\/wp-content\/uploads\/sites\/32\/2022\/02\/SAUTER_FM_lueftungstechnik_353x212_Verlauf-1-300x180.jpg"},{"@type":"BreadcrumbList","@id":"https:\/\/www.sauter-fm.com\/fr\/services\/construction-dinstallations-techniques\/technique-de-ventilation\/#breadcrumb","itemListElement":[{"@type":"ListItem","position":1,"name":"Home","item":"https:\/\/www.sauter-fm.com\/fr\/"},{"@type":"ListItem","position":2,"name":"Services","item":"https:\/\/www.sauter-fm.com\/fr\/services\/"},{"@type":"ListItem","position":3,"name":"Construction d\u2019installations techniques","item":"https:\/\/www.sauter-fm.com\/fr\/services\/construction-dinstallations-techniques\/"},{"@type":"ListItem","position":4,"name":"\u00c9quipements de ventilation et de climatisation"}]},{"@type":"WebSite","@id":"https:\/\/www.sauter-fm.com\/#website","url":"https:\/\/www.sauter-fm.com\/","name":"Sauter FM","description":"SAUTER Facility Management","potentialAction":[{"@type":"SearchAction","target":{"@type":"EntryPoint","urlTemplate":"https:\/\/www.sauter-fm.com\/?s={search_term_string}"},"query-input":{"@type":"PropertyValueSpecification","valueRequired":true,"valueName":"search_term_string"}}],"inLanguage":"fr-FR"}]}},"publishpress_future_action":{"enabled":false,"date":"2026-04-28 04:46:00","action":"change-status","newStatus":"draft","terms":[],"taxonomy":"translation_priority","extraData":[]},"publishpress_future_workflow_manual_trigger":{"enabledWorkflows":[]},"_links":{"self":[{"href":"https:\/\/www.sauter-fm.com\/fr\/wp-json\/wp\/v2\/pages\/3364","targetHints":{"allow":["GET"]}}],"collection":[{"href":"https:\/\/www.sauter-fm.com\/fr\/wp-json\/wp\/v2\/pages"}],"about":[{"href":"https:\/\/www.sauter-fm.com\/fr\/wp-json\/wp\/v2\/types\/page"}],"author":[{"embeddable":true,"href":"https:\/\/www.sauter-fm.com\/fr\/wp-json\/wp\/v2\/users\/8"}],"replies":[{"embeddable":true,"href":"https:\/\/www.sauter-fm.com\/fr\/wp-json\/wp\/v2\/comments?post=3364"}],"version-history":[{"count":3,"href":"https:\/\/www.sauter-fm.com\/fr\/wp-json\/wp\/v2\/pages\/3364\/revisions"}],"predecessor-version":[{"id":7154,"href":"https:\/\/www.sauter-fm.com\/fr\/wp-json\/wp\/v2\/pages\/3364\/revisions\/7154"}],"up":[{"embeddable":true,"href":"https:\/\/www.sauter-fm.com\/fr\/wp-json\/wp\/v2\/pages\/3356"}],"wp:attachment":[{"href":"https:\/\/www.sauter-fm.com\/fr\/wp-json\/wp\/v2\/media?parent=3364"}],"curies":[{"name":"wp","href":"https:\/\/api.w.org\/{rel}","templated":true}]}}