{"id":3359,"date":"2022-02-22T11:36:13","date_gmt":"2022-02-22T11:36:13","guid":{"rendered":"https:\/\/www.sauter-fm.com\/technischer_anlagenbau\/elektrotechnik\/"},"modified":"2024-06-21T08:02:09","modified_gmt":"2024-06-21T08:02:09","slug":"electrotechnique-energies-renouvelables","status":"publish","type":"page","link":"https:\/\/www.sauter-fm.com\/fr\/services\/construction-dinstallations-techniques\/electrotechnique-energies-renouvelables\/","title":{"rendered":"\u00c9lectrotechnique et \u00e9nergies renouvelables"},"content":{"rendered":"<p><img decoding=\"async\" class=\"wp-image-6809 size-medium alignleft\" src=\"https:\/\/www.sauter-fm.com\/wp-content\/uploads\/sites\/32\/2023\/10\/elektrotechnik-300x200.jpg\" alt=\"\" width=\"300\" height=\"200\" srcset=\"https:\/\/www.sauter-fm.com\/wp-content\/uploads\/sites\/32\/2023\/10\/elektrotechnik-300x200.jpg 300w, https:\/\/www.sauter-fm.com\/wp-content\/uploads\/sites\/32\/2023\/10\/elektrotechnik-225x150.jpg 225w, https:\/\/www.sauter-fm.com\/wp-content\/uploads\/sites\/32\/2023\/10\/elektrotechnik.jpg 500w\" sizes=\"(max-width: 300px) 100vw, 300px\" \/><\/p>\n<p>Nous nous chargeons de tous les travaux \u00e9lectriques pour les m\u00e9nages, l\u2019artisanat et l\u2019industrie, qu\u2019il s&rsquo;agisse de projets de constructions neuves ou de modernisation. De la planification et de l\u2019\u00e9tude de projet \u00e0 l\u2019installation d\u2019\u00e9quipements \u00e9lectriques modernes et de solutions int\u00e9gr\u00e9es ou \u00e0 l\u2019impl\u00e9mentation de syst\u00e8mes de gestion technique globale des b\u00e2timents.<\/p>\n<p>Qu\u2019il s\u2019agisse de technique d\u2019\u00e9clairage, de technique de r\u00e9gulation, de syst\u00e8mes d\u2019alarme incendie ou d\u2019installations domestiques compl\u00e8tes, chez nous, vous obtenez tout ce qui concerne la technique et l\u2019\u00e9quipement technique des b\u00e2timents. Nous remettons vos appareils en \u00e9tat, contr\u00f4lons les \u00e9quipements d\u2019exploitation \u00e9lectriques et sommes \u00e0 votre disposition pour l\u2019entretien \u00e0 vie du b\u00e2timent. Ce faisant, nous veillons \u00e0 la production et \u00e0 l\u2019utilisation optimales des \u00e9nergies \u00e9lectriques, tant du point de vue \u00e9cologique qu\u2019\u00e9conomique.<\/p>\n<p>&nbsp;<\/p>\n<ul>\n<li>Maintenance des installations \u00e9lectriques<\/li>\n<li>Syst\u00e8mes d\u2019alarme incendie<\/li>\n<li>Technique de mesure, de commande et de r\u00e9gulation (MCR)<\/li>\n<li>Protection contre la foudre<\/li>\n<li>Technique de s\u00e9curit\u00e9, \u00e9clairage de s\u00e9curit\u00e9<\/li>\n<li>Installations t\u00e9l\u00e9phoniques et technique de cuisine<\/li>\n<li>Installations de remplacement du r\u00e9seau (IRS)<\/li>\n<li>Syst\u00e8mes d\u2019\u00e9vacuation des fum\u00e9es et de la chaleur<\/li>\n<li>Automatisation de b\u00e2timents<\/li>\n<li>Construction d\u2019armoires de commande<\/li>\n<\/ul>\n","protected":false},"excerpt":{"rendered":"<p>Nous nous chargeons de tous les travaux \u00e9lectriques pour les m\u00e9nages, l\u2019artisanat et l\u2019industrie, qu\u2019il s&rsquo;agisse de projets de constructions neuves ou de modernisation. De la planification et de l\u2019\u00e9tude de projet \u00e0 l\u2019installation d\u2019\u00e9quipements \u00e9lectriques modernes et de solutions int\u00e9gr\u00e9es ou \u00e0 l\u2019impl\u00e9mentation de syst\u00e8mes de gestion technique globale des b\u00e2timents. Qu\u2019il s\u2019agisse de [&hellip;]<\/p>\n","protected":false},"author":8,"featured_media":0,"parent":3356,"menu_order":6,"comment_status":"closed","ping_status":"closed","template":"","meta":{"_acf_changed":false,"footnotes":""},"class_list":["post-3359","page","type-page","status-publish","hentry"],"acf":[],"yoast_head":"<!-- This site is optimized with the Yoast SEO plugin v26.1.1 - https:\/\/yoast.com\/wordpress\/plugins\/seo\/ -->\n<title>\u00c9lectrotechnique et \u00e9nergies renouvelables | SAUTER<\/title>\n<meta name=\"description\" content=\"Prise en charge de tous les travaux \u00e9lectriques pour le m\u00e9nage, le commerce et l&#039;industrie.Pour en savoir plus, cliquez ici!\" \/>\n<meta name=\"robots\" content=\"index, follow, max-snippet:-1, max-image-preview:large, max-video-preview:-1\" \/>\n<link rel=\"canonical\" href=\"https:\/\/www.sauter-fm.com\/fr\/services\/construction-dinstallations-techniques\/electrotechnique-energies-renouvelables\/\" \/>\n<meta property=\"og:locale\" content=\"fr_FR\" \/>\n<meta property=\"og:type\" content=\"article\" \/>\n<meta property=\"og:title\" content=\"\u00c9lectrotechnique et \u00e9nergies renouvelables | SAUTER\" \/>\n<meta property=\"og:description\" content=\"Prise en charge de tous les travaux \u00e9lectriques pour le m\u00e9nage, le commerce et l&#039;industrie.Pour en savoir plus, cliquez ici!\" \/>\n<meta property=\"og:url\" content=\"https:\/\/www.sauter-fm.com\/fr\/services\/construction-dinstallations-techniques\/electrotechnique-energies-renouvelables\/\" \/>\n<meta property=\"og:site_name\" content=\"Sauter FM\" \/>\n<meta property=\"article:modified_time\" content=\"2024-06-21T08:02:09+00:00\" \/>\n<meta property=\"og:image\" content=\"https:\/\/www.sauter-fm.com\/wp-content\/uploads\/sites\/32\/2023\/10\/elektrotechnik-300x200.jpg\" \/>\n<meta name=\"twitter:card\" content=\"summary_large_image\" \/>\n<meta name=\"twitter:label1\" content=\"Dur\u00e9e de lecture estim\u00e9e\" \/>\n\t<meta name=\"twitter:data1\" content=\"2 minutes\" \/>\n<script type=\"application\/ld+json\" class=\"yoast-schema-graph\">{\"@context\":\"https:\/\/schema.org\",\"@graph\":[{\"@type\":\"WebPage\",\"@id\":\"https:\/\/www.sauter-fm.com\/fr\/services\/construction-dinstallations-techniques\/electrotechnique-energies-renouvelables\/\",\"url\":\"https:\/\/www.sauter-fm.com\/fr\/services\/construction-dinstallations-techniques\/electrotechnique-energies-renouvelables\/\",\"name\":\"\u00c9lectrotechnique et \u00e9nergies renouvelables | SAUTER\",\"isPartOf\":{\"@id\":\"https:\/\/www.sauter-fm.com\/#website\"},\"primaryImageOfPage\":{\"@id\":\"https:\/\/www.sauter-fm.com\/fr\/services\/construction-dinstallations-techniques\/electrotechnique-energies-renouvelables\/#primaryimage\"},\"image\":{\"@id\":\"https:\/\/www.sauter-fm.com\/fr\/services\/construction-dinstallations-techniques\/electrotechnique-energies-renouvelables\/#primaryimage\"},\"thumbnailUrl\":\"https:\/\/www.sauter-fm.com\/wp-content\/uploads\/sites\/32\/2023\/10\/elektrotechnik-300x200.jpg\",\"datePublished\":\"2022-02-22T11:36:13+00:00\",\"dateModified\":\"2024-06-21T08:02:09+00:00\",\"description\":\"Prise en charge de tous les travaux \u00e9lectriques pour le m\u00e9nage, le commerce et l'industrie.Pour en savoir plus, cliquez ici!\",\"breadcrumb\":{\"@id\":\"https:\/\/www.sauter-fm.com\/fr\/services\/construction-dinstallations-techniques\/electrotechnique-energies-renouvelables\/#breadcrumb\"},\"inLanguage\":\"fr-FR\",\"potentialAction\":[{\"@type\":\"ReadAction\",\"target\":[\"https:\/\/www.sauter-fm.com\/fr\/services\/construction-dinstallations-techniques\/electrotechnique-energies-renouvelables\/\"]}]},{\"@type\":\"ImageObject\",\"inLanguage\":\"fr-FR\",\"@id\":\"https:\/\/www.sauter-fm.com\/fr\/services\/construction-dinstallations-techniques\/electrotechnique-energies-renouvelables\/#primaryimage\",\"url\":\"https:\/\/www.sauter-fm.com\/wp-content\/uploads\/sites\/32\/2023\/10\/elektrotechnik-300x200.jpg\",\"contentUrl\":\"https:\/\/www.sauter-fm.com\/wp-content\/uploads\/sites\/32\/2023\/10\/elektrotechnik-300x200.jpg\"},{\"@type\":\"BreadcrumbList\",\"@id\":\"https:\/\/www.sauter-fm.com\/fr\/services\/construction-dinstallations-techniques\/electrotechnique-energies-renouvelables\/#breadcrumb\",\"itemListElement\":[{\"@type\":\"ListItem\",\"position\":1,\"name\":\"Home\",\"item\":\"https:\/\/www.sauter-fm.com\/fr\/\"},{\"@type\":\"ListItem\",\"position\":2,\"name\":\"Services\",\"item\":\"https:\/\/www.sauter-fm.com\/fr\/services\/\"},{\"@type\":\"ListItem\",\"position\":3,\"name\":\"Construction d\u2019installations techniques\",\"item\":\"https:\/\/www.sauter-fm.com\/fr\/services\/construction-dinstallations-techniques\/\"},{\"@type\":\"ListItem\",\"position\":4,\"name\":\"\u00c9lectrotechnique et \u00e9nergies renouvelables\"}]},{\"@type\":\"WebSite\",\"@id\":\"https:\/\/www.sauter-fm.com\/#website\",\"url\":\"https:\/\/www.sauter-fm.com\/\",\"name\":\"Sauter FM\",\"description\":\"SAUTER Facility Management\",\"potentialAction\":[{\"@type\":\"SearchAction\",\"target\":{\"@type\":\"EntryPoint\",\"urlTemplate\":\"https:\/\/www.sauter-fm.com\/?s={search_term_string}\"},\"query-input\":{\"@type\":\"PropertyValueSpecification\",\"valueRequired\":true,\"valueName\":\"search_term_string\"}}],\"inLanguage\":\"fr-FR\"}]}<\/script>\n<!-- \/ Yoast SEO plugin. -->","yoast_head_json":{"title":"\u00c9lectrotechnique et \u00e9nergies renouvelables | SAUTER","description":"Prise en charge de tous les travaux \u00e9lectriques pour le m\u00e9nage, le commerce et l'industrie.Pour en savoir plus, cliquez ici!","robots":{"index":"index","follow":"follow","max-snippet":"max-snippet:-1","max-image-preview":"max-image-preview:large","max-video-preview":"max-video-preview:-1"},"canonical":"https:\/\/www.sauter-fm.com\/fr\/services\/construction-dinstallations-techniques\/electrotechnique-energies-renouvelables\/","og_locale":"fr_FR","og_type":"article","og_title":"\u00c9lectrotechnique et \u00e9nergies renouvelables | SAUTER","og_description":"Prise en charge de tous les travaux \u00e9lectriques pour le m\u00e9nage, le commerce et l'industrie.Pour en savoir plus, cliquez ici!","og_url":"https:\/\/www.sauter-fm.com\/fr\/services\/construction-dinstallations-techniques\/electrotechnique-energies-renouvelables\/","og_site_name":"Sauter FM","article_modified_time":"2024-06-21T08:02:09+00:00","og_image":[{"url":"https:\/\/www.sauter-fm.com\/wp-content\/uploads\/sites\/32\/2023\/10\/elektrotechnik-300x200.jpg","type":"","width":"","height":""}],"twitter_card":"summary_large_image","twitter_misc":{"Dur\u00e9e de lecture estim\u00e9e":"2 minutes"},"schema":{"@context":"https:\/\/schema.org","@graph":[{"@type":"WebPage","@id":"https:\/\/www.sauter-fm.com\/fr\/services\/construction-dinstallations-techniques\/electrotechnique-energies-renouvelables\/","url":"https:\/\/www.sauter-fm.com\/fr\/services\/construction-dinstallations-techniques\/electrotechnique-energies-renouvelables\/","name":"\u00c9lectrotechnique et \u00e9nergies renouvelables | SAUTER","isPartOf":{"@id":"https:\/\/www.sauter-fm.com\/#website"},"primaryImageOfPage":{"@id":"https:\/\/www.sauter-fm.com\/fr\/services\/construction-dinstallations-techniques\/electrotechnique-energies-renouvelables\/#primaryimage"},"image":{"@id":"https:\/\/www.sauter-fm.com\/fr\/services\/construction-dinstallations-techniques\/electrotechnique-energies-renouvelables\/#primaryimage"},"thumbnailUrl":"https:\/\/www.sauter-fm.com\/wp-content\/uploads\/sites\/32\/2023\/10\/elektrotechnik-300x200.jpg","datePublished":"2022-02-22T11:36:13+00:00","dateModified":"2024-06-21T08:02:09+00:00","description":"Prise en charge de tous les travaux \u00e9lectriques pour le m\u00e9nage, le commerce et l'industrie.Pour en savoir plus, cliquez ici!","breadcrumb":{"@id":"https:\/\/www.sauter-fm.com\/fr\/services\/construction-dinstallations-techniques\/electrotechnique-energies-renouvelables\/#breadcrumb"},"inLanguage":"fr-FR","potentialAction":[{"@type":"ReadAction","target":["https:\/\/www.sauter-fm.com\/fr\/services\/construction-dinstallations-techniques\/electrotechnique-energies-renouvelables\/"]}]},{"@type":"ImageObject","inLanguage":"fr-FR","@id":"https:\/\/www.sauter-fm.com\/fr\/services\/construction-dinstallations-techniques\/electrotechnique-energies-renouvelables\/#primaryimage","url":"https:\/\/www.sauter-fm.com\/wp-content\/uploads\/sites\/32\/2023\/10\/elektrotechnik-300x200.jpg","contentUrl":"https:\/\/www.sauter-fm.com\/wp-content\/uploads\/sites\/32\/2023\/10\/elektrotechnik-300x200.jpg"},{"@type":"BreadcrumbList","@id":"https:\/\/www.sauter-fm.com\/fr\/services\/construction-dinstallations-techniques\/electrotechnique-energies-renouvelables\/#breadcrumb","itemListElement":[{"@type":"ListItem","position":1,"name":"Home","item":"https:\/\/www.sauter-fm.com\/fr\/"},{"@type":"ListItem","position":2,"name":"Services","item":"https:\/\/www.sauter-fm.com\/fr\/services\/"},{"@type":"ListItem","position":3,"name":"Construction d\u2019installations techniques","item":"https:\/\/www.sauter-fm.com\/fr\/services\/construction-dinstallations-techniques\/"},{"@type":"ListItem","position":4,"name":"\u00c9lectrotechnique et \u00e9nergies renouvelables"}]},{"@type":"WebSite","@id":"https:\/\/www.sauter-fm.com\/#website","url":"https:\/\/www.sauter-fm.com\/","name":"Sauter FM","description":"SAUTER Facility Management","potentialAction":[{"@type":"SearchAction","target":{"@type":"EntryPoint","urlTemplate":"https:\/\/www.sauter-fm.com\/?s={search_term_string}"},"query-input":{"@type":"PropertyValueSpecification","valueRequired":true,"valueName":"search_term_string"}}],"inLanguage":"fr-FR"}]}},"publishpress_future_action":{"enabled":false,"date":"2026-05-09 17:20:59","action":"change-status","newStatus":"draft","terms":[],"taxonomy":"translation_priority","extraData":[]},"publishpress_future_workflow_manual_trigger":{"enabledWorkflows":[]},"_links":{"self":[{"href":"https:\/\/www.sauter-fm.com\/fr\/wp-json\/wp\/v2\/pages\/3359","targetHints":{"allow":["GET"]}}],"collection":[{"href":"https:\/\/www.sauter-fm.com\/fr\/wp-json\/wp\/v2\/pages"}],"about":[{"href":"https:\/\/www.sauter-fm.com\/fr\/wp-json\/wp\/v2\/types\/page"}],"author":[{"embeddable":true,"href":"https:\/\/www.sauter-fm.com\/fr\/wp-json\/wp\/v2\/users\/8"}],"replies":[{"embeddable":true,"href":"https:\/\/www.sauter-fm.com\/fr\/wp-json\/wp\/v2\/comments?post=3359"}],"version-history":[{"count":4,"href":"https:\/\/www.sauter-fm.com\/fr\/wp-json\/wp\/v2\/pages\/3359\/revisions"}],"predecessor-version":[{"id":7148,"href":"https:\/\/www.sauter-fm.com\/fr\/wp-json\/wp\/v2\/pages\/3359\/revisions\/7148"}],"up":[{"embeddable":true,"href":"https:\/\/www.sauter-fm.com\/fr\/wp-json\/wp\/v2\/pages\/3356"}],"wp:attachment":[{"href":"https:\/\/www.sauter-fm.com\/fr\/wp-json\/wp\/v2\/media?parent=3359"}],"curies":[{"name":"wp","href":"https:\/\/api.w.org\/{rel}","templated":true}]}}