{"id":3331,"date":"2021-09-04T08:54:01","date_gmt":"2021-09-04T08:54:01","guid":{"rendered":"https:\/\/www.sauter-fm.com\/technisches-fm\/ganzheitlicher_gebaeudebetrieb\/"},"modified":"2024-06-21T11:16:45","modified_gmt":"2024-06-21T11:16:45","slug":"exploitation-globale-du-batiment","status":"publish","type":"page","link":"https:\/\/www.sauter-fm.com\/fr\/services\/fm-technique\/exploitation-globale-du-batiment\/","title":{"rendered":"Gestion globale de l\u2019exploitation"},"content":{"rendered":"","protected":false},"excerpt":{"rendered":"","protected":false},"author":1826,"featured_media":0,"parent":3327,"menu_order":0,"comment_status":"closed","ping_status":"closed","template":"cadre-flexible.php","meta":{"_acf_changed":false,"footnotes":""},"class_list":["post-3331","page","type-page","status-publish","hentry"],"acf":[],"yoast_head":"<!-- This site is optimized with the Yoast SEO plugin v26.1.1 - https:\/\/yoast.com\/wordpress\/plugins\/seo\/ -->\n<title>Gestion globale de l\u2019exploitation | SAUTER<\/title>\n<meta name=\"description\" content=\"L&#039;objectif est de fournir \u00e0 nos clients le plus grand b\u00e9n\u00e9fice possible. Pour en savoir plus, cliquez ici !\" \/>\n<meta name=\"robots\" content=\"index, follow, max-snippet:-1, max-image-preview:large, max-video-preview:-1\" \/>\n<link rel=\"canonical\" href=\"https:\/\/www.sauter-fm.com\/fr\/services\/fm-technique\/exploitation-globale-du-batiment\/\" \/>\n<meta property=\"og:locale\" content=\"fr_FR\" \/>\n<meta property=\"og:type\" content=\"article\" \/>\n<meta property=\"og:title\" content=\"Gestion globale de l\u2019exploitation | SAUTER\" \/>\n<meta property=\"og:description\" content=\"L&#039;objectif est de fournir \u00e0 nos clients le plus grand b\u00e9n\u00e9fice possible. Pour en savoir plus, cliquez ici !\" \/>\n<meta property=\"og:url\" content=\"https:\/\/www.sauter-fm.com\/fr\/services\/fm-technique\/exploitation-globale-du-batiment\/\" \/>\n<meta property=\"og:site_name\" content=\"Sauter FM\" \/>\n<meta property=\"article:modified_time\" content=\"2024-06-21T11:16:45+00:00\" \/>\n<meta name=\"twitter:card\" content=\"summary_large_image\" \/>\n<script type=\"application\/ld+json\" class=\"yoast-schema-graph\">{\"@context\":\"https:\/\/schema.org\",\"@graph\":[{\"@type\":\"WebPage\",\"@id\":\"https:\/\/www.sauter-fm.com\/fr\/services\/fm-technique\/exploitation-globale-du-batiment\/\",\"url\":\"https:\/\/www.sauter-fm.com\/fr\/services\/fm-technique\/exploitation-globale-du-batiment\/\",\"name\":\"Gestion globale de l\u2019exploitation | SAUTER\",\"isPartOf\":{\"@id\":\"https:\/\/www.sauter-fm.com\/#website\"},\"datePublished\":\"2021-09-04T08:54:01+00:00\",\"dateModified\":\"2024-06-21T11:16:45+00:00\",\"description\":\"L'objectif est de fournir \u00e0 nos clients le plus grand b\u00e9n\u00e9fice possible. Pour en savoir plus, cliquez ici !\",\"breadcrumb\":{\"@id\":\"https:\/\/www.sauter-fm.com\/fr\/services\/fm-technique\/exploitation-globale-du-batiment\/#breadcrumb\"},\"inLanguage\":\"fr-FR\",\"potentialAction\":[{\"@type\":\"ReadAction\",\"target\":[\"https:\/\/www.sauter-fm.com\/fr\/services\/fm-technique\/exploitation-globale-du-batiment\/\"]}]},{\"@type\":\"BreadcrumbList\",\"@id\":\"https:\/\/www.sauter-fm.com\/fr\/services\/fm-technique\/exploitation-globale-du-batiment\/#breadcrumb\",\"itemListElement\":[{\"@type\":\"ListItem\",\"position\":1,\"name\":\"Home\",\"item\":\"https:\/\/www.sauter-fm.com\/fr\/\"},{\"@type\":\"ListItem\",\"position\":2,\"name\":\"Services\",\"item\":\"https:\/\/www.sauter-fm.com\/fr\/services\/\"},{\"@type\":\"ListItem\",\"position\":3,\"name\":\"FM technique\",\"item\":\"https:\/\/www.sauter-fm.com\/fr\/services\/fm-technique\/\"},{\"@type\":\"ListItem\",\"position\":4,\"name\":\"Gestion globale de l\u2019exploitation\"}]},{\"@type\":\"WebSite\",\"@id\":\"https:\/\/www.sauter-fm.com\/#website\",\"url\":\"https:\/\/www.sauter-fm.com\/\",\"name\":\"Sauter FM\",\"description\":\"SAUTER Facility Management\",\"potentialAction\":[{\"@type\":\"SearchAction\",\"target\":{\"@type\":\"EntryPoint\",\"urlTemplate\":\"https:\/\/www.sauter-fm.com\/?s={search_term_string}\"},\"query-input\":{\"@type\":\"PropertyValueSpecification\",\"valueRequired\":true,\"valueName\":\"search_term_string\"}}],\"inLanguage\":\"fr-FR\"}]}<\/script>\n<!-- \/ Yoast SEO plugin. -->","yoast_head_json":{"title":"Gestion globale de l\u2019exploitation | SAUTER","description":"L'objectif est de fournir \u00e0 nos clients le plus grand b\u00e9n\u00e9fice possible. Pour en savoir plus, cliquez ici !","robots":{"index":"index","follow":"follow","max-snippet":"max-snippet:-1","max-image-preview":"max-image-preview:large","max-video-preview":"max-video-preview:-1"},"canonical":"https:\/\/www.sauter-fm.com\/fr\/services\/fm-technique\/exploitation-globale-du-batiment\/","og_locale":"fr_FR","og_type":"article","og_title":"Gestion globale de l\u2019exploitation | SAUTER","og_description":"L'objectif est de fournir \u00e0 nos clients le plus grand b\u00e9n\u00e9fice possible. Pour en savoir plus, cliquez ici !","og_url":"https:\/\/www.sauter-fm.com\/fr\/services\/fm-technique\/exploitation-globale-du-batiment\/","og_site_name":"Sauter FM","article_modified_time":"2024-06-21T11:16:45+00:00","twitter_card":"summary_large_image","schema":{"@context":"https:\/\/schema.org","@graph":[{"@type":"WebPage","@id":"https:\/\/www.sauter-fm.com\/fr\/services\/fm-technique\/exploitation-globale-du-batiment\/","url":"https:\/\/www.sauter-fm.com\/fr\/services\/fm-technique\/exploitation-globale-du-batiment\/","name":"Gestion globale de l\u2019exploitation | SAUTER","isPartOf":{"@id":"https:\/\/www.sauter-fm.com\/#website"},"datePublished":"2021-09-04T08:54:01+00:00","dateModified":"2024-06-21T11:16:45+00:00","description":"L'objectif est de fournir \u00e0 nos clients le plus grand b\u00e9n\u00e9fice possible. Pour en savoir plus, cliquez ici !","breadcrumb":{"@id":"https:\/\/www.sauter-fm.com\/fr\/services\/fm-technique\/exploitation-globale-du-batiment\/#breadcrumb"},"inLanguage":"fr-FR","potentialAction":[{"@type":"ReadAction","target":["https:\/\/www.sauter-fm.com\/fr\/services\/fm-technique\/exploitation-globale-du-batiment\/"]}]},{"@type":"BreadcrumbList","@id":"https:\/\/www.sauter-fm.com\/fr\/services\/fm-technique\/exploitation-globale-du-batiment\/#breadcrumb","itemListElement":[{"@type":"ListItem","position":1,"name":"Home","item":"https:\/\/www.sauter-fm.com\/fr\/"},{"@type":"ListItem","position":2,"name":"Services","item":"https:\/\/www.sauter-fm.com\/fr\/services\/"},{"@type":"ListItem","position":3,"name":"FM technique","item":"https:\/\/www.sauter-fm.com\/fr\/services\/fm-technique\/"},{"@type":"ListItem","position":4,"name":"Gestion globale de l\u2019exploitation"}]},{"@type":"WebSite","@id":"https:\/\/www.sauter-fm.com\/#website","url":"https:\/\/www.sauter-fm.com\/","name":"Sauter FM","description":"SAUTER Facility Management","potentialAction":[{"@type":"SearchAction","target":{"@type":"EntryPoint","urlTemplate":"https:\/\/www.sauter-fm.com\/?s={search_term_string}"},"query-input":{"@type":"PropertyValueSpecification","valueRequired":true,"valueName":"search_term_string"}}],"inLanguage":"fr-FR"}]}},"publishpress_future_action":{"enabled":false,"date":"2026-05-07 16:20:23","action":"change-status","newStatus":"draft","terms":[],"taxonomy":"translation_priority","extraData":[]},"publishpress_future_workflow_manual_trigger":{"enabledWorkflows":[]},"_links":{"self":[{"href":"https:\/\/www.sauter-fm.com\/fr\/wp-json\/wp\/v2\/pages\/3331","targetHints":{"allow":["GET"]}}],"collection":[{"href":"https:\/\/www.sauter-fm.com\/fr\/wp-json\/wp\/v2\/pages"}],"about":[{"href":"https:\/\/www.sauter-fm.com\/fr\/wp-json\/wp\/v2\/types\/page"}],"author":[{"embeddable":true,"href":"https:\/\/www.sauter-fm.com\/fr\/wp-json\/wp\/v2\/users\/1826"}],"replies":[{"embeddable":true,"href":"https:\/\/www.sauter-fm.com\/fr\/wp-json\/wp\/v2\/comments?post=3331"}],"version-history":[{"count":3,"href":"https:\/\/www.sauter-fm.com\/fr\/wp-json\/wp\/v2\/pages\/3331\/revisions"}],"predecessor-version":[{"id":7130,"href":"https:\/\/www.sauter-fm.com\/fr\/wp-json\/wp\/v2\/pages\/3331\/revisions\/7130"}],"up":[{"embeddable":true,"href":"https:\/\/www.sauter-fm.com\/fr\/wp-json\/wp\/v2\/pages\/3327"}],"wp:attachment":[{"href":"https:\/\/www.sauter-fm.com\/fr\/wp-json\/wp\/v2\/media?parent=3331"}],"curies":[{"name":"wp","href":"https:\/\/api.w.org\/{rel}","templated":true}]}}