{"id":3315,"date":"2021-11-24T08:55:35","date_gmt":"2021-11-24T08:55:35","guid":{"rendered":"https:\/\/www.sauter-fm.com\/energieeffizientes-fm\/technisches-monitoring-inbetriebnahmemanagement-und-commissioning\/"},"modified":"2024-06-21T08:13:21","modified_gmt":"2024-06-21T08:13:21","slug":"suivi-technique-gestion-de-la-mise-en-service-et-commissioning","status":"publish","type":"page","link":"https:\/\/www.sauter-fm.com\/fr\/services\/fm-efficace-en-energie\/suivi-technique-gestion-de-la-mise-en-service-et-commissioning\/","title":{"rendered":"Gestion de la mise en service et rapports conformes \u00e0 la taxonomie ESG"},"content":{"rendered":"<p><img decoding=\"async\" class=\"size-medium wp-image-2384 alignleft\" src=\"https:\/\/www.sauter-fm.com\/wp-content\/uploads\/sites\/32\/2022\/02\/SAUTER_FM_Monitoring_353x212_Verlauf-300x180.jpg\" alt=\"\" width=\"300\" height=\"180\" srcset=\"https:\/\/www.sauter-fm.com\/wp-content\/uploads\/sites\/32\/2022\/02\/SAUTER_FM_Monitoring_353x212_Verlauf-300x180.jpg 300w, https:\/\/www.sauter-fm.com\/wp-content\/uploads\/sites\/32\/2022\/02\/SAUTER_FM_Monitoring_353x212_Verlauf-225x135.jpg 225w, https:\/\/www.sauter-fm.com\/wp-content\/uploads\/sites\/32\/2022\/02\/SAUTER_FM_Monitoring_353x212_Verlauf.jpg 353w\" sizes=\"(max-width: 300px) 100vw, 300px\" \/><\/p>\n<p>En raison de l\u2019ampleur des installations techniques, de l\u2019\u00e9troite imbrication des diff\u00e9rents composants dans l\u2019exploitation et de l\u2019utilisation toujours changeante du b\u00e2timent, un contr\u00f4le r\u00e9current de l\u2019exploitation est d\u00e9cisif. Vous obtenez ainsi le meilleur confort ambiant possible avec une consommation d\u2019\u00e9nergie minimale ainsi qu\u2019une s\u00e9curit\u00e9 d\u2019exploitation \u00e0 long terme.<\/p>\n<p>SAUTER a d\u00e9velopp\u00e9 \u00e0 cet effet des solutions logicielles qui permettent de surveiller \u00e9galement de grandes quantit\u00e9s de donn\u00e9es. Gr\u00e2ce \u00e0 notre module SVC Analytics, il est possible d\u2019obtenir en peu de temps des informations pr\u00e9cises sur le comportement de l\u2019exploitation. Dans le cadre de la gestion de la mise en service selon le label DGNB ou du commissioning LEED, nous pouvons \u00e9galement contribuer \u00e0 la r\u00e9alisation des objectifs lors de la certification des b\u00e2timents verts gr\u00e2ce \u00e0 des outils de grande qualit\u00e9.<\/p>\n<ul>\n<li>Suivi technique selon AMEV<\/li>\n<li>Gestion de l\u2019\u00e9nergie au moyen des solutions de produits SAUTER<\/li>\n<li>Suivi avec SAUTER Analytics<\/li>\n<li>Gestion de la mise en service VDI6039 en utilisant le CMC-Manager de SAUTER<\/li>\n<li>Accompagnement et r\u00e9alisation de la gestion de la mise en service et commissioning selon les labels DGNB et LEED<\/li>\n<\/ul>\n","protected":false},"excerpt":{"rendered":"<p>En raison de l\u2019ampleur des installations techniques, de l\u2019\u00e9troite imbrication des diff\u00e9rents composants dans l\u2019exploitation et de l\u2019utilisation toujours changeante du b\u00e2timent, un contr\u00f4le r\u00e9current de l\u2019exploitation est d\u00e9cisif. Vous obtenez ainsi le meilleur confort ambiant possible avec une consommation d\u2019\u00e9nergie minimale ainsi qu\u2019une s\u00e9curit\u00e9 d\u2019exploitation \u00e0 long terme. SAUTER a d\u00e9velopp\u00e9 \u00e0 cet effet [&hellip;]<\/p>\n","protected":false},"author":6,"featured_media":0,"parent":3293,"menu_order":0,"comment_status":"closed","ping_status":"closed","template":"","meta":{"_acf_changed":false,"footnotes":""},"class_list":["post-3315","page","type-page","status-publish","hentry"],"acf":[],"yoast_head":"<!-- This site is optimized with the Yoast SEO plugin v26.1.1 - https:\/\/yoast.com\/wordpress\/plugins\/seo\/ -->\n<title>Surveillance technique | SAUTER<\/title>\n<meta name=\"description\" content=\"SAUTER a d\u00e9velopp\u00e9 une solution logicielle qui permet de surveiller \u00e9galement de grandes quantit\u00e9s de donn\u00e9es. Plus d&#039;infos ici!\" \/>\n<meta name=\"robots\" content=\"index, follow, max-snippet:-1, max-image-preview:large, max-video-preview:-1\" \/>\n<link rel=\"canonical\" href=\"https:\/\/www.sauter-fm.com\/fr\/services\/fm-efficace-en-energie\/suivi-technique-gestion-de-la-mise-en-service-et-commissioning\/\" \/>\n<meta property=\"og:locale\" content=\"fr_FR\" \/>\n<meta property=\"og:type\" content=\"article\" \/>\n<meta property=\"og:title\" content=\"Surveillance technique | SAUTER\" \/>\n<meta property=\"og:description\" content=\"SAUTER a d\u00e9velopp\u00e9 une solution logicielle qui permet de surveiller \u00e9galement de grandes quantit\u00e9s de donn\u00e9es. Plus d&#039;infos ici!\" \/>\n<meta property=\"og:url\" content=\"https:\/\/www.sauter-fm.com\/fr\/services\/fm-efficace-en-energie\/suivi-technique-gestion-de-la-mise-en-service-et-commissioning\/\" \/>\n<meta property=\"og:site_name\" content=\"Sauter FM\" \/>\n<meta property=\"article:modified_time\" content=\"2024-06-21T08:13:21+00:00\" \/>\n<meta property=\"og:image\" content=\"https:\/\/www.sauter-fm.com\/wp-content\/uploads\/sites\/32\/2022\/02\/SAUTER_FM_Monitoring_353x212_Verlauf-300x180.jpg\" \/>\n<meta name=\"twitter:card\" content=\"summary_large_image\" \/>\n<meta name=\"twitter:label1\" content=\"Dur\u00e9e de lecture estim\u00e9e\" \/>\n\t<meta name=\"twitter:data1\" content=\"2 minutes\" \/>\n<script type=\"application\/ld+json\" class=\"yoast-schema-graph\">{\"@context\":\"https:\/\/schema.org\",\"@graph\":[{\"@type\":\"WebPage\",\"@id\":\"https:\/\/www.sauter-fm.com\/fr\/services\/fm-efficace-en-energie\/suivi-technique-gestion-de-la-mise-en-service-et-commissioning\/\",\"url\":\"https:\/\/www.sauter-fm.com\/fr\/services\/fm-efficace-en-energie\/suivi-technique-gestion-de-la-mise-en-service-et-commissioning\/\",\"name\":\"Surveillance technique | SAUTER\",\"isPartOf\":{\"@id\":\"https:\/\/www.sauter-fm.com\/#website\"},\"primaryImageOfPage\":{\"@id\":\"https:\/\/www.sauter-fm.com\/fr\/services\/fm-efficace-en-energie\/suivi-technique-gestion-de-la-mise-en-service-et-commissioning\/#primaryimage\"},\"image\":{\"@id\":\"https:\/\/www.sauter-fm.com\/fr\/services\/fm-efficace-en-energie\/suivi-technique-gestion-de-la-mise-en-service-et-commissioning\/#primaryimage\"},\"thumbnailUrl\":\"https:\/\/www.sauter-fm.com\/wp-content\/uploads\/sites\/32\/2022\/02\/SAUTER_FM_Monitoring_353x212_Verlauf-300x180.jpg\",\"datePublished\":\"2021-11-24T08:55:35+00:00\",\"dateModified\":\"2024-06-21T08:13:21+00:00\",\"description\":\"SAUTER a d\u00e9velopp\u00e9 une solution logicielle qui permet de surveiller \u00e9galement de grandes quantit\u00e9s de donn\u00e9es. Plus d'infos ici!\",\"breadcrumb\":{\"@id\":\"https:\/\/www.sauter-fm.com\/fr\/services\/fm-efficace-en-energie\/suivi-technique-gestion-de-la-mise-en-service-et-commissioning\/#breadcrumb\"},\"inLanguage\":\"fr-FR\",\"potentialAction\":[{\"@type\":\"ReadAction\",\"target\":[\"https:\/\/www.sauter-fm.com\/fr\/services\/fm-efficace-en-energie\/suivi-technique-gestion-de-la-mise-en-service-et-commissioning\/\"]}]},{\"@type\":\"ImageObject\",\"inLanguage\":\"fr-FR\",\"@id\":\"https:\/\/www.sauter-fm.com\/fr\/services\/fm-efficace-en-energie\/suivi-technique-gestion-de-la-mise-en-service-et-commissioning\/#primaryimage\",\"url\":\"https:\/\/www.sauter-fm.com\/wp-content\/uploads\/sites\/32\/2022\/02\/SAUTER_FM_Monitoring_353x212_Verlauf-300x180.jpg\",\"contentUrl\":\"https:\/\/www.sauter-fm.com\/wp-content\/uploads\/sites\/32\/2022\/02\/SAUTER_FM_Monitoring_353x212_Verlauf-300x180.jpg\"},{\"@type\":\"BreadcrumbList\",\"@id\":\"https:\/\/www.sauter-fm.com\/fr\/services\/fm-efficace-en-energie\/suivi-technique-gestion-de-la-mise-en-service-et-commissioning\/#breadcrumb\",\"itemListElement\":[{\"@type\":\"ListItem\",\"position\":1,\"name\":\"Home\",\"item\":\"https:\/\/www.sauter-fm.com\/fr\/\"},{\"@type\":\"ListItem\",\"position\":2,\"name\":\"Services\",\"item\":\"https:\/\/www.sauter-fm.com\/fr\/services\/\"},{\"@type\":\"ListItem\",\"position\":3,\"name\":\"FM efficace en \u00e9nergie\",\"item\":\"https:\/\/www.sauter-fm.com\/fr\/services\/fm-efficace-en-energie\/\"},{\"@type\":\"ListItem\",\"position\":4,\"name\":\"Gestion de la mise en service et rapports conformes \u00e0 la taxonomie ESG\"}]},{\"@type\":\"WebSite\",\"@id\":\"https:\/\/www.sauter-fm.com\/#website\",\"url\":\"https:\/\/www.sauter-fm.com\/\",\"name\":\"Sauter FM\",\"description\":\"SAUTER Facility Management\",\"potentialAction\":[{\"@type\":\"SearchAction\",\"target\":{\"@type\":\"EntryPoint\",\"urlTemplate\":\"https:\/\/www.sauter-fm.com\/?s={search_term_string}\"},\"query-input\":{\"@type\":\"PropertyValueSpecification\",\"valueRequired\":true,\"valueName\":\"search_term_string\"}}],\"inLanguage\":\"fr-FR\"}]}<\/script>\n<!-- \/ Yoast SEO plugin. -->","yoast_head_json":{"title":"Surveillance technique | SAUTER","description":"SAUTER a d\u00e9velopp\u00e9 une solution logicielle qui permet de surveiller \u00e9galement de grandes quantit\u00e9s de donn\u00e9es. Plus d'infos ici!","robots":{"index":"index","follow":"follow","max-snippet":"max-snippet:-1","max-image-preview":"max-image-preview:large","max-video-preview":"max-video-preview:-1"},"canonical":"https:\/\/www.sauter-fm.com\/fr\/services\/fm-efficace-en-energie\/suivi-technique-gestion-de-la-mise-en-service-et-commissioning\/","og_locale":"fr_FR","og_type":"article","og_title":"Surveillance technique | SAUTER","og_description":"SAUTER a d\u00e9velopp\u00e9 une solution logicielle qui permet de surveiller \u00e9galement de grandes quantit\u00e9s de donn\u00e9es. Plus d'infos ici!","og_url":"https:\/\/www.sauter-fm.com\/fr\/services\/fm-efficace-en-energie\/suivi-technique-gestion-de-la-mise-en-service-et-commissioning\/","og_site_name":"Sauter FM","article_modified_time":"2024-06-21T08:13:21+00:00","og_image":[{"url":"https:\/\/www.sauter-fm.com\/wp-content\/uploads\/sites\/32\/2022\/02\/SAUTER_FM_Monitoring_353x212_Verlauf-300x180.jpg","type":"","width":"","height":""}],"twitter_card":"summary_large_image","twitter_misc":{"Dur\u00e9e de lecture estim\u00e9e":"2 minutes"},"schema":{"@context":"https:\/\/schema.org","@graph":[{"@type":"WebPage","@id":"https:\/\/www.sauter-fm.com\/fr\/services\/fm-efficace-en-energie\/suivi-technique-gestion-de-la-mise-en-service-et-commissioning\/","url":"https:\/\/www.sauter-fm.com\/fr\/services\/fm-efficace-en-energie\/suivi-technique-gestion-de-la-mise-en-service-et-commissioning\/","name":"Surveillance technique | SAUTER","isPartOf":{"@id":"https:\/\/www.sauter-fm.com\/#website"},"primaryImageOfPage":{"@id":"https:\/\/www.sauter-fm.com\/fr\/services\/fm-efficace-en-energie\/suivi-technique-gestion-de-la-mise-en-service-et-commissioning\/#primaryimage"},"image":{"@id":"https:\/\/www.sauter-fm.com\/fr\/services\/fm-efficace-en-energie\/suivi-technique-gestion-de-la-mise-en-service-et-commissioning\/#primaryimage"},"thumbnailUrl":"https:\/\/www.sauter-fm.com\/wp-content\/uploads\/sites\/32\/2022\/02\/SAUTER_FM_Monitoring_353x212_Verlauf-300x180.jpg","datePublished":"2021-11-24T08:55:35+00:00","dateModified":"2024-06-21T08:13:21+00:00","description":"SAUTER a d\u00e9velopp\u00e9 une solution logicielle qui permet de surveiller \u00e9galement de grandes quantit\u00e9s de donn\u00e9es. Plus d'infos ici!","breadcrumb":{"@id":"https:\/\/www.sauter-fm.com\/fr\/services\/fm-efficace-en-energie\/suivi-technique-gestion-de-la-mise-en-service-et-commissioning\/#breadcrumb"},"inLanguage":"fr-FR","potentialAction":[{"@type":"ReadAction","target":["https:\/\/www.sauter-fm.com\/fr\/services\/fm-efficace-en-energie\/suivi-technique-gestion-de-la-mise-en-service-et-commissioning\/"]}]},{"@type":"ImageObject","inLanguage":"fr-FR","@id":"https:\/\/www.sauter-fm.com\/fr\/services\/fm-efficace-en-energie\/suivi-technique-gestion-de-la-mise-en-service-et-commissioning\/#primaryimage","url":"https:\/\/www.sauter-fm.com\/wp-content\/uploads\/sites\/32\/2022\/02\/SAUTER_FM_Monitoring_353x212_Verlauf-300x180.jpg","contentUrl":"https:\/\/www.sauter-fm.com\/wp-content\/uploads\/sites\/32\/2022\/02\/SAUTER_FM_Monitoring_353x212_Verlauf-300x180.jpg"},{"@type":"BreadcrumbList","@id":"https:\/\/www.sauter-fm.com\/fr\/services\/fm-efficace-en-energie\/suivi-technique-gestion-de-la-mise-en-service-et-commissioning\/#breadcrumb","itemListElement":[{"@type":"ListItem","position":1,"name":"Home","item":"https:\/\/www.sauter-fm.com\/fr\/"},{"@type":"ListItem","position":2,"name":"Services","item":"https:\/\/www.sauter-fm.com\/fr\/services\/"},{"@type":"ListItem","position":3,"name":"FM efficace en \u00e9nergie","item":"https:\/\/www.sauter-fm.com\/fr\/services\/fm-efficace-en-energie\/"},{"@type":"ListItem","position":4,"name":"Gestion de la mise en service et rapports conformes \u00e0 la taxonomie ESG"}]},{"@type":"WebSite","@id":"https:\/\/www.sauter-fm.com\/#website","url":"https:\/\/www.sauter-fm.com\/","name":"Sauter FM","description":"SAUTER Facility Management","potentialAction":[{"@type":"SearchAction","target":{"@type":"EntryPoint","urlTemplate":"https:\/\/www.sauter-fm.com\/?s={search_term_string}"},"query-input":{"@type":"PropertyValueSpecification","valueRequired":true,"valueName":"search_term_string"}}],"inLanguage":"fr-FR"}]}},"publishpress_future_action":{"enabled":false,"date":"2026-05-08 23:24:38","action":"change-status","newStatus":"draft","terms":[],"taxonomy":"translation_priority","extraData":[]},"publishpress_future_workflow_manual_trigger":{"enabledWorkflows":[]},"_links":{"self":[{"href":"https:\/\/www.sauter-fm.com\/fr\/wp-json\/wp\/v2\/pages\/3315","targetHints":{"allow":["GET"]}}],"collection":[{"href":"https:\/\/www.sauter-fm.com\/fr\/wp-json\/wp\/v2\/pages"}],"about":[{"href":"https:\/\/www.sauter-fm.com\/fr\/wp-json\/wp\/v2\/types\/page"}],"author":[{"embeddable":true,"href":"https:\/\/www.sauter-fm.com\/fr\/wp-json\/wp\/v2\/users\/6"}],"replies":[{"embeddable":true,"href":"https:\/\/www.sauter-fm.com\/fr\/wp-json\/wp\/v2\/comments?post=3315"}],"version-history":[{"count":5,"href":"https:\/\/www.sauter-fm.com\/fr\/wp-json\/wp\/v2\/pages\/3315\/revisions"}],"predecessor-version":[{"id":7171,"href":"https:\/\/www.sauter-fm.com\/fr\/wp-json\/wp\/v2\/pages\/3315\/revisions\/7171"}],"up":[{"embeddable":true,"href":"https:\/\/www.sauter-fm.com\/fr\/wp-json\/wp\/v2\/pages\/3293"}],"wp:attachment":[{"href":"https:\/\/www.sauter-fm.com\/fr\/wp-json\/wp\/v2\/media?parent=3315"}],"curies":[{"name":"wp","href":"https:\/\/api.w.org\/{rel}","templated":true}]}}