{"id":3312,"date":"2021-11-24T08:53:58","date_gmt":"2021-11-24T08:53:58","guid":{"rendered":"https:\/\/www.sauter-fm.com\/energieeffizientes-fm\/umsetzung-von-effizienzmassnahmen\/"},"modified":"2024-07-05T11:13:11","modified_gmt":"2024-07-05T11:13:11","slug":"mise-en-oeuvre-de-mesures-defficacite","status":"publish","type":"page","link":"https:\/\/www.sauter-fm.com\/fr\/services\/fm-efficace-en-energie\/mise-en-oeuvre-de-mesures-defficacite\/","title":{"rendered":"Mise en \u0153uvre et financement des mesures d\u2019efficacit\u00e9"},"content":{"rendered":"<p><img decoding=\"async\" class=\"size-medium wp-image-2382 alignleft\" src=\"https:\/\/www.sauter-fm.com\/wp-content\/uploads\/sites\/32\/2022\/02\/SAUTER_FM_Umsetzung_353x212_Verlauf-300x171.jpg\" alt=\"\" width=\"300\" height=\"171\" srcset=\"https:\/\/www.sauter-fm.com\/wp-content\/uploads\/sites\/32\/2022\/02\/SAUTER_FM_Umsetzung_353x212_Verlauf-300x171.jpg 300w, https:\/\/www.sauter-fm.com\/wp-content\/uploads\/sites\/32\/2022\/02\/SAUTER_FM_Umsetzung_353x212_Verlauf-225x128.jpg 225w, https:\/\/www.sauter-fm.com\/wp-content\/uploads\/sites\/32\/2022\/02\/SAUTER_FM_Umsetzung_353x212_Verlauf.jpg 373w\" sizes=\"(max-width: 300px) 100vw, 300px\" \/><\/p>\n<p>Sur la base de la planification effectu\u00e9e et de la structure quantitative \u00e9labor\u00e9e, SAUTER \u00e9tablit sur demande un cahier des charges pour l\u2019appel d\u2019offres de prestations de construction. De m\u00eame, nous assistons nos clientes et nos clients lors de la recommandation et de l\u2019attribution.<\/p>\n<p>Afin de garantir un d\u00e9roulement contr\u00f4l\u00e9 des activit\u00e9s de construction, nous \u00e9laborons un calendrier pour tous les lots techniques. La direction des travaux contr\u00f4le en permanence les activit\u00e9s de construction et s\u2019assure que les objectifs souhait\u00e9s sont atteints. Une fois le projet de construction termin\u00e9, nous contr\u00f4lons si n\u00e9cessaire le succ\u00e8s de la mise en \u0153uvre sur la base des donn\u00e9es d\u2019exploitation de la technique d\u2019installation ainsi que de la consommation d\u2019\u00e9nergie. La r\u00e9duction des co\u00fbts r\u00e9alis\u00e9e gr\u00e2ce \u00e0 la mise en \u0153uvre, la dur\u00e9e d\u2019amortissement et les \u00e9missions de CO2 \u00e9vit\u00e9es sont \u00e9galement indiqu\u00e9es \u00e0 cette \u00e9tape.<\/p>\n<ul>\n<li>Appel d\u2019offres, recommandations et attribution<\/li>\n<li>Planification des d\u00e9lais et coordination des lots techniques<\/li>\n<li>Direction des travaux<\/li>\n<li>Ex\u00e9cution et r\u00e9ception technique<\/li>\n<li>Contr\u00f4le des r\u00e9sultats et accompagnement en cours d\u2019exploitation<\/li>\n<\/ul>\n","protected":false},"excerpt":{"rendered":"<p>Sur la base de la planification effectu\u00e9e et de la structure quantitative \u00e9labor\u00e9e, SAUTER \u00e9tablit sur demande un cahier des charges pour l\u2019appel d\u2019offres de prestations de construction. De m\u00eame, nous assistons nos clientes et nos clients lors de la recommandation et de l\u2019attribution. Afin de garantir un d\u00e9roulement contr\u00f4l\u00e9 des activit\u00e9s de construction, nous [&hellip;]<\/p>\n","protected":false},"author":6,"featured_media":0,"parent":3293,"menu_order":0,"comment_status":"closed","ping_status":"closed","template":"","meta":{"_acf_changed":false,"footnotes":""},"class_list":["post-3312","page","type-page","status-publish","hentry"],"acf":[],"yoast_head":"<!-- This site is optimized with the Yoast SEO plugin v26.1.1 - https:\/\/yoast.com\/wordpress\/plugins\/seo\/ -->\n<title>Mesures d&#039;efficacit\u00e9 | SAUTER<\/title>\n<meta name=\"description\" content=\"Sur demande, nous \u00e9tablissons un cahier des charges et aidons nos clients \u00e0 obtenir des recommandations et des contrats.\" \/>\n<meta name=\"robots\" content=\"index, follow, max-snippet:-1, max-image-preview:large, max-video-preview:-1\" \/>\n<link rel=\"canonical\" href=\"https:\/\/www.sauter-fm.com\/fr\/services\/fm-efficace-en-energie\/mise-en-oeuvre-de-mesures-defficacite\/\" \/>\n<meta property=\"og:locale\" content=\"fr_FR\" \/>\n<meta property=\"og:type\" content=\"article\" \/>\n<meta property=\"og:title\" content=\"Mesures d&#039;efficacit\u00e9 | SAUTER\" \/>\n<meta property=\"og:description\" content=\"Sur demande, nous \u00e9tablissons un cahier des charges et aidons nos clients \u00e0 obtenir des recommandations et des contrats.\" \/>\n<meta property=\"og:url\" content=\"https:\/\/www.sauter-fm.com\/fr\/services\/fm-efficace-en-energie\/mise-en-oeuvre-de-mesures-defficacite\/\" \/>\n<meta property=\"og:site_name\" content=\"Sauter FM\" \/>\n<meta property=\"article:modified_time\" content=\"2024-07-05T11:13:11+00:00\" \/>\n<meta property=\"og:image\" content=\"https:\/\/www.sauter-fm.com\/wp-content\/uploads\/sites\/32\/2022\/02\/SAUTER_FM_Umsetzung_353x212_Verlauf-300x171.jpg\" \/>\n<meta name=\"twitter:card\" content=\"summary_large_image\" \/>\n<meta name=\"twitter:label1\" content=\"Dur\u00e9e de lecture estim\u00e9e\" \/>\n\t<meta name=\"twitter:data1\" content=\"2 minutes\" \/>\n<script type=\"application\/ld+json\" class=\"yoast-schema-graph\">{\"@context\":\"https:\/\/schema.org\",\"@graph\":[{\"@type\":\"WebPage\",\"@id\":\"https:\/\/www.sauter-fm.com\/fr\/services\/fm-efficace-en-energie\/mise-en-oeuvre-de-mesures-defficacite\/\",\"url\":\"https:\/\/www.sauter-fm.com\/fr\/services\/fm-efficace-en-energie\/mise-en-oeuvre-de-mesures-defficacite\/\",\"name\":\"Mesures d'efficacit\u00e9 | SAUTER\",\"isPartOf\":{\"@id\":\"https:\/\/www.sauter-fm.com\/#website\"},\"primaryImageOfPage\":{\"@id\":\"https:\/\/www.sauter-fm.com\/fr\/services\/fm-efficace-en-energie\/mise-en-oeuvre-de-mesures-defficacite\/#primaryimage\"},\"image\":{\"@id\":\"https:\/\/www.sauter-fm.com\/fr\/services\/fm-efficace-en-energie\/mise-en-oeuvre-de-mesures-defficacite\/#primaryimage\"},\"thumbnailUrl\":\"https:\/\/www.sauter-fm.com\/wp-content\/uploads\/sites\/32\/2022\/02\/SAUTER_FM_Umsetzung_353x212_Verlauf-300x171.jpg\",\"datePublished\":\"2021-11-24T08:53:58+00:00\",\"dateModified\":\"2024-07-05T11:13:11+00:00\",\"description\":\"Sur demande, nous \u00e9tablissons un cahier des charges et aidons nos clients \u00e0 obtenir des recommandations et des contrats.\",\"breadcrumb\":{\"@id\":\"https:\/\/www.sauter-fm.com\/fr\/services\/fm-efficace-en-energie\/mise-en-oeuvre-de-mesures-defficacite\/#breadcrumb\"},\"inLanguage\":\"fr-FR\",\"potentialAction\":[{\"@type\":\"ReadAction\",\"target\":[\"https:\/\/www.sauter-fm.com\/fr\/services\/fm-efficace-en-energie\/mise-en-oeuvre-de-mesures-defficacite\/\"]}]},{\"@type\":\"ImageObject\",\"inLanguage\":\"fr-FR\",\"@id\":\"https:\/\/www.sauter-fm.com\/fr\/services\/fm-efficace-en-energie\/mise-en-oeuvre-de-mesures-defficacite\/#primaryimage\",\"url\":\"https:\/\/www.sauter-fm.com\/wp-content\/uploads\/sites\/32\/2022\/02\/SAUTER_FM_Umsetzung_353x212_Verlauf-300x171.jpg\",\"contentUrl\":\"https:\/\/www.sauter-fm.com\/wp-content\/uploads\/sites\/32\/2022\/02\/SAUTER_FM_Umsetzung_353x212_Verlauf-300x171.jpg\"},{\"@type\":\"BreadcrumbList\",\"@id\":\"https:\/\/www.sauter-fm.com\/fr\/services\/fm-efficace-en-energie\/mise-en-oeuvre-de-mesures-defficacite\/#breadcrumb\",\"itemListElement\":[{\"@type\":\"ListItem\",\"position\":1,\"name\":\"Home\",\"item\":\"https:\/\/www.sauter-fm.com\/fr\/\"},{\"@type\":\"ListItem\",\"position\":2,\"name\":\"Services\",\"item\":\"https:\/\/www.sauter-fm.com\/fr\/services\/\"},{\"@type\":\"ListItem\",\"position\":3,\"name\":\"FM efficace en \u00e9nergie\",\"item\":\"https:\/\/www.sauter-fm.com\/fr\/services\/fm-efficace-en-energie\/\"},{\"@type\":\"ListItem\",\"position\":4,\"name\":\"Mise en \u0153uvre et financement des mesures d\u2019efficacit\u00e9\"}]},{\"@type\":\"WebSite\",\"@id\":\"https:\/\/www.sauter-fm.com\/#website\",\"url\":\"https:\/\/www.sauter-fm.com\/\",\"name\":\"Sauter FM\",\"description\":\"SAUTER Facility Management\",\"potentialAction\":[{\"@type\":\"SearchAction\",\"target\":{\"@type\":\"EntryPoint\",\"urlTemplate\":\"https:\/\/www.sauter-fm.com\/?s={search_term_string}\"},\"query-input\":{\"@type\":\"PropertyValueSpecification\",\"valueRequired\":true,\"valueName\":\"search_term_string\"}}],\"inLanguage\":\"fr-FR\"}]}<\/script>\n<!-- \/ Yoast SEO plugin. -->","yoast_head_json":{"title":"Mesures d'efficacit\u00e9 | SAUTER","description":"Sur demande, nous \u00e9tablissons un cahier des charges et aidons nos clients \u00e0 obtenir des recommandations et des contrats.","robots":{"index":"index","follow":"follow","max-snippet":"max-snippet:-1","max-image-preview":"max-image-preview:large","max-video-preview":"max-video-preview:-1"},"canonical":"https:\/\/www.sauter-fm.com\/fr\/services\/fm-efficace-en-energie\/mise-en-oeuvre-de-mesures-defficacite\/","og_locale":"fr_FR","og_type":"article","og_title":"Mesures d'efficacit\u00e9 | SAUTER","og_description":"Sur demande, nous \u00e9tablissons un cahier des charges et aidons nos clients \u00e0 obtenir des recommandations et des contrats.","og_url":"https:\/\/www.sauter-fm.com\/fr\/services\/fm-efficace-en-energie\/mise-en-oeuvre-de-mesures-defficacite\/","og_site_name":"Sauter FM","article_modified_time":"2024-07-05T11:13:11+00:00","og_image":[{"url":"https:\/\/www.sauter-fm.com\/wp-content\/uploads\/sites\/32\/2022\/02\/SAUTER_FM_Umsetzung_353x212_Verlauf-300x171.jpg","type":"","width":"","height":""}],"twitter_card":"summary_large_image","twitter_misc":{"Dur\u00e9e de lecture estim\u00e9e":"2 minutes"},"schema":{"@context":"https:\/\/schema.org","@graph":[{"@type":"WebPage","@id":"https:\/\/www.sauter-fm.com\/fr\/services\/fm-efficace-en-energie\/mise-en-oeuvre-de-mesures-defficacite\/","url":"https:\/\/www.sauter-fm.com\/fr\/services\/fm-efficace-en-energie\/mise-en-oeuvre-de-mesures-defficacite\/","name":"Mesures d'efficacit\u00e9 | SAUTER","isPartOf":{"@id":"https:\/\/www.sauter-fm.com\/#website"},"primaryImageOfPage":{"@id":"https:\/\/www.sauter-fm.com\/fr\/services\/fm-efficace-en-energie\/mise-en-oeuvre-de-mesures-defficacite\/#primaryimage"},"image":{"@id":"https:\/\/www.sauter-fm.com\/fr\/services\/fm-efficace-en-energie\/mise-en-oeuvre-de-mesures-defficacite\/#primaryimage"},"thumbnailUrl":"https:\/\/www.sauter-fm.com\/wp-content\/uploads\/sites\/32\/2022\/02\/SAUTER_FM_Umsetzung_353x212_Verlauf-300x171.jpg","datePublished":"2021-11-24T08:53:58+00:00","dateModified":"2024-07-05T11:13:11+00:00","description":"Sur demande, nous \u00e9tablissons un cahier des charges et aidons nos clients \u00e0 obtenir des recommandations et des contrats.","breadcrumb":{"@id":"https:\/\/www.sauter-fm.com\/fr\/services\/fm-efficace-en-energie\/mise-en-oeuvre-de-mesures-defficacite\/#breadcrumb"},"inLanguage":"fr-FR","potentialAction":[{"@type":"ReadAction","target":["https:\/\/www.sauter-fm.com\/fr\/services\/fm-efficace-en-energie\/mise-en-oeuvre-de-mesures-defficacite\/"]}]},{"@type":"ImageObject","inLanguage":"fr-FR","@id":"https:\/\/www.sauter-fm.com\/fr\/services\/fm-efficace-en-energie\/mise-en-oeuvre-de-mesures-defficacite\/#primaryimage","url":"https:\/\/www.sauter-fm.com\/wp-content\/uploads\/sites\/32\/2022\/02\/SAUTER_FM_Umsetzung_353x212_Verlauf-300x171.jpg","contentUrl":"https:\/\/www.sauter-fm.com\/wp-content\/uploads\/sites\/32\/2022\/02\/SAUTER_FM_Umsetzung_353x212_Verlauf-300x171.jpg"},{"@type":"BreadcrumbList","@id":"https:\/\/www.sauter-fm.com\/fr\/services\/fm-efficace-en-energie\/mise-en-oeuvre-de-mesures-defficacite\/#breadcrumb","itemListElement":[{"@type":"ListItem","position":1,"name":"Home","item":"https:\/\/www.sauter-fm.com\/fr\/"},{"@type":"ListItem","position":2,"name":"Services","item":"https:\/\/www.sauter-fm.com\/fr\/services\/"},{"@type":"ListItem","position":3,"name":"FM efficace en \u00e9nergie","item":"https:\/\/www.sauter-fm.com\/fr\/services\/fm-efficace-en-energie\/"},{"@type":"ListItem","position":4,"name":"Mise en \u0153uvre et financement des mesures d\u2019efficacit\u00e9"}]},{"@type":"WebSite","@id":"https:\/\/www.sauter-fm.com\/#website","url":"https:\/\/www.sauter-fm.com\/","name":"Sauter FM","description":"SAUTER Facility Management","potentialAction":[{"@type":"SearchAction","target":{"@type":"EntryPoint","urlTemplate":"https:\/\/www.sauter-fm.com\/?s={search_term_string}"},"query-input":{"@type":"PropertyValueSpecification","valueRequired":true,"valueName":"search_term_string"}}],"inLanguage":"fr-FR"}]}},"publishpress_future_action":{"enabled":false,"date":"2026-05-08 21:31:09","action":"change-status","newStatus":"draft","terms":[],"taxonomy":"translation_priority","extraData":[]},"publishpress_future_workflow_manual_trigger":{"enabledWorkflows":[]},"_links":{"self":[{"href":"https:\/\/www.sauter-fm.com\/fr\/wp-json\/wp\/v2\/pages\/3312","targetHints":{"allow":["GET"]}}],"collection":[{"href":"https:\/\/www.sauter-fm.com\/fr\/wp-json\/wp\/v2\/pages"}],"about":[{"href":"https:\/\/www.sauter-fm.com\/fr\/wp-json\/wp\/v2\/types\/page"}],"author":[{"embeddable":true,"href":"https:\/\/www.sauter-fm.com\/fr\/wp-json\/wp\/v2\/users\/6"}],"replies":[{"embeddable":true,"href":"https:\/\/www.sauter-fm.com\/fr\/wp-json\/wp\/v2\/comments?post=3312"}],"version-history":[{"count":4,"href":"https:\/\/www.sauter-fm.com\/fr\/wp-json\/wp\/v2\/pages\/3312\/revisions"}],"predecessor-version":[{"id":7169,"href":"https:\/\/www.sauter-fm.com\/fr\/wp-json\/wp\/v2\/pages\/3312\/revisions\/7169"}],"up":[{"embeddable":true,"href":"https:\/\/www.sauter-fm.com\/fr\/wp-json\/wp\/v2\/pages\/3293"}],"wp:attachment":[{"href":"https:\/\/www.sauter-fm.com\/fr\/wp-json\/wp\/v2\/media?parent=3312"}],"curies":[{"name":"wp","href":"https:\/\/api.w.org\/{rel}","templated":true}]}}