{"id":3301,"date":"2021-11-24T08:36:02","date_gmt":"2021-11-24T08:36:02","guid":{"rendered":"https:\/\/www.sauter-fm.com\/energieeffizientes-fm\/energieeffizienter-anlagenbetrieb\/"},"modified":"2024-06-21T08:06:30","modified_gmt":"2024-06-21T08:06:30","slug":"exploitation-ecoenergetique-des-installations","status":"publish","type":"page","link":"https:\/\/www.sauter-fm.com\/fr\/services\/fm-efficace-en-energie\/exploitation-ecoenergetique-des-installations\/","title":{"rendered":"Exploitation \u00e9co\u00e9nerg\u00e9tique des installations"},"content":{"rendered":"<p><img decoding=\"async\" class=\"size-medium wp-image-2376 alignleft\" src=\"https:\/\/www.sauter-fm.com\/wp-content\/uploads\/sites\/32\/2022\/02\/SAUTER_FM_Anlagenbetrieb_353x212_Verlauf-300x180.jpg\" alt=\"\" width=\"300\" height=\"180\" srcset=\"https:\/\/www.sauter-fm.com\/wp-content\/uploads\/sites\/32\/2022\/02\/SAUTER_FM_Anlagenbetrieb_353x212_Verlauf-300x180.jpg 300w, https:\/\/www.sauter-fm.com\/wp-content\/uploads\/sites\/32\/2022\/02\/SAUTER_FM_Anlagenbetrieb_353x212_Verlauf-225x135.jpg 225w, https:\/\/www.sauter-fm.com\/wp-content\/uploads\/sites\/32\/2022\/02\/SAUTER_FM_Anlagenbetrieb_353x212_Verlauf.jpg 353w\" sizes=\"(max-width: 300px) 100vw, 300px\" \/><\/p>\n<p>Les installations techniques des b\u00e2timents sont exploit\u00e9es pendant de nombreuses d\u00e9cennies et g\u00e9n\u00e8rent des co\u00fbts consid\u00e9rables tout au long de leur cycle de vie. Chez SAUTER, nous gardons \u00e0 l\u2019\u0153il aussi bien les installations techniques que les leviers d\u00e9cisifs pour une exploitation \u00e9conomique de ces installations.<\/p>\n<p>Notre expertise dans les domaines du conseil en \u00e9nergie, de la planification sp\u00e9cialis\u00e9e et de l\u2019artisanat nous permet de prendre les mesures appropri\u00e9es \u00e0 chaque phase de la vie d\u2019un b\u00e2timent. Nous vous assistons avec des prestations telles que le r\u00e9glage des installations, la technique de mesure mobile, le suivi pour d\u00e9terminer les mesures d\u2019\u00e9conomie \u00e0 prendre, une optimisation de la technique de r\u00e9gulation, mais aussi la v\u00e9rification du dimensionnement par calcul. Avec nos ing\u00e9nieurs sp\u00e9cialis\u00e9s, nous effectuons des inspections \u00e9nerg\u00e9tiques conform\u00e9ment aux articles 74-78 de la GEG (loi allemande sur l\u2019\u00e9nergie des b\u00e2timents). Outre la conformit\u00e9 aux exigences l\u00e9gales, vous obtenez ainsi des conseils solides pour une exploitation optimale de l\u2019installation.<\/p>\n<ul>\n<li>Observation des leviers d\u00e9cisifs pour une exploitation efficace des installations<\/li>\n<li>Connaissances sp\u00e9cialis\u00e9es et solutions de produits issues de la technique de r\u00e9gulation et de l\u2019automatisation de b\u00e2timents<\/li>\n<li>Contr\u00f4le de planification et r\u00e9glage des installations<\/li>\n<li>Suivi technique avec SAUTER Analytics<\/li>\n<li>Inspection \u00e9nerg\u00e9tique conform\u00e9ment aux articles 74-78 de la GEG<\/li>\n<\/ul>\n","protected":false},"excerpt":{"rendered":"<p>Les installations techniques des b\u00e2timents sont exploit\u00e9es pendant de nombreuses d\u00e9cennies et g\u00e9n\u00e8rent des co\u00fbts consid\u00e9rables tout au long de leur cycle de vie. Chez SAUTER, nous gardons \u00e0 l\u2019\u0153il aussi bien les installations techniques que les leviers d\u00e9cisifs pour une exploitation \u00e9conomique de ces installations. Notre expertise dans les domaines du conseil en \u00e9nergie, [&hellip;]<\/p>\n","protected":false},"author":6,"featured_media":0,"parent":3293,"menu_order":0,"comment_status":"closed","ping_status":"closed","template":"","meta":{"_acf_changed":false,"footnotes":""},"class_list":["post-3301","page","type-page","status-publish","hentry"],"acf":[],"yoast_head":"<!-- This site is optimized with the Yoast SEO plugin v26.1.1 - https:\/\/yoast.com\/wordpress\/plugins\/seo\/ -->\n<title>Exploitation \u00e9co\u00e9nerg\u00e9tique des installations | SAUTER<\/title>\n<meta name=\"description\" content=\"installations techniques et les leviers de r\u00e9glage qui sont d\u00e9cisifs pour une exploitation \u00e9conomique de l&#039;installation.\" \/>\n<meta name=\"robots\" content=\"index, follow, max-snippet:-1, max-image-preview:large, max-video-preview:-1\" \/>\n<link rel=\"canonical\" href=\"https:\/\/www.sauter-fm.com\/fr\/services\/fm-efficace-en-energie\/exploitation-ecoenergetique-des-installations\/\" \/>\n<meta property=\"og:locale\" content=\"fr_FR\" \/>\n<meta property=\"og:type\" content=\"article\" \/>\n<meta property=\"og:title\" content=\"Exploitation \u00e9co\u00e9nerg\u00e9tique des installations | SAUTER\" \/>\n<meta property=\"og:description\" content=\"installations techniques et les leviers de r\u00e9glage qui sont d\u00e9cisifs pour une exploitation \u00e9conomique de l&#039;installation.\" \/>\n<meta property=\"og:url\" content=\"https:\/\/www.sauter-fm.com\/fr\/services\/fm-efficace-en-energie\/exploitation-ecoenergetique-des-installations\/\" \/>\n<meta property=\"og:site_name\" content=\"Sauter FM\" \/>\n<meta property=\"article:modified_time\" content=\"2024-06-21T08:06:30+00:00\" \/>\n<meta property=\"og:image\" content=\"https:\/\/www.sauter-fm.com\/wp-content\/uploads\/sites\/32\/2022\/02\/SAUTER_FM_Anlagenbetrieb_353x212_Verlauf-300x180.jpg\" \/>\n<meta name=\"twitter:card\" content=\"summary_large_image\" \/>\n<meta name=\"twitter:label1\" content=\"Dur\u00e9e de lecture estim\u00e9e\" \/>\n\t<meta name=\"twitter:data1\" content=\"2 minutes\" \/>\n<script type=\"application\/ld+json\" class=\"yoast-schema-graph\">{\"@context\":\"https:\/\/schema.org\",\"@graph\":[{\"@type\":\"WebPage\",\"@id\":\"https:\/\/www.sauter-fm.com\/fr\/services\/fm-efficace-en-energie\/exploitation-ecoenergetique-des-installations\/\",\"url\":\"https:\/\/www.sauter-fm.com\/fr\/services\/fm-efficace-en-energie\/exploitation-ecoenergetique-des-installations\/\",\"name\":\"Exploitation \u00e9co\u00e9nerg\u00e9tique des installations | SAUTER\",\"isPartOf\":{\"@id\":\"https:\/\/www.sauter-fm.com\/#website\"},\"primaryImageOfPage\":{\"@id\":\"https:\/\/www.sauter-fm.com\/fr\/services\/fm-efficace-en-energie\/exploitation-ecoenergetique-des-installations\/#primaryimage\"},\"image\":{\"@id\":\"https:\/\/www.sauter-fm.com\/fr\/services\/fm-efficace-en-energie\/exploitation-ecoenergetique-des-installations\/#primaryimage\"},\"thumbnailUrl\":\"https:\/\/www.sauter-fm.com\/wp-content\/uploads\/sites\/32\/2022\/02\/SAUTER_FM_Anlagenbetrieb_353x212_Verlauf-300x180.jpg\",\"datePublished\":\"2021-11-24T08:36:02+00:00\",\"dateModified\":\"2024-06-21T08:06:30+00:00\",\"description\":\"installations techniques et les leviers de r\u00e9glage qui sont d\u00e9cisifs pour une exploitation \u00e9conomique de l'installation.\",\"breadcrumb\":{\"@id\":\"https:\/\/www.sauter-fm.com\/fr\/services\/fm-efficace-en-energie\/exploitation-ecoenergetique-des-installations\/#breadcrumb\"},\"inLanguage\":\"fr-FR\",\"potentialAction\":[{\"@type\":\"ReadAction\",\"target\":[\"https:\/\/www.sauter-fm.com\/fr\/services\/fm-efficace-en-energie\/exploitation-ecoenergetique-des-installations\/\"]}]},{\"@type\":\"ImageObject\",\"inLanguage\":\"fr-FR\",\"@id\":\"https:\/\/www.sauter-fm.com\/fr\/services\/fm-efficace-en-energie\/exploitation-ecoenergetique-des-installations\/#primaryimage\",\"url\":\"https:\/\/www.sauter-fm.com\/wp-content\/uploads\/sites\/32\/2022\/02\/SAUTER_FM_Anlagenbetrieb_353x212_Verlauf-300x180.jpg\",\"contentUrl\":\"https:\/\/www.sauter-fm.com\/wp-content\/uploads\/sites\/32\/2022\/02\/SAUTER_FM_Anlagenbetrieb_353x212_Verlauf-300x180.jpg\"},{\"@type\":\"BreadcrumbList\",\"@id\":\"https:\/\/www.sauter-fm.com\/fr\/services\/fm-efficace-en-energie\/exploitation-ecoenergetique-des-installations\/#breadcrumb\",\"itemListElement\":[{\"@type\":\"ListItem\",\"position\":1,\"name\":\"Home\",\"item\":\"https:\/\/www.sauter-fm.com\/fr\/\"},{\"@type\":\"ListItem\",\"position\":2,\"name\":\"Services\",\"item\":\"https:\/\/www.sauter-fm.com\/fr\/services\/\"},{\"@type\":\"ListItem\",\"position\":3,\"name\":\"FM efficace en \u00e9nergie\",\"item\":\"https:\/\/www.sauter-fm.com\/fr\/services\/fm-efficace-en-energie\/\"},{\"@type\":\"ListItem\",\"position\":4,\"name\":\"Exploitation \u00e9co\u00e9nerg\u00e9tique des installations\"}]},{\"@type\":\"WebSite\",\"@id\":\"https:\/\/www.sauter-fm.com\/#website\",\"url\":\"https:\/\/www.sauter-fm.com\/\",\"name\":\"Sauter FM\",\"description\":\"SAUTER Facility Management\",\"potentialAction\":[{\"@type\":\"SearchAction\",\"target\":{\"@type\":\"EntryPoint\",\"urlTemplate\":\"https:\/\/www.sauter-fm.com\/?s={search_term_string}\"},\"query-input\":{\"@type\":\"PropertyValueSpecification\",\"valueRequired\":true,\"valueName\":\"search_term_string\"}}],\"inLanguage\":\"fr-FR\"}]}<\/script>\n<!-- \/ Yoast SEO plugin. -->","yoast_head_json":{"title":"Exploitation \u00e9co\u00e9nerg\u00e9tique des installations | SAUTER","description":"installations techniques et les leviers de r\u00e9glage qui sont d\u00e9cisifs pour une exploitation \u00e9conomique de l'installation.","robots":{"index":"index","follow":"follow","max-snippet":"max-snippet:-1","max-image-preview":"max-image-preview:large","max-video-preview":"max-video-preview:-1"},"canonical":"https:\/\/www.sauter-fm.com\/fr\/services\/fm-efficace-en-energie\/exploitation-ecoenergetique-des-installations\/","og_locale":"fr_FR","og_type":"article","og_title":"Exploitation \u00e9co\u00e9nerg\u00e9tique des installations | SAUTER","og_description":"installations techniques et les leviers de r\u00e9glage qui sont d\u00e9cisifs pour une exploitation \u00e9conomique de l'installation.","og_url":"https:\/\/www.sauter-fm.com\/fr\/services\/fm-efficace-en-energie\/exploitation-ecoenergetique-des-installations\/","og_site_name":"Sauter FM","article_modified_time":"2024-06-21T08:06:30+00:00","og_image":[{"url":"https:\/\/www.sauter-fm.com\/wp-content\/uploads\/sites\/32\/2022\/02\/SAUTER_FM_Anlagenbetrieb_353x212_Verlauf-300x180.jpg","type":"","width":"","height":""}],"twitter_card":"summary_large_image","twitter_misc":{"Dur\u00e9e de lecture estim\u00e9e":"2 minutes"},"schema":{"@context":"https:\/\/schema.org","@graph":[{"@type":"WebPage","@id":"https:\/\/www.sauter-fm.com\/fr\/services\/fm-efficace-en-energie\/exploitation-ecoenergetique-des-installations\/","url":"https:\/\/www.sauter-fm.com\/fr\/services\/fm-efficace-en-energie\/exploitation-ecoenergetique-des-installations\/","name":"Exploitation \u00e9co\u00e9nerg\u00e9tique des installations | SAUTER","isPartOf":{"@id":"https:\/\/www.sauter-fm.com\/#website"},"primaryImageOfPage":{"@id":"https:\/\/www.sauter-fm.com\/fr\/services\/fm-efficace-en-energie\/exploitation-ecoenergetique-des-installations\/#primaryimage"},"image":{"@id":"https:\/\/www.sauter-fm.com\/fr\/services\/fm-efficace-en-energie\/exploitation-ecoenergetique-des-installations\/#primaryimage"},"thumbnailUrl":"https:\/\/www.sauter-fm.com\/wp-content\/uploads\/sites\/32\/2022\/02\/SAUTER_FM_Anlagenbetrieb_353x212_Verlauf-300x180.jpg","datePublished":"2021-11-24T08:36:02+00:00","dateModified":"2024-06-21T08:06:30+00:00","description":"installations techniques et les leviers de r\u00e9glage qui sont d\u00e9cisifs pour une exploitation \u00e9conomique de l'installation.","breadcrumb":{"@id":"https:\/\/www.sauter-fm.com\/fr\/services\/fm-efficace-en-energie\/exploitation-ecoenergetique-des-installations\/#breadcrumb"},"inLanguage":"fr-FR","potentialAction":[{"@type":"ReadAction","target":["https:\/\/www.sauter-fm.com\/fr\/services\/fm-efficace-en-energie\/exploitation-ecoenergetique-des-installations\/"]}]},{"@type":"ImageObject","inLanguage":"fr-FR","@id":"https:\/\/www.sauter-fm.com\/fr\/services\/fm-efficace-en-energie\/exploitation-ecoenergetique-des-installations\/#primaryimage","url":"https:\/\/www.sauter-fm.com\/wp-content\/uploads\/sites\/32\/2022\/02\/SAUTER_FM_Anlagenbetrieb_353x212_Verlauf-300x180.jpg","contentUrl":"https:\/\/www.sauter-fm.com\/wp-content\/uploads\/sites\/32\/2022\/02\/SAUTER_FM_Anlagenbetrieb_353x212_Verlauf-300x180.jpg"},{"@type":"BreadcrumbList","@id":"https:\/\/www.sauter-fm.com\/fr\/services\/fm-efficace-en-energie\/exploitation-ecoenergetique-des-installations\/#breadcrumb","itemListElement":[{"@type":"ListItem","position":1,"name":"Home","item":"https:\/\/www.sauter-fm.com\/fr\/"},{"@type":"ListItem","position":2,"name":"Services","item":"https:\/\/www.sauter-fm.com\/fr\/services\/"},{"@type":"ListItem","position":3,"name":"FM efficace en \u00e9nergie","item":"https:\/\/www.sauter-fm.com\/fr\/services\/fm-efficace-en-energie\/"},{"@type":"ListItem","position":4,"name":"Exploitation \u00e9co\u00e9nerg\u00e9tique des installations"}]},{"@type":"WebSite","@id":"https:\/\/www.sauter-fm.com\/#website","url":"https:\/\/www.sauter-fm.com\/","name":"Sauter FM","description":"SAUTER Facility Management","potentialAction":[{"@type":"SearchAction","target":{"@type":"EntryPoint","urlTemplate":"https:\/\/www.sauter-fm.com\/?s={search_term_string}"},"query-input":{"@type":"PropertyValueSpecification","valueRequired":true,"valueName":"search_term_string"}}],"inLanguage":"fr-FR"}]}},"publishpress_future_action":{"enabled":false,"date":"2026-05-08 23:22:23","action":"change-status","newStatus":"draft","terms":[],"taxonomy":"translation_priority","extraData":[]},"publishpress_future_workflow_manual_trigger":{"enabledWorkflows":[]},"_links":{"self":[{"href":"https:\/\/www.sauter-fm.com\/fr\/wp-json\/wp\/v2\/pages\/3301","targetHints":{"allow":["GET"]}}],"collection":[{"href":"https:\/\/www.sauter-fm.com\/fr\/wp-json\/wp\/v2\/pages"}],"about":[{"href":"https:\/\/www.sauter-fm.com\/fr\/wp-json\/wp\/v2\/types\/page"}],"author":[{"embeddable":true,"href":"https:\/\/www.sauter-fm.com\/fr\/wp-json\/wp\/v2\/users\/6"}],"replies":[{"embeddable":true,"href":"https:\/\/www.sauter-fm.com\/fr\/wp-json\/wp\/v2\/comments?post=3301"}],"version-history":[{"count":6,"href":"https:\/\/www.sauter-fm.com\/fr\/wp-json\/wp\/v2\/pages\/3301\/revisions"}],"predecessor-version":[{"id":7165,"href":"https:\/\/www.sauter-fm.com\/fr\/wp-json\/wp\/v2\/pages\/3301\/revisions\/7165"}],"up":[{"embeddable":true,"href":"https:\/\/www.sauter-fm.com\/fr\/wp-json\/wp\/v2\/pages\/3293"}],"wp:attachment":[{"href":"https:\/\/www.sauter-fm.com\/fr\/wp-json\/wp\/v2\/media?parent=3301"}],"curies":[{"name":"wp","href":"https:\/\/api.w.org\/{rel}","templated":true}]}}