{"id":3278,"date":"2022-02-14T08:38:46","date_gmt":"2022-02-14T08:38:46","guid":{"rendered":"https:\/\/www.sauter-fm.com\/infrastrukturelles-fm\/winterdienst\/"},"modified":"2024-06-24T11:25:57","modified_gmt":"2024-06-24T11:25:57","slug":"service-hivernal","status":"publish","type":"page","link":"https:\/\/www.sauter-fm.com\/fr\/services\/fm-infrastructurel\/service-hivernal\/","title":{"rendered":"Service hivernal"},"content":{"rendered":"<p><img decoding=\"async\" class=\"size-medium wp-image-2311 alignleft\" src=\"https:\/\/www.sauter-fm.com\/wp-content\/uploads\/sites\/32\/2022\/02\/SAUTER_FM_Winterdienst_353x212_Verlauf-300x180.jpg\" alt=\"\" width=\"300\" height=\"180\" srcset=\"https:\/\/www.sauter-fm.com\/wp-content\/uploads\/sites\/32\/2022\/02\/SAUTER_FM_Winterdienst_353x212_Verlauf-300x180.jpg 300w, https:\/\/www.sauter-fm.com\/wp-content\/uploads\/sites\/32\/2022\/02\/SAUTER_FM_Winterdienst_353x212_Verlauf-225x135.jpg 225w, https:\/\/www.sauter-fm.com\/wp-content\/uploads\/sites\/32\/2022\/02\/SAUTER_FM_Winterdienst_353x212_Verlauf.jpg 353w\" sizes=\"(max-width: 300px) 100vw, 300px\" \/><\/p>\n<p>Le service hivernal comprend le d\u00e9blaiement de la neige et de la glace sur toutes les surfaces priv\u00e9es afin de rendre celles-ci facilement accessibles. Souvent, les propri\u00e9taires de biens immobiliers ont aussi une obligation envers la commune de d\u00e9blayer la neige et la glace des surfaces publiques. Chez SAUTER, nous documentons chaque intervention afin d\u2019en conserver une trace claire. Bien entendu, \u00e0 la fin de la p\u00e9riode hivernale, nous nous occupons \u00e9galement de l\u2019\u00e9limination du produit d\u2019\u00e9pandage utilis\u00e9 et de la remise en \u00e9tat impeccable de vos surfaces.<\/p>\n<ul style=\"clear: both\">\n<li>Service de permanence<\/li>\n<li>\u00c9limination de la neige et de la glace sur les surfaces priv\u00e9es<\/li>\n<li>\u00c9limination de la neige et de la glace sur les surfaces publiques conform\u00e9ment au r\u00e8glement local<\/li>\n<li>Aplanissement des surfaces d\u00e9blay\u00e9es<\/li>\n<li>Transport et \u00e9limination de la neige<\/li>\n<li>Enl\u00e8vement du produit d\u2019\u00e9pandage<\/li>\n<li>Documentation<\/li>\n<\/ul>\n","protected":false},"excerpt":{"rendered":"<p>Le service hivernal comprend le d\u00e9blaiement de la neige et de la glace sur toutes les surfaces priv\u00e9es afin de rendre celles-ci facilement accessibles. Souvent, les propri\u00e9taires de biens immobiliers ont aussi une obligation envers la commune de d\u00e9blayer la neige et la glace des surfaces publiques. Chez SAUTER, nous documentons chaque intervention afin d\u2019en [&hellip;]<\/p>\n","protected":false},"author":8,"featured_media":0,"parent":3260,"menu_order":0,"comment_status":"closed","ping_status":"closed","template":"","meta":{"_acf_changed":false,"footnotes":""},"class_list":["post-3278","page","type-page","status-publish","hentry"],"acf":[],"yoast_head":"<!-- This site is optimized with the Yoast SEO plugin v26.1.1 - https:\/\/yoast.com\/wordpress\/plugins\/seo\/ -->\n<title>Service hivernal | SAUTER<\/title>\n<meta name=\"description\" content=\"SAUTER s&#039;occupe du service hivernal pour vous ! Qu&#039;il s&#039;agisse de surfaces priv\u00e9es ou publiques, nous veillons \u00e0 leur entretien.\" \/>\n<meta name=\"robots\" content=\"index, follow, max-snippet:-1, max-image-preview:large, max-video-preview:-1\" \/>\n<link rel=\"canonical\" href=\"https:\/\/www.sauter-fm.com\/fr\/services\/fm-infrastructurel\/service-hivernal\/\" \/>\n<meta property=\"og:locale\" content=\"fr_FR\" \/>\n<meta property=\"og:type\" content=\"article\" \/>\n<meta property=\"og:title\" content=\"Service hivernal | SAUTER\" \/>\n<meta property=\"og:description\" content=\"SAUTER s&#039;occupe du service hivernal pour vous ! Qu&#039;il s&#039;agisse de surfaces priv\u00e9es ou publiques, nous veillons \u00e0 leur entretien.\" \/>\n<meta property=\"og:url\" content=\"https:\/\/www.sauter-fm.com\/fr\/services\/fm-infrastructurel\/service-hivernal\/\" \/>\n<meta property=\"og:site_name\" content=\"Sauter FM\" \/>\n<meta property=\"article:modified_time\" content=\"2024-06-24T11:25:57+00:00\" \/>\n<meta property=\"og:image\" content=\"https:\/\/www.sauter-fm.com\/wp-content\/uploads\/sites\/32\/2022\/02\/SAUTER_FM_Winterdienst_353x212_Verlauf-300x180.jpg\" \/>\n<meta name=\"twitter:card\" content=\"summary_large_image\" \/>\n<meta name=\"twitter:label1\" content=\"Dur\u00e9e de lecture estim\u00e9e\" \/>\n\t<meta name=\"twitter:data1\" content=\"1 minute\" \/>\n<script type=\"application\/ld+json\" class=\"yoast-schema-graph\">{\"@context\":\"https:\/\/schema.org\",\"@graph\":[{\"@type\":\"WebPage\",\"@id\":\"https:\/\/www.sauter-fm.com\/fr\/services\/fm-infrastructurel\/service-hivernal\/\",\"url\":\"https:\/\/www.sauter-fm.com\/fr\/services\/fm-infrastructurel\/service-hivernal\/\",\"name\":\"Service hivernal | SAUTER\",\"isPartOf\":{\"@id\":\"https:\/\/www.sauter-fm.com\/#website\"},\"primaryImageOfPage\":{\"@id\":\"https:\/\/www.sauter-fm.com\/fr\/services\/fm-infrastructurel\/service-hivernal\/#primaryimage\"},\"image\":{\"@id\":\"https:\/\/www.sauter-fm.com\/fr\/services\/fm-infrastructurel\/service-hivernal\/#primaryimage\"},\"thumbnailUrl\":\"https:\/\/www.sauter-fm.com\/wp-content\/uploads\/sites\/32\/2022\/02\/SAUTER_FM_Winterdienst_353x212_Verlauf-300x180.jpg\",\"datePublished\":\"2022-02-14T08:38:46+00:00\",\"dateModified\":\"2024-06-24T11:25:57+00:00\",\"description\":\"SAUTER s'occupe du service hivernal pour vous ! Qu'il s'agisse de surfaces priv\u00e9es ou publiques, nous veillons \u00e0 leur entretien.\",\"breadcrumb\":{\"@id\":\"https:\/\/www.sauter-fm.com\/fr\/services\/fm-infrastructurel\/service-hivernal\/#breadcrumb\"},\"inLanguage\":\"fr-FR\",\"potentialAction\":[{\"@type\":\"ReadAction\",\"target\":[\"https:\/\/www.sauter-fm.com\/fr\/services\/fm-infrastructurel\/service-hivernal\/\"]}]},{\"@type\":\"ImageObject\",\"inLanguage\":\"fr-FR\",\"@id\":\"https:\/\/www.sauter-fm.com\/fr\/services\/fm-infrastructurel\/service-hivernal\/#primaryimage\",\"url\":\"https:\/\/www.sauter-fm.com\/wp-content\/uploads\/sites\/32\/2022\/02\/SAUTER_FM_Winterdienst_353x212_Verlauf-300x180.jpg\",\"contentUrl\":\"https:\/\/www.sauter-fm.com\/wp-content\/uploads\/sites\/32\/2022\/02\/SAUTER_FM_Winterdienst_353x212_Verlauf-300x180.jpg\"},{\"@type\":\"BreadcrumbList\",\"@id\":\"https:\/\/www.sauter-fm.com\/fr\/services\/fm-infrastructurel\/service-hivernal\/#breadcrumb\",\"itemListElement\":[{\"@type\":\"ListItem\",\"position\":1,\"name\":\"Home\",\"item\":\"https:\/\/www.sauter-fm.com\/fr\/\"},{\"@type\":\"ListItem\",\"position\":2,\"name\":\"Services\",\"item\":\"https:\/\/www.sauter-fm.com\/fr\/services\/\"},{\"@type\":\"ListItem\",\"position\":3,\"name\":\"FM infrastructurel\",\"item\":\"https:\/\/www.sauter-fm.com\/fr\/services\/fm-infrastructurel\/\"},{\"@type\":\"ListItem\",\"position\":4,\"name\":\"Service hivernal\"}]},{\"@type\":\"WebSite\",\"@id\":\"https:\/\/www.sauter-fm.com\/#website\",\"url\":\"https:\/\/www.sauter-fm.com\/\",\"name\":\"Sauter FM\",\"description\":\"SAUTER Facility Management\",\"potentialAction\":[{\"@type\":\"SearchAction\",\"target\":{\"@type\":\"EntryPoint\",\"urlTemplate\":\"https:\/\/www.sauter-fm.com\/?s={search_term_string}\"},\"query-input\":{\"@type\":\"PropertyValueSpecification\",\"valueRequired\":true,\"valueName\":\"search_term_string\"}}],\"inLanguage\":\"fr-FR\"}]}<\/script>\n<!-- \/ Yoast SEO plugin. -->","yoast_head_json":{"title":"Service hivernal | SAUTER","description":"SAUTER s'occupe du service hivernal pour vous ! Qu'il s'agisse de surfaces priv\u00e9es ou publiques, nous veillons \u00e0 leur entretien.","robots":{"index":"index","follow":"follow","max-snippet":"max-snippet:-1","max-image-preview":"max-image-preview:large","max-video-preview":"max-video-preview:-1"},"canonical":"https:\/\/www.sauter-fm.com\/fr\/services\/fm-infrastructurel\/service-hivernal\/","og_locale":"fr_FR","og_type":"article","og_title":"Service hivernal | SAUTER","og_description":"SAUTER s'occupe du service hivernal pour vous ! Qu'il s'agisse de surfaces priv\u00e9es ou publiques, nous veillons \u00e0 leur entretien.","og_url":"https:\/\/www.sauter-fm.com\/fr\/services\/fm-infrastructurel\/service-hivernal\/","og_site_name":"Sauter FM","article_modified_time":"2024-06-24T11:25:57+00:00","og_image":[{"url":"https:\/\/www.sauter-fm.com\/wp-content\/uploads\/sites\/32\/2022\/02\/SAUTER_FM_Winterdienst_353x212_Verlauf-300x180.jpg","type":"","width":"","height":""}],"twitter_card":"summary_large_image","twitter_misc":{"Dur\u00e9e de lecture estim\u00e9e":"1 minute"},"schema":{"@context":"https:\/\/schema.org","@graph":[{"@type":"WebPage","@id":"https:\/\/www.sauter-fm.com\/fr\/services\/fm-infrastructurel\/service-hivernal\/","url":"https:\/\/www.sauter-fm.com\/fr\/services\/fm-infrastructurel\/service-hivernal\/","name":"Service hivernal | SAUTER","isPartOf":{"@id":"https:\/\/www.sauter-fm.com\/#website"},"primaryImageOfPage":{"@id":"https:\/\/www.sauter-fm.com\/fr\/services\/fm-infrastructurel\/service-hivernal\/#primaryimage"},"image":{"@id":"https:\/\/www.sauter-fm.com\/fr\/services\/fm-infrastructurel\/service-hivernal\/#primaryimage"},"thumbnailUrl":"https:\/\/www.sauter-fm.com\/wp-content\/uploads\/sites\/32\/2022\/02\/SAUTER_FM_Winterdienst_353x212_Verlauf-300x180.jpg","datePublished":"2022-02-14T08:38:46+00:00","dateModified":"2024-06-24T11:25:57+00:00","description":"SAUTER s'occupe du service hivernal pour vous ! Qu'il s'agisse de surfaces priv\u00e9es ou publiques, nous veillons \u00e0 leur entretien.","breadcrumb":{"@id":"https:\/\/www.sauter-fm.com\/fr\/services\/fm-infrastructurel\/service-hivernal\/#breadcrumb"},"inLanguage":"fr-FR","potentialAction":[{"@type":"ReadAction","target":["https:\/\/www.sauter-fm.com\/fr\/services\/fm-infrastructurel\/service-hivernal\/"]}]},{"@type":"ImageObject","inLanguage":"fr-FR","@id":"https:\/\/www.sauter-fm.com\/fr\/services\/fm-infrastructurel\/service-hivernal\/#primaryimage","url":"https:\/\/www.sauter-fm.com\/wp-content\/uploads\/sites\/32\/2022\/02\/SAUTER_FM_Winterdienst_353x212_Verlauf-300x180.jpg","contentUrl":"https:\/\/www.sauter-fm.com\/wp-content\/uploads\/sites\/32\/2022\/02\/SAUTER_FM_Winterdienst_353x212_Verlauf-300x180.jpg"},{"@type":"BreadcrumbList","@id":"https:\/\/www.sauter-fm.com\/fr\/services\/fm-infrastructurel\/service-hivernal\/#breadcrumb","itemListElement":[{"@type":"ListItem","position":1,"name":"Home","item":"https:\/\/www.sauter-fm.com\/fr\/"},{"@type":"ListItem","position":2,"name":"Services","item":"https:\/\/www.sauter-fm.com\/fr\/services\/"},{"@type":"ListItem","position":3,"name":"FM infrastructurel","item":"https:\/\/www.sauter-fm.com\/fr\/services\/fm-infrastructurel\/"},{"@type":"ListItem","position":4,"name":"Service hivernal"}]},{"@type":"WebSite","@id":"https:\/\/www.sauter-fm.com\/#website","url":"https:\/\/www.sauter-fm.com\/","name":"Sauter FM","description":"SAUTER Facility Management","potentialAction":[{"@type":"SearchAction","target":{"@type":"EntryPoint","urlTemplate":"https:\/\/www.sauter-fm.com\/?s={search_term_string}"},"query-input":{"@type":"PropertyValueSpecification","valueRequired":true,"valueName":"search_term_string"}}],"inLanguage":"fr-FR"}]}},"publishpress_future_action":{"enabled":false,"date":"2026-04-26 08:03:06","action":"change-status","newStatus":"draft","terms":[],"taxonomy":"translation_priority","extraData":[]},"publishpress_future_workflow_manual_trigger":{"enabledWorkflows":[]},"_links":{"self":[{"href":"https:\/\/www.sauter-fm.com\/fr\/wp-json\/wp\/v2\/pages\/3278","targetHints":{"allow":["GET"]}}],"collection":[{"href":"https:\/\/www.sauter-fm.com\/fr\/wp-json\/wp\/v2\/pages"}],"about":[{"href":"https:\/\/www.sauter-fm.com\/fr\/wp-json\/wp\/v2\/types\/page"}],"author":[{"embeddable":true,"href":"https:\/\/www.sauter-fm.com\/fr\/wp-json\/wp\/v2\/users\/8"}],"replies":[{"embeddable":true,"href":"https:\/\/www.sauter-fm.com\/fr\/wp-json\/wp\/v2\/comments?post=3278"}],"version-history":[{"count":5,"href":"https:\/\/www.sauter-fm.com\/fr\/wp-json\/wp\/v2\/pages\/3278\/revisions"}],"predecessor-version":[{"id":7203,"href":"https:\/\/www.sauter-fm.com\/fr\/wp-json\/wp\/v2\/pages\/3278\/revisions\/7203"}],"up":[{"embeddable":true,"href":"https:\/\/www.sauter-fm.com\/fr\/wp-json\/wp\/v2\/pages\/3260"}],"wp:attachment":[{"href":"https:\/\/www.sauter-fm.com\/fr\/wp-json\/wp\/v2\/media?parent=3278"}],"curies":[{"name":"wp","href":"https:\/\/api.w.org\/{rel}","templated":true}]}}