{"id":3275,"date":"2022-02-14T08:31:43","date_gmt":"2022-02-14T08:31:43","guid":{"rendered":"https:\/\/www.sauter-fm.com\/infrastrukturelles-fm\/entsorgung\/"},"modified":"2024-06-21T09:50:21","modified_gmt":"2024-06-21T09:50:21","slug":"elimination-des-dechets","status":"publish","type":"page","link":"https:\/\/www.sauter-fm.com\/fr\/services\/fm-infrastructurel\/elimination-des-dechets\/","title":{"rendered":"\u00c9limination des d\u00e9chets"},"content":{"rendered":"<p><img decoding=\"async\" class=\"size-medium wp-image-2306 alignleft\" src=\"https:\/\/www.sauter-fm.com\/wp-content\/uploads\/sites\/32\/2022\/02\/SAUTER_FM_Entsorgung_353x212_Verlauf-300x180.jpg\" alt=\"\" width=\"300\" height=\"180\" srcset=\"https:\/\/www.sauter-fm.com\/wp-content\/uploads\/sites\/32\/2022\/02\/SAUTER_FM_Entsorgung_353x212_Verlauf-300x180.jpg 300w, https:\/\/www.sauter-fm.com\/wp-content\/uploads\/sites\/32\/2022\/02\/SAUTER_FM_Entsorgung_353x212_Verlauf-225x135.jpg 225w, https:\/\/www.sauter-fm.com\/wp-content\/uploads\/sites\/32\/2022\/02\/SAUTER_FM_Entsorgung_353x212_Verlauf.jpg 353w\" sizes=\"(max-width: 300px) 100vw, 300px\" \/><\/p>\n<p>D\u00e9chets, ordures, \u00e9limination \u2013 un sujet que l\u2019on aimerait \u00e9viter et qui est pourtant extr\u00eamement important. Nous nous occupons du recyclage et de l\u2019\u00e9limination de tous les d\u00e9chets conform\u00e9ment aux prescriptions et dans les r\u00e8gles de l\u2019art, et \u00e9laborons avec vous un plan d\u2019\u00e9limination personnalis\u00e9.<\/p>\n<ul style=\"clear: both\">\n<li>Coordination pour un recyclage et une \u00e9limination optimis\u00e9s en termes de co\u00fbts<\/li>\n<li>Documentation compl\u00e8te de l\u2019\u00e9limination des d\u00e9chets dans les r\u00e8gles de l\u2019art<\/li>\n<li>Destruction s\u00fbre des documents contenant des donn\u00e9es prot\u00e9g\u00e9es<\/li>\n<li>Conception de bilans des d\u00e9chets<\/li>\n<\/ul>\n","protected":false},"excerpt":{"rendered":"<p>D\u00e9chets, ordures, \u00e9limination \u2013 un sujet que l\u2019on aimerait \u00e9viter et qui est pourtant extr\u00eamement important. Nous nous occupons du recyclage et de l\u2019\u00e9limination de tous les d\u00e9chets conform\u00e9ment aux prescriptions et dans les r\u00e8gles de l\u2019art, et \u00e9laborons avec vous un plan d\u2019\u00e9limination personnalis\u00e9. Coordination pour un recyclage et une \u00e9limination optimis\u00e9s en termes [&hellip;]<\/p>\n","protected":false},"author":8,"featured_media":0,"parent":3260,"menu_order":0,"comment_status":"closed","ping_status":"closed","template":"","meta":{"_acf_changed":false,"footnotes":""},"class_list":["post-3275","page","type-page","status-publish","hentry"],"acf":[],"yoast_head":"<!-- This site is optimized with the Yoast SEO plugin v26.1.1 - https:\/\/yoast.com\/wordpress\/plugins\/seo\/ -->\n<title>\u00c9limination des d\u00e9chets | SAUTER<\/title>\n<meta name=\"description\" content=\"Nous nous occupons du recyclage et de l&#039;\u00e9limination de tous les d\u00e9chets dans les r\u00e8gles de l&#039;art et \u00e9laborons un concept d&#039;\u00e9limination.\" \/>\n<meta name=\"robots\" content=\"index, follow, max-snippet:-1, max-image-preview:large, max-video-preview:-1\" \/>\n<link rel=\"canonical\" href=\"https:\/\/www.sauter-fm.com\/fr\/services\/fm-infrastructurel\/elimination-des-dechets\/\" \/>\n<meta property=\"og:locale\" content=\"fr_FR\" \/>\n<meta property=\"og:type\" content=\"article\" \/>\n<meta property=\"og:title\" content=\"\u00c9limination des d\u00e9chets | SAUTER\" \/>\n<meta property=\"og:description\" content=\"Nous nous occupons du recyclage et de l&#039;\u00e9limination de tous les d\u00e9chets dans les r\u00e8gles de l&#039;art et \u00e9laborons un concept d&#039;\u00e9limination.\" \/>\n<meta property=\"og:url\" content=\"https:\/\/www.sauter-fm.com\/fr\/services\/fm-infrastructurel\/elimination-des-dechets\/\" \/>\n<meta property=\"og:site_name\" content=\"Sauter FM\" \/>\n<meta property=\"article:modified_time\" content=\"2024-06-21T09:50:21+00:00\" \/>\n<meta property=\"og:image\" content=\"https:\/\/www.sauter-fm.com\/wp-content\/uploads\/sites\/32\/2022\/02\/SAUTER_FM_Entsorgung_353x212_Verlauf-300x180.jpg\" \/>\n<meta name=\"twitter:card\" content=\"summary_large_image\" \/>\n<meta name=\"twitter:label1\" content=\"Dur\u00e9e de lecture estim\u00e9e\" \/>\n\t<meta name=\"twitter:data1\" content=\"1 minute\" \/>\n<script type=\"application\/ld+json\" class=\"yoast-schema-graph\">{\"@context\":\"https:\/\/schema.org\",\"@graph\":[{\"@type\":\"WebPage\",\"@id\":\"https:\/\/www.sauter-fm.com\/fr\/services\/fm-infrastructurel\/elimination-des-dechets\/\",\"url\":\"https:\/\/www.sauter-fm.com\/fr\/services\/fm-infrastructurel\/elimination-des-dechets\/\",\"name\":\"\u00c9limination des d\u00e9chets | SAUTER\",\"isPartOf\":{\"@id\":\"https:\/\/www.sauter-fm.com\/#website\"},\"primaryImageOfPage\":{\"@id\":\"https:\/\/www.sauter-fm.com\/fr\/services\/fm-infrastructurel\/elimination-des-dechets\/#primaryimage\"},\"image\":{\"@id\":\"https:\/\/www.sauter-fm.com\/fr\/services\/fm-infrastructurel\/elimination-des-dechets\/#primaryimage\"},\"thumbnailUrl\":\"https:\/\/www.sauter-fm.com\/wp-content\/uploads\/sites\/32\/2022\/02\/SAUTER_FM_Entsorgung_353x212_Verlauf-300x180.jpg\",\"datePublished\":\"2022-02-14T08:31:43+00:00\",\"dateModified\":\"2024-06-21T09:50:21+00:00\",\"description\":\"Nous nous occupons du recyclage et de l'\u00e9limination de tous les d\u00e9chets dans les r\u00e8gles de l'art et \u00e9laborons un concept d'\u00e9limination.\",\"breadcrumb\":{\"@id\":\"https:\/\/www.sauter-fm.com\/fr\/services\/fm-infrastructurel\/elimination-des-dechets\/#breadcrumb\"},\"inLanguage\":\"fr-FR\",\"potentialAction\":[{\"@type\":\"ReadAction\",\"target\":[\"https:\/\/www.sauter-fm.com\/fr\/services\/fm-infrastructurel\/elimination-des-dechets\/\"]}]},{\"@type\":\"ImageObject\",\"inLanguage\":\"fr-FR\",\"@id\":\"https:\/\/www.sauter-fm.com\/fr\/services\/fm-infrastructurel\/elimination-des-dechets\/#primaryimage\",\"url\":\"https:\/\/www.sauter-fm.com\/wp-content\/uploads\/sites\/32\/2022\/02\/SAUTER_FM_Entsorgung_353x212_Verlauf-300x180.jpg\",\"contentUrl\":\"https:\/\/www.sauter-fm.com\/wp-content\/uploads\/sites\/32\/2022\/02\/SAUTER_FM_Entsorgung_353x212_Verlauf-300x180.jpg\"},{\"@type\":\"BreadcrumbList\",\"@id\":\"https:\/\/www.sauter-fm.com\/fr\/services\/fm-infrastructurel\/elimination-des-dechets\/#breadcrumb\",\"itemListElement\":[{\"@type\":\"ListItem\",\"position\":1,\"name\":\"Home\",\"item\":\"https:\/\/www.sauter-fm.com\/fr\/\"},{\"@type\":\"ListItem\",\"position\":2,\"name\":\"Services\",\"item\":\"https:\/\/www.sauter-fm.com\/fr\/services\/\"},{\"@type\":\"ListItem\",\"position\":3,\"name\":\"FM infrastructurel\",\"item\":\"https:\/\/www.sauter-fm.com\/fr\/services\/fm-infrastructurel\/\"},{\"@type\":\"ListItem\",\"position\":4,\"name\":\"\u00c9limination des d\u00e9chets\"}]},{\"@type\":\"WebSite\",\"@id\":\"https:\/\/www.sauter-fm.com\/#website\",\"url\":\"https:\/\/www.sauter-fm.com\/\",\"name\":\"Sauter FM\",\"description\":\"SAUTER Facility Management\",\"potentialAction\":[{\"@type\":\"SearchAction\",\"target\":{\"@type\":\"EntryPoint\",\"urlTemplate\":\"https:\/\/www.sauter-fm.com\/?s={search_term_string}\"},\"query-input\":{\"@type\":\"PropertyValueSpecification\",\"valueRequired\":true,\"valueName\":\"search_term_string\"}}],\"inLanguage\":\"fr-FR\"}]}<\/script>\n<!-- \/ Yoast SEO plugin. -->","yoast_head_json":{"title":"\u00c9limination des d\u00e9chets | SAUTER","description":"Nous nous occupons du recyclage et de l'\u00e9limination de tous les d\u00e9chets dans les r\u00e8gles de l'art et \u00e9laborons un concept d'\u00e9limination.","robots":{"index":"index","follow":"follow","max-snippet":"max-snippet:-1","max-image-preview":"max-image-preview:large","max-video-preview":"max-video-preview:-1"},"canonical":"https:\/\/www.sauter-fm.com\/fr\/services\/fm-infrastructurel\/elimination-des-dechets\/","og_locale":"fr_FR","og_type":"article","og_title":"\u00c9limination des d\u00e9chets | SAUTER","og_description":"Nous nous occupons du recyclage et de l'\u00e9limination de tous les d\u00e9chets dans les r\u00e8gles de l'art et \u00e9laborons un concept d'\u00e9limination.","og_url":"https:\/\/www.sauter-fm.com\/fr\/services\/fm-infrastructurel\/elimination-des-dechets\/","og_site_name":"Sauter FM","article_modified_time":"2024-06-21T09:50:21+00:00","og_image":[{"url":"https:\/\/www.sauter-fm.com\/wp-content\/uploads\/sites\/32\/2022\/02\/SAUTER_FM_Entsorgung_353x212_Verlauf-300x180.jpg","type":"","width":"","height":""}],"twitter_card":"summary_large_image","twitter_misc":{"Dur\u00e9e de lecture estim\u00e9e":"1 minute"},"schema":{"@context":"https:\/\/schema.org","@graph":[{"@type":"WebPage","@id":"https:\/\/www.sauter-fm.com\/fr\/services\/fm-infrastructurel\/elimination-des-dechets\/","url":"https:\/\/www.sauter-fm.com\/fr\/services\/fm-infrastructurel\/elimination-des-dechets\/","name":"\u00c9limination des d\u00e9chets | SAUTER","isPartOf":{"@id":"https:\/\/www.sauter-fm.com\/#website"},"primaryImageOfPage":{"@id":"https:\/\/www.sauter-fm.com\/fr\/services\/fm-infrastructurel\/elimination-des-dechets\/#primaryimage"},"image":{"@id":"https:\/\/www.sauter-fm.com\/fr\/services\/fm-infrastructurel\/elimination-des-dechets\/#primaryimage"},"thumbnailUrl":"https:\/\/www.sauter-fm.com\/wp-content\/uploads\/sites\/32\/2022\/02\/SAUTER_FM_Entsorgung_353x212_Verlauf-300x180.jpg","datePublished":"2022-02-14T08:31:43+00:00","dateModified":"2024-06-21T09:50:21+00:00","description":"Nous nous occupons du recyclage et de l'\u00e9limination de tous les d\u00e9chets dans les r\u00e8gles de l'art et \u00e9laborons un concept d'\u00e9limination.","breadcrumb":{"@id":"https:\/\/www.sauter-fm.com\/fr\/services\/fm-infrastructurel\/elimination-des-dechets\/#breadcrumb"},"inLanguage":"fr-FR","potentialAction":[{"@type":"ReadAction","target":["https:\/\/www.sauter-fm.com\/fr\/services\/fm-infrastructurel\/elimination-des-dechets\/"]}]},{"@type":"ImageObject","inLanguage":"fr-FR","@id":"https:\/\/www.sauter-fm.com\/fr\/services\/fm-infrastructurel\/elimination-des-dechets\/#primaryimage","url":"https:\/\/www.sauter-fm.com\/wp-content\/uploads\/sites\/32\/2022\/02\/SAUTER_FM_Entsorgung_353x212_Verlauf-300x180.jpg","contentUrl":"https:\/\/www.sauter-fm.com\/wp-content\/uploads\/sites\/32\/2022\/02\/SAUTER_FM_Entsorgung_353x212_Verlauf-300x180.jpg"},{"@type":"BreadcrumbList","@id":"https:\/\/www.sauter-fm.com\/fr\/services\/fm-infrastructurel\/elimination-des-dechets\/#breadcrumb","itemListElement":[{"@type":"ListItem","position":1,"name":"Home","item":"https:\/\/www.sauter-fm.com\/fr\/"},{"@type":"ListItem","position":2,"name":"Services","item":"https:\/\/www.sauter-fm.com\/fr\/services\/"},{"@type":"ListItem","position":3,"name":"FM infrastructurel","item":"https:\/\/www.sauter-fm.com\/fr\/services\/fm-infrastructurel\/"},{"@type":"ListItem","position":4,"name":"\u00c9limination des d\u00e9chets"}]},{"@type":"WebSite","@id":"https:\/\/www.sauter-fm.com\/#website","url":"https:\/\/www.sauter-fm.com\/","name":"Sauter FM","description":"SAUTER Facility Management","potentialAction":[{"@type":"SearchAction","target":{"@type":"EntryPoint","urlTemplate":"https:\/\/www.sauter-fm.com\/?s={search_term_string}"},"query-input":{"@type":"PropertyValueSpecification","valueRequired":true,"valueName":"search_term_string"}}],"inLanguage":"fr-FR"}]}},"publishpress_future_action":{"enabled":false,"date":"2026-04-26 08:05:59","action":"change-status","newStatus":"draft","terms":[],"taxonomy":"translation_priority","extraData":[]},"publishpress_future_workflow_manual_trigger":{"enabledWorkflows":[]},"_links":{"self":[{"href":"https:\/\/www.sauter-fm.com\/fr\/wp-json\/wp\/v2\/pages\/3275","targetHints":{"allow":["GET"]}}],"collection":[{"href":"https:\/\/www.sauter-fm.com\/fr\/wp-json\/wp\/v2\/pages"}],"about":[{"href":"https:\/\/www.sauter-fm.com\/fr\/wp-json\/wp\/v2\/types\/page"}],"author":[{"embeddable":true,"href":"https:\/\/www.sauter-fm.com\/fr\/wp-json\/wp\/v2\/users\/8"}],"replies":[{"embeddable":true,"href":"https:\/\/www.sauter-fm.com\/fr\/wp-json\/wp\/v2\/comments?post=3275"}],"version-history":[{"count":2,"href":"https:\/\/www.sauter-fm.com\/fr\/wp-json\/wp\/v2\/pages\/3275\/revisions"}],"predecessor-version":[{"id":7200,"href":"https:\/\/www.sauter-fm.com\/fr\/wp-json\/wp\/v2\/pages\/3275\/revisions\/7200"}],"up":[{"embeddable":true,"href":"https:\/\/www.sauter-fm.com\/fr\/wp-json\/wp\/v2\/pages\/3260"}],"wp:attachment":[{"href":"https:\/\/www.sauter-fm.com\/fr\/wp-json\/wp\/v2\/media?parent=3275"}],"curies":[{"name":"wp","href":"https:\/\/api.w.org\/{rel}","templated":true}]}}