{"id":3272,"date":"2022-02-14T07:55:00","date_gmt":"2022-02-14T07:55:00","guid":{"rendered":"https:\/\/www.sauter-fm.com\/infrastrukturelles-fm\/empfang_sicherheitsdienste\/"},"modified":"2024-06-24T11:29:45","modified_gmt":"2024-06-24T11:29:45","slug":"services-daccueil-et-de-securite","status":"publish","type":"page","link":"https:\/\/www.sauter-fm.com\/fr\/services\/fm-infrastructurel\/services-daccueil-et-de-securite\/","title":{"rendered":"Services de conciergerie et de s\u00e9curit\u00e9"},"content":{"rendered":"<p><img decoding=\"async\" class=\"size-medium wp-image-2305 alignleft\" src=\"https:\/\/www.sauter-fm.com\/wp-content\/uploads\/sites\/32\/2022\/02\/SAUTER_FM_Empfangsdienst_353x212_Verlauf-300x180.jpg\" alt=\"\" width=\"300\" height=\"180\" srcset=\"https:\/\/www.sauter-fm.com\/wp-content\/uploads\/sites\/32\/2022\/02\/SAUTER_FM_Empfangsdienst_353x212_Verlauf-300x180.jpg 300w, https:\/\/www.sauter-fm.com\/wp-content\/uploads\/sites\/32\/2022\/02\/SAUTER_FM_Empfangsdienst_353x212_Verlauf-225x135.jpg 225w, https:\/\/www.sauter-fm.com\/wp-content\/uploads\/sites\/32\/2022\/02\/SAUTER_FM_Empfangsdienst_353x212_Verlauf.jpg 353w\" sizes=\"(max-width: 300px) 100vw, 300px\" \/><\/p>\n<p>Le th\u00e8me de la s\u00e9curit\u00e9 est omnipr\u00e9sent. Un service de s\u00e9curit\u00e9 fiable vous aide \u00e0 prot\u00e9ger aussi bien votre bien immobilier et ses valeurs que votre client\u00e8le et vos collaborateurs. En outre, la coordination de vos invit\u00e9s avec un accueil amical et serviable est un \u00e9l\u00e9ment important pour une entreprise repr\u00e9sentative. En fonction des exigences, SAUTER \u00e9labore des plans personnalis\u00e9s pour les services de s\u00e9curit\u00e9 et d\u2019accueil.<\/p>\n<ul style=\"clear: both\">\n<li>\u00c9laboration de plans de s\u00e9curit\u00e9<\/li>\n<li>Protection des objets<\/li>\n<li>Service de fermeture<\/li>\n<li>Service de quartier<\/li>\n<li>Service d\u2019intervention<\/li>\n<li>Contr\u00f4les d\u2019acc\u00e8s<\/li>\n<li>Surveillance d\u2019\u00e9v\u00e9nements<\/li>\n<li>Protection contre les incendies<\/li>\n<li>Service de courrier et de photocopie<\/li>\n<li>Service d\u2019accueil<\/li>\n<li>Centre d\u2019appel d\u2019urgence et de service certifi\u00e9<\/li>\n<\/ul>\n","protected":false},"excerpt":{"rendered":"<p>Le th\u00e8me de la s\u00e9curit\u00e9 est omnipr\u00e9sent. Un service de s\u00e9curit\u00e9 fiable vous aide \u00e0 prot\u00e9ger aussi bien votre bien immobilier et ses valeurs que votre client\u00e8le et vos collaborateurs. En outre, la coordination de vos invit\u00e9s avec un accueil amical et serviable est un \u00e9l\u00e9ment important pour une entreprise repr\u00e9sentative. En fonction des exigences, [&hellip;]<\/p>\n","protected":false},"author":8,"featured_media":0,"parent":3260,"menu_order":0,"comment_status":"closed","ping_status":"closed","template":"","meta":{"_acf_changed":false,"footnotes":""},"class_list":["post-3272","page","type-page","status-publish","hentry"],"acf":[],"yoast_head":"<!-- This site is optimized with the Yoast SEO plugin v26.1.1 - https:\/\/yoast.com\/wordpress\/plugins\/seo\/ -->\n<title>Services de conciergerie et de s\u00e9curit\u00e9 | SAUTER<\/title>\n<meta name=\"description\" content=\"Avec l&#039;aide d&#039;un service de s\u00e9curit\u00e9 fiable, vous prot\u00e9gez \u00e0 la fois votre propri\u00e9t\u00e9 et votre entourage. En savoir plus!\" \/>\n<meta name=\"robots\" content=\"index, follow, max-snippet:-1, max-image-preview:large, max-video-preview:-1\" \/>\n<link rel=\"canonical\" href=\"https:\/\/www.sauter-fm.com\/fr\/services\/fm-infrastructurel\/services-daccueil-et-de-securite\/\" \/>\n<meta property=\"og:locale\" content=\"fr_FR\" \/>\n<meta property=\"og:type\" content=\"article\" \/>\n<meta property=\"og:title\" content=\"Services de conciergerie et de s\u00e9curit\u00e9 | SAUTER\" \/>\n<meta property=\"og:description\" content=\"Avec l&#039;aide d&#039;un service de s\u00e9curit\u00e9 fiable, vous prot\u00e9gez \u00e0 la fois votre propri\u00e9t\u00e9 et votre entourage. En savoir plus!\" \/>\n<meta property=\"og:url\" content=\"https:\/\/www.sauter-fm.com\/fr\/services\/fm-infrastructurel\/services-daccueil-et-de-securite\/\" \/>\n<meta property=\"og:site_name\" content=\"Sauter FM\" \/>\n<meta property=\"article:modified_time\" content=\"2024-06-24T11:29:45+00:00\" \/>\n<meta property=\"og:image\" content=\"https:\/\/www.sauter-fm.com\/wp-content\/uploads\/sites\/32\/2022\/02\/SAUTER_FM_Empfangsdienst_353x212_Verlauf-300x180.jpg\" \/>\n<meta name=\"twitter:card\" content=\"summary_large_image\" \/>\n<meta name=\"twitter:label1\" content=\"Dur\u00e9e de lecture estim\u00e9e\" \/>\n\t<meta name=\"twitter:data1\" content=\"1 minute\" \/>\n<script type=\"application\/ld+json\" class=\"yoast-schema-graph\">{\"@context\":\"https:\/\/schema.org\",\"@graph\":[{\"@type\":\"WebPage\",\"@id\":\"https:\/\/www.sauter-fm.com\/fr\/services\/fm-infrastructurel\/services-daccueil-et-de-securite\/\",\"url\":\"https:\/\/www.sauter-fm.com\/fr\/services\/fm-infrastructurel\/services-daccueil-et-de-securite\/\",\"name\":\"Services de conciergerie et de s\u00e9curit\u00e9 | SAUTER\",\"isPartOf\":{\"@id\":\"https:\/\/www.sauter-fm.com\/#website\"},\"primaryImageOfPage\":{\"@id\":\"https:\/\/www.sauter-fm.com\/fr\/services\/fm-infrastructurel\/services-daccueil-et-de-securite\/#primaryimage\"},\"image\":{\"@id\":\"https:\/\/www.sauter-fm.com\/fr\/services\/fm-infrastructurel\/services-daccueil-et-de-securite\/#primaryimage\"},\"thumbnailUrl\":\"https:\/\/www.sauter-fm.com\/wp-content\/uploads\/sites\/32\/2022\/02\/SAUTER_FM_Empfangsdienst_353x212_Verlauf-300x180.jpg\",\"datePublished\":\"2022-02-14T07:55:00+00:00\",\"dateModified\":\"2024-06-24T11:29:45+00:00\",\"description\":\"Avec l'aide d'un service de s\u00e9curit\u00e9 fiable, vous prot\u00e9gez \u00e0 la fois votre propri\u00e9t\u00e9 et votre entourage. En savoir plus!\",\"breadcrumb\":{\"@id\":\"https:\/\/www.sauter-fm.com\/fr\/services\/fm-infrastructurel\/services-daccueil-et-de-securite\/#breadcrumb\"},\"inLanguage\":\"fr-FR\",\"potentialAction\":[{\"@type\":\"ReadAction\",\"target\":[\"https:\/\/www.sauter-fm.com\/fr\/services\/fm-infrastructurel\/services-daccueil-et-de-securite\/\"]}]},{\"@type\":\"ImageObject\",\"inLanguage\":\"fr-FR\",\"@id\":\"https:\/\/www.sauter-fm.com\/fr\/services\/fm-infrastructurel\/services-daccueil-et-de-securite\/#primaryimage\",\"url\":\"https:\/\/www.sauter-fm.com\/wp-content\/uploads\/sites\/32\/2022\/02\/SAUTER_FM_Empfangsdienst_353x212_Verlauf-300x180.jpg\",\"contentUrl\":\"https:\/\/www.sauter-fm.com\/wp-content\/uploads\/sites\/32\/2022\/02\/SAUTER_FM_Empfangsdienst_353x212_Verlauf-300x180.jpg\"},{\"@type\":\"BreadcrumbList\",\"@id\":\"https:\/\/www.sauter-fm.com\/fr\/services\/fm-infrastructurel\/services-daccueil-et-de-securite\/#breadcrumb\",\"itemListElement\":[{\"@type\":\"ListItem\",\"position\":1,\"name\":\"Home\",\"item\":\"https:\/\/www.sauter-fm.com\/fr\/\"},{\"@type\":\"ListItem\",\"position\":2,\"name\":\"Services\",\"item\":\"https:\/\/www.sauter-fm.com\/fr\/services\/\"},{\"@type\":\"ListItem\",\"position\":3,\"name\":\"FM infrastructurel\",\"item\":\"https:\/\/www.sauter-fm.com\/fr\/services\/fm-infrastructurel\/\"},{\"@type\":\"ListItem\",\"position\":4,\"name\":\"Services de conciergerie et de s\u00e9curit\u00e9\"}]},{\"@type\":\"WebSite\",\"@id\":\"https:\/\/www.sauter-fm.com\/#website\",\"url\":\"https:\/\/www.sauter-fm.com\/\",\"name\":\"Sauter FM\",\"description\":\"SAUTER Facility Management\",\"potentialAction\":[{\"@type\":\"SearchAction\",\"target\":{\"@type\":\"EntryPoint\",\"urlTemplate\":\"https:\/\/www.sauter-fm.com\/?s={search_term_string}\"},\"query-input\":{\"@type\":\"PropertyValueSpecification\",\"valueRequired\":true,\"valueName\":\"search_term_string\"}}],\"inLanguage\":\"fr-FR\"}]}<\/script>\n<!-- \/ Yoast SEO plugin. -->","yoast_head_json":{"title":"Services de conciergerie et de s\u00e9curit\u00e9 | SAUTER","description":"Avec l'aide d'un service de s\u00e9curit\u00e9 fiable, vous prot\u00e9gez \u00e0 la fois votre propri\u00e9t\u00e9 et votre entourage. En savoir plus!","robots":{"index":"index","follow":"follow","max-snippet":"max-snippet:-1","max-image-preview":"max-image-preview:large","max-video-preview":"max-video-preview:-1"},"canonical":"https:\/\/www.sauter-fm.com\/fr\/services\/fm-infrastructurel\/services-daccueil-et-de-securite\/","og_locale":"fr_FR","og_type":"article","og_title":"Services de conciergerie et de s\u00e9curit\u00e9 | SAUTER","og_description":"Avec l'aide d'un service de s\u00e9curit\u00e9 fiable, vous prot\u00e9gez \u00e0 la fois votre propri\u00e9t\u00e9 et votre entourage. En savoir plus!","og_url":"https:\/\/www.sauter-fm.com\/fr\/services\/fm-infrastructurel\/services-daccueil-et-de-securite\/","og_site_name":"Sauter FM","article_modified_time":"2024-06-24T11:29:45+00:00","og_image":[{"url":"https:\/\/www.sauter-fm.com\/wp-content\/uploads\/sites\/32\/2022\/02\/SAUTER_FM_Empfangsdienst_353x212_Verlauf-300x180.jpg","type":"","width":"","height":""}],"twitter_card":"summary_large_image","twitter_misc":{"Dur\u00e9e de lecture estim\u00e9e":"1 minute"},"schema":{"@context":"https:\/\/schema.org","@graph":[{"@type":"WebPage","@id":"https:\/\/www.sauter-fm.com\/fr\/services\/fm-infrastructurel\/services-daccueil-et-de-securite\/","url":"https:\/\/www.sauter-fm.com\/fr\/services\/fm-infrastructurel\/services-daccueil-et-de-securite\/","name":"Services de conciergerie et de s\u00e9curit\u00e9 | SAUTER","isPartOf":{"@id":"https:\/\/www.sauter-fm.com\/#website"},"primaryImageOfPage":{"@id":"https:\/\/www.sauter-fm.com\/fr\/services\/fm-infrastructurel\/services-daccueil-et-de-securite\/#primaryimage"},"image":{"@id":"https:\/\/www.sauter-fm.com\/fr\/services\/fm-infrastructurel\/services-daccueil-et-de-securite\/#primaryimage"},"thumbnailUrl":"https:\/\/www.sauter-fm.com\/wp-content\/uploads\/sites\/32\/2022\/02\/SAUTER_FM_Empfangsdienst_353x212_Verlauf-300x180.jpg","datePublished":"2022-02-14T07:55:00+00:00","dateModified":"2024-06-24T11:29:45+00:00","description":"Avec l'aide d'un service de s\u00e9curit\u00e9 fiable, vous prot\u00e9gez \u00e0 la fois votre propri\u00e9t\u00e9 et votre entourage. En savoir plus!","breadcrumb":{"@id":"https:\/\/www.sauter-fm.com\/fr\/services\/fm-infrastructurel\/services-daccueil-et-de-securite\/#breadcrumb"},"inLanguage":"fr-FR","potentialAction":[{"@type":"ReadAction","target":["https:\/\/www.sauter-fm.com\/fr\/services\/fm-infrastructurel\/services-daccueil-et-de-securite\/"]}]},{"@type":"ImageObject","inLanguage":"fr-FR","@id":"https:\/\/www.sauter-fm.com\/fr\/services\/fm-infrastructurel\/services-daccueil-et-de-securite\/#primaryimage","url":"https:\/\/www.sauter-fm.com\/wp-content\/uploads\/sites\/32\/2022\/02\/SAUTER_FM_Empfangsdienst_353x212_Verlauf-300x180.jpg","contentUrl":"https:\/\/www.sauter-fm.com\/wp-content\/uploads\/sites\/32\/2022\/02\/SAUTER_FM_Empfangsdienst_353x212_Verlauf-300x180.jpg"},{"@type":"BreadcrumbList","@id":"https:\/\/www.sauter-fm.com\/fr\/services\/fm-infrastructurel\/services-daccueil-et-de-securite\/#breadcrumb","itemListElement":[{"@type":"ListItem","position":1,"name":"Home","item":"https:\/\/www.sauter-fm.com\/fr\/"},{"@type":"ListItem","position":2,"name":"Services","item":"https:\/\/www.sauter-fm.com\/fr\/services\/"},{"@type":"ListItem","position":3,"name":"FM infrastructurel","item":"https:\/\/www.sauter-fm.com\/fr\/services\/fm-infrastructurel\/"},{"@type":"ListItem","position":4,"name":"Services de conciergerie et de s\u00e9curit\u00e9"}]},{"@type":"WebSite","@id":"https:\/\/www.sauter-fm.com\/#website","url":"https:\/\/www.sauter-fm.com\/","name":"Sauter FM","description":"SAUTER Facility Management","potentialAction":[{"@type":"SearchAction","target":{"@type":"EntryPoint","urlTemplate":"https:\/\/www.sauter-fm.com\/?s={search_term_string}"},"query-input":{"@type":"PropertyValueSpecification","valueRequired":true,"valueName":"search_term_string"}}],"inLanguage":"fr-FR"}]}},"publishpress_future_action":{"enabled":false,"date":"2026-05-06 21:26:30","action":"change-status","newStatus":"draft","terms":[],"taxonomy":"translation_priority","extraData":[]},"publishpress_future_workflow_manual_trigger":{"enabledWorkflows":[]},"_links":{"self":[{"href":"https:\/\/www.sauter-fm.com\/fr\/wp-json\/wp\/v2\/pages\/3272","targetHints":{"allow":["GET"]}}],"collection":[{"href":"https:\/\/www.sauter-fm.com\/fr\/wp-json\/wp\/v2\/pages"}],"about":[{"href":"https:\/\/www.sauter-fm.com\/fr\/wp-json\/wp\/v2\/types\/page"}],"author":[{"embeddable":true,"href":"https:\/\/www.sauter-fm.com\/fr\/wp-json\/wp\/v2\/users\/8"}],"replies":[{"embeddable":true,"href":"https:\/\/www.sauter-fm.com\/fr\/wp-json\/wp\/v2\/comments?post=3272"}],"version-history":[{"count":3,"href":"https:\/\/www.sauter-fm.com\/fr\/wp-json\/wp\/v2\/pages\/3272\/revisions"}],"predecessor-version":[{"id":7199,"href":"https:\/\/www.sauter-fm.com\/fr\/wp-json\/wp\/v2\/pages\/3272\/revisions\/7199"}],"up":[{"embeddable":true,"href":"https:\/\/www.sauter-fm.com\/fr\/wp-json\/wp\/v2\/pages\/3260"}],"wp:attachment":[{"href":"https:\/\/www.sauter-fm.com\/fr\/wp-json\/wp\/v2\/media?parent=3272"}],"curies":[{"name":"wp","href":"https:\/\/api.w.org\/{rel}","templated":true}]}}