{"id":3263,"date":"2021-10-21T08:47:49","date_gmt":"2021-10-21T08:47:49","guid":{"rendered":"https:\/\/www.sauter-fm.com\/infrastrukturelles-fm\/unterhaltsreinigung\/"},"modified":"2024-06-21T08:22:15","modified_gmt":"2024-06-21T08:22:15","slug":"nettoyage-dentretien","status":"publish","type":"page","link":"https:\/\/www.sauter-fm.com\/fr\/services\/fm-infrastructurel\/nettoyage-dentretien\/","title":{"rendered":"Nettoyage d\u2019entretien"},"content":{"rendered":"<p><img decoding=\"async\" class=\"size-medium wp-image-2302 alignleft\" src=\"https:\/\/www.sauter-fm.com\/wp-content\/uploads\/sites\/32\/2022\/02\/SAUTER_FM_Unterhaltsreinigung_353x212_Verlauf-300x180.jpg\" alt=\"\" width=\"300\" height=\"180\" srcset=\"https:\/\/www.sauter-fm.com\/wp-content\/uploads\/sites\/32\/2022\/02\/SAUTER_FM_Unterhaltsreinigung_353x212_Verlauf-300x180.jpg 300w, https:\/\/www.sauter-fm.com\/wp-content\/uploads\/sites\/32\/2022\/02\/SAUTER_FM_Unterhaltsreinigung_353x212_Verlauf-225x135.jpg 225w, https:\/\/www.sauter-fm.com\/wp-content\/uploads\/sites\/32\/2022\/02\/SAUTER_FM_Unterhaltsreinigung_353x212_Verlauf.jpg 353w\" sizes=\"(max-width: 300px) 100vw, 300px\" \/><\/p>\n<p>Pour pr\u00e9server \u00e0 long terme un bien immobilier et son \u00e9quipement, il faut un nettoyage constant et complet. Outre la pr\u00e9servation de sa valeur, un bien entretenu am\u00e9liore durablement l\u2019image de marque et cr\u00e9e un bien-\u00eatre imm\u00e9diat pour la client\u00e8le et les employ\u00e9s.<br \/>\n\u00c9tant donn\u00e9 que chaque b\u00e2timent et les personnes qui y travaillent ont des exigences diff\u00e9rentes, SAUTER vous propose, dans le secteur du facility management, un package de nettoyage personnalis\u00e9 soigneusement \u00e9tabli avec des intervalles d\u00e9finis, en fonction des besoins.<\/p>\n<ul style=\"clear: both\">\n<li>Nettoyage d\u2019entretien<\/li>\n<li>Nettoyage des vitres et des cadres<\/li>\n<li>Nettoyage des stores<\/li>\n<li>Nettoyage des fa\u00e7ades<\/li>\n<li>Nettoyage de base<\/li>\n<li>Nettoyage sp\u00e9cial<\/li>\n<li>Nettoyage de fin de chantier<\/li>\n<\/ul>\n<p>Nous sommes conscients de notre responsabilit\u00e9 envers les personnes et l\u2019environnement et choisissons avec soin des proc\u00e9d\u00e9s et produits de nettoyage sans danger et respectueux de l\u2019environnement pour vous.<\/p>\n","protected":false},"excerpt":{"rendered":"<p>Pour pr\u00e9server \u00e0 long terme un bien immobilier et son \u00e9quipement, il faut un nettoyage constant et complet. Outre la pr\u00e9servation de sa valeur, un bien entretenu am\u00e9liore durablement l\u2019image de marque et cr\u00e9e un bien-\u00eatre imm\u00e9diat pour la client\u00e8le et les employ\u00e9s. \u00c9tant donn\u00e9 que chaque b\u00e2timent et les personnes qui y travaillent ont [&hellip;]<\/p>\n","protected":false},"author":48,"featured_media":0,"parent":3260,"menu_order":0,"comment_status":"closed","ping_status":"closed","template":"","meta":{"_acf_changed":false,"footnotes":""},"class_list":["post-3263","page","type-page","status-publish","hentry"],"acf":[],"yoast_head":"<!-- This site is optimized with the Yoast SEO plugin v26.1.1 - https:\/\/yoast.com\/wordpress\/plugins\/seo\/ -->\n<title>Nettoyage d\u2019entretien | SAUTER<\/title>\n<meta name=\"description\" content=\"Outre la pr\u00e9servation de la valeur, une propri\u00e9t\u00e9 bien entretenue am\u00e9liore durablement l&#039;image de marque et cr\u00e9e un sentiment de bien-\u00eatre.\" \/>\n<meta name=\"robots\" content=\"index, follow, max-snippet:-1, max-image-preview:large, max-video-preview:-1\" \/>\n<link rel=\"canonical\" href=\"https:\/\/www.sauter-fm.com\/fr\/services\/fm-infrastructurel\/nettoyage-dentretien\/\" \/>\n<meta property=\"og:locale\" content=\"fr_FR\" \/>\n<meta property=\"og:type\" content=\"article\" \/>\n<meta property=\"og:title\" content=\"Nettoyage d\u2019entretien | SAUTER\" \/>\n<meta property=\"og:description\" content=\"Outre la pr\u00e9servation de la valeur, une propri\u00e9t\u00e9 bien entretenue am\u00e9liore durablement l&#039;image de marque et cr\u00e9e un sentiment de bien-\u00eatre.\" \/>\n<meta property=\"og:url\" content=\"https:\/\/www.sauter-fm.com\/fr\/services\/fm-infrastructurel\/nettoyage-dentretien\/\" \/>\n<meta property=\"og:site_name\" content=\"Sauter FM\" \/>\n<meta property=\"article:modified_time\" content=\"2024-06-21T08:22:15+00:00\" \/>\n<meta property=\"og:image\" content=\"https:\/\/www.sauter-fm.com\/wp-content\/uploads\/sites\/32\/2022\/02\/SAUTER_FM_Unterhaltsreinigung_353x212_Verlauf-300x180.jpg\" \/>\n<meta name=\"twitter:card\" content=\"summary_large_image\" \/>\n<meta name=\"twitter:label1\" content=\"Dur\u00e9e de lecture estim\u00e9e\" \/>\n\t<meta name=\"twitter:data1\" content=\"1 minute\" \/>\n<script type=\"application\/ld+json\" class=\"yoast-schema-graph\">{\"@context\":\"https:\/\/schema.org\",\"@graph\":[{\"@type\":\"WebPage\",\"@id\":\"https:\/\/www.sauter-fm.com\/fr\/services\/fm-infrastructurel\/nettoyage-dentretien\/\",\"url\":\"https:\/\/www.sauter-fm.com\/fr\/services\/fm-infrastructurel\/nettoyage-dentretien\/\",\"name\":\"Nettoyage d\u2019entretien | SAUTER\",\"isPartOf\":{\"@id\":\"https:\/\/www.sauter-fm.com\/#website\"},\"primaryImageOfPage\":{\"@id\":\"https:\/\/www.sauter-fm.com\/fr\/services\/fm-infrastructurel\/nettoyage-dentretien\/#primaryimage\"},\"image\":{\"@id\":\"https:\/\/www.sauter-fm.com\/fr\/services\/fm-infrastructurel\/nettoyage-dentretien\/#primaryimage\"},\"thumbnailUrl\":\"https:\/\/www.sauter-fm.com\/wp-content\/uploads\/sites\/32\/2022\/02\/SAUTER_FM_Unterhaltsreinigung_353x212_Verlauf-300x180.jpg\",\"datePublished\":\"2021-10-21T08:47:49+00:00\",\"dateModified\":\"2024-06-21T08:22:15+00:00\",\"description\":\"Outre la pr\u00e9servation de la valeur, une propri\u00e9t\u00e9 bien entretenue am\u00e9liore durablement l'image de marque et cr\u00e9e un sentiment de bien-\u00eatre.\",\"breadcrumb\":{\"@id\":\"https:\/\/www.sauter-fm.com\/fr\/services\/fm-infrastructurel\/nettoyage-dentretien\/#breadcrumb\"},\"inLanguage\":\"fr-FR\",\"potentialAction\":[{\"@type\":\"ReadAction\",\"target\":[\"https:\/\/www.sauter-fm.com\/fr\/services\/fm-infrastructurel\/nettoyage-dentretien\/\"]}]},{\"@type\":\"ImageObject\",\"inLanguage\":\"fr-FR\",\"@id\":\"https:\/\/www.sauter-fm.com\/fr\/services\/fm-infrastructurel\/nettoyage-dentretien\/#primaryimage\",\"url\":\"https:\/\/www.sauter-fm.com\/wp-content\/uploads\/sites\/32\/2022\/02\/SAUTER_FM_Unterhaltsreinigung_353x212_Verlauf-300x180.jpg\",\"contentUrl\":\"https:\/\/www.sauter-fm.com\/wp-content\/uploads\/sites\/32\/2022\/02\/SAUTER_FM_Unterhaltsreinigung_353x212_Verlauf-300x180.jpg\"},{\"@type\":\"BreadcrumbList\",\"@id\":\"https:\/\/www.sauter-fm.com\/fr\/services\/fm-infrastructurel\/nettoyage-dentretien\/#breadcrumb\",\"itemListElement\":[{\"@type\":\"ListItem\",\"position\":1,\"name\":\"Home\",\"item\":\"https:\/\/www.sauter-fm.com\/fr\/\"},{\"@type\":\"ListItem\",\"position\":2,\"name\":\"Services\",\"item\":\"https:\/\/www.sauter-fm.com\/fr\/services\/\"},{\"@type\":\"ListItem\",\"position\":3,\"name\":\"FM infrastructurel\",\"item\":\"https:\/\/www.sauter-fm.com\/fr\/services\/fm-infrastructurel\/\"},{\"@type\":\"ListItem\",\"position\":4,\"name\":\"Nettoyage d\u2019entretien\"}]},{\"@type\":\"WebSite\",\"@id\":\"https:\/\/www.sauter-fm.com\/#website\",\"url\":\"https:\/\/www.sauter-fm.com\/\",\"name\":\"Sauter FM\",\"description\":\"SAUTER Facility Management\",\"potentialAction\":[{\"@type\":\"SearchAction\",\"target\":{\"@type\":\"EntryPoint\",\"urlTemplate\":\"https:\/\/www.sauter-fm.com\/?s={search_term_string}\"},\"query-input\":{\"@type\":\"PropertyValueSpecification\",\"valueRequired\":true,\"valueName\":\"search_term_string\"}}],\"inLanguage\":\"fr-FR\"}]}<\/script>\n<!-- \/ Yoast SEO plugin. -->","yoast_head_json":{"title":"Nettoyage d\u2019entretien | SAUTER","description":"Outre la pr\u00e9servation de la valeur, une propri\u00e9t\u00e9 bien entretenue am\u00e9liore durablement l'image de marque et cr\u00e9e un sentiment de bien-\u00eatre.","robots":{"index":"index","follow":"follow","max-snippet":"max-snippet:-1","max-image-preview":"max-image-preview:large","max-video-preview":"max-video-preview:-1"},"canonical":"https:\/\/www.sauter-fm.com\/fr\/services\/fm-infrastructurel\/nettoyage-dentretien\/","og_locale":"fr_FR","og_type":"article","og_title":"Nettoyage d\u2019entretien | SAUTER","og_description":"Outre la pr\u00e9servation de la valeur, une propri\u00e9t\u00e9 bien entretenue am\u00e9liore durablement l'image de marque et cr\u00e9e un sentiment de bien-\u00eatre.","og_url":"https:\/\/www.sauter-fm.com\/fr\/services\/fm-infrastructurel\/nettoyage-dentretien\/","og_site_name":"Sauter FM","article_modified_time":"2024-06-21T08:22:15+00:00","og_image":[{"url":"https:\/\/www.sauter-fm.com\/wp-content\/uploads\/sites\/32\/2022\/02\/SAUTER_FM_Unterhaltsreinigung_353x212_Verlauf-300x180.jpg","type":"","width":"","height":""}],"twitter_card":"summary_large_image","twitter_misc":{"Dur\u00e9e de lecture estim\u00e9e":"1 minute"},"schema":{"@context":"https:\/\/schema.org","@graph":[{"@type":"WebPage","@id":"https:\/\/www.sauter-fm.com\/fr\/services\/fm-infrastructurel\/nettoyage-dentretien\/","url":"https:\/\/www.sauter-fm.com\/fr\/services\/fm-infrastructurel\/nettoyage-dentretien\/","name":"Nettoyage d\u2019entretien | SAUTER","isPartOf":{"@id":"https:\/\/www.sauter-fm.com\/#website"},"primaryImageOfPage":{"@id":"https:\/\/www.sauter-fm.com\/fr\/services\/fm-infrastructurel\/nettoyage-dentretien\/#primaryimage"},"image":{"@id":"https:\/\/www.sauter-fm.com\/fr\/services\/fm-infrastructurel\/nettoyage-dentretien\/#primaryimage"},"thumbnailUrl":"https:\/\/www.sauter-fm.com\/wp-content\/uploads\/sites\/32\/2022\/02\/SAUTER_FM_Unterhaltsreinigung_353x212_Verlauf-300x180.jpg","datePublished":"2021-10-21T08:47:49+00:00","dateModified":"2024-06-21T08:22:15+00:00","description":"Outre la pr\u00e9servation de la valeur, une propri\u00e9t\u00e9 bien entretenue am\u00e9liore durablement l'image de marque et cr\u00e9e un sentiment de bien-\u00eatre.","breadcrumb":{"@id":"https:\/\/www.sauter-fm.com\/fr\/services\/fm-infrastructurel\/nettoyage-dentretien\/#breadcrumb"},"inLanguage":"fr-FR","potentialAction":[{"@type":"ReadAction","target":["https:\/\/www.sauter-fm.com\/fr\/services\/fm-infrastructurel\/nettoyage-dentretien\/"]}]},{"@type":"ImageObject","inLanguage":"fr-FR","@id":"https:\/\/www.sauter-fm.com\/fr\/services\/fm-infrastructurel\/nettoyage-dentretien\/#primaryimage","url":"https:\/\/www.sauter-fm.com\/wp-content\/uploads\/sites\/32\/2022\/02\/SAUTER_FM_Unterhaltsreinigung_353x212_Verlauf-300x180.jpg","contentUrl":"https:\/\/www.sauter-fm.com\/wp-content\/uploads\/sites\/32\/2022\/02\/SAUTER_FM_Unterhaltsreinigung_353x212_Verlauf-300x180.jpg"},{"@type":"BreadcrumbList","@id":"https:\/\/www.sauter-fm.com\/fr\/services\/fm-infrastructurel\/nettoyage-dentretien\/#breadcrumb","itemListElement":[{"@type":"ListItem","position":1,"name":"Home","item":"https:\/\/www.sauter-fm.com\/fr\/"},{"@type":"ListItem","position":2,"name":"Services","item":"https:\/\/www.sauter-fm.com\/fr\/services\/"},{"@type":"ListItem","position":3,"name":"FM infrastructurel","item":"https:\/\/www.sauter-fm.com\/fr\/services\/fm-infrastructurel\/"},{"@type":"ListItem","position":4,"name":"Nettoyage d\u2019entretien"}]},{"@type":"WebSite","@id":"https:\/\/www.sauter-fm.com\/#website","url":"https:\/\/www.sauter-fm.com\/","name":"Sauter FM","description":"SAUTER Facility Management","potentialAction":[{"@type":"SearchAction","target":{"@type":"EntryPoint","urlTemplate":"https:\/\/www.sauter-fm.com\/?s={search_term_string}"},"query-input":{"@type":"PropertyValueSpecification","valueRequired":true,"valueName":"search_term_string"}}],"inLanguage":"fr-FR"}]}},"publishpress_future_action":{"enabled":false,"date":"2026-05-07 05:13:35","action":"change-status","newStatus":"draft","terms":[],"taxonomy":"translation_priority","extraData":[]},"publishpress_future_workflow_manual_trigger":{"enabledWorkflows":[]},"_links":{"self":[{"href":"https:\/\/www.sauter-fm.com\/fr\/wp-json\/wp\/v2\/pages\/3263","targetHints":{"allow":["GET"]}}],"collection":[{"href":"https:\/\/www.sauter-fm.com\/fr\/wp-json\/wp\/v2\/pages"}],"about":[{"href":"https:\/\/www.sauter-fm.com\/fr\/wp-json\/wp\/v2\/types\/page"}],"author":[{"embeddable":true,"href":"https:\/\/www.sauter-fm.com\/fr\/wp-json\/wp\/v2\/users\/48"}],"replies":[{"embeddable":true,"href":"https:\/\/www.sauter-fm.com\/fr\/wp-json\/wp\/v2\/comments?post=3263"}],"version-history":[{"count":3,"href":"https:\/\/www.sauter-fm.com\/fr\/wp-json\/wp\/v2\/pages\/3263\/revisions"}],"predecessor-version":[{"id":7195,"href":"https:\/\/www.sauter-fm.com\/fr\/wp-json\/wp\/v2\/pages\/3263\/revisions\/7195"}],"up":[{"embeddable":true,"href":"https:\/\/www.sauter-fm.com\/fr\/wp-json\/wp\/v2\/pages\/3260"}],"wp:attachment":[{"href":"https:\/\/www.sauter-fm.com\/fr\/wp-json\/wp\/v2\/media?parent=3263"}],"curies":[{"name":"wp","href":"https:\/\/api.w.org\/{rel}","templated":true}]}}